{"id":72947,"date":"2026-04-03T17:44:04","date_gmt":"2026-04-03T17:44:04","guid":{"rendered":"https:\/\/teka.com\/en-int\/cbm6350-0s_121170019"},"modified":"2026-03-28T08:08:50","modified_gmt":"2026-03-28T09:08:50","slug":"cbm6350-0s_121170019","status":"publish","type":"product","link":"https:\/\/www.home-kueppersbusch.com\/vi-vn\/product\/cbm6350-0s_121170019\/","title":{"rendered":"CBM6350.0S"},"content":{"rendered":"<ul>\n<li>C\u00f4ng su\u1ea5t vi s\u00f3ng 1.000 watt<\/li>\n<li>Ch\u1ee9c n\u0103ng kh\u1edfi \u0111\u1ed9ng nhanh<\/li>\n<li>H\u01a1n 40 ch\u01b0\u01a1ng tr\u00ecnh t\u1ef1 \u0111\u1ed9ng<\/li>\n<li>L\u01b0u tr\u1eef 20 ch\u01b0\u01a1ng tr\u00ecnh n\u01b0\u1edbng t\u00f9y ch\u1ecdn<\/li>\n<li>M\u00e0n h\u00ecnh TFT 3,9&quot; hi\u1ec3n th\u1ecb v\u0103n b\u1ea3n v\u00e0 \u0111\u1ed3 h\u1ecda s\u1eafc n\u00e9t<\/li>\n<\/ul>\n","protected":false},"featured_media":0,"parent":0,"template":"","product_cat":[8284,9348],"product_edition":[],"product_energy_efficiency":[],"class_list":["post-72947","product","type-product","status-publish","hentry","product_cat-lo-vi-song-nho-gon","product_cat-lo-nuong-nho-gon","color-black","product_lifestyle-k-series-3","usp-kph-individual-01","usp-kph-ovens-03","usp-kph-ovens-04","usp-kph-ovens-06","usp-kph-ovens-09","usp-kph-ovens-10"],"acf":[],"yoast_head":"<!-- This site is optimized with the Yoast SEO plugin v27.2 - https:\/\/yoast.com\/product\/yoast-seo-wordpress\/ -->\n<title>L\u00f2 n\u01b0\u1edbng + L\u00f2 vi s\u00f3ng CBM6350.0S, 45 cm | K\u00fcppersbusch Vietnam<\/title>\n<meta name=\"robots\" content=\"index, follow, max-snippet:-1, max-image-preview:large, max-video-preview:-1\" \/>\n<link rel=\"canonical\" href=\"https:\/\/www.home-kueppersbusch.com\/vi-vn\/product\/cbm6350-0s_121170019\/\" \/>\n<meta property=\"og:locale\" content=\"vi_VN\" \/>\n<meta property=\"og:type\" content=\"article\" \/>\n<meta property=\"og:title\" content=\"L\u00f2 n\u01b0\u1edbng + L\u00f2 vi s\u00f3ng CBM6350.0S, 45 cm | K\u00fcppersbusch Vietnam\" \/>\n<meta property=\"og:description\" content=\"C\u00f4ng su\u1ea5t vi s\u00f3ng 1.000 watt Ch\u1ee9c n\u0103ng kh\u1edfi \u0111\u1ed9ng nhanh H\u01a1n 40 ch\u01b0\u01a1ng tr\u00ecnh t\u1ef1 \u0111\u1ed9ng L\u01b0u tr\u1eef 20 ch\u01b0\u01a1ng tr\u00ecnh n\u01b0\u1edbng t\u00f9y ch\u1ecdn M\u00e0n h\u00ecnh TFT 3,9&quot; hi\u1ec3n th\u1ecb v\u0103n b\u1ea3n v\u00e0 \u0111\u1ed3 h\u1ecda s\u1eafc n\u00e9t\" \/>\n<meta property=\"og:url\" content=\"https:\/\/www.home-kueppersbusch.com\/vi-vn\/product\/cbm6350-0s_121170019\/\" \/>\n<meta property=\"og:site_name\" content=\"K\u00fbppersbusch Vietnam\" \/>\n<meta name=\"twitter:card\" content=\"summary_large_image\" \/>\n<script type=\"application\/ld+json\" class=\"yoast-schema-graph\">{\"@context\":\"https:\/\/schema.org\",\"@graph\":[{\"@type\":\"WebPage\",\"@id\":\"https:\/\/www.home-kueppersbusch.com\/vi-vn\/product\/cbm6350-0s_121170019\/\",\"url\":\"https:\/\/www.home-kueppersbusch.com\/vi-vn\/product\/cbm6350-0s_121170019\/\",\"name\":\"L\u00f2 n\u01b0\u1edbng + L\u00f2 vi s\u00f3ng CBM6350.0S, 45 cm | K\u00fcppersbusch Vietnam\",\"isPartOf\":{\"@id\":\"https:\/\/www.home-kueppersbusch.com\/vi-vn\/#website\"},\"datePublished\":\"2026-04-03T17:44:04+00:00\",\"inLanguage\":\"vi\",\"potentialAction\":[{\"@type\":\"ReadAction\",\"target\":[\"https:\/\/www.home-kueppersbusch.com\/vi-vn\/product\/cbm6350-0s_121170019\/\"]}]},{\"@type\":\"WebSite\",\"@id\":\"https:\/\/www.home-kueppersbusch.com\/vi-vn\/#website\",\"url\":\"https:\/\/www.home-kueppersbusch.com\/vi-vn\/\",\"name\":\"K\u00fbppersbusch Vietnam\",\"description\":\"\",\"potentialAction\":[{\"@type\":\"SearchAction\",\"target\":{\"@type\":\"EntryPoint\",\"urlTemplate\":\"https:\/\/www.home-kueppersbusch.com\/vi-vn\/?s={search_term_string}\"},\"query-input\":{\"@type\":\"PropertyValueSpecification\",\"valueRequired\":true,\"valueName\":\"search_term_string\"}}],\"inLanguage\":\"vi\"}]}<\/script>\n<!-- \/ Yoast SEO plugin. -->","yoast_head_json":{"title":"L\u00f2 n\u01b0\u1edbng + L\u00f2 vi s\u00f3ng CBM6350.0S, 45 cm | K\u00fcppersbusch Vietnam","robots":{"index":"index","follow":"follow","max-snippet":"max-snippet:-1","max-image-preview":"max-image-preview:large","max-video-preview":"max-video-preview:-1"},"canonical":"https:\/\/www.home-kueppersbusch.com\/vi-vn\/product\/cbm6350-0s_121170019\/","og_locale":"vi_VN","og_type":"article","og_title":"L\u00f2 n\u01b0\u1edbng + L\u00f2 vi s\u00f3ng CBM6350.0S, 45 cm | K\u00fcppersbusch Vietnam","og_description":"C\u00f4ng su\u1ea5t vi s\u00f3ng 1.000 watt Ch\u1ee9c n\u0103ng kh\u1edfi \u0111\u1ed9ng nhanh H\u01a1n 40 ch\u01b0\u01a1ng tr\u00ecnh t\u1ef1 \u0111\u1ed9ng L\u01b0u tr\u1eef 20 ch\u01b0\u01a1ng tr\u00ecnh n\u01b0\u1edbng t\u00f9y ch\u1ecdn M\u00e0n h\u00ecnh TFT 3,9&quot; hi\u1ec3n th\u1ecb v\u0103n b\u1ea3n v\u00e0 \u0111\u1ed3 h\u1ecda s\u1eafc n\u00e9t","og_url":"https:\/\/www.home-kueppersbusch.com\/vi-vn\/product\/cbm6350-0s_121170019\/","og_site_name":"K\u00fbppersbusch Vietnam","twitter_card":"summary_large_image","schema":{"@context":"https:\/\/schema.org","@graph":[{"@type":"WebPage","@id":"https:\/\/www.home-kueppersbusch.com\/vi-vn\/product\/cbm6350-0s_121170019\/","url":"https:\/\/www.home-kueppersbusch.com\/vi-vn\/product\/cbm6350-0s_121170019\/","name":"L\u00f2 n\u01b0\u1edbng + L\u00f2 vi s\u00f3ng CBM6350.0S, 45 cm | K\u00fcppersbusch Vietnam","isPartOf":{"@id":"https:\/\/www.home-kueppersbusch.com\/vi-vn\/#website"},"datePublished":"2026-04-03T17:44:04+00:00","inLanguage":"vi","potentialAction":[{"@type":"ReadAction","target":["https:\/\/www.home-kueppersbusch.com\/vi-vn\/product\/cbm6350-0s_121170019\/"]}]},{"@type":"WebSite","@id":"https:\/\/www.home-kueppersbusch.com\/vi-vn\/#website","url":"https:\/\/www.home-kueppersbusch.com\/vi-vn\/","name":"K\u00fbppersbusch Vietnam","description":"","potentialAction":[{"@type":"SearchAction","target":{"@type":"EntryPoint","urlTemplate":"https:\/\/www.home-kueppersbusch.com\/vi-vn\/?s={search_term_string}"},"query-input":{"@type":"PropertyValueSpecification","valueRequired":true,"valueName":"search_term_string"}}],"inLanguage":"vi"}]}},"_links":{"self":[{"href":"https:\/\/www.home-kueppersbusch.com\/vi-vn\/wp-json\/wp\/v2\/product\/72947","targetHints":{"allow":["GET"]}}],"collection":[{"href":"https:\/\/www.home-kueppersbusch.com\/vi-vn\/wp-json\/wp\/v2\/product"}],"about":[{"href":"https:\/\/www.home-kueppersbusch.com\/vi-vn\/wp-json\/wp\/v2\/types\/product"}],"wp:attachment":[{"href":"https:\/\/www.home-kueppersbusch.com\/vi-vn\/wp-json\/wp\/v2\/media?parent=72947"}],"wp:term":[{"taxonomy":"product_cat","embeddable":true,"href":"https:\/\/www.home-kueppersbusch.com\/vi-vn\/wp-json\/wp\/v2\/product_cat?post=72947"},{"taxonomy":"product_edition","embeddable":true,"href":"https:\/\/www.home-kueppersbusch.com\/vi-vn\/wp-json\/wp\/v2\/product_edition?post=72947"},{"taxonomy":"product_energy_efficiency","embeddable":true,"href":"https:\/\/www.home-kueppersbusch.com\/vi-vn\/wp-json\/wp\/v2\/product_energy_efficiency?post=72947"}],"curies":[{"name":"wp","href":"https:\/\/api.w.org\/{rel}","templated":true}]}}