{"id":72945,"date":"2026-04-03T17:43:42","date_gmt":"2026-04-03T17:43:42","guid":{"rendered":"https:\/\/teka.com\/en-int\/cbm6550-0s_121160009"},"modified":"2026-03-28T08:08:14","modified_gmt":"2026-03-28T09:08:14","slug":"cbm6550-0s_121160009","status":"publish","type":"product","link":"https:\/\/www.home-kueppersbusch.com\/vi-vn\/product\/cbm6550-0s_121160009\/","title":{"rendered":"CBM6550.0S"},"content":{"rendered":"<ul>\n<li>H\u1ec7 th\u1ed1ng x\u00fac t\u00e1c l\u00f2 n\u01b0\u1edbng \u00f6kotherm\u00ae<\/li>\n<li>14 ch\u1ee9c n\u0103ng<\/li>\n<li>8 ch\u1ee9c n\u0103ng \u0111\u1eb7c bi\u1ec7t<\/li>\n<li>2 ch\u1ee9c n\u0103ng vi s\u00f3ng (c\u00f3 th\u1ec3 k\u1ebft h\u1ee3p v\u1edbi b\u1ea5t k\u1ef3 ch\u1ee9c n\u0103ng n\u00e0o kh\u00e1c)<\/li>\n<\/ul>\n","protected":false},"featured_media":0,"parent":0,"template":"","product_cat":[8284,9348],"product_edition":[],"product_energy_efficiency":[],"class_list":["post-72945","product","type-product","status-publish","hentry","product_cat-lo-vi-song-nho-gon","product_cat-lo-nuong-nho-gon","color-black","product_installation-lap-am","product_lifestyle-k-series-5","usp-kph-individual-01","usp-kph-ovens-03","usp-kph-ovens-04","usp-kph-ovens-06","usp-kph-ovens-09","usp-kph-ovens-11"],"acf":[],"yoast_head":"<!-- This site is optimized with the Yoast SEO plugin v27.2 - https:\/\/yoast.com\/product\/yoast-seo-wordpress\/ -->\n<title>L\u00f2 n\u01b0\u1edbng + L\u00f2 vi s\u00f3ng CBM6550.0S, 45 cm | K\u00fcppersbusch Vietnam<\/title>\n<meta name=\"robots\" content=\"index, follow, max-snippet:-1, max-image-preview:large, max-video-preview:-1\" \/>\n<link rel=\"canonical\" href=\"https:\/\/www.home-kueppersbusch.com\/vi-vn\/product\/cbm6550-0s_121160009\/\" \/>\n<meta property=\"og:locale\" content=\"vi_VN\" \/>\n<meta property=\"og:type\" content=\"article\" \/>\n<meta property=\"og:title\" content=\"L\u00f2 n\u01b0\u1edbng + L\u00f2 vi s\u00f3ng CBM6550.0S, 45 cm | K\u00fcppersbusch Vietnam\" \/>\n<meta property=\"og:description\" content=\"H\u1ec7 th\u1ed1ng x\u00fac t\u00e1c l\u00f2 n\u01b0\u1edbng \u00f6kotherm\u00ae 14 ch\u1ee9c n\u0103ng 8 ch\u1ee9c n\u0103ng \u0111\u1eb7c bi\u1ec7t 2 ch\u1ee9c n\u0103ng vi s\u00f3ng (c\u00f3 th\u1ec3 k\u1ebft h\u1ee3p v\u1edbi b\u1ea5t k\u1ef3 ch\u1ee9c n\u0103ng n\u00e0o kh\u00e1c)\" \/>\n<meta property=\"og:url\" content=\"https:\/\/www.home-kueppersbusch.com\/vi-vn\/product\/cbm6550-0s_121160009\/\" \/>\n<meta property=\"og:site_name\" content=\"K\u00fbppersbusch Vietnam\" \/>\n<meta name=\"twitter:card\" content=\"summary_large_image\" \/>\n<script type=\"application\/ld+json\" class=\"yoast-schema-graph\">{\"@context\":\"https:\/\/schema.org\",\"@graph\":[{\"@type\":\"WebPage\",\"@id\":\"https:\/\/www.home-kueppersbusch.com\/vi-vn\/product\/cbm6550-0s_121160009\/\",\"url\":\"https:\/\/www.home-kueppersbusch.com\/vi-vn\/product\/cbm6550-0s_121160009\/\",\"name\":\"L\u00f2 n\u01b0\u1edbng + L\u00f2 vi s\u00f3ng CBM6550.0S, 45 cm | K\u00fcppersbusch Vietnam\",\"isPartOf\":{\"@id\":\"https:\/\/www.home-kueppersbusch.com\/vi-vn\/#website\"},\"datePublished\":\"2026-04-03T17:43:42+00:00\",\"inLanguage\":\"vi\",\"potentialAction\":[{\"@type\":\"ReadAction\",\"target\":[\"https:\/\/www.home-kueppersbusch.com\/vi-vn\/product\/cbm6550-0s_121160009\/\"]}]},{\"@type\":\"WebSite\",\"@id\":\"https:\/\/www.home-kueppersbusch.com\/vi-vn\/#website\",\"url\":\"https:\/\/www.home-kueppersbusch.com\/vi-vn\/\",\"name\":\"K\u00fbppersbusch Vietnam\",\"description\":\"\",\"potentialAction\":[{\"@type\":\"SearchAction\",\"target\":{\"@type\":\"EntryPoint\",\"urlTemplate\":\"https:\/\/www.home-kueppersbusch.com\/vi-vn\/?s={search_term_string}\"},\"query-input\":{\"@type\":\"PropertyValueSpecification\",\"valueRequired\":true,\"valueName\":\"search_term_string\"}}],\"inLanguage\":\"vi\"}]}<\/script>\n<!-- \/ Yoast SEO plugin. -->","yoast_head_json":{"title":"L\u00f2 n\u01b0\u1edbng + L\u00f2 vi s\u00f3ng CBM6550.0S, 45 cm | K\u00fcppersbusch Vietnam","robots":{"index":"index","follow":"follow","max-snippet":"max-snippet:-1","max-image-preview":"max-image-preview:large","max-video-preview":"max-video-preview:-1"},"canonical":"https:\/\/www.home-kueppersbusch.com\/vi-vn\/product\/cbm6550-0s_121160009\/","og_locale":"vi_VN","og_type":"article","og_title":"L\u00f2 n\u01b0\u1edbng + L\u00f2 vi s\u00f3ng CBM6550.0S, 45 cm | K\u00fcppersbusch Vietnam","og_description":"H\u1ec7 th\u1ed1ng x\u00fac t\u00e1c l\u00f2 n\u01b0\u1edbng \u00f6kotherm\u00ae 14 ch\u1ee9c n\u0103ng 8 ch\u1ee9c n\u0103ng \u0111\u1eb7c bi\u1ec7t 2 ch\u1ee9c n\u0103ng vi s\u00f3ng (c\u00f3 th\u1ec3 k\u1ebft h\u1ee3p v\u1edbi b\u1ea5t k\u1ef3 ch\u1ee9c n\u0103ng n\u00e0o kh\u00e1c)","og_url":"https:\/\/www.home-kueppersbusch.com\/vi-vn\/product\/cbm6550-0s_121160009\/","og_site_name":"K\u00fbppersbusch Vietnam","twitter_card":"summary_large_image","schema":{"@context":"https:\/\/schema.org","@graph":[{"@type":"WebPage","@id":"https:\/\/www.home-kueppersbusch.com\/vi-vn\/product\/cbm6550-0s_121160009\/","url":"https:\/\/www.home-kueppersbusch.com\/vi-vn\/product\/cbm6550-0s_121160009\/","name":"L\u00f2 n\u01b0\u1edbng + L\u00f2 vi s\u00f3ng CBM6550.0S, 45 cm | K\u00fcppersbusch Vietnam","isPartOf":{"@id":"https:\/\/www.home-kueppersbusch.com\/vi-vn\/#website"},"datePublished":"2026-04-03T17:43:42+00:00","inLanguage":"vi","potentialAction":[{"@type":"ReadAction","target":["https:\/\/www.home-kueppersbusch.com\/vi-vn\/product\/cbm6550-0s_121160009\/"]}]},{"@type":"WebSite","@id":"https:\/\/www.home-kueppersbusch.com\/vi-vn\/#website","url":"https:\/\/www.home-kueppersbusch.com\/vi-vn\/","name":"K\u00fbppersbusch Vietnam","description":"","potentialAction":[{"@type":"SearchAction","target":{"@type":"EntryPoint","urlTemplate":"https:\/\/www.home-kueppersbusch.com\/vi-vn\/?s={search_term_string}"},"query-input":{"@type":"PropertyValueSpecification","valueRequired":true,"valueName":"search_term_string"}}],"inLanguage":"vi"}]}},"_links":{"self":[{"href":"https:\/\/www.home-kueppersbusch.com\/vi-vn\/wp-json\/wp\/v2\/product\/72945","targetHints":{"allow":["GET"]}}],"collection":[{"href":"https:\/\/www.home-kueppersbusch.com\/vi-vn\/wp-json\/wp\/v2\/product"}],"about":[{"href":"https:\/\/www.home-kueppersbusch.com\/vi-vn\/wp-json\/wp\/v2\/types\/product"}],"wp:attachment":[{"href":"https:\/\/www.home-kueppersbusch.com\/vi-vn\/wp-json\/wp\/v2\/media?parent=72945"}],"wp:term":[{"taxonomy":"product_cat","embeddable":true,"href":"https:\/\/www.home-kueppersbusch.com\/vi-vn\/wp-json\/wp\/v2\/product_cat?post=72945"},{"taxonomy":"product_edition","embeddable":true,"href":"https:\/\/www.home-kueppersbusch.com\/vi-vn\/wp-json\/wp\/v2\/product_edition?post=72945"},{"taxonomy":"product_energy_efficiency","embeddable":true,"href":"https:\/\/www.home-kueppersbusch.com\/vi-vn\/wp-json\/wp\/v2\/product_energy_efficiency?post=72945"}],"curies":[{"name":"wp","href":"https:\/\/api.w.org\/{rel}","templated":true}]}}