{"id":72530,"date":"2026-04-25T09:23:23","date_gmt":"2026-04-25T09:23:23","guid":{"rendered":"https:\/\/teka.com\/en-int\/b9330-0s_121060000"},"modified":"2026-03-28T08:01:42","modified_gmt":"2026-03-28T09:01:42","slug":"b9330-0s_121060000","status":"publish","type":"product","link":"https:\/\/www.home-kueppersbusch.com\/vi-vn\/product\/b9330-0s_121060000\/","title":{"rendered":"B9330.0S"},"content":{"rendered":"<ul>\n<li>Kh\u00f4ng c\u00f3 m\u00f9i kh\u00f3 ch\u1ecbu nh\u1edd b\u1ed9 chuy\u1ec3n h\u00f3a x\u00fac t\u00e1c \u00f6kotherm\u00ae \u0111\u1ed9c quy\u1ec1n<\/li>\n<li>T\u1ef1 do l\u1ef1a ch\u1ecdn phong c\u00e1ch thi\u1ebft k\u1ebf v\u1edbi ch\u01b0\u01a1ng tr\u00ecnh Individual Concept Design<\/li>\n<li>D\u1ec5 d\u00e0ng v\u1eadn h\u00e0nh v\u1edbi n\u00fam xoay cao c\u1ea5p b\u1eb1ng nh\u00f4m nguy\u00ean kh\u1ed1i<\/li>\n<li>N\u01b0\u1edbng pizza c\u1ee1 XL v\u1edbi \u0111\u00e1 n\u01b0\u1edbng pizza chuy\u00ean d\u1ee5ng \u0111i k\u00e8m<\/li>\n<\/ul>\n","protected":false},"featured_media":0,"parent":0,"template":"","product_cat":[9349],"product_edition":[],"product_energy_efficiency":[9229],"class_list":["post-72530","product","type-product","status-publish","hentry","finishes-9728","finishes-9729","finishes-9730","finishes-9731","finishes-9732","product_cat-lo-nuong-da-chuc-nang","color-black","product_lifestyle-k-series-3","usp-kph-individual-01","usp-kph-ovens-02","usp-kph-ovens-03","usp-kph-ovens-09","usp-kph-ovens-10","product_energy_efficiency-a-icon"],"acf":[],"yoast_head":"<!-- This site is optimized with the Yoast SEO plugin v27.5 - https:\/\/yoast.com\/product\/yoast-seo-wordpress\/ -->\n<title>L\u00f2 n\u01b0\u1edbng B9330.0S | K\u00fcppersbusch Vietnam<\/title>\n<meta name=\"robots\" content=\"index, follow, max-snippet:-1, max-image-preview:large, max-video-preview:-1\" \/>\n<link rel=\"canonical\" href=\"https:\/\/www.home-kueppersbusch.com\/vi-vn\/product\/b9330-0s_121060000\/\" \/>\n<meta property=\"og:locale\" content=\"vi_VN\" \/>\n<meta property=\"og:type\" content=\"article\" \/>\n<meta property=\"og:title\" content=\"L\u00f2 n\u01b0\u1edbng B9330.0S | K\u00fcppersbusch Vietnam\" \/>\n<meta property=\"og:description\" content=\"Kh\u00f4ng c\u00f3 m\u00f9i kh\u00f3 ch\u1ecbu nh\u1edd b\u1ed9 chuy\u1ec3n h\u00f3a x\u00fac t\u00e1c \u00f6kotherm\u00ae \u0111\u1ed9c quy\u1ec1n T\u1ef1 do l\u1ef1a ch\u1ecdn phong c\u00e1ch thi\u1ebft k\u1ebf v\u1edbi ch\u01b0\u01a1ng tr\u00ecnh Individual Concept Design D\u1ec5 d\u00e0ng v\u1eadn h\u00e0nh v\u1edbi n\u00fam xoay cao c\u1ea5p b\u1eb1ng nh\u00f4m nguy\u00ean kh\u1ed1i N\u01b0\u1edbng pizza c\u1ee1 XL v\u1edbi \u0111\u00e1 n\u01b0\u1edbng pizza chuy\u00ean d\u1ee5ng \u0111i k\u00e8m\" \/>\n<meta property=\"og:url\" content=\"https:\/\/www.home-kueppersbusch.com\/vi-vn\/product\/b9330-0s_121060000\/\" \/>\n<meta property=\"og:site_name\" content=\"K\u00fbppersbusch Vietnam\" \/>\n<meta name=\"twitter:card\" content=\"summary_large_image\" \/>\n<script type=\"application\/ld+json\" class=\"yoast-schema-graph\">{\"@context\":\"https:\\\/\\\/schema.org\",\"@graph\":[{\"@type\":\"WebPage\",\"@id\":\"https:\\\/\\\/www.home-kueppersbusch.com\\\/vi-vn\\\/product\\\/b9330-0s_121060000\\\/\",\"url\":\"https:\\\/\\\/www.home-kueppersbusch.com\\\/vi-vn\\\/product\\\/b9330-0s_121060000\\\/\",\"name\":\"L\u00f2 n\u01b0\u1edbng B9330.0S | K\u00fcppersbusch Vietnam\",\"isPartOf\":{\"@id\":\"https:\\\/\\\/www.home-kueppersbusch.com\\\/vi-vn\\\/#website\"},\"datePublished\":\"2026-04-25T09:23:23+00:00\",\"inLanguage\":\"vi\",\"potentialAction\":[{\"@type\":\"ReadAction\",\"target\":[\"https:\\\/\\\/www.home-kueppersbusch.com\\\/vi-vn\\\/product\\\/b9330-0s_121060000\\\/\"]}]},{\"@type\":\"WebSite\",\"@id\":\"https:\\\/\\\/www.home-kueppersbusch.com\\\/vi-vn\\\/#website\",\"url\":\"https:\\\/\\\/www.home-kueppersbusch.com\\\/vi-vn\\\/\",\"name\":\"K\u00fbppersbusch Vietnam\",\"description\":\"\",\"potentialAction\":[{\"@type\":\"SearchAction\",\"target\":{\"@type\":\"EntryPoint\",\"urlTemplate\":\"https:\\\/\\\/www.home-kueppersbusch.com\\\/vi-vn\\\/?s={search_term_string}\"},\"query-input\":{\"@type\":\"PropertyValueSpecification\",\"valueRequired\":true,\"valueName\":\"search_term_string\"}}],\"inLanguage\":\"vi\"}]}<\/script>\n<!-- \/ Yoast SEO plugin. -->","yoast_head_json":{"title":"L\u00f2 n\u01b0\u1edbng B9330.0S | K\u00fcppersbusch Vietnam","robots":{"index":"index","follow":"follow","max-snippet":"max-snippet:-1","max-image-preview":"max-image-preview:large","max-video-preview":"max-video-preview:-1"},"canonical":"https:\/\/www.home-kueppersbusch.com\/vi-vn\/product\/b9330-0s_121060000\/","og_locale":"vi_VN","og_type":"article","og_title":"L\u00f2 n\u01b0\u1edbng B9330.0S | K\u00fcppersbusch Vietnam","og_description":"Kh\u00f4ng c\u00f3 m\u00f9i kh\u00f3 ch\u1ecbu nh\u1edd b\u1ed9 chuy\u1ec3n h\u00f3a x\u00fac t\u00e1c \u00f6kotherm\u00ae \u0111\u1ed9c quy\u1ec1n T\u1ef1 do l\u1ef1a ch\u1ecdn phong c\u00e1ch thi\u1ebft k\u1ebf v\u1edbi ch\u01b0\u01a1ng tr\u00ecnh Individual Concept Design D\u1ec5 d\u00e0ng v\u1eadn h\u00e0nh v\u1edbi n\u00fam xoay cao c\u1ea5p b\u1eb1ng nh\u00f4m nguy\u00ean kh\u1ed1i N\u01b0\u1edbng pizza c\u1ee1 XL v\u1edbi \u0111\u00e1 n\u01b0\u1edbng pizza chuy\u00ean d\u1ee5ng \u0111i k\u00e8m","og_url":"https:\/\/www.home-kueppersbusch.com\/vi-vn\/product\/b9330-0s_121060000\/","og_site_name":"K\u00fbppersbusch Vietnam","twitter_card":"summary_large_image","schema":{"@context":"https:\/\/schema.org","@graph":[{"@type":"WebPage","@id":"https:\/\/www.home-kueppersbusch.com\/vi-vn\/product\/b9330-0s_121060000\/","url":"https:\/\/www.home-kueppersbusch.com\/vi-vn\/product\/b9330-0s_121060000\/","name":"L\u00f2 n\u01b0\u1edbng B9330.0S | K\u00fcppersbusch Vietnam","isPartOf":{"@id":"https:\/\/www.home-kueppersbusch.com\/vi-vn\/#website"},"datePublished":"2026-04-25T09:23:23+00:00","inLanguage":"vi","potentialAction":[{"@type":"ReadAction","target":["https:\/\/www.home-kueppersbusch.com\/vi-vn\/product\/b9330-0s_121060000\/"]}]},{"@type":"WebSite","@id":"https:\/\/www.home-kueppersbusch.com\/vi-vn\/#website","url":"https:\/\/www.home-kueppersbusch.com\/vi-vn\/","name":"K\u00fbppersbusch Vietnam","description":"","potentialAction":[{"@type":"SearchAction","target":{"@type":"EntryPoint","urlTemplate":"https:\/\/www.home-kueppersbusch.com\/vi-vn\/?s={search_term_string}"},"query-input":{"@type":"PropertyValueSpecification","valueRequired":true,"valueName":"search_term_string"}}],"inLanguage":"vi"}]}},"_links":{"self":[{"href":"https:\/\/www.home-kueppersbusch.com\/vi-vn\/wp-json\/wp\/v2\/product\/72530","targetHints":{"allow":["GET"]}}],"collection":[{"href":"https:\/\/www.home-kueppersbusch.com\/vi-vn\/wp-json\/wp\/v2\/product"}],"about":[{"href":"https:\/\/www.home-kueppersbusch.com\/vi-vn\/wp-json\/wp\/v2\/types\/product"}],"wp:attachment":[{"href":"https:\/\/www.home-kueppersbusch.com\/vi-vn\/wp-json\/wp\/v2\/media?parent=72530"}],"wp:term":[{"taxonomy":"product_cat","embeddable":true,"href":"https:\/\/www.home-kueppersbusch.com\/vi-vn\/wp-json\/wp\/v2\/product_cat?post=72530"},{"taxonomy":"product_edition","embeddable":true,"href":"https:\/\/www.home-kueppersbusch.com\/vi-vn\/wp-json\/wp\/v2\/product_edition?post=72530"},{"taxonomy":"product_energy_efficiency","embeddable":true,"href":"https:\/\/www.home-kueppersbusch.com\/vi-vn\/wp-json\/wp\/v2\/product_energy_efficiency?post=72530"}],"curies":[{"name":"wp","href":"https:\/\/api.w.org\/{rel}","templated":true}]}}