{"id":72262,"date":"2026-04-25T09:25:04","date_gmt":"2026-04-25T09:25:04","guid":{"rendered":"https:\/\/teka.com\/en-int\/kmi8560-0sr_123160006"},"modified":"2026-04-13T02:30:37","modified_gmt":"2026-04-13T03:30:37","slug":"kmi8560-0sr_123160006","status":"publish","type":"product","link":"https:\/\/www.home-kueppersbusch.com\/vi-vn\/product\/kmi8560-0sr_123160006\/","title":{"rendered":"KMI8560.0SR"},"content":{"rendered":"<ul>\n<li>T\u00ednh n\u0103ng b\u1ebfp t\u1eeb:<\/li>\n<li>13 m\u1ee9c c\u00f4ng su\u1ea5t, c\u1ea3m \u1ee9ng tr\u01b0\u1ee3t hi\u1ec3n th\u1ecb m\u00e0u tr\u1eafng<\/li>\n<li>3 m\u1ee9c n\u1ea5u \u0111\u1eb7c bi\u1ec7t: m\u1ee9c 42 \u00b0 C n\u1ea5u tan ch\u1ea3y, m\u1ee9c 70 \u00b0 C \u0111\u1ec3 gi\u1eef \u1ea5m, m\u1ee9c 94 \u00b0 C n\u1ea5u m\u00ec \u1ed1ng.<\/li>\n<li>T\u1ed1i \u01b0u ch\u1ee9c n\u0103ng n\u01b0\u1edbng<\/li>\n<li>Ch\u1ee9c n\u0103ng k\u1ebft h\u1ee3p, c\u00e1c v\u00f9ng n\u1ea5u b\u00ean ph\u1ea3i c\u00f3 th\u1ec3 \u0111\u01b0\u1ee3c k\u1ebft h\u1ee3p v\u1edbi nhau.<\/li>\n<li>Nh\u1eadn d\u1ea1ng n\u1ed3i v\u00e0 k\u00edch th\u01b0\u1edbc n\u1ed3i t\u1ef1 \u0111\u1ed9ng<\/li>\n<li>T\u00ednh n\u0103ng m\u00e1y h\u00fat m\u00f9i:<\/li>\n<li>C\u00f4ng su\u1ea5t h\u00fat (ra b\u00ean ngo\u00e0i) theo chu\u1ea9n EN 61591:m\u1ee9c h\u00fat b\u00ecnh th\u01b0\u1eddng 435 m\u00b3 \/ h, m\u1ee9c h\u00fat t\u0103ng c\u01b0\u1eddng 570 m\u00b3 \/ h<\/li>\n<li>\u0110\u1ed9 \u1ed3n theo ti\u00eau chu\u1ea9n EN 60704-2-13: nh\u1ecf nh\u1ea5t. 35 dB, t\u1ed1i \u0111a. 70 dB, m\u1ee9c t\u0103ng c\u01b0\u1eddng. 74 dB<\/li>\n<li>10 m\u1ee9c c\u00f4ng su\u1ea5t bao g\u1ed3m m\u1ee9c c\u00e0i \u0111\u1eb7t c\u00f4ng su\u1ea5t cao<\/li>\n<li>M\u00e0n h\u00ecnh k\u1ef9 thu\u1eadt s\u1ed1<\/li>\n<\/ul>\n","protected":false},"featured_media":0,"parent":0,"template":"","product_cat":[8271],"product_edition":[],"product_energy_efficiency":[9233],"class_list":["post-72262","product","type-product","status-publish","hentry","product_cat-bep-tu-ket-hop-hut-mui","color-black","product_lifestyle-k-series-5","usp-kph-hobs-03","usp-kph-hobs-04","product_energy_efficiency-a-plus-icon"],"acf":[],"yoast_head":"<!-- This site is optimized with the Yoast SEO plugin v27.5 - https:\/\/yoast.com\/product\/yoast-seo-wordpress\/ -->\n<title>B\u1ebfp t\u1eeb 4 v\u00f9ng n\u1ea5u KMI8560.0SR | K\u00fcppersbusch Vietnam<\/title>\n<meta name=\"robots\" content=\"index, follow, max-snippet:-1, max-image-preview:large, max-video-preview:-1\" \/>\n<link rel=\"canonical\" href=\"https:\/\/www.home-kueppersbusch.com\/vi-vn\/product\/kmi8560-0sr_123160006\/\" \/>\n<meta property=\"og:locale\" content=\"vi_VN\" \/>\n<meta property=\"og:type\" content=\"article\" \/>\n<meta property=\"og:title\" content=\"B\u1ebfp t\u1eeb 4 v\u00f9ng n\u1ea5u KMI8560.0SR | K\u00fcppersbusch Vietnam\" \/>\n<meta property=\"og:description\" content=\"T\u00ednh n\u0103ng b\u1ebfp t\u1eeb: 13 m\u1ee9c c\u00f4ng su\u1ea5t, c\u1ea3m \u1ee9ng tr\u01b0\u1ee3t hi\u1ec3n th\u1ecb m\u00e0u tr\u1eafng 3 m\u1ee9c n\u1ea5u \u0111\u1eb7c bi\u1ec7t: m\u1ee9c 42 \u00b0 C n\u1ea5u tan ch\u1ea3y, m\u1ee9c 70 \u00b0 C \u0111\u1ec3 gi\u1eef \u1ea5m, m\u1ee9c 94 \u00b0 C n\u1ea5u m\u00ec \u1ed1ng. T\u1ed1i \u01b0u ch\u1ee9c n\u0103ng n\u01b0\u1edbng Ch\u1ee9c n\u0103ng k\u1ebft h\u1ee3p, c\u00e1c v\u00f9ng n\u1ea5u b\u00ean ph\u1ea3i [&hellip;]\" \/>\n<meta property=\"og:url\" content=\"https:\/\/www.home-kueppersbusch.com\/vi-vn\/product\/kmi8560-0sr_123160006\/\" \/>\n<meta property=\"og:site_name\" content=\"K\u00fbppersbusch Vietnam\" \/>\n<meta name=\"twitter:card\" content=\"summary_large_image\" \/>\n<meta name=\"twitter:label1\" content=\"\u01af\u1edbc t\u00ednh th\u1eddi gian \u0111\u1ecdc\" \/>\n\t<meta name=\"twitter:data1\" content=\"1 ph\u00fat\" \/>\n<script type=\"application\/ld+json\" class=\"yoast-schema-graph\">{\"@context\":\"https:\\\/\\\/schema.org\",\"@graph\":[{\"@type\":\"WebPage\",\"@id\":\"https:\\\/\\\/www.home-kueppersbusch.com\\\/vi-vn\\\/product\\\/kmi8560-0sr_123160006\\\/\",\"url\":\"https:\\\/\\\/www.home-kueppersbusch.com\\\/vi-vn\\\/product\\\/kmi8560-0sr_123160006\\\/\",\"name\":\"B\u1ebfp t\u1eeb 4 v\u00f9ng n\u1ea5u KMI8560.0SR | K\u00fcppersbusch Vietnam\",\"isPartOf\":{\"@id\":\"https:\\\/\\\/www.home-kueppersbusch.com\\\/vi-vn\\\/#website\"},\"datePublished\":\"2026-04-25T09:25:04+00:00\",\"inLanguage\":\"vi\",\"potentialAction\":[{\"@type\":\"ReadAction\",\"target\":[\"https:\\\/\\\/www.home-kueppersbusch.com\\\/vi-vn\\\/product\\\/kmi8560-0sr_123160006\\\/\"]}]},{\"@type\":\"WebSite\",\"@id\":\"https:\\\/\\\/www.home-kueppersbusch.com\\\/vi-vn\\\/#website\",\"url\":\"https:\\\/\\\/www.home-kueppersbusch.com\\\/vi-vn\\\/\",\"name\":\"K\u00fbppersbusch Vietnam\",\"description\":\"\",\"potentialAction\":[{\"@type\":\"SearchAction\",\"target\":{\"@type\":\"EntryPoint\",\"urlTemplate\":\"https:\\\/\\\/www.home-kueppersbusch.com\\\/vi-vn\\\/?s={search_term_string}\"},\"query-input\":{\"@type\":\"PropertyValueSpecification\",\"valueRequired\":true,\"valueName\":\"search_term_string\"}}],\"inLanguage\":\"vi\"}]}<\/script>\n<!-- \/ Yoast SEO plugin. -->","yoast_head_json":{"title":"B\u1ebfp t\u1eeb 4 v\u00f9ng n\u1ea5u KMI8560.0SR | K\u00fcppersbusch Vietnam","robots":{"index":"index","follow":"follow","max-snippet":"max-snippet:-1","max-image-preview":"max-image-preview:large","max-video-preview":"max-video-preview:-1"},"canonical":"https:\/\/www.home-kueppersbusch.com\/vi-vn\/product\/kmi8560-0sr_123160006\/","og_locale":"vi_VN","og_type":"article","og_title":"B\u1ebfp t\u1eeb 4 v\u00f9ng n\u1ea5u KMI8560.0SR | K\u00fcppersbusch Vietnam","og_description":"T\u00ednh n\u0103ng b\u1ebfp t\u1eeb: 13 m\u1ee9c c\u00f4ng su\u1ea5t, c\u1ea3m \u1ee9ng tr\u01b0\u1ee3t hi\u1ec3n th\u1ecb m\u00e0u tr\u1eafng 3 m\u1ee9c n\u1ea5u \u0111\u1eb7c bi\u1ec7t: m\u1ee9c 42 \u00b0 C n\u1ea5u tan ch\u1ea3y, m\u1ee9c 70 \u00b0 C \u0111\u1ec3 gi\u1eef \u1ea5m, m\u1ee9c 94 \u00b0 C n\u1ea5u m\u00ec \u1ed1ng. T\u1ed1i \u01b0u ch\u1ee9c n\u0103ng n\u01b0\u1edbng Ch\u1ee9c n\u0103ng k\u1ebft h\u1ee3p, c\u00e1c v\u00f9ng n\u1ea5u b\u00ean ph\u1ea3i [&hellip;]","og_url":"https:\/\/www.home-kueppersbusch.com\/vi-vn\/product\/kmi8560-0sr_123160006\/","og_site_name":"K\u00fbppersbusch Vietnam","twitter_card":"summary_large_image","twitter_misc":{"\u01af\u1edbc t\u00ednh th\u1eddi gian \u0111\u1ecdc":"1 ph\u00fat"},"schema":{"@context":"https:\/\/schema.org","@graph":[{"@type":"WebPage","@id":"https:\/\/www.home-kueppersbusch.com\/vi-vn\/product\/kmi8560-0sr_123160006\/","url":"https:\/\/www.home-kueppersbusch.com\/vi-vn\/product\/kmi8560-0sr_123160006\/","name":"B\u1ebfp t\u1eeb 4 v\u00f9ng n\u1ea5u KMI8560.0SR | K\u00fcppersbusch Vietnam","isPartOf":{"@id":"https:\/\/www.home-kueppersbusch.com\/vi-vn\/#website"},"datePublished":"2026-04-25T09:25:04+00:00","inLanguage":"vi","potentialAction":[{"@type":"ReadAction","target":["https:\/\/www.home-kueppersbusch.com\/vi-vn\/product\/kmi8560-0sr_123160006\/"]}]},{"@type":"WebSite","@id":"https:\/\/www.home-kueppersbusch.com\/vi-vn\/#website","url":"https:\/\/www.home-kueppersbusch.com\/vi-vn\/","name":"K\u00fbppersbusch Vietnam","description":"","potentialAction":[{"@type":"SearchAction","target":{"@type":"EntryPoint","urlTemplate":"https:\/\/www.home-kueppersbusch.com\/vi-vn\/?s={search_term_string}"},"query-input":{"@type":"PropertyValueSpecification","valueRequired":true,"valueName":"search_term_string"}}],"inLanguage":"vi"}]}},"_links":{"self":[{"href":"https:\/\/www.home-kueppersbusch.com\/vi-vn\/wp-json\/wp\/v2\/product\/72262","targetHints":{"allow":["GET"]}}],"collection":[{"href":"https:\/\/www.home-kueppersbusch.com\/vi-vn\/wp-json\/wp\/v2\/product"}],"about":[{"href":"https:\/\/www.home-kueppersbusch.com\/vi-vn\/wp-json\/wp\/v2\/types\/product"}],"wp:attachment":[{"href":"https:\/\/www.home-kueppersbusch.com\/vi-vn\/wp-json\/wp\/v2\/media?parent=72262"}],"wp:term":[{"taxonomy":"product_cat","embeddable":true,"href":"https:\/\/www.home-kueppersbusch.com\/vi-vn\/wp-json\/wp\/v2\/product_cat?post=72262"},{"taxonomy":"product_edition","embeddable":true,"href":"https:\/\/www.home-kueppersbusch.com\/vi-vn\/wp-json\/wp\/v2\/product_edition?post=72262"},{"taxonomy":"product_energy_efficiency","embeddable":true,"href":"https:\/\/www.home-kueppersbusch.com\/vi-vn\/wp-json\/wp\/v2\/product_energy_efficiency?post=72262"}],"curies":[{"name":"wp","href":"https:\/\/api.w.org\/{rel}","templated":true}]}}