{"id":72260,"date":"2026-04-25T09:24:59","date_gmt":"2026-04-25T09:24:59","guid":{"rendered":"https:\/\/teka.com\/en-int\/cbm6330-0s_121180009"},"modified":"2026-03-28T08:05:12","modified_gmt":"2026-03-28T09:05:12","slug":"cbm6330-0s_121180009","status":"publish","type":"product","link":"https:\/\/www.home-kueppersbusch.com\/vi-vn\/product\/cbm6330-0s_121180009\/","title":{"rendered":"CBM6330.0S"},"content":{"rendered":"<ul>\n<li>8 ch\u1ee9c n\u0103ng n\u01b0\u1edbng<\/li>\n<li>3 ch\u1ee9c n\u0103ng vi s\u00f3ng (ch\u1ec9 vi s\u00f3ng, vi s\u00f3ng + n\u01b0\u1edbng, vi s\u00f3ng + kh\u00ed n\u00f3ng)<\/li>\n<li>5 m\u1ee9c \u0111\u1ed9 vi s\u00f3ng<\/li>\n<li>C\u00f4ng su\u1ea5t vi s\u00f3ng 1.000 watt<\/li>\n<li>Ch\u1ee9c n\u0103ng kh\u1edfi \u0111\u1ed9ng nhanh<\/li>\n<\/ul>\n","protected":false},"featured_media":0,"parent":0,"template":"","product_cat":[8284,9348],"product_edition":[],"product_energy_efficiency":[],"class_list":["post-72260","product","type-product","status-publish","hentry","finishes-9719","finishes-9727","finishes-9726","finishes-9725","finishes-9724","finishes-9723","finishes-9722","finishes-9721","finishes-9720","finishes-9710","finishes-9718","finishes-9717","finishes-9716","finishes-9715","finishes-9714","finishes-9713","finishes-9712","finishes-9711","product_cat-lo-vi-song-nho-gon","product_cat-lo-nuong-nho-gon","color-black","product_lifestyle-k-series-3","usp-kph-individual-01","usp-kph-ovens-03","usp-kph-ovens-04","usp-kph-ovens-09","usp-kph-ovens-10"],"acf":[],"yoast_head":"<!-- This site is optimized with the Yoast SEO plugin v27.5 - https:\/\/yoast.com\/product\/yoast-seo-wordpress\/ -->\n<title>L\u00f2 n\u01b0\u1edbng + L\u00f2 vi s\u00f3ng CBM6330.0S, 45 cm | K\u00fcppersbusch Vietnam<\/title>\n<meta name=\"robots\" content=\"index, follow, max-snippet:-1, max-image-preview:large, max-video-preview:-1\" \/>\n<link rel=\"canonical\" href=\"https:\/\/www.home-kueppersbusch.com\/vi-vn\/product\/cbm6330-0s_121180009\/\" \/>\n<meta property=\"og:locale\" content=\"vi_VN\" \/>\n<meta property=\"og:type\" content=\"article\" \/>\n<meta property=\"og:title\" content=\"L\u00f2 n\u01b0\u1edbng + L\u00f2 vi s\u00f3ng CBM6330.0S, 45 cm | K\u00fcppersbusch Vietnam\" \/>\n<meta property=\"og:description\" content=\"8 ch\u1ee9c n\u0103ng n\u01b0\u1edbng 3 ch\u1ee9c n\u0103ng vi s\u00f3ng (ch\u1ec9 vi s\u00f3ng, vi s\u00f3ng + n\u01b0\u1edbng, vi s\u00f3ng + kh\u00ed n\u00f3ng) 5 m\u1ee9c \u0111\u1ed9 vi s\u00f3ng C\u00f4ng su\u1ea5t vi s\u00f3ng 1.000 watt Ch\u1ee9c n\u0103ng kh\u1edfi \u0111\u1ed9ng nhanh\" \/>\n<meta property=\"og:url\" content=\"https:\/\/www.home-kueppersbusch.com\/vi-vn\/product\/cbm6330-0s_121180009\/\" \/>\n<meta property=\"og:site_name\" content=\"K\u00fbppersbusch Vietnam\" \/>\n<meta name=\"twitter:card\" content=\"summary_large_image\" \/>\n<script type=\"application\/ld+json\" class=\"yoast-schema-graph\">{\"@context\":\"https:\\\/\\\/schema.org\",\"@graph\":[{\"@type\":\"WebPage\",\"@id\":\"https:\\\/\\\/www.home-kueppersbusch.com\\\/vi-vn\\\/product\\\/cbm6330-0s_121180009\\\/\",\"url\":\"https:\\\/\\\/www.home-kueppersbusch.com\\\/vi-vn\\\/product\\\/cbm6330-0s_121180009\\\/\",\"name\":\"L\u00f2 n\u01b0\u1edbng + L\u00f2 vi s\u00f3ng CBM6330.0S, 45 cm | K\u00fcppersbusch Vietnam\",\"isPartOf\":{\"@id\":\"https:\\\/\\\/www.home-kueppersbusch.com\\\/vi-vn\\\/#website\"},\"datePublished\":\"2026-04-25T09:24:59+00:00\",\"inLanguage\":\"vi\",\"potentialAction\":[{\"@type\":\"ReadAction\",\"target\":[\"https:\\\/\\\/www.home-kueppersbusch.com\\\/vi-vn\\\/product\\\/cbm6330-0s_121180009\\\/\"]}]},{\"@type\":\"WebSite\",\"@id\":\"https:\\\/\\\/www.home-kueppersbusch.com\\\/vi-vn\\\/#website\",\"url\":\"https:\\\/\\\/www.home-kueppersbusch.com\\\/vi-vn\\\/\",\"name\":\"K\u00fbppersbusch Vietnam\",\"description\":\"\",\"potentialAction\":[{\"@type\":\"SearchAction\",\"target\":{\"@type\":\"EntryPoint\",\"urlTemplate\":\"https:\\\/\\\/www.home-kueppersbusch.com\\\/vi-vn\\\/?s={search_term_string}\"},\"query-input\":{\"@type\":\"PropertyValueSpecification\",\"valueRequired\":true,\"valueName\":\"search_term_string\"}}],\"inLanguage\":\"vi\"}]}<\/script>\n<!-- \/ Yoast SEO plugin. -->","yoast_head_json":{"title":"L\u00f2 n\u01b0\u1edbng + L\u00f2 vi s\u00f3ng CBM6330.0S, 45 cm | K\u00fcppersbusch Vietnam","robots":{"index":"index","follow":"follow","max-snippet":"max-snippet:-1","max-image-preview":"max-image-preview:large","max-video-preview":"max-video-preview:-1"},"canonical":"https:\/\/www.home-kueppersbusch.com\/vi-vn\/product\/cbm6330-0s_121180009\/","og_locale":"vi_VN","og_type":"article","og_title":"L\u00f2 n\u01b0\u1edbng + L\u00f2 vi s\u00f3ng CBM6330.0S, 45 cm | K\u00fcppersbusch Vietnam","og_description":"8 ch\u1ee9c n\u0103ng n\u01b0\u1edbng 3 ch\u1ee9c n\u0103ng vi s\u00f3ng (ch\u1ec9 vi s\u00f3ng, vi s\u00f3ng + n\u01b0\u1edbng, vi s\u00f3ng + kh\u00ed n\u00f3ng) 5 m\u1ee9c \u0111\u1ed9 vi s\u00f3ng C\u00f4ng su\u1ea5t vi s\u00f3ng 1.000 watt Ch\u1ee9c n\u0103ng kh\u1edfi \u0111\u1ed9ng nhanh","og_url":"https:\/\/www.home-kueppersbusch.com\/vi-vn\/product\/cbm6330-0s_121180009\/","og_site_name":"K\u00fbppersbusch Vietnam","twitter_card":"summary_large_image","schema":{"@context":"https:\/\/schema.org","@graph":[{"@type":"WebPage","@id":"https:\/\/www.home-kueppersbusch.com\/vi-vn\/product\/cbm6330-0s_121180009\/","url":"https:\/\/www.home-kueppersbusch.com\/vi-vn\/product\/cbm6330-0s_121180009\/","name":"L\u00f2 n\u01b0\u1edbng + L\u00f2 vi s\u00f3ng CBM6330.0S, 45 cm | K\u00fcppersbusch Vietnam","isPartOf":{"@id":"https:\/\/www.home-kueppersbusch.com\/vi-vn\/#website"},"datePublished":"2026-04-25T09:24:59+00:00","inLanguage":"vi","potentialAction":[{"@type":"ReadAction","target":["https:\/\/www.home-kueppersbusch.com\/vi-vn\/product\/cbm6330-0s_121180009\/"]}]},{"@type":"WebSite","@id":"https:\/\/www.home-kueppersbusch.com\/vi-vn\/#website","url":"https:\/\/www.home-kueppersbusch.com\/vi-vn\/","name":"K\u00fbppersbusch Vietnam","description":"","potentialAction":[{"@type":"SearchAction","target":{"@type":"EntryPoint","urlTemplate":"https:\/\/www.home-kueppersbusch.com\/vi-vn\/?s={search_term_string}"},"query-input":{"@type":"PropertyValueSpecification","valueRequired":true,"valueName":"search_term_string"}}],"inLanguage":"vi"}]}},"_links":{"self":[{"href":"https:\/\/www.home-kueppersbusch.com\/vi-vn\/wp-json\/wp\/v2\/product\/72260","targetHints":{"allow":["GET"]}}],"collection":[{"href":"https:\/\/www.home-kueppersbusch.com\/vi-vn\/wp-json\/wp\/v2\/product"}],"about":[{"href":"https:\/\/www.home-kueppersbusch.com\/vi-vn\/wp-json\/wp\/v2\/types\/product"}],"wp:attachment":[{"href":"https:\/\/www.home-kueppersbusch.com\/vi-vn\/wp-json\/wp\/v2\/media?parent=72260"}],"wp:term":[{"taxonomy":"product_cat","embeddable":true,"href":"https:\/\/www.home-kueppersbusch.com\/vi-vn\/wp-json\/wp\/v2\/product_cat?post=72260"},{"taxonomy":"product_edition","embeddable":true,"href":"https:\/\/www.home-kueppersbusch.com\/vi-vn\/wp-json\/wp\/v2\/product_edition?post=72260"},{"taxonomy":"product_energy_efficiency","embeddable":true,"href":"https:\/\/www.home-kueppersbusch.com\/vi-vn\/wp-json\/wp\/v2\/product_energy_efficiency?post=72260"}],"curies":[{"name":"wp","href":"https:\/\/api.w.org\/{rel}","templated":true}]}}