{"id":72257,"date":"2026-04-25T09:24:54","date_gmt":"2026-04-25T09:24:54","guid":{"rendered":"https:\/\/teka.com\/en-gb\/ckv6550-0g_121640016"},"modified":"2026-03-28T08:05:01","modified_gmt":"2026-03-28T09:05:01","slug":"ckv6550-0g_121640016","status":"publish","type":"product","link":"https:\/\/www.home-kueppersbusch.com\/vi-vn\/product\/ckv6550-0g_121640016\/","title":{"rendered":"CKV6550.0G"},"content":{"rendered":"<ul>\n<li>M\u00e0n h\u00ecnh LCD v\u1edbi v\u0103n b\u1ea3n v\u00e0 \u0111\u1ed3 h\u1ecda r\u00f5 r\u00e0ng<\/li>\n<li>\u0110i\u1ec1u khi\u1ec3n b\u1eb1ng c\u1ea3m \u1ee9ng<\/li>\n<li>5 Ch\u01b0\u01a1ng tr\u00ecnh theo k\u00edch c\u1ee1 c\u1ed1c (espresso, c\u1ed1c nh\u1ecf, c\u1ed1c v\u1eeba v\u00e0 c\u1ed1c l\u1edbn,ca)<\/li>\n<li>M\u1ed7i l\u1ea7n \u0111\u01b0\u1ee3c 1 ho\u1eb7c 2 c\u1ed1c<\/li>\n<\/ul>\n","protected":false},"featured_media":0,"parent":0,"template":"","product_cat":[8286],"product_edition":[],"product_energy_efficiency":[],"class_list":["post-72257","product","type-product","status-publish","hentry","finishes-9733","finishes-9734","finishes-9735","finishes-9736","finishes-9737","finishes-9738","finishes-9739","finishes-9740","product_cat-may-pha-ca-phe","color-grey","product_lifestyle-k-series-5"],"acf":[],"yoast_head":"<!-- This site is optimized with the Yoast SEO plugin v27.5 - https:\/\/yoast.com\/product\/yoast-seo-wordpress\/ -->\n<title>M\u00e1y pha c\u00e0 ph\u00ea CKV6550.0G | K\u00fcppersbusch Vietnam<\/title>\n<meta name=\"robots\" content=\"index, follow, max-snippet:-1, max-image-preview:large, max-video-preview:-1\" \/>\n<link rel=\"canonical\" href=\"https:\/\/www.home-kueppersbusch.com\/vi-vn\/product\/ckv6550-0g_121640016\/\" \/>\n<meta property=\"og:locale\" content=\"vi_VN\" \/>\n<meta property=\"og:type\" content=\"article\" \/>\n<meta property=\"og:title\" content=\"M\u00e1y pha c\u00e0 ph\u00ea CKV6550.0G | K\u00fcppersbusch Vietnam\" \/>\n<meta property=\"og:description\" content=\"M\u00e0n h\u00ecnh LCD v\u1edbi v\u0103n b\u1ea3n v\u00e0 \u0111\u1ed3 h\u1ecda r\u00f5 r\u00e0ng \u0110i\u1ec1u khi\u1ec3n b\u1eb1ng c\u1ea3m \u1ee9ng 5 Ch\u01b0\u01a1ng tr\u00ecnh theo k\u00edch c\u1ee1 c\u1ed1c (espresso, c\u1ed1c nh\u1ecf, c\u1ed1c v\u1eeba v\u00e0 c\u1ed1c l\u1edbn,ca) M\u1ed7i l\u1ea7n \u0111\u01b0\u1ee3c 1 ho\u1eb7c 2 c\u1ed1c\" \/>\n<meta property=\"og:url\" content=\"https:\/\/www.home-kueppersbusch.com\/vi-vn\/product\/ckv6550-0g_121640016\/\" \/>\n<meta property=\"og:site_name\" content=\"K\u00fbppersbusch Vietnam\" \/>\n<meta name=\"twitter:card\" content=\"summary_large_image\" \/>\n<script type=\"application\/ld+json\" class=\"yoast-schema-graph\">{\"@context\":\"https:\\\/\\\/schema.org\",\"@graph\":[{\"@type\":\"WebPage\",\"@id\":\"https:\\\/\\\/www.home-kueppersbusch.com\\\/vi-vn\\\/product\\\/ckv6550-0g_121640016\\\/\",\"url\":\"https:\\\/\\\/www.home-kueppersbusch.com\\\/vi-vn\\\/product\\\/ckv6550-0g_121640016\\\/\",\"name\":\"M\u00e1y pha c\u00e0 ph\u00ea CKV6550.0G | K\u00fcppersbusch Vietnam\",\"isPartOf\":{\"@id\":\"https:\\\/\\\/www.home-kueppersbusch.com\\\/vi-vn\\\/#website\"},\"datePublished\":\"2026-04-25T09:24:54+00:00\",\"inLanguage\":\"vi\",\"potentialAction\":[{\"@type\":\"ReadAction\",\"target\":[\"https:\\\/\\\/www.home-kueppersbusch.com\\\/vi-vn\\\/product\\\/ckv6550-0g_121640016\\\/\"]}]},{\"@type\":\"WebSite\",\"@id\":\"https:\\\/\\\/www.home-kueppersbusch.com\\\/vi-vn\\\/#website\",\"url\":\"https:\\\/\\\/www.home-kueppersbusch.com\\\/vi-vn\\\/\",\"name\":\"K\u00fbppersbusch Vietnam\",\"description\":\"\",\"potentialAction\":[{\"@type\":\"SearchAction\",\"target\":{\"@type\":\"EntryPoint\",\"urlTemplate\":\"https:\\\/\\\/www.home-kueppersbusch.com\\\/vi-vn\\\/?s={search_term_string}\"},\"query-input\":{\"@type\":\"PropertyValueSpecification\",\"valueRequired\":true,\"valueName\":\"search_term_string\"}}],\"inLanguage\":\"vi\"}]}<\/script>\n<!-- \/ Yoast SEO plugin. -->","yoast_head_json":{"title":"M\u00e1y pha c\u00e0 ph\u00ea CKV6550.0G | K\u00fcppersbusch Vietnam","robots":{"index":"index","follow":"follow","max-snippet":"max-snippet:-1","max-image-preview":"max-image-preview:large","max-video-preview":"max-video-preview:-1"},"canonical":"https:\/\/www.home-kueppersbusch.com\/vi-vn\/product\/ckv6550-0g_121640016\/","og_locale":"vi_VN","og_type":"article","og_title":"M\u00e1y pha c\u00e0 ph\u00ea CKV6550.0G | K\u00fcppersbusch Vietnam","og_description":"M\u00e0n h\u00ecnh LCD v\u1edbi v\u0103n b\u1ea3n v\u00e0 \u0111\u1ed3 h\u1ecda r\u00f5 r\u00e0ng \u0110i\u1ec1u khi\u1ec3n b\u1eb1ng c\u1ea3m \u1ee9ng 5 Ch\u01b0\u01a1ng tr\u00ecnh theo k\u00edch c\u1ee1 c\u1ed1c (espresso, c\u1ed1c nh\u1ecf, c\u1ed1c v\u1eeba v\u00e0 c\u1ed1c l\u1edbn,ca) M\u1ed7i l\u1ea7n \u0111\u01b0\u1ee3c 1 ho\u1eb7c 2 c\u1ed1c","og_url":"https:\/\/www.home-kueppersbusch.com\/vi-vn\/product\/ckv6550-0g_121640016\/","og_site_name":"K\u00fbppersbusch Vietnam","twitter_card":"summary_large_image","schema":{"@context":"https:\/\/schema.org","@graph":[{"@type":"WebPage","@id":"https:\/\/www.home-kueppersbusch.com\/vi-vn\/product\/ckv6550-0g_121640016\/","url":"https:\/\/www.home-kueppersbusch.com\/vi-vn\/product\/ckv6550-0g_121640016\/","name":"M\u00e1y pha c\u00e0 ph\u00ea CKV6550.0G | K\u00fcppersbusch Vietnam","isPartOf":{"@id":"https:\/\/www.home-kueppersbusch.com\/vi-vn\/#website"},"datePublished":"2026-04-25T09:24:54+00:00","inLanguage":"vi","potentialAction":[{"@type":"ReadAction","target":["https:\/\/www.home-kueppersbusch.com\/vi-vn\/product\/ckv6550-0g_121640016\/"]}]},{"@type":"WebSite","@id":"https:\/\/www.home-kueppersbusch.com\/vi-vn\/#website","url":"https:\/\/www.home-kueppersbusch.com\/vi-vn\/","name":"K\u00fbppersbusch Vietnam","description":"","potentialAction":[{"@type":"SearchAction","target":{"@type":"EntryPoint","urlTemplate":"https:\/\/www.home-kueppersbusch.com\/vi-vn\/?s={search_term_string}"},"query-input":{"@type":"PropertyValueSpecification","valueRequired":true,"valueName":"search_term_string"}}],"inLanguage":"vi"}]}},"_links":{"self":[{"href":"https:\/\/www.home-kueppersbusch.com\/vi-vn\/wp-json\/wp\/v2\/product\/72257","targetHints":{"allow":["GET"]}}],"collection":[{"href":"https:\/\/www.home-kueppersbusch.com\/vi-vn\/wp-json\/wp\/v2\/product"}],"about":[{"href":"https:\/\/www.home-kueppersbusch.com\/vi-vn\/wp-json\/wp\/v2\/types\/product"}],"wp:attachment":[{"href":"https:\/\/www.home-kueppersbusch.com\/vi-vn\/wp-json\/wp\/v2\/media?parent=72257"}],"wp:term":[{"taxonomy":"product_cat","embeddable":true,"href":"https:\/\/www.home-kueppersbusch.com\/vi-vn\/wp-json\/wp\/v2\/product_cat?post=72257"},{"taxonomy":"product_edition","embeddable":true,"href":"https:\/\/www.home-kueppersbusch.com\/vi-vn\/wp-json\/wp\/v2\/product_edition?post=72257"},{"taxonomy":"product_energy_efficiency","embeddable":true,"href":"https:\/\/www.home-kueppersbusch.com\/vi-vn\/wp-json\/wp\/v2\/product_energy_efficiency?post=72257"}],"curies":[{"name":"wp","href":"https:\/\/api.w.org\/{rel}","templated":true}]}}