{"id":72253,"date":"2026-04-25T09:23:48","date_gmt":"2026-04-25T09:23:48","guid":{"rendered":"https:\/\/teka.com\/en-gb\/ki8800-0sr_122500015"},"modified":"2026-03-28T08:02:39","modified_gmt":"2026-03-28T09:02:39","slug":"ki8800-0sr_122500015","status":"publish","type":"product","link":"https:\/\/www.home-kueppersbusch.com\/vi-vn\/product\/ki8800-0sr_122500015\/","title":{"rendered":"KI8800.0SR"},"content":{"rendered":"<ul>\n<li>\u0110\u1ed3 h\u1ecda s\u1eafc n\u00e9t<\/li>\n<li>15 m\u1ee9c c\u00f4ng su\u1ea5t,c\u1ea3m \u1ee9ng tr\u01b0\u1ee3t v\u1edbi m\u00e0n hi\u1ec3n th\u1ecb tr\u1eafng<\/li>\n<li>3 m\u1ee9c n\u1ea5u \u0111\u1eb7c bi\u1ec7t: m\u1ee9c 42 \u00b0 C n\u1ea5u tan ch\u1ea3y, m\u1ee9c 70 \u00b0 C \u0111\u1ec3 gi\u1eef \u1ea5m, m\u1ee9c 94 \u00b0 C n\u1ea5u m\u00ec \u1ed1ng.<\/li>\n<li>T\u1ed1i \u01b0u ch\u1ee9c n\u0103ng n\u01b0\u1edbng b\u1edfi ph\u1ee5 ki\u1ec7n FlexiGrill Acc. No. 1303<\/li>\n<li>T\u1eaft b\u1ed9 nh\u1edb<\/li>\n<li>Ch\u1ee9c n\u0103ng k\u1ebft h\u1ee3p, v\u00f9ng n\u1ea5u ph\u00eda tr\u01b0\u1edbc v\u00e0 ph\u00eda sau c\u00f3 th\u1ec3 \u0111\u01b0\u1ee3c k\u1ebft h\u1ee3p th\u00e0nh m\u1ed9t v\u00f9ng n\u1ea5u<\/li>\n<\/ul>\n","protected":false},"featured_media":0,"parent":0,"template":"","product_cat":[8272],"product_edition":[],"product_energy_efficiency":[],"class_list":["post-72253","product","type-product","status-publish","hentry","product_cat-bep-tu","color-black","product_lifestyle-k-series-8","usp-kph-hobs-03","usp-kph-hobs-04","usp-kph-hobs-05","usp-kph-hobs-11"],"acf":[],"yoast_head":"<!-- This site is optimized with the Yoast SEO plugin v27.5 - https:\/\/yoast.com\/product\/yoast-seo-wordpress\/ -->\n<title>B\u1ebfp t\u1eeb 4 v\u00f9ng n\u1ea5u KI8800.0SR | K\u00fcppersbusch Vietnam<\/title>\n<meta name=\"robots\" content=\"index, follow, max-snippet:-1, max-image-preview:large, max-video-preview:-1\" \/>\n<link rel=\"canonical\" href=\"https:\/\/www.home-kueppersbusch.com\/vi-vn\/product\/ki8800-0sr_122500015\/\" \/>\n<meta property=\"og:locale\" content=\"vi_VN\" \/>\n<meta property=\"og:type\" content=\"article\" \/>\n<meta property=\"og:title\" content=\"B\u1ebfp t\u1eeb 4 v\u00f9ng n\u1ea5u KI8800.0SR | K\u00fcppersbusch Vietnam\" \/>\n<meta property=\"og:description\" content=\"\u0110\u1ed3 h\u1ecda s\u1eafc n\u00e9t 15 m\u1ee9c c\u00f4ng su\u1ea5t,c\u1ea3m \u1ee9ng tr\u01b0\u1ee3t v\u1edbi m\u00e0n hi\u1ec3n th\u1ecb tr\u1eafng 3 m\u1ee9c n\u1ea5u \u0111\u1eb7c bi\u1ec7t: m\u1ee9c 42 \u00b0 C n\u1ea5u tan ch\u1ea3y, m\u1ee9c 70 \u00b0 C \u0111\u1ec3 gi\u1eef \u1ea5m, m\u1ee9c 94 \u00b0 C n\u1ea5u m\u00ec \u1ed1ng. T\u1ed1i \u01b0u ch\u1ee9c n\u0103ng n\u01b0\u1edbng b\u1edfi ph\u1ee5 ki\u1ec7n FlexiGrill Acc. No. 1303 T\u1eaft b\u1ed9 [&hellip;]\" \/>\n<meta property=\"og:url\" content=\"https:\/\/www.home-kueppersbusch.com\/vi-vn\/product\/ki8800-0sr_122500015\/\" \/>\n<meta property=\"og:site_name\" content=\"K\u00fbppersbusch Vietnam\" \/>\n<meta name=\"twitter:card\" content=\"summary_large_image\" \/>\n<meta name=\"twitter:label1\" content=\"\u01af\u1edbc t\u00ednh th\u1eddi gian \u0111\u1ecdc\" \/>\n\t<meta name=\"twitter:data1\" content=\"1 ph\u00fat\" \/>\n<script type=\"application\/ld+json\" class=\"yoast-schema-graph\">{\"@context\":\"https:\\\/\\\/schema.org\",\"@graph\":[{\"@type\":\"WebPage\",\"@id\":\"https:\\\/\\\/www.home-kueppersbusch.com\\\/vi-vn\\\/product\\\/ki8800-0sr_122500015\\\/\",\"url\":\"https:\\\/\\\/www.home-kueppersbusch.com\\\/vi-vn\\\/product\\\/ki8800-0sr_122500015\\\/\",\"name\":\"B\u1ebfp t\u1eeb 4 v\u00f9ng n\u1ea5u KI8800.0SR | K\u00fcppersbusch Vietnam\",\"isPartOf\":{\"@id\":\"https:\\\/\\\/www.home-kueppersbusch.com\\\/vi-vn\\\/#website\"},\"datePublished\":\"2026-04-25T09:23:48+00:00\",\"inLanguage\":\"vi\",\"potentialAction\":[{\"@type\":\"ReadAction\",\"target\":[\"https:\\\/\\\/www.home-kueppersbusch.com\\\/vi-vn\\\/product\\\/ki8800-0sr_122500015\\\/\"]}]},{\"@type\":\"WebSite\",\"@id\":\"https:\\\/\\\/www.home-kueppersbusch.com\\\/vi-vn\\\/#website\",\"url\":\"https:\\\/\\\/www.home-kueppersbusch.com\\\/vi-vn\\\/\",\"name\":\"K\u00fbppersbusch Vietnam\",\"description\":\"\",\"potentialAction\":[{\"@type\":\"SearchAction\",\"target\":{\"@type\":\"EntryPoint\",\"urlTemplate\":\"https:\\\/\\\/www.home-kueppersbusch.com\\\/vi-vn\\\/?s={search_term_string}\"},\"query-input\":{\"@type\":\"PropertyValueSpecification\",\"valueRequired\":true,\"valueName\":\"search_term_string\"}}],\"inLanguage\":\"vi\"}]}<\/script>\n<!-- \/ Yoast SEO plugin. -->","yoast_head_json":{"title":"B\u1ebfp t\u1eeb 4 v\u00f9ng n\u1ea5u KI8800.0SR | K\u00fcppersbusch Vietnam","robots":{"index":"index","follow":"follow","max-snippet":"max-snippet:-1","max-image-preview":"max-image-preview:large","max-video-preview":"max-video-preview:-1"},"canonical":"https:\/\/www.home-kueppersbusch.com\/vi-vn\/product\/ki8800-0sr_122500015\/","og_locale":"vi_VN","og_type":"article","og_title":"B\u1ebfp t\u1eeb 4 v\u00f9ng n\u1ea5u KI8800.0SR | K\u00fcppersbusch Vietnam","og_description":"\u0110\u1ed3 h\u1ecda s\u1eafc n\u00e9t 15 m\u1ee9c c\u00f4ng su\u1ea5t,c\u1ea3m \u1ee9ng tr\u01b0\u1ee3t v\u1edbi m\u00e0n hi\u1ec3n th\u1ecb tr\u1eafng 3 m\u1ee9c n\u1ea5u \u0111\u1eb7c bi\u1ec7t: m\u1ee9c 42 \u00b0 C n\u1ea5u tan ch\u1ea3y, m\u1ee9c 70 \u00b0 C \u0111\u1ec3 gi\u1eef \u1ea5m, m\u1ee9c 94 \u00b0 C n\u1ea5u m\u00ec \u1ed1ng. T\u1ed1i \u01b0u ch\u1ee9c n\u0103ng n\u01b0\u1edbng b\u1edfi ph\u1ee5 ki\u1ec7n FlexiGrill Acc. No. 1303 T\u1eaft b\u1ed9 [&hellip;]","og_url":"https:\/\/www.home-kueppersbusch.com\/vi-vn\/product\/ki8800-0sr_122500015\/","og_site_name":"K\u00fbppersbusch Vietnam","twitter_card":"summary_large_image","twitter_misc":{"\u01af\u1edbc t\u00ednh th\u1eddi gian \u0111\u1ecdc":"1 ph\u00fat"},"schema":{"@context":"https:\/\/schema.org","@graph":[{"@type":"WebPage","@id":"https:\/\/www.home-kueppersbusch.com\/vi-vn\/product\/ki8800-0sr_122500015\/","url":"https:\/\/www.home-kueppersbusch.com\/vi-vn\/product\/ki8800-0sr_122500015\/","name":"B\u1ebfp t\u1eeb 4 v\u00f9ng n\u1ea5u KI8800.0SR | K\u00fcppersbusch Vietnam","isPartOf":{"@id":"https:\/\/www.home-kueppersbusch.com\/vi-vn\/#website"},"datePublished":"2026-04-25T09:23:48+00:00","inLanguage":"vi","potentialAction":[{"@type":"ReadAction","target":["https:\/\/www.home-kueppersbusch.com\/vi-vn\/product\/ki8800-0sr_122500015\/"]}]},{"@type":"WebSite","@id":"https:\/\/www.home-kueppersbusch.com\/vi-vn\/#website","url":"https:\/\/www.home-kueppersbusch.com\/vi-vn\/","name":"K\u00fbppersbusch Vietnam","description":"","potentialAction":[{"@type":"SearchAction","target":{"@type":"EntryPoint","urlTemplate":"https:\/\/www.home-kueppersbusch.com\/vi-vn\/?s={search_term_string}"},"query-input":{"@type":"PropertyValueSpecification","valueRequired":true,"valueName":"search_term_string"}}],"inLanguage":"vi"}]}},"_links":{"self":[{"href":"https:\/\/www.home-kueppersbusch.com\/vi-vn\/wp-json\/wp\/v2\/product\/72253","targetHints":{"allow":["GET"]}}],"collection":[{"href":"https:\/\/www.home-kueppersbusch.com\/vi-vn\/wp-json\/wp\/v2\/product"}],"about":[{"href":"https:\/\/www.home-kueppersbusch.com\/vi-vn\/wp-json\/wp\/v2\/types\/product"}],"wp:attachment":[{"href":"https:\/\/www.home-kueppersbusch.com\/vi-vn\/wp-json\/wp\/v2\/media?parent=72253"}],"wp:term":[{"taxonomy":"product_cat","embeddable":true,"href":"https:\/\/www.home-kueppersbusch.com\/vi-vn\/wp-json\/wp\/v2\/product_cat?post=72253"},{"taxonomy":"product_edition","embeddable":true,"href":"https:\/\/www.home-kueppersbusch.com\/vi-vn\/wp-json\/wp\/v2\/product_edition?post=72253"},{"taxonomy":"product_energy_efficiency","embeddable":true,"href":"https:\/\/www.home-kueppersbusch.com\/vi-vn\/wp-json\/wp\/v2\/product_energy_efficiency?post=72253"}],"curies":[{"name":"wp","href":"https:\/\/api.w.org\/{rel}","templated":true}]}}