{"id":72252,"date":"2026-04-25T09:23:45","date_gmt":"2026-04-25T09:23:45","guid":{"rendered":"https:\/\/teka.com\/en-int\/csv6800-0_121600000"},"modified":"2026-03-28T08:02:32","modified_gmt":"2026-03-28T09:02:32","slug":"csv6800-0_121600000","status":"publish","type":"product","link":"https:\/\/www.home-kueppersbusch.com\/vi-vn\/product\/csv6800-0_121600000\/","title":{"rendered":"CSV6800.0"},"content":{"rendered":"<ul>\n<li>Ph\u1ea7n b\u1ed5 sung l\u00fd t\u01b0\u1edfng \u0111\u1ec3 l\u1eafp c\u00f9ng v\u1edbi m\u1ed9t thi\u1ebft b\u1ecb cao 45 cm cho h\u1ed9c t\u1ee7 b\u1ebfp cao 59 cm<\/li>\n<li>M\u1eb7t tr\u01b0\u1edbc b\u1eb1ng k\u00ednh (xem ph\u1ee5 ki\u1ec7n t\u00f9y ch\u1ecdn) ho\u1eb7c \u0111\u1ed3 n\u1ed9i th\u1ea5t hi\u1ec7n c\u00f3 c\u00f3 th\u1ec3 l\u1eafp v\u00e0o<\/li>\n<li>\u0110i\u1ec1u khi\u1ec3n b\u1eb1ng c\u1ea3m \u1ee9ng<\/li>\n<li>C\u00f4ng su\u1ea5t ch\u00e2n kh\u00f4ng l\u00ean \u0111\u1ebfn 99,9%<\/li>\n<li>3 m\u1ee9c c\u00f4ng su\u1ea5t ch\u00e2n kh\u00f4ng (t\u1ed1i thi\u1ec3u \/ trung b\u00ecnh \/ t\u1ed1i \u0111a)<\/li>\n<\/ul>\n","protected":false},"featured_media":0,"parent":0,"template":"","product_cat":[8287],"product_edition":[],"product_energy_efficiency":[],"class_list":["post-72252","product","type-product","status-publish","hentry","finishes-9754","finishes-9755","finishes-9756","finishes-9757","finishes-9758","finishes-9759","finishes-9760","finishes-9761","product_ambient-kitchen-ss-02","product_cat-ngan-keo","color-bac","product_lifestyle-k-series-8","usp-kph-individual-01","usp-kph-ovens-11"],"acf":[],"yoast_head":"<!-- This site is optimized with the Yoast SEO plugin v27.5 - https:\/\/yoast.com\/product\/yoast-seo-wordpress\/ -->\n<title>CSV6800.0 | K\u00fcppersbusch Vietnam<\/title>\n<meta name=\"robots\" content=\"index, follow, max-snippet:-1, max-image-preview:large, max-video-preview:-1\" \/>\n<link rel=\"canonical\" href=\"https:\/\/www.home-kueppersbusch.com\/vi-vn\/product\/csv6800-0_121600000\/\" \/>\n<meta property=\"og:locale\" content=\"vi_VN\" \/>\n<meta property=\"og:type\" content=\"article\" \/>\n<meta property=\"og:title\" content=\"CSV6800.0 | K\u00fcppersbusch Vietnam\" \/>\n<meta property=\"og:description\" content=\"Ph\u1ea7n b\u1ed5 sung l\u00fd t\u01b0\u1edfng \u0111\u1ec3 l\u1eafp c\u00f9ng v\u1edbi m\u1ed9t thi\u1ebft b\u1ecb cao 45 cm cho h\u1ed9c t\u1ee7 b\u1ebfp cao 59 cm M\u1eb7t tr\u01b0\u1edbc b\u1eb1ng k\u00ednh (xem ph\u1ee5 ki\u1ec7n t\u00f9y ch\u1ecdn) ho\u1eb7c \u0111\u1ed3 n\u1ed9i th\u1ea5t hi\u1ec7n c\u00f3 c\u00f3 th\u1ec3 l\u1eafp v\u00e0o \u0110i\u1ec1u khi\u1ec3n b\u1eb1ng c\u1ea3m \u1ee9ng C\u00f4ng su\u1ea5t ch\u00e2n kh\u00f4ng l\u00ean \u0111\u1ebfn 99,9% 3 m\u1ee9c [&hellip;]\" \/>\n<meta property=\"og:url\" content=\"https:\/\/www.home-kueppersbusch.com\/vi-vn\/product\/csv6800-0_121600000\/\" \/>\n<meta property=\"og:site_name\" content=\"K\u00fbppersbusch Vietnam\" \/>\n<meta name=\"twitter:card\" content=\"summary_large_image\" \/>\n<script type=\"application\/ld+json\" class=\"yoast-schema-graph\">{\"@context\":\"https:\\\/\\\/schema.org\",\"@graph\":[{\"@type\":\"WebPage\",\"@id\":\"https:\\\/\\\/www.home-kueppersbusch.com\\\/vi-vn\\\/product\\\/csv6800-0_121600000\\\/\",\"url\":\"https:\\\/\\\/www.home-kueppersbusch.com\\\/vi-vn\\\/product\\\/csv6800-0_121600000\\\/\",\"name\":\"CSV6800.0 | K\u00fcppersbusch Vietnam\",\"isPartOf\":{\"@id\":\"https:\\\/\\\/www.home-kueppersbusch.com\\\/vi-vn\\\/#website\"},\"datePublished\":\"2026-04-25T09:23:45+00:00\",\"inLanguage\":\"vi\",\"potentialAction\":[{\"@type\":\"ReadAction\",\"target\":[\"https:\\\/\\\/www.home-kueppersbusch.com\\\/vi-vn\\\/product\\\/csv6800-0_121600000\\\/\"]}]},{\"@type\":\"WebSite\",\"@id\":\"https:\\\/\\\/www.home-kueppersbusch.com\\\/vi-vn\\\/#website\",\"url\":\"https:\\\/\\\/www.home-kueppersbusch.com\\\/vi-vn\\\/\",\"name\":\"K\u00fbppersbusch Vietnam\",\"description\":\"\",\"potentialAction\":[{\"@type\":\"SearchAction\",\"target\":{\"@type\":\"EntryPoint\",\"urlTemplate\":\"https:\\\/\\\/www.home-kueppersbusch.com\\\/vi-vn\\\/?s={search_term_string}\"},\"query-input\":{\"@type\":\"PropertyValueSpecification\",\"valueRequired\":true,\"valueName\":\"search_term_string\"}}],\"inLanguage\":\"vi\"}]}<\/script>\n<!-- \/ Yoast SEO plugin. -->","yoast_head_json":{"title":"CSV6800.0 | K\u00fcppersbusch Vietnam","robots":{"index":"index","follow":"follow","max-snippet":"max-snippet:-1","max-image-preview":"max-image-preview:large","max-video-preview":"max-video-preview:-1"},"canonical":"https:\/\/www.home-kueppersbusch.com\/vi-vn\/product\/csv6800-0_121600000\/","og_locale":"vi_VN","og_type":"article","og_title":"CSV6800.0 | K\u00fcppersbusch Vietnam","og_description":"Ph\u1ea7n b\u1ed5 sung l\u00fd t\u01b0\u1edfng \u0111\u1ec3 l\u1eafp c\u00f9ng v\u1edbi m\u1ed9t thi\u1ebft b\u1ecb cao 45 cm cho h\u1ed9c t\u1ee7 b\u1ebfp cao 59 cm M\u1eb7t tr\u01b0\u1edbc b\u1eb1ng k\u00ednh (xem ph\u1ee5 ki\u1ec7n t\u00f9y ch\u1ecdn) ho\u1eb7c \u0111\u1ed3 n\u1ed9i th\u1ea5t hi\u1ec7n c\u00f3 c\u00f3 th\u1ec3 l\u1eafp v\u00e0o \u0110i\u1ec1u khi\u1ec3n b\u1eb1ng c\u1ea3m \u1ee9ng C\u00f4ng su\u1ea5t ch\u00e2n kh\u00f4ng l\u00ean \u0111\u1ebfn 99,9% 3 m\u1ee9c [&hellip;]","og_url":"https:\/\/www.home-kueppersbusch.com\/vi-vn\/product\/csv6800-0_121600000\/","og_site_name":"K\u00fbppersbusch Vietnam","twitter_card":"summary_large_image","schema":{"@context":"https:\/\/schema.org","@graph":[{"@type":"WebPage","@id":"https:\/\/www.home-kueppersbusch.com\/vi-vn\/product\/csv6800-0_121600000\/","url":"https:\/\/www.home-kueppersbusch.com\/vi-vn\/product\/csv6800-0_121600000\/","name":"CSV6800.0 | K\u00fcppersbusch Vietnam","isPartOf":{"@id":"https:\/\/www.home-kueppersbusch.com\/vi-vn\/#website"},"datePublished":"2026-04-25T09:23:45+00:00","inLanguage":"vi","potentialAction":[{"@type":"ReadAction","target":["https:\/\/www.home-kueppersbusch.com\/vi-vn\/product\/csv6800-0_121600000\/"]}]},{"@type":"WebSite","@id":"https:\/\/www.home-kueppersbusch.com\/vi-vn\/#website","url":"https:\/\/www.home-kueppersbusch.com\/vi-vn\/","name":"K\u00fbppersbusch Vietnam","description":"","potentialAction":[{"@type":"SearchAction","target":{"@type":"EntryPoint","urlTemplate":"https:\/\/www.home-kueppersbusch.com\/vi-vn\/?s={search_term_string}"},"query-input":{"@type":"PropertyValueSpecification","valueRequired":true,"valueName":"search_term_string"}}],"inLanguage":"vi"}]}},"_links":{"self":[{"href":"https:\/\/www.home-kueppersbusch.com\/vi-vn\/wp-json\/wp\/v2\/product\/72252","targetHints":{"allow":["GET"]}}],"collection":[{"href":"https:\/\/www.home-kueppersbusch.com\/vi-vn\/wp-json\/wp\/v2\/product"}],"about":[{"href":"https:\/\/www.home-kueppersbusch.com\/vi-vn\/wp-json\/wp\/v2\/types\/product"}],"wp:attachment":[{"href":"https:\/\/www.home-kueppersbusch.com\/vi-vn\/wp-json\/wp\/v2\/media?parent=72252"}],"wp:term":[{"taxonomy":"product_cat","embeddable":true,"href":"https:\/\/www.home-kueppersbusch.com\/vi-vn\/wp-json\/wp\/v2\/product_cat?post=72252"},{"taxonomy":"product_edition","embeddable":true,"href":"https:\/\/www.home-kueppersbusch.com\/vi-vn\/wp-json\/wp\/v2\/product_edition?post=72252"},{"taxonomy":"product_energy_efficiency","embeddable":true,"href":"https:\/\/www.home-kueppersbusch.com\/vi-vn\/wp-json\/wp\/v2\/product_energy_efficiency?post=72252"}],"curies":[{"name":"wp","href":"https:\/\/api.w.org\/{rel}","templated":true}]}}