{"id":72249,"date":"2026-04-25T09:23:37","date_gmt":"2026-04-25T09:23:37","guid":{"rendered":"https:\/\/teka.com\/en-int\/ki6560-0sr_122500027"},"modified":"2026-03-28T08:02:14","modified_gmt":"2026-03-28T09:02:14","slug":"ki6560-0sr_122500027","status":"publish","type":"product","link":"https:\/\/www.home-kueppersbusch.com\/vi-vn\/product\/ki6560-0sr_122500027\/","title":{"rendered":"KI6560.0SR"},"content":{"rendered":"<ul>\n<li>12 m\u1ee9c c\u00f4ng su\u1ea5t, c\u1ea3m \u1ee9ng tr\u01b0\u1ee3t hi\u1ec3n th\u1ecb m\u00e0u \u0111\u1ecf<\/li>\n<li>1 m\u1ee9c n\u1ea5u \u0111\u1eb7c bi\u1ec7t: m\u1ee9c 70 \u00b0 C \u0111\u1ec3 gi\u1eef \u1ea5m<\/li>\n<li>Nh\u1eafc nh\u1edf b\u1ed9 nh\u1edb<\/li>\n<li>Ch\u1ee9c n\u0103ng k\u1ebft h\u1ee3p, v\u00f9ng n\u1ea5u ph\u00eda tr\u01b0\u1edbc v\u00e0 ph\u00eda sau c\u00f3 th\u1ec3 \u0111\u01b0\u1ee3c k\u1ebft h\u1ee3p th\u00e0nh m\u1ed9t v\u00f9ng n\u1ea5u<\/li>\n<li>N\u1ea5u m\u1ee9c t\u0103ng c\u01b0\u1eddng t\u1ef1 \u0111\u1ed9ng<\/li>\n<\/ul>\n","protected":false},"featured_media":0,"parent":0,"template":"","product_cat":[8272],"product_edition":[],"product_energy_efficiency":[],"class_list":["post-72249","product","type-product","status-publish","hentry","product_cat-bep-tu","color-black","product_lifestyle-k-series-5","usp-kph-hobs-03","usp-kph-hobs-04","usp-kph-hobs-05"],"acf":[],"yoast_head":"<!-- This site is optimized with the Yoast SEO plugin v27.5 - https:\/\/yoast.com\/product\/yoast-seo-wordpress\/ -->\n<title>B\u1ebfp t\u1eeb 4 v\u00f9ng n\u1ea5u KI6560.0SR | K\u00fcppersbusch Vietnam<\/title>\n<meta name=\"robots\" content=\"index, follow, max-snippet:-1, max-image-preview:large, max-video-preview:-1\" \/>\n<link rel=\"canonical\" href=\"https:\/\/www.home-kueppersbusch.com\/vi-vn\/product\/ki6560-0sr_122500027\/\" \/>\n<meta property=\"og:locale\" content=\"vi_VN\" \/>\n<meta property=\"og:type\" content=\"article\" \/>\n<meta property=\"og:title\" content=\"B\u1ebfp t\u1eeb 4 v\u00f9ng n\u1ea5u KI6560.0SR | K\u00fcppersbusch Vietnam\" \/>\n<meta property=\"og:description\" content=\"12 m\u1ee9c c\u00f4ng su\u1ea5t, c\u1ea3m \u1ee9ng tr\u01b0\u1ee3t hi\u1ec3n th\u1ecb m\u00e0u \u0111\u1ecf 1 m\u1ee9c n\u1ea5u \u0111\u1eb7c bi\u1ec7t: m\u1ee9c 70 \u00b0 C \u0111\u1ec3 gi\u1eef \u1ea5m Nh\u1eafc nh\u1edf b\u1ed9 nh\u1edb Ch\u1ee9c n\u0103ng k\u1ebft h\u1ee3p, v\u00f9ng n\u1ea5u ph\u00eda tr\u01b0\u1edbc v\u00e0 ph\u00eda sau c\u00f3 th\u1ec3 \u0111\u01b0\u1ee3c k\u1ebft h\u1ee3p th\u00e0nh m\u1ed9t v\u00f9ng n\u1ea5u N\u1ea5u m\u1ee9c t\u0103ng c\u01b0\u1eddng t\u1ef1 \u0111\u1ed9ng\" \/>\n<meta property=\"og:url\" content=\"https:\/\/www.home-kueppersbusch.com\/vi-vn\/product\/ki6560-0sr_122500027\/\" \/>\n<meta property=\"og:site_name\" content=\"K\u00fbppersbusch Vietnam\" \/>\n<meta name=\"twitter:card\" content=\"summary_large_image\" \/>\n<script type=\"application\/ld+json\" class=\"yoast-schema-graph\">{\"@context\":\"https:\\\/\\\/schema.org\",\"@graph\":[{\"@type\":\"WebPage\",\"@id\":\"https:\\\/\\\/www.home-kueppersbusch.com\\\/vi-vn\\\/product\\\/ki6560-0sr_122500027\\\/\",\"url\":\"https:\\\/\\\/www.home-kueppersbusch.com\\\/vi-vn\\\/product\\\/ki6560-0sr_122500027\\\/\",\"name\":\"B\u1ebfp t\u1eeb 4 v\u00f9ng n\u1ea5u KI6560.0SR | K\u00fcppersbusch Vietnam\",\"isPartOf\":{\"@id\":\"https:\\\/\\\/www.home-kueppersbusch.com\\\/vi-vn\\\/#website\"},\"datePublished\":\"2026-04-25T09:23:37+00:00\",\"inLanguage\":\"vi\",\"potentialAction\":[{\"@type\":\"ReadAction\",\"target\":[\"https:\\\/\\\/www.home-kueppersbusch.com\\\/vi-vn\\\/product\\\/ki6560-0sr_122500027\\\/\"]}]},{\"@type\":\"WebSite\",\"@id\":\"https:\\\/\\\/www.home-kueppersbusch.com\\\/vi-vn\\\/#website\",\"url\":\"https:\\\/\\\/www.home-kueppersbusch.com\\\/vi-vn\\\/\",\"name\":\"K\u00fbppersbusch Vietnam\",\"description\":\"\",\"potentialAction\":[{\"@type\":\"SearchAction\",\"target\":{\"@type\":\"EntryPoint\",\"urlTemplate\":\"https:\\\/\\\/www.home-kueppersbusch.com\\\/vi-vn\\\/?s={search_term_string}\"},\"query-input\":{\"@type\":\"PropertyValueSpecification\",\"valueRequired\":true,\"valueName\":\"search_term_string\"}}],\"inLanguage\":\"vi\"}]}<\/script>\n<!-- \/ Yoast SEO plugin. -->","yoast_head_json":{"title":"B\u1ebfp t\u1eeb 4 v\u00f9ng n\u1ea5u KI6560.0SR | K\u00fcppersbusch Vietnam","robots":{"index":"index","follow":"follow","max-snippet":"max-snippet:-1","max-image-preview":"max-image-preview:large","max-video-preview":"max-video-preview:-1"},"canonical":"https:\/\/www.home-kueppersbusch.com\/vi-vn\/product\/ki6560-0sr_122500027\/","og_locale":"vi_VN","og_type":"article","og_title":"B\u1ebfp t\u1eeb 4 v\u00f9ng n\u1ea5u KI6560.0SR | K\u00fcppersbusch Vietnam","og_description":"12 m\u1ee9c c\u00f4ng su\u1ea5t, c\u1ea3m \u1ee9ng tr\u01b0\u1ee3t hi\u1ec3n th\u1ecb m\u00e0u \u0111\u1ecf 1 m\u1ee9c n\u1ea5u \u0111\u1eb7c bi\u1ec7t: m\u1ee9c 70 \u00b0 C \u0111\u1ec3 gi\u1eef \u1ea5m Nh\u1eafc nh\u1edf b\u1ed9 nh\u1edb Ch\u1ee9c n\u0103ng k\u1ebft h\u1ee3p, v\u00f9ng n\u1ea5u ph\u00eda tr\u01b0\u1edbc v\u00e0 ph\u00eda sau c\u00f3 th\u1ec3 \u0111\u01b0\u1ee3c k\u1ebft h\u1ee3p th\u00e0nh m\u1ed9t v\u00f9ng n\u1ea5u N\u1ea5u m\u1ee9c t\u0103ng c\u01b0\u1eddng t\u1ef1 \u0111\u1ed9ng","og_url":"https:\/\/www.home-kueppersbusch.com\/vi-vn\/product\/ki6560-0sr_122500027\/","og_site_name":"K\u00fbppersbusch Vietnam","twitter_card":"summary_large_image","schema":{"@context":"https:\/\/schema.org","@graph":[{"@type":"WebPage","@id":"https:\/\/www.home-kueppersbusch.com\/vi-vn\/product\/ki6560-0sr_122500027\/","url":"https:\/\/www.home-kueppersbusch.com\/vi-vn\/product\/ki6560-0sr_122500027\/","name":"B\u1ebfp t\u1eeb 4 v\u00f9ng n\u1ea5u KI6560.0SR | K\u00fcppersbusch Vietnam","isPartOf":{"@id":"https:\/\/www.home-kueppersbusch.com\/vi-vn\/#website"},"datePublished":"2026-04-25T09:23:37+00:00","inLanguage":"vi","potentialAction":[{"@type":"ReadAction","target":["https:\/\/www.home-kueppersbusch.com\/vi-vn\/product\/ki6560-0sr_122500027\/"]}]},{"@type":"WebSite","@id":"https:\/\/www.home-kueppersbusch.com\/vi-vn\/#website","url":"https:\/\/www.home-kueppersbusch.com\/vi-vn\/","name":"K\u00fbppersbusch Vietnam","description":"","potentialAction":[{"@type":"SearchAction","target":{"@type":"EntryPoint","urlTemplate":"https:\/\/www.home-kueppersbusch.com\/vi-vn\/?s={search_term_string}"},"query-input":{"@type":"PropertyValueSpecification","valueRequired":true,"valueName":"search_term_string"}}],"inLanguage":"vi"}]}},"_links":{"self":[{"href":"https:\/\/www.home-kueppersbusch.com\/vi-vn\/wp-json\/wp\/v2\/product\/72249","targetHints":{"allow":["GET"]}}],"collection":[{"href":"https:\/\/www.home-kueppersbusch.com\/vi-vn\/wp-json\/wp\/v2\/product"}],"about":[{"href":"https:\/\/www.home-kueppersbusch.com\/vi-vn\/wp-json\/wp\/v2\/types\/product"}],"wp:attachment":[{"href":"https:\/\/www.home-kueppersbusch.com\/vi-vn\/wp-json\/wp\/v2\/media?parent=72249"}],"wp:term":[{"taxonomy":"product_cat","embeddable":true,"href":"https:\/\/www.home-kueppersbusch.com\/vi-vn\/wp-json\/wp\/v2\/product_cat?post=72249"},{"taxonomy":"product_edition","embeddable":true,"href":"https:\/\/www.home-kueppersbusch.com\/vi-vn\/wp-json\/wp\/v2\/product_edition?post=72249"},{"taxonomy":"product_energy_efficiency","embeddable":true,"href":"https:\/\/www.home-kueppersbusch.com\/vi-vn\/wp-json\/wp\/v2\/product_energy_efficiency?post=72249"}],"curies":[{"name":"wp","href":"https:\/\/api.w.org\/{rel}","templated":true}]}}