{"id":72248,"date":"2026-04-25T09:23:34","date_gmt":"2026-04-25T09:23:34","guid":{"rendered":"https:\/\/teka.com\/en-th\/fkg8500-1i_123570003"},"modified":"2026-03-28T08:02:08","modified_gmt":"2026-03-28T09:02:08","slug":"fkg8500-1i_123570003","status":"publish","type":"product","link":"https:\/\/www.home-kueppersbusch.com\/vi-vn\/product\/fkg8500-1i_123570003\/","title":{"rendered":"FKG8500.1i"},"content":{"rendered":"<ul>\n<li>\u0110i\u1ec1u khi\u1ec3n nhi\u1ec7t \u0111\u1ed9 b\u1eb1ng c\u1ea3m \u1ee9ng<\/li>\n<li>Hi\u1ec3n th\u1ecb nhi\u1ec7t \u0111\u1ed9 \u0111i\u1ec7n t\u1eed<\/li>\n<li>Ch\u1ee9c n\u0103ng x\u1ea3 tuy\u1ebft<\/li>\n<li>L\u00e0m m\u00e1t nhanh<\/li>\n<li>L\u00e0m l\u1ea1nh nhanh<\/li>\n<\/ul>\n","protected":false},"featured_media":0,"parent":0,"template":"","product_cat":[9508],"product_edition":[],"product_energy_efficiency":[],"class_list":["post-72248","product","type-product","status-publish","hentry","product_cat-fridge-freezers","product_installation-doc-lap","product_lifestyle-k-series-5","usp-kph-coldline-01","usp-kph-coldline-06"],"acf":[],"yoast_head":"<!-- This site is optimized with the Yoast SEO plugin v27.5 - https:\/\/yoast.com\/product\/yoast-seo-wordpress\/ -->\n<title>T\u1ee7 l\u1ea1nh 2 c\u1eeda FKG8500.1i | K\u00fcppersbusch Vietnam<\/title>\n<meta name=\"robots\" content=\"index, follow, max-snippet:-1, max-image-preview:large, max-video-preview:-1\" \/>\n<link rel=\"canonical\" href=\"https:\/\/www.home-kueppersbusch.com\/vi-vn\/product\/fkg8500-1i_123570003\/\" \/>\n<meta property=\"og:locale\" content=\"vi_VN\" \/>\n<meta property=\"og:type\" content=\"article\" \/>\n<meta property=\"og:title\" content=\"T\u1ee7 l\u1ea1nh 2 c\u1eeda FKG8500.1i | K\u00fcppersbusch Vietnam\" \/>\n<meta property=\"og:description\" content=\"\u0110i\u1ec1u khi\u1ec3n nhi\u1ec7t \u0111\u1ed9 b\u1eb1ng c\u1ea3m \u1ee9ng Hi\u1ec3n th\u1ecb nhi\u1ec7t \u0111\u1ed9 \u0111i\u1ec7n t\u1eed Ch\u1ee9c n\u0103ng x\u1ea3 tuy\u1ebft L\u00e0m m\u00e1t nhanh L\u00e0m l\u1ea1nh nhanh\" \/>\n<meta property=\"og:url\" content=\"https:\/\/www.home-kueppersbusch.com\/vi-vn\/product\/fkg8500-1i_123570003\/\" \/>\n<meta property=\"og:site_name\" content=\"K\u00fbppersbusch Vietnam\" \/>\n<meta name=\"twitter:card\" content=\"summary_large_image\" \/>\n<script type=\"application\/ld+json\" class=\"yoast-schema-graph\">{\"@context\":\"https:\\\/\\\/schema.org\",\"@graph\":[{\"@type\":\"WebPage\",\"@id\":\"https:\\\/\\\/www.home-kueppersbusch.com\\\/vi-vn\\\/product\\\/fkg8500-1i_123570003\\\/\",\"url\":\"https:\\\/\\\/www.home-kueppersbusch.com\\\/vi-vn\\\/product\\\/fkg8500-1i_123570003\\\/\",\"name\":\"T\u1ee7 l\u1ea1nh 2 c\u1eeda FKG8500.1i | K\u00fcppersbusch Vietnam\",\"isPartOf\":{\"@id\":\"https:\\\/\\\/www.home-kueppersbusch.com\\\/vi-vn\\\/#website\"},\"datePublished\":\"2026-04-25T09:23:34+00:00\",\"inLanguage\":\"vi\",\"potentialAction\":[{\"@type\":\"ReadAction\",\"target\":[\"https:\\\/\\\/www.home-kueppersbusch.com\\\/vi-vn\\\/product\\\/fkg8500-1i_123570003\\\/\"]}]},{\"@type\":\"WebSite\",\"@id\":\"https:\\\/\\\/www.home-kueppersbusch.com\\\/vi-vn\\\/#website\",\"url\":\"https:\\\/\\\/www.home-kueppersbusch.com\\\/vi-vn\\\/\",\"name\":\"K\u00fbppersbusch Vietnam\",\"description\":\"\",\"potentialAction\":[{\"@type\":\"SearchAction\",\"target\":{\"@type\":\"EntryPoint\",\"urlTemplate\":\"https:\\\/\\\/www.home-kueppersbusch.com\\\/vi-vn\\\/?s={search_term_string}\"},\"query-input\":{\"@type\":\"PropertyValueSpecification\",\"valueRequired\":true,\"valueName\":\"search_term_string\"}}],\"inLanguage\":\"vi\"}]}<\/script>\n<!-- \/ Yoast SEO plugin. -->","yoast_head_json":{"title":"T\u1ee7 l\u1ea1nh 2 c\u1eeda FKG8500.1i | K\u00fcppersbusch Vietnam","robots":{"index":"index","follow":"follow","max-snippet":"max-snippet:-1","max-image-preview":"max-image-preview:large","max-video-preview":"max-video-preview:-1"},"canonical":"https:\/\/www.home-kueppersbusch.com\/vi-vn\/product\/fkg8500-1i_123570003\/","og_locale":"vi_VN","og_type":"article","og_title":"T\u1ee7 l\u1ea1nh 2 c\u1eeda FKG8500.1i | K\u00fcppersbusch Vietnam","og_description":"\u0110i\u1ec1u khi\u1ec3n nhi\u1ec7t \u0111\u1ed9 b\u1eb1ng c\u1ea3m \u1ee9ng Hi\u1ec3n th\u1ecb nhi\u1ec7t \u0111\u1ed9 \u0111i\u1ec7n t\u1eed Ch\u1ee9c n\u0103ng x\u1ea3 tuy\u1ebft L\u00e0m m\u00e1t nhanh L\u00e0m l\u1ea1nh nhanh","og_url":"https:\/\/www.home-kueppersbusch.com\/vi-vn\/product\/fkg8500-1i_123570003\/","og_site_name":"K\u00fbppersbusch Vietnam","twitter_card":"summary_large_image","schema":{"@context":"https:\/\/schema.org","@graph":[{"@type":"WebPage","@id":"https:\/\/www.home-kueppersbusch.com\/vi-vn\/product\/fkg8500-1i_123570003\/","url":"https:\/\/www.home-kueppersbusch.com\/vi-vn\/product\/fkg8500-1i_123570003\/","name":"T\u1ee7 l\u1ea1nh 2 c\u1eeda FKG8500.1i | K\u00fcppersbusch Vietnam","isPartOf":{"@id":"https:\/\/www.home-kueppersbusch.com\/vi-vn\/#website"},"datePublished":"2026-04-25T09:23:34+00:00","inLanguage":"vi","potentialAction":[{"@type":"ReadAction","target":["https:\/\/www.home-kueppersbusch.com\/vi-vn\/product\/fkg8500-1i_123570003\/"]}]},{"@type":"WebSite","@id":"https:\/\/www.home-kueppersbusch.com\/vi-vn\/#website","url":"https:\/\/www.home-kueppersbusch.com\/vi-vn\/","name":"K\u00fbppersbusch Vietnam","description":"","potentialAction":[{"@type":"SearchAction","target":{"@type":"EntryPoint","urlTemplate":"https:\/\/www.home-kueppersbusch.com\/vi-vn\/?s={search_term_string}"},"query-input":{"@type":"PropertyValueSpecification","valueRequired":true,"valueName":"search_term_string"}}],"inLanguage":"vi"}]}},"_links":{"self":[{"href":"https:\/\/www.home-kueppersbusch.com\/vi-vn\/wp-json\/wp\/v2\/product\/72248","targetHints":{"allow":["GET"]}}],"collection":[{"href":"https:\/\/www.home-kueppersbusch.com\/vi-vn\/wp-json\/wp\/v2\/product"}],"about":[{"href":"https:\/\/www.home-kueppersbusch.com\/vi-vn\/wp-json\/wp\/v2\/types\/product"}],"wp:attachment":[{"href":"https:\/\/www.home-kueppersbusch.com\/vi-vn\/wp-json\/wp\/v2\/media?parent=72248"}],"wp:term":[{"taxonomy":"product_cat","embeddable":true,"href":"https:\/\/www.home-kueppersbusch.com\/vi-vn\/wp-json\/wp\/v2\/product_cat?post=72248"},{"taxonomy":"product_edition","embeddable":true,"href":"https:\/\/www.home-kueppersbusch.com\/vi-vn\/wp-json\/wp\/v2\/product_edition?post=72248"},{"taxonomy":"product_energy_efficiency","embeddable":true,"href":"https:\/\/www.home-kueppersbusch.com\/vi-vn\/wp-json\/wp\/v2\/product_energy_efficiency?post=72248"}],"curies":[{"name":"wp","href":"https:\/\/api.w.org\/{rel}","templated":true}]}}