{"id":72247,"date":"2026-04-25T09:23:33","date_gmt":"2026-04-25T09:23:33","guid":{"rendered":"https:\/\/teka.com\/en-gb\/fwku1800-0s_123600005"},"modified":"2026-03-28T08:02:07","modified_gmt":"2026-03-28T09:02:07","slug":"fwku1800-0s_123600005","status":"publish","type":"product","link":"https:\/\/www.home-kueppersbusch.com\/vi-vn\/product\/fwku1800-0s_123600005\/","title":{"rendered":"FWKU1800.0S"},"content":{"rendered":"<ul>\n<li>\u0110i\u1ec1u khi\u1ec3n nhi\u1ec7t \u0111\u1ed9 b\u1eb1ng \u0111i\u1ec7n t\u1eed<\/li>\n<li>Ki\u1ec3m so\u00e1t nhi\u1ec7t \u0111\u1ed9 \u0111i\u1ec7n t\u1eed th\u00f4ng qua m\u00e0n h\u00ecnh<\/li>\n<li>5 k\u1ec7 g\u1ed7 c\u00f3 th\u1ec3 th\u00e1o r\u1eddi v\u00e0 \u0111i\u1ec1u ch\u1ec9nh<\/li>\n<li>1 k\u1ec7 g\u1ed7 nghi\u00eang 45\u00ba<\/li>\n<li>C\u1eeda k\u00ednh v\u1edbi khung k\u00ednh \u0111en ch\u1ed1ng tia c\u1ef1c t\u00edm<\/li>\n<\/ul>\n","protected":false},"featured_media":0,"parent":0,"template":"","product_cat":[8298],"product_edition":[],"product_energy_efficiency":[9228],"class_list":["post-72247","product","type-product","status-publish","hentry","finishes-9775","finishes-9776","finishes-9777","finishes-9778","finishes-9779","finishes-9780","finishes-9781","product_cat-tu-ruou","color-black","product_installation-lap-am","product_lifestyle-k-series-8","usp-kph-coldline-02","usp-kph-individual-01","product_energy_efficiency-g-ue-icon-new"],"acf":[],"yoast_head":"<!-- This site is optimized with the Yoast SEO plugin v27.5 - https:\/\/yoast.com\/product\/yoast-seo-wordpress\/ -->\n<title>T\u1ee7 r\u01b0\u1ee3u l\u1eafp \u00e2m FWKU1800.0S | K\u00fcppersbusch Vietnam<\/title>\n<meta name=\"robots\" content=\"index, follow, max-snippet:-1, max-image-preview:large, max-video-preview:-1\" \/>\n<link rel=\"canonical\" href=\"https:\/\/www.home-kueppersbusch.com\/vi-vn\/product\/fwku1800-0s_123600005\/\" \/>\n<meta property=\"og:locale\" content=\"vi_VN\" \/>\n<meta property=\"og:type\" content=\"article\" \/>\n<meta property=\"og:title\" content=\"T\u1ee7 r\u01b0\u1ee3u l\u1eafp \u00e2m FWKU1800.0S | K\u00fcppersbusch Vietnam\" \/>\n<meta property=\"og:description\" content=\"\u0110i\u1ec1u khi\u1ec3n nhi\u1ec7t \u0111\u1ed9 b\u1eb1ng \u0111i\u1ec7n t\u1eed Ki\u1ec3m so\u00e1t nhi\u1ec7t \u0111\u1ed9 \u0111i\u1ec7n t\u1eed th\u00f4ng qua m\u00e0n h\u00ecnh 5 k\u1ec7 g\u1ed7 c\u00f3 th\u1ec3 th\u00e1o r\u1eddi v\u00e0 \u0111i\u1ec1u ch\u1ec9nh 1 k\u1ec7 g\u1ed7 nghi\u00eang 45\u00ba C\u1eeda k\u00ednh v\u1edbi khung k\u00ednh \u0111en ch\u1ed1ng tia c\u1ef1c t\u00edm\" \/>\n<meta property=\"og:url\" content=\"https:\/\/www.home-kueppersbusch.com\/vi-vn\/product\/fwku1800-0s_123600005\/\" \/>\n<meta property=\"og:site_name\" content=\"K\u00fbppersbusch Vietnam\" \/>\n<meta name=\"twitter:card\" content=\"summary_large_image\" \/>\n<script type=\"application\/ld+json\" class=\"yoast-schema-graph\">{\"@context\":\"https:\\\/\\\/schema.org\",\"@graph\":[{\"@type\":\"WebPage\",\"@id\":\"https:\\\/\\\/www.home-kueppersbusch.com\\\/vi-vn\\\/product\\\/fwku1800-0s_123600005\\\/\",\"url\":\"https:\\\/\\\/www.home-kueppersbusch.com\\\/vi-vn\\\/product\\\/fwku1800-0s_123600005\\\/\",\"name\":\"T\u1ee7 r\u01b0\u1ee3u l\u1eafp \u00e2m FWKU1800.0S | K\u00fcppersbusch Vietnam\",\"isPartOf\":{\"@id\":\"https:\\\/\\\/www.home-kueppersbusch.com\\\/vi-vn\\\/#website\"},\"datePublished\":\"2026-04-25T09:23:33+00:00\",\"inLanguage\":\"vi\",\"potentialAction\":[{\"@type\":\"ReadAction\",\"target\":[\"https:\\\/\\\/www.home-kueppersbusch.com\\\/vi-vn\\\/product\\\/fwku1800-0s_123600005\\\/\"]}]},{\"@type\":\"WebSite\",\"@id\":\"https:\\\/\\\/www.home-kueppersbusch.com\\\/vi-vn\\\/#website\",\"url\":\"https:\\\/\\\/www.home-kueppersbusch.com\\\/vi-vn\\\/\",\"name\":\"K\u00fbppersbusch Vietnam\",\"description\":\"\",\"potentialAction\":[{\"@type\":\"SearchAction\",\"target\":{\"@type\":\"EntryPoint\",\"urlTemplate\":\"https:\\\/\\\/www.home-kueppersbusch.com\\\/vi-vn\\\/?s={search_term_string}\"},\"query-input\":{\"@type\":\"PropertyValueSpecification\",\"valueRequired\":true,\"valueName\":\"search_term_string\"}}],\"inLanguage\":\"vi\"}]}<\/script>\n<!-- \/ Yoast SEO plugin. -->","yoast_head_json":{"title":"T\u1ee7 r\u01b0\u1ee3u l\u1eafp \u00e2m FWKU1800.0S | K\u00fcppersbusch Vietnam","robots":{"index":"index","follow":"follow","max-snippet":"max-snippet:-1","max-image-preview":"max-image-preview:large","max-video-preview":"max-video-preview:-1"},"canonical":"https:\/\/www.home-kueppersbusch.com\/vi-vn\/product\/fwku1800-0s_123600005\/","og_locale":"vi_VN","og_type":"article","og_title":"T\u1ee7 r\u01b0\u1ee3u l\u1eafp \u00e2m FWKU1800.0S | K\u00fcppersbusch Vietnam","og_description":"\u0110i\u1ec1u khi\u1ec3n nhi\u1ec7t \u0111\u1ed9 b\u1eb1ng \u0111i\u1ec7n t\u1eed Ki\u1ec3m so\u00e1t nhi\u1ec7t \u0111\u1ed9 \u0111i\u1ec7n t\u1eed th\u00f4ng qua m\u00e0n h\u00ecnh 5 k\u1ec7 g\u1ed7 c\u00f3 th\u1ec3 th\u00e1o r\u1eddi v\u00e0 \u0111i\u1ec1u ch\u1ec9nh 1 k\u1ec7 g\u1ed7 nghi\u00eang 45\u00ba C\u1eeda k\u00ednh v\u1edbi khung k\u00ednh \u0111en ch\u1ed1ng tia c\u1ef1c t\u00edm","og_url":"https:\/\/www.home-kueppersbusch.com\/vi-vn\/product\/fwku1800-0s_123600005\/","og_site_name":"K\u00fbppersbusch Vietnam","twitter_card":"summary_large_image","schema":{"@context":"https:\/\/schema.org","@graph":[{"@type":"WebPage","@id":"https:\/\/www.home-kueppersbusch.com\/vi-vn\/product\/fwku1800-0s_123600005\/","url":"https:\/\/www.home-kueppersbusch.com\/vi-vn\/product\/fwku1800-0s_123600005\/","name":"T\u1ee7 r\u01b0\u1ee3u l\u1eafp \u00e2m FWKU1800.0S | K\u00fcppersbusch Vietnam","isPartOf":{"@id":"https:\/\/www.home-kueppersbusch.com\/vi-vn\/#website"},"datePublished":"2026-04-25T09:23:33+00:00","inLanguage":"vi","potentialAction":[{"@type":"ReadAction","target":["https:\/\/www.home-kueppersbusch.com\/vi-vn\/product\/fwku1800-0s_123600005\/"]}]},{"@type":"WebSite","@id":"https:\/\/www.home-kueppersbusch.com\/vi-vn\/#website","url":"https:\/\/www.home-kueppersbusch.com\/vi-vn\/","name":"K\u00fbppersbusch Vietnam","description":"","potentialAction":[{"@type":"SearchAction","target":{"@type":"EntryPoint","urlTemplate":"https:\/\/www.home-kueppersbusch.com\/vi-vn\/?s={search_term_string}"},"query-input":{"@type":"PropertyValueSpecification","valueRequired":true,"valueName":"search_term_string"}}],"inLanguage":"vi"}]}},"_links":{"self":[{"href":"https:\/\/www.home-kueppersbusch.com\/vi-vn\/wp-json\/wp\/v2\/product\/72247","targetHints":{"allow":["GET"]}}],"collection":[{"href":"https:\/\/www.home-kueppersbusch.com\/vi-vn\/wp-json\/wp\/v2\/product"}],"about":[{"href":"https:\/\/www.home-kueppersbusch.com\/vi-vn\/wp-json\/wp\/v2\/types\/product"}],"wp:attachment":[{"href":"https:\/\/www.home-kueppersbusch.com\/vi-vn\/wp-json\/wp\/v2\/media?parent=72247"}],"wp:term":[{"taxonomy":"product_cat","embeddable":true,"href":"https:\/\/www.home-kueppersbusch.com\/vi-vn\/wp-json\/wp\/v2\/product_cat?post=72247"},{"taxonomy":"product_edition","embeddable":true,"href":"https:\/\/www.home-kueppersbusch.com\/vi-vn\/wp-json\/wp\/v2\/product_edition?post=72247"},{"taxonomy":"product_energy_efficiency","embeddable":true,"href":"https:\/\/www.home-kueppersbusch.com\/vi-vn\/wp-json\/wp\/v2\/product_energy_efficiency?post=72247"}],"curies":[{"name":"wp","href":"https:\/\/api.w.org\/{rel}","templated":true}]}}