{"id":72242,"date":"2026-04-25T09:23:27","date_gmt":"2026-04-25T09:23:27","guid":{"rendered":"https:\/\/teka.com\/en-gb\/kd9570-2j_122940000"},"modified":"2026-03-28T08:01:52","modified_gmt":"2026-03-28T09:01:52","slug":"kd9570-2j_122940000","status":"publish","type":"product","link":"https:\/\/www.home-kueppersbusch.com\/vi-vn\/product\/kd9570-2j_122940000\/","title":{"rendered":"KD9570.2J"},"content":{"rendered":"<ul>\n<li>4 m\u1ee9c c\u00f4ng su\u1ea5t, bao g\u1ed3m c\u1ea3 m\u1ee9c c\u00f4ng su\u1ea5t cao.<\/li>\n<li>C\u00f4ng su\u1ea5t h\u00fat(ra b\u00ean ngo\u00e0i) theo ti\u00eau chu\u1ea9n 2010\/30 \/ EU: c\u00f4ng su\u1ea5t b\u00ecnh th\u01b0\u1eddng 599 m3 \/ h, c\u00e0i \u0111\u1eb7t c\u00f4ng su\u1ea5t t\u0103ng c\u01b0\u1eddng 786 m3 \/ h.<\/li>\n<li>\u0110i\u1ec1u khi\u1ec3n b\u1eb1ng c\u1ea3m \u1ee9ng<\/li>\n<li>Hi\u1ec3n th\u1ecb c\u1ea3nh b\u00e1o thay than l\u1ecdc<\/li>\n<\/ul>\n","protected":false},"featured_media":0,"parent":0,"template":"","product_cat":[8291],"product_edition":[],"product_energy_efficiency":[9229],"class_list":["post-72242","product","type-product","status-publish","hentry","finishes-9782","finishes-9783","finishes-9784","finishes-9785","finishes-9786","product_cat-doc-trang-tri","color-black","product_lifestyle-k-series-5","usp-kph-hoods-01","usp-kph-hoods-03","product_energy_efficiency-a-icon"],"acf":[],"yoast_head":"<!-- This site is optimized with the Yoast SEO plugin v27.5 - https:\/\/yoast.com\/product\/yoast-seo-wordpress\/ -->\n<title>H\u00fat m\u00f9i d\u1ea1ng nghi\u00eang KD9570.2J | K\u00fcppersbusch Vietnam<\/title>\n<meta name=\"robots\" content=\"index, follow, max-snippet:-1, max-image-preview:large, max-video-preview:-1\" \/>\n<link rel=\"canonical\" href=\"https:\/\/www.home-kueppersbusch.com\/vi-vn\/product\/kd9570-2j_122940000\/\" \/>\n<meta property=\"og:locale\" content=\"vi_VN\" \/>\n<meta property=\"og:type\" content=\"article\" \/>\n<meta property=\"og:title\" content=\"H\u00fat m\u00f9i d\u1ea1ng nghi\u00eang KD9570.2J | K\u00fcppersbusch Vietnam\" \/>\n<meta property=\"og:description\" content=\"4 m\u1ee9c c\u00f4ng su\u1ea5t, bao g\u1ed3m c\u1ea3 m\u1ee9c c\u00f4ng su\u1ea5t cao. C\u00f4ng su\u1ea5t h\u00fat(ra b\u00ean ngo\u00e0i) theo ti\u00eau chu\u1ea9n 2010\/30 \/ EU: c\u00f4ng su\u1ea5t b\u00ecnh th\u01b0\u1eddng 599 m3 \/ h, c\u00e0i \u0111\u1eb7t c\u00f4ng su\u1ea5t t\u0103ng c\u01b0\u1eddng 786 m3 \/ h. \u0110i\u1ec1u khi\u1ec3n b\u1eb1ng c\u1ea3m \u1ee9ng Hi\u1ec3n th\u1ecb c\u1ea3nh b\u00e1o thay than l\u1ecdc\" \/>\n<meta property=\"og:url\" content=\"https:\/\/www.home-kueppersbusch.com\/vi-vn\/product\/kd9570-2j_122940000\/\" \/>\n<meta property=\"og:site_name\" content=\"K\u00fbppersbusch Vietnam\" \/>\n<meta name=\"twitter:card\" content=\"summary_large_image\" \/>\n<script type=\"application\/ld+json\" class=\"yoast-schema-graph\">{\"@context\":\"https:\\\/\\\/schema.org\",\"@graph\":[{\"@type\":\"WebPage\",\"@id\":\"https:\\\/\\\/www.home-kueppersbusch.com\\\/vi-vn\\\/product\\\/kd9570-2j_122940000\\\/\",\"url\":\"https:\\\/\\\/www.home-kueppersbusch.com\\\/vi-vn\\\/product\\\/kd9570-2j_122940000\\\/\",\"name\":\"H\u00fat m\u00f9i d\u1ea1ng nghi\u00eang KD9570.2J | K\u00fcppersbusch Vietnam\",\"isPartOf\":{\"@id\":\"https:\\\/\\\/www.home-kueppersbusch.com\\\/vi-vn\\\/#website\"},\"datePublished\":\"2026-04-25T09:23:27+00:00\",\"inLanguage\":\"vi\",\"potentialAction\":[{\"@type\":\"ReadAction\",\"target\":[\"https:\\\/\\\/www.home-kueppersbusch.com\\\/vi-vn\\\/product\\\/kd9570-2j_122940000\\\/\"]}]},{\"@type\":\"WebSite\",\"@id\":\"https:\\\/\\\/www.home-kueppersbusch.com\\\/vi-vn\\\/#website\",\"url\":\"https:\\\/\\\/www.home-kueppersbusch.com\\\/vi-vn\\\/\",\"name\":\"K\u00fbppersbusch Vietnam\",\"description\":\"\",\"potentialAction\":[{\"@type\":\"SearchAction\",\"target\":{\"@type\":\"EntryPoint\",\"urlTemplate\":\"https:\\\/\\\/www.home-kueppersbusch.com\\\/vi-vn\\\/?s={search_term_string}\"},\"query-input\":{\"@type\":\"PropertyValueSpecification\",\"valueRequired\":true,\"valueName\":\"search_term_string\"}}],\"inLanguage\":\"vi\"}]}<\/script>\n<!-- \/ Yoast SEO plugin. -->","yoast_head_json":{"title":"H\u00fat m\u00f9i d\u1ea1ng nghi\u00eang KD9570.2J | K\u00fcppersbusch Vietnam","robots":{"index":"index","follow":"follow","max-snippet":"max-snippet:-1","max-image-preview":"max-image-preview:large","max-video-preview":"max-video-preview:-1"},"canonical":"https:\/\/www.home-kueppersbusch.com\/vi-vn\/product\/kd9570-2j_122940000\/","og_locale":"vi_VN","og_type":"article","og_title":"H\u00fat m\u00f9i d\u1ea1ng nghi\u00eang KD9570.2J | K\u00fcppersbusch Vietnam","og_description":"4 m\u1ee9c c\u00f4ng su\u1ea5t, bao g\u1ed3m c\u1ea3 m\u1ee9c c\u00f4ng su\u1ea5t cao. C\u00f4ng su\u1ea5t h\u00fat(ra b\u00ean ngo\u00e0i) theo ti\u00eau chu\u1ea9n 2010\/30 \/ EU: c\u00f4ng su\u1ea5t b\u00ecnh th\u01b0\u1eddng 599 m3 \/ h, c\u00e0i \u0111\u1eb7t c\u00f4ng su\u1ea5t t\u0103ng c\u01b0\u1eddng 786 m3 \/ h. \u0110i\u1ec1u khi\u1ec3n b\u1eb1ng c\u1ea3m \u1ee9ng Hi\u1ec3n th\u1ecb c\u1ea3nh b\u00e1o thay than l\u1ecdc","og_url":"https:\/\/www.home-kueppersbusch.com\/vi-vn\/product\/kd9570-2j_122940000\/","og_site_name":"K\u00fbppersbusch Vietnam","twitter_card":"summary_large_image","schema":{"@context":"https:\/\/schema.org","@graph":[{"@type":"WebPage","@id":"https:\/\/www.home-kueppersbusch.com\/vi-vn\/product\/kd9570-2j_122940000\/","url":"https:\/\/www.home-kueppersbusch.com\/vi-vn\/product\/kd9570-2j_122940000\/","name":"H\u00fat m\u00f9i d\u1ea1ng nghi\u00eang KD9570.2J | K\u00fcppersbusch Vietnam","isPartOf":{"@id":"https:\/\/www.home-kueppersbusch.com\/vi-vn\/#website"},"datePublished":"2026-04-25T09:23:27+00:00","inLanguage":"vi","potentialAction":[{"@type":"ReadAction","target":["https:\/\/www.home-kueppersbusch.com\/vi-vn\/product\/kd9570-2j_122940000\/"]}]},{"@type":"WebSite","@id":"https:\/\/www.home-kueppersbusch.com\/vi-vn\/#website","url":"https:\/\/www.home-kueppersbusch.com\/vi-vn\/","name":"K\u00fbppersbusch Vietnam","description":"","potentialAction":[{"@type":"SearchAction","target":{"@type":"EntryPoint","urlTemplate":"https:\/\/www.home-kueppersbusch.com\/vi-vn\/?s={search_term_string}"},"query-input":{"@type":"PropertyValueSpecification","valueRequired":true,"valueName":"search_term_string"}}],"inLanguage":"vi"}]}},"_links":{"self":[{"href":"https:\/\/www.home-kueppersbusch.com\/vi-vn\/wp-json\/wp\/v2\/product\/72242","targetHints":{"allow":["GET"]}}],"collection":[{"href":"https:\/\/www.home-kueppersbusch.com\/vi-vn\/wp-json\/wp\/v2\/product"}],"about":[{"href":"https:\/\/www.home-kueppersbusch.com\/vi-vn\/wp-json\/wp\/v2\/types\/product"}],"wp:attachment":[{"href":"https:\/\/www.home-kueppersbusch.com\/vi-vn\/wp-json\/wp\/v2\/media?parent=72242"}],"wp:term":[{"taxonomy":"product_cat","embeddable":true,"href":"https:\/\/www.home-kueppersbusch.com\/vi-vn\/wp-json\/wp\/v2\/product_cat?post=72242"},{"taxonomy":"product_edition","embeddable":true,"href":"https:\/\/www.home-kueppersbusch.com\/vi-vn\/wp-json\/wp\/v2\/product_edition?post=72242"},{"taxonomy":"product_energy_efficiency","embeddable":true,"href":"https:\/\/www.home-kueppersbusch.com\/vi-vn\/wp-json\/wp\/v2\/product_energy_efficiency?post=72242"}],"curies":[{"name":"wp","href":"https:\/\/api.w.org\/{rel}","templated":true}]}}