{"id":72241,"date":"2026-04-25T09:23:26","date_gmt":"2026-04-25T09:23:26","guid":{"rendered":"https:\/\/teka.com\/en-int\/di3800-0s_122900000"},"modified":"2026-03-28T08:01:49","modified_gmt":"2026-03-28T09:01:49","slug":"di3800-0s_122900000","status":"publish","type":"product","link":"https:\/\/www.home-kueppersbusch.com\/vi-vn\/product\/di3800-0s_122900000\/","title":{"rendered":"DI3800.0S"},"content":{"rendered":"<ul>\n<li>8 m\u1ee9c c\u00f4ng su\u1ea5t, bao g\u1ed3m \u0111i\u1ec1u ch\u1ec9nh c\u00f4ng su\u1ea5t cao t\u00edch h\u1ee3p<\/li>\n<li>C\u00f4ng su\u1ea5t h\u00fat (ra b\u00ean ngo\u00e0i) theo ti\u00eau chu\u1ea9n 2010\/30 \/ EU: c\u00f4ng su\u1ea5t b\u00ecnh th\u01b0\u1eddng 525 m\u00b3 \/ h,c\u00f4ng su\u1ea5t t\u0103ng c\u01b0\u1eddng 771 m\u00b3 \/ h<\/li>\n<li>\u0110i\u1ec1u khi\u1ec3n b\u1eb1ng \u0111i\u1ec1u khi\u1ec3n t\u1eeb xa<\/li>\n<li>\u0110i\u1ec1u khi\u1ec3n t\u1eeb xa v\u1edbi \u0111\u00e8n LED hi\u1ec3n th\u1ecb m\u1ee9c c\u00f4ng su\u1ea5t<\/li>\n<\/ul>\n","protected":false},"featured_media":0,"parent":0,"template":"","product_cat":[8290],"product_edition":[],"product_energy_efficiency":[9229],"class_list":["post-72241","product","type-product","status-publish","hentry","finishes-9741","finishes-9742","finishes-9743","finishes-9744","finishes-9745","finishes-9746","finishes-9747","finishes-9748","product_ambient-kitchen-ss-04","product_cat-dao","color-black","product_lifestyle-k-series-8","usp-kph-individual-01","product_energy_efficiency-a-icon"],"acf":[],"yoast_head":"<!-- This site is optimized with the Yoast SEO plugin v27.5 - https:\/\/yoast.com\/product\/yoast-seo-wordpress\/ -->\n<title>H\u00fat m\u00f9i \u0111\u1ea3o DI3800.0S | K\u00fcppersbusch Vietnam<\/title>\n<meta name=\"robots\" content=\"index, follow, max-snippet:-1, max-image-preview:large, max-video-preview:-1\" \/>\n<link rel=\"canonical\" href=\"https:\/\/www.home-kueppersbusch.com\/vi-vn\/product\/di3800-0s_122900000\/\" \/>\n<meta property=\"og:locale\" content=\"vi_VN\" \/>\n<meta property=\"og:type\" content=\"article\" \/>\n<meta property=\"og:title\" content=\"H\u00fat m\u00f9i \u0111\u1ea3o DI3800.0S | K\u00fcppersbusch Vietnam\" \/>\n<meta property=\"og:description\" content=\"8 m\u1ee9c c\u00f4ng su\u1ea5t, bao g\u1ed3m \u0111i\u1ec1u ch\u1ec9nh c\u00f4ng su\u1ea5t cao t\u00edch h\u1ee3p C\u00f4ng su\u1ea5t h\u00fat (ra b\u00ean ngo\u00e0i) theo ti\u00eau chu\u1ea9n 2010\/30 \/ EU: c\u00f4ng su\u1ea5t b\u00ecnh th\u01b0\u1eddng 525 m\u00b3 \/ h,c\u00f4ng su\u1ea5t t\u0103ng c\u01b0\u1eddng 771 m\u00b3 \/ h \u0110i\u1ec1u khi\u1ec3n b\u1eb1ng \u0111i\u1ec1u khi\u1ec3n t\u1eeb xa \u0110i\u1ec1u khi\u1ec3n t\u1eeb xa v\u1edbi \u0111\u00e8n LED hi\u1ec3n [&hellip;]\" \/>\n<meta property=\"og:url\" content=\"https:\/\/www.home-kueppersbusch.com\/vi-vn\/product\/di3800-0s_122900000\/\" \/>\n<meta property=\"og:site_name\" content=\"K\u00fbppersbusch Vietnam\" \/>\n<meta name=\"twitter:card\" content=\"summary_large_image\" \/>\n<script type=\"application\/ld+json\" class=\"yoast-schema-graph\">{\"@context\":\"https:\\\/\\\/schema.org\",\"@graph\":[{\"@type\":\"WebPage\",\"@id\":\"https:\\\/\\\/www.home-kueppersbusch.com\\\/vi-vn\\\/product\\\/di3800-0s_122900000\\\/\",\"url\":\"https:\\\/\\\/www.home-kueppersbusch.com\\\/vi-vn\\\/product\\\/di3800-0s_122900000\\\/\",\"name\":\"H\u00fat m\u00f9i \u0111\u1ea3o DI3800.0S | K\u00fcppersbusch Vietnam\",\"isPartOf\":{\"@id\":\"https:\\\/\\\/www.home-kueppersbusch.com\\\/vi-vn\\\/#website\"},\"datePublished\":\"2026-04-25T09:23:26+00:00\",\"inLanguage\":\"vi\",\"potentialAction\":[{\"@type\":\"ReadAction\",\"target\":[\"https:\\\/\\\/www.home-kueppersbusch.com\\\/vi-vn\\\/product\\\/di3800-0s_122900000\\\/\"]}]},{\"@type\":\"WebSite\",\"@id\":\"https:\\\/\\\/www.home-kueppersbusch.com\\\/vi-vn\\\/#website\",\"url\":\"https:\\\/\\\/www.home-kueppersbusch.com\\\/vi-vn\\\/\",\"name\":\"K\u00fbppersbusch Vietnam\",\"description\":\"\",\"potentialAction\":[{\"@type\":\"SearchAction\",\"target\":{\"@type\":\"EntryPoint\",\"urlTemplate\":\"https:\\\/\\\/www.home-kueppersbusch.com\\\/vi-vn\\\/?s={search_term_string}\"},\"query-input\":{\"@type\":\"PropertyValueSpecification\",\"valueRequired\":true,\"valueName\":\"search_term_string\"}}],\"inLanguage\":\"vi\"}]}<\/script>\n<!-- \/ Yoast SEO plugin. -->","yoast_head_json":{"title":"H\u00fat m\u00f9i \u0111\u1ea3o DI3800.0S | K\u00fcppersbusch Vietnam","robots":{"index":"index","follow":"follow","max-snippet":"max-snippet:-1","max-image-preview":"max-image-preview:large","max-video-preview":"max-video-preview:-1"},"canonical":"https:\/\/www.home-kueppersbusch.com\/vi-vn\/product\/di3800-0s_122900000\/","og_locale":"vi_VN","og_type":"article","og_title":"H\u00fat m\u00f9i \u0111\u1ea3o DI3800.0S | K\u00fcppersbusch Vietnam","og_description":"8 m\u1ee9c c\u00f4ng su\u1ea5t, bao g\u1ed3m \u0111i\u1ec1u ch\u1ec9nh c\u00f4ng su\u1ea5t cao t\u00edch h\u1ee3p C\u00f4ng su\u1ea5t h\u00fat (ra b\u00ean ngo\u00e0i) theo ti\u00eau chu\u1ea9n 2010\/30 \/ EU: c\u00f4ng su\u1ea5t b\u00ecnh th\u01b0\u1eddng 525 m\u00b3 \/ h,c\u00f4ng su\u1ea5t t\u0103ng c\u01b0\u1eddng 771 m\u00b3 \/ h \u0110i\u1ec1u khi\u1ec3n b\u1eb1ng \u0111i\u1ec1u khi\u1ec3n t\u1eeb xa \u0110i\u1ec1u khi\u1ec3n t\u1eeb xa v\u1edbi \u0111\u00e8n LED hi\u1ec3n [&hellip;]","og_url":"https:\/\/www.home-kueppersbusch.com\/vi-vn\/product\/di3800-0s_122900000\/","og_site_name":"K\u00fbppersbusch Vietnam","twitter_card":"summary_large_image","schema":{"@context":"https:\/\/schema.org","@graph":[{"@type":"WebPage","@id":"https:\/\/www.home-kueppersbusch.com\/vi-vn\/product\/di3800-0s_122900000\/","url":"https:\/\/www.home-kueppersbusch.com\/vi-vn\/product\/di3800-0s_122900000\/","name":"H\u00fat m\u00f9i \u0111\u1ea3o DI3800.0S | K\u00fcppersbusch Vietnam","isPartOf":{"@id":"https:\/\/www.home-kueppersbusch.com\/vi-vn\/#website"},"datePublished":"2026-04-25T09:23:26+00:00","inLanguage":"vi","potentialAction":[{"@type":"ReadAction","target":["https:\/\/www.home-kueppersbusch.com\/vi-vn\/product\/di3800-0s_122900000\/"]}]},{"@type":"WebSite","@id":"https:\/\/www.home-kueppersbusch.com\/vi-vn\/#website","url":"https:\/\/www.home-kueppersbusch.com\/vi-vn\/","name":"K\u00fbppersbusch Vietnam","description":"","potentialAction":[{"@type":"SearchAction","target":{"@type":"EntryPoint","urlTemplate":"https:\/\/www.home-kueppersbusch.com\/vi-vn\/?s={search_term_string}"},"query-input":{"@type":"PropertyValueSpecification","valueRequired":true,"valueName":"search_term_string"}}],"inLanguage":"vi"}]}},"_links":{"self":[{"href":"https:\/\/www.home-kueppersbusch.com\/vi-vn\/wp-json\/wp\/v2\/product\/72241","targetHints":{"allow":["GET"]}}],"collection":[{"href":"https:\/\/www.home-kueppersbusch.com\/vi-vn\/wp-json\/wp\/v2\/product"}],"about":[{"href":"https:\/\/www.home-kueppersbusch.com\/vi-vn\/wp-json\/wp\/v2\/types\/product"}],"wp:attachment":[{"href":"https:\/\/www.home-kueppersbusch.com\/vi-vn\/wp-json\/wp\/v2\/media?parent=72241"}],"wp:term":[{"taxonomy":"product_cat","embeddable":true,"href":"https:\/\/www.home-kueppersbusch.com\/vi-vn\/wp-json\/wp\/v2\/product_cat?post=72241"},{"taxonomy":"product_edition","embeddable":true,"href":"https:\/\/www.home-kueppersbusch.com\/vi-vn\/wp-json\/wp\/v2\/product_edition?post=72241"},{"taxonomy":"product_energy_efficiency","embeddable":true,"href":"https:\/\/www.home-kueppersbusch.com\/vi-vn\/wp-json\/wp\/v2\/product_energy_efficiency?post=72241"}],"curies":[{"name":"wp","href":"https:\/\/api.w.org\/{rel}","templated":true}]}}