{"id":72235,"date":"2026-04-25T09:23:20","date_gmt":"2026-04-25T09:23:20","guid":{"rendered":"https:\/\/teka.com\/en-int\/cbd6550-0s_121240001"},"modified":"2026-03-28T08:01:35","modified_gmt":"2026-03-28T09:01:35","slug":"cbd6550-0s_121240001","status":"publish","type":"product","link":"https:\/\/www.home-kueppersbusch.com\/vi-vn\/product\/cbd6550-0s_121240001\/","title":{"rendered":"CBD6550.0S"},"content":{"rendered":"<ul>\n<li>L\u00f2 n\u01b0\u1edbng v\u1edbi h\u1ec7 th\u1ed1ng x\u00fac t\u00e1c \u00f6kotherm\u00ae<\/li>\n<li>14 ch\u1ee9c n\u0103ng n\u01b0\u1edbng<\/li>\n<li>8 ch\u1ee9c n\u0103ng \u0111\u1eb7c bi\u1ec7t<\/li>\n<li>6 ch\u1ee9c n\u0103ng h\u1ea5p<\/li>\n<li>9 ch\u1ee9c n\u0103ng h\u1ea5p \u0111\u1eb7c bi\u1ec7t<\/li>\n<\/ul>\n","protected":false},"featured_media":0,"parent":0,"template":"","product_cat":[8279,9348],"product_edition":[],"product_energy_efficiency":[9233],"class_list":["post-72235","product","type-product","status-publish","hentry","finishes-9719","finishes-9727","finishes-9726","finishes-9725","finishes-9724","finishes-9723","finishes-9722","finishes-9721","finishes-9720","finishes-9710","finishes-9718","finishes-9717","finishes-9716","finishes-9715","finishes-9714","finishes-9713","finishes-9712","finishes-9711","product_cat-lo-hap","product_cat-lo-nuong-nho-gon","color-black","product_lifestyle-k-series-5","usp-kph-individual-01","usp-kph-ovens-03","usp-kph-ovens-04","usp-kph-ovens-05","usp-kph-ovens-06","usp-kph-ovens-08","usp-kph-ovens-09","usp-kph-ovens-11","product_energy_efficiency-a-plus-icon"],"acf":[],"yoast_head":"<!-- This site is optimized with the Yoast SEO plugin v27.5 - https:\/\/yoast.com\/product\/yoast-seo-wordpress\/ -->\n<title>L\u00f2 n\u01b0\u1edbng v\u00e0 h\u1ea5p CBD6550.0S, 45 cm | K\u00fcppersbusch Vietnam<\/title>\n<meta name=\"robots\" content=\"index, follow, max-snippet:-1, max-image-preview:large, max-video-preview:-1\" \/>\n<link rel=\"canonical\" href=\"https:\/\/www.home-kueppersbusch.com\/vi-vn\/product\/cbd6550-0s_121240001\/\" \/>\n<meta property=\"og:locale\" content=\"vi_VN\" \/>\n<meta property=\"og:type\" content=\"article\" \/>\n<meta property=\"og:title\" content=\"L\u00f2 n\u01b0\u1edbng v\u00e0 h\u1ea5p CBD6550.0S, 45 cm | K\u00fcppersbusch Vietnam\" \/>\n<meta property=\"og:description\" content=\"L\u00f2 n\u01b0\u1edbng v\u1edbi h\u1ec7 th\u1ed1ng x\u00fac t\u00e1c \u00f6kotherm\u00ae 14 ch\u1ee9c n\u0103ng n\u01b0\u1edbng 8 ch\u1ee9c n\u0103ng \u0111\u1eb7c bi\u1ec7t 6 ch\u1ee9c n\u0103ng h\u1ea5p 9 ch\u1ee9c n\u0103ng h\u1ea5p \u0111\u1eb7c bi\u1ec7t\" \/>\n<meta property=\"og:url\" content=\"https:\/\/www.home-kueppersbusch.com\/vi-vn\/product\/cbd6550-0s_121240001\/\" \/>\n<meta property=\"og:site_name\" content=\"K\u00fbppersbusch Vietnam\" \/>\n<meta name=\"twitter:card\" content=\"summary_large_image\" \/>\n<script type=\"application\/ld+json\" class=\"yoast-schema-graph\">{\"@context\":\"https:\\\/\\\/schema.org\",\"@graph\":[{\"@type\":\"WebPage\",\"@id\":\"https:\\\/\\\/www.home-kueppersbusch.com\\\/vi-vn\\\/product\\\/cbd6550-0s_121240001\\\/\",\"url\":\"https:\\\/\\\/www.home-kueppersbusch.com\\\/vi-vn\\\/product\\\/cbd6550-0s_121240001\\\/\",\"name\":\"L\u00f2 n\u01b0\u1edbng v\u00e0 h\u1ea5p CBD6550.0S, 45 cm | K\u00fcppersbusch Vietnam\",\"isPartOf\":{\"@id\":\"https:\\\/\\\/www.home-kueppersbusch.com\\\/vi-vn\\\/#website\"},\"datePublished\":\"2026-04-25T09:23:20+00:00\",\"inLanguage\":\"vi\",\"potentialAction\":[{\"@type\":\"ReadAction\",\"target\":[\"https:\\\/\\\/www.home-kueppersbusch.com\\\/vi-vn\\\/product\\\/cbd6550-0s_121240001\\\/\"]}]},{\"@type\":\"WebSite\",\"@id\":\"https:\\\/\\\/www.home-kueppersbusch.com\\\/vi-vn\\\/#website\",\"url\":\"https:\\\/\\\/www.home-kueppersbusch.com\\\/vi-vn\\\/\",\"name\":\"K\u00fbppersbusch Vietnam\",\"description\":\"\",\"potentialAction\":[{\"@type\":\"SearchAction\",\"target\":{\"@type\":\"EntryPoint\",\"urlTemplate\":\"https:\\\/\\\/www.home-kueppersbusch.com\\\/vi-vn\\\/?s={search_term_string}\"},\"query-input\":{\"@type\":\"PropertyValueSpecification\",\"valueRequired\":true,\"valueName\":\"search_term_string\"}}],\"inLanguage\":\"vi\"}]}<\/script>\n<!-- \/ Yoast SEO plugin. -->","yoast_head_json":{"title":"L\u00f2 n\u01b0\u1edbng v\u00e0 h\u1ea5p CBD6550.0S, 45 cm | K\u00fcppersbusch Vietnam","robots":{"index":"index","follow":"follow","max-snippet":"max-snippet:-1","max-image-preview":"max-image-preview:large","max-video-preview":"max-video-preview:-1"},"canonical":"https:\/\/www.home-kueppersbusch.com\/vi-vn\/product\/cbd6550-0s_121240001\/","og_locale":"vi_VN","og_type":"article","og_title":"L\u00f2 n\u01b0\u1edbng v\u00e0 h\u1ea5p CBD6550.0S, 45 cm | K\u00fcppersbusch Vietnam","og_description":"L\u00f2 n\u01b0\u1edbng v\u1edbi h\u1ec7 th\u1ed1ng x\u00fac t\u00e1c \u00f6kotherm\u00ae 14 ch\u1ee9c n\u0103ng n\u01b0\u1edbng 8 ch\u1ee9c n\u0103ng \u0111\u1eb7c bi\u1ec7t 6 ch\u1ee9c n\u0103ng h\u1ea5p 9 ch\u1ee9c n\u0103ng h\u1ea5p \u0111\u1eb7c bi\u1ec7t","og_url":"https:\/\/www.home-kueppersbusch.com\/vi-vn\/product\/cbd6550-0s_121240001\/","og_site_name":"K\u00fbppersbusch Vietnam","twitter_card":"summary_large_image","schema":{"@context":"https:\/\/schema.org","@graph":[{"@type":"WebPage","@id":"https:\/\/www.home-kueppersbusch.com\/vi-vn\/product\/cbd6550-0s_121240001\/","url":"https:\/\/www.home-kueppersbusch.com\/vi-vn\/product\/cbd6550-0s_121240001\/","name":"L\u00f2 n\u01b0\u1edbng v\u00e0 h\u1ea5p CBD6550.0S, 45 cm | K\u00fcppersbusch Vietnam","isPartOf":{"@id":"https:\/\/www.home-kueppersbusch.com\/vi-vn\/#website"},"datePublished":"2026-04-25T09:23:20+00:00","inLanguage":"vi","potentialAction":[{"@type":"ReadAction","target":["https:\/\/www.home-kueppersbusch.com\/vi-vn\/product\/cbd6550-0s_121240001\/"]}]},{"@type":"WebSite","@id":"https:\/\/www.home-kueppersbusch.com\/vi-vn\/#website","url":"https:\/\/www.home-kueppersbusch.com\/vi-vn\/","name":"K\u00fbppersbusch Vietnam","description":"","potentialAction":[{"@type":"SearchAction","target":{"@type":"EntryPoint","urlTemplate":"https:\/\/www.home-kueppersbusch.com\/vi-vn\/?s={search_term_string}"},"query-input":{"@type":"PropertyValueSpecification","valueRequired":true,"valueName":"search_term_string"}}],"inLanguage":"vi"}]}},"_links":{"self":[{"href":"https:\/\/www.home-kueppersbusch.com\/vi-vn\/wp-json\/wp\/v2\/product\/72235","targetHints":{"allow":["GET"]}}],"collection":[{"href":"https:\/\/www.home-kueppersbusch.com\/vi-vn\/wp-json\/wp\/v2\/product"}],"about":[{"href":"https:\/\/www.home-kueppersbusch.com\/vi-vn\/wp-json\/wp\/v2\/types\/product"}],"wp:attachment":[{"href":"https:\/\/www.home-kueppersbusch.com\/vi-vn\/wp-json\/wp\/v2\/media?parent=72235"}],"wp:term":[{"taxonomy":"product_cat","embeddable":true,"href":"https:\/\/www.home-kueppersbusch.com\/vi-vn\/wp-json\/wp\/v2\/product_cat?post=72235"},{"taxonomy":"product_edition","embeddable":true,"href":"https:\/\/www.home-kueppersbusch.com\/vi-vn\/wp-json\/wp\/v2\/product_edition?post=72235"},{"taxonomy":"product_energy_efficiency","embeddable":true,"href":"https:\/\/www.home-kueppersbusch.com\/vi-vn\/wp-json\/wp\/v2\/product_energy_efficiency?post=72235"}],"curies":[{"name":"wp","href":"https:\/\/api.w.org\/{rel}","templated":true}]}}