{"id":69912,"date":"2020-09-30T14:14:18","date_gmt":"2020-09-30T14:14:18","guid":{"rendered":"https:\/\/www.home-kueppersbusch.com\/vi-vn\/?page_id=69912"},"modified":"2023-08-02T09:52:31","modified_gmt":"2023-08-02T09:52:31","slug":"liich-su","status":"publish","type":"page","link":"https:\/\/www.home-kueppersbusch.com\/vi-vn\/liich-su\/","title":{"rendered":"Li\u1ecbch s\u1eed"},"content":{"rendered":"<p>[et_pb_section fb_built=&#8221;1&#8243; theme_builder_area=&#8221;post_content&#8221; _builder_version=&#8221;4.21.0&#8243; _module_preset=&#8221;default&#8221;][\/et_pb_section]<\/p>\n","protected":false},"excerpt":{"rendered":"","protected":false},"author":68,"featured_media":0,"parent":0,"menu_order":0,"comment_status":"closed","ping_status":"closed","template":"tp-historia.php","meta":{"_acf_changed":false,"_et_pb_use_builder":"on","_et_pb_old_content":"","_et_gb_content_width":"","footnotes":""},"class_list":["post-69912","page","type-page","status-publish","hentry"],"acf":[],"yoast_head":"<!-- This site is optimized with the Yoast SEO plugin v27.5 - https:\/\/yoast.com\/product\/yoast-seo-wordpress\/ -->\n<title>Ti\u00ean phong trong l\u0129nh v\u1ef1c thi\u1ebft b\u1ecb nh\u00e0 b\u1ebfp chuy\u00ean nghi\u1ec7p t\u1eeb n\u0103m 1875 | K\u00fcppersbusch Vi\u1ec7t Nam<\/title>\n<meta name=\"description\" content=\"Th\u01b0\u01a1ng hi\u1ec7u K\u00fcppersbusch k\u1ebf th\u1eeba n\u1ec1n t\u1ea3ng v\u1eefng ch\u1eafc c\u1ee7a ng\u00e0nh, k\u1ebft h\u1ee3p v\u1edbi thi\u1ebft k\u1ebf v\u01b0\u1ee3t th\u1eddi gian v\u00e0 phong c\u00e1ch c\u00e1 nh\u00e2n.\" \/>\n<meta name=\"robots\" content=\"index, follow, max-snippet:-1, max-image-preview:large, max-video-preview:-1\" \/>\n<link rel=\"canonical\" href=\"https:\/\/www.home-kueppersbusch.com\/vi-vn\/liich-su\/\" \/>\n<meta property=\"og:locale\" content=\"vi_VN\" \/>\n<meta property=\"og:type\" content=\"article\" \/>\n<meta property=\"og:title\" content=\"Ti\u00ean phong trong l\u0129nh v\u1ef1c thi\u1ebft b\u1ecb nh\u00e0 b\u1ebfp chuy\u00ean nghi\u1ec7p t\u1eeb n\u0103m 1875 | K\u00fcppersbusch Vi\u1ec7t Nam\" \/>\n<meta property=\"og:description\" content=\"Th\u01b0\u01a1ng hi\u1ec7u K\u00fcppersbusch k\u1ebf th\u1eeba n\u1ec1n t\u1ea3ng v\u1eefng ch\u1eafc c\u1ee7a ng\u00e0nh, k\u1ebft h\u1ee3p v\u1edbi thi\u1ebft k\u1ebf v\u01b0\u1ee3t th\u1eddi gian v\u00e0 phong c\u00e1ch c\u00e1 nh\u00e2n.\" \/>\n<meta property=\"og:url\" content=\"https:\/\/www.home-kueppersbusch.com\/vi-vn\/liich-su\/\" \/>\n<meta property=\"og:site_name\" content=\"K\u00fbppersbusch Vietnam\" \/>\n<meta property=\"article:modified_time\" content=\"2023-08-02T09:52:31+00:00\" \/>\n<meta name=\"twitter:card\" content=\"summary_large_image\" \/>\n<meta name=\"twitter:label1\" content=\"\u01af\u1edbc t\u00ednh th\u1eddi gian \u0111\u1ecdc\" \/>\n\t<meta name=\"twitter:data1\" content=\"1 ph\u00fat\" \/>\n<script type=\"application\/ld+json\" class=\"yoast-schema-graph\">{\"@context\":\"https:\\\/\\\/schema.org\",\"@graph\":[{\"@type\":\"WebPage\",\"@id\":\"https:\\\/\\\/www.home-kueppersbusch.com\\\/vi-vn\\\/liich-su\\\/\",\"url\":\"https:\\\/\\\/www.home-kueppersbusch.com\\\/vi-vn\\\/liich-su\\\/\",\"name\":\"Ti\u00ean phong trong l\u0129nh v\u1ef1c thi\u1ebft b\u1ecb nh\u00e0 b\u1ebfp chuy\u00ean nghi\u1ec7p t\u1eeb n\u0103m 1875 | K\u00fcppersbusch Vi\u1ec7t Nam\",\"isPartOf\":{\"@id\":\"https:\\\/\\\/www.home-kueppersbusch.com\\\/vi-vn\\\/#website\"},\"datePublished\":\"2020-09-30T14:14:18+00:00\",\"dateModified\":\"2023-08-02T09:52:31+00:00\",\"description\":\"Th\u01b0\u01a1ng hi\u1ec7u K\u00fcppersbusch k\u1ebf th\u1eeba n\u1ec1n t\u1ea3ng v\u1eefng ch\u1eafc c\u1ee7a ng\u00e0nh, k\u1ebft h\u1ee3p v\u1edbi thi\u1ebft k\u1ebf v\u01b0\u1ee3t th\u1eddi gian v\u00e0 phong c\u00e1ch c\u00e1 nh\u00e2n.\",\"inLanguage\":\"vi\",\"potentialAction\":[{\"@type\":\"ReadAction\",\"target\":[\"https:\\\/\\\/www.home-kueppersbusch.com\\\/vi-vn\\\/liich-su\\\/\"]}]},{\"@type\":\"WebSite\",\"@id\":\"https:\\\/\\\/www.home-kueppersbusch.com\\\/vi-vn\\\/#website\",\"url\":\"https:\\\/\\\/www.home-kueppersbusch.com\\\/vi-vn\\\/\",\"name\":\"K\u00fbppersbusch Vietnam\",\"description\":\"\",\"potentialAction\":[{\"@type\":\"SearchAction\",\"target\":{\"@type\":\"EntryPoint\",\"urlTemplate\":\"https:\\\/\\\/www.home-kueppersbusch.com\\\/vi-vn\\\/?s={search_term_string}\"},\"query-input\":{\"@type\":\"PropertyValueSpecification\",\"valueRequired\":true,\"valueName\":\"search_term_string\"}}],\"inLanguage\":\"vi\"}]}<\/script>\n<!-- \/ Yoast SEO plugin. -->","yoast_head_json":{"title":"Ti\u00ean phong trong l\u0129nh v\u1ef1c thi\u1ebft b\u1ecb nh\u00e0 b\u1ebfp chuy\u00ean nghi\u1ec7p t\u1eeb n\u0103m 1875 | K\u00fcppersbusch Vi\u1ec7t Nam","description":"Th\u01b0\u01a1ng hi\u1ec7u K\u00fcppersbusch k\u1ebf th\u1eeba n\u1ec1n t\u1ea3ng v\u1eefng ch\u1eafc c\u1ee7a ng\u00e0nh, k\u1ebft h\u1ee3p v\u1edbi thi\u1ebft k\u1ebf v\u01b0\u1ee3t th\u1eddi gian v\u00e0 phong c\u00e1ch c\u00e1 nh\u00e2n.","robots":{"index":"index","follow":"follow","max-snippet":"max-snippet:-1","max-image-preview":"max-image-preview:large","max-video-preview":"max-video-preview:-1"},"canonical":"https:\/\/www.home-kueppersbusch.com\/vi-vn\/liich-su\/","og_locale":"vi_VN","og_type":"article","og_title":"Ti\u00ean phong trong l\u0129nh v\u1ef1c thi\u1ebft b\u1ecb nh\u00e0 b\u1ebfp chuy\u00ean nghi\u1ec7p t\u1eeb n\u0103m 1875 | K\u00fcppersbusch Vi\u1ec7t Nam","og_description":"Th\u01b0\u01a1ng hi\u1ec7u K\u00fcppersbusch k\u1ebf th\u1eeba n\u1ec1n t\u1ea3ng v\u1eefng ch\u1eafc c\u1ee7a ng\u00e0nh, k\u1ebft h\u1ee3p v\u1edbi thi\u1ebft k\u1ebf v\u01b0\u1ee3t th\u1eddi gian v\u00e0 phong c\u00e1ch c\u00e1 nh\u00e2n.","og_url":"https:\/\/www.home-kueppersbusch.com\/vi-vn\/liich-su\/","og_site_name":"K\u00fbppersbusch Vietnam","article_modified_time":"2023-08-02T09:52:31+00:00","twitter_card":"summary_large_image","twitter_misc":{"\u01af\u1edbc t\u00ednh th\u1eddi gian \u0111\u1ecdc":"1 ph\u00fat"},"schema":{"@context":"https:\/\/schema.org","@graph":[{"@type":"WebPage","@id":"https:\/\/www.home-kueppersbusch.com\/vi-vn\/liich-su\/","url":"https:\/\/www.home-kueppersbusch.com\/vi-vn\/liich-su\/","name":"Ti\u00ean phong trong l\u0129nh v\u1ef1c thi\u1ebft b\u1ecb nh\u00e0 b\u1ebfp chuy\u00ean nghi\u1ec7p t\u1eeb n\u0103m 1875 | K\u00fcppersbusch Vi\u1ec7t Nam","isPartOf":{"@id":"https:\/\/www.home-kueppersbusch.com\/vi-vn\/#website"},"datePublished":"2020-09-30T14:14:18+00:00","dateModified":"2023-08-02T09:52:31+00:00","description":"Th\u01b0\u01a1ng hi\u1ec7u K\u00fcppersbusch k\u1ebf th\u1eeba n\u1ec1n t\u1ea3ng v\u1eefng ch\u1eafc c\u1ee7a ng\u00e0nh, k\u1ebft h\u1ee3p v\u1edbi thi\u1ebft k\u1ebf v\u01b0\u1ee3t th\u1eddi gian v\u00e0 phong c\u00e1ch c\u00e1 nh\u00e2n.","inLanguage":"vi","potentialAction":[{"@type":"ReadAction","target":["https:\/\/www.home-kueppersbusch.com\/vi-vn\/liich-su\/"]}]},{"@type":"WebSite","@id":"https:\/\/www.home-kueppersbusch.com\/vi-vn\/#website","url":"https:\/\/www.home-kueppersbusch.com\/vi-vn\/","name":"K\u00fbppersbusch Vietnam","description":"","potentialAction":[{"@type":"SearchAction","target":{"@type":"EntryPoint","urlTemplate":"https:\/\/www.home-kueppersbusch.com\/vi-vn\/?s={search_term_string}"},"query-input":{"@type":"PropertyValueSpecification","valueRequired":true,"valueName":"search_term_string"}}],"inLanguage":"vi"}]}},"_links":{"self":[{"href":"https:\/\/www.home-kueppersbusch.com\/vi-vn\/wp-json\/wp\/v2\/pages\/69912","targetHints":{"allow":["GET"]}}],"collection":[{"href":"https:\/\/www.home-kueppersbusch.com\/vi-vn\/wp-json\/wp\/v2\/pages"}],"about":[{"href":"https:\/\/www.home-kueppersbusch.com\/vi-vn\/wp-json\/wp\/v2\/types\/page"}],"author":[{"embeddable":true,"href":"https:\/\/www.home-kueppersbusch.com\/vi-vn\/wp-json\/wp\/v2\/users\/68"}],"replies":[{"embeddable":true,"href":"https:\/\/www.home-kueppersbusch.com\/vi-vn\/wp-json\/wp\/v2\/comments?post=69912"}],"version-history":[{"count":19,"href":"https:\/\/www.home-kueppersbusch.com\/vi-vn\/wp-json\/wp\/v2\/pages\/69912\/revisions"}],"predecessor-version":[{"id":72060,"href":"https:\/\/www.home-kueppersbusch.com\/vi-vn\/wp-json\/wp\/v2\/pages\/69912\/revisions\/72060"}],"wp:attachment":[{"href":"https:\/\/www.home-kueppersbusch.com\/vi-vn\/wp-json\/wp\/v2\/media?parent=69912"}],"curies":[{"name":"wp","href":"https:\/\/api.w.org\/{rel}","templated":true}]}}