{"id":79388,"date":"2026-04-25T09:26:28","date_gmt":"2026-04-25T09:26:28","guid":{"rendered":"https:\/\/teka.com\/en-int\/fkfx9800-0i_123460017"},"modified":"2026-03-28T08:08:21","modified_gmt":"2026-03-28T09:08:21","slug":"fkfx9800-0i_123460017","status":"publish","type":"product","link":"https:\/\/www.home-kueppersbusch.com\/tr-tr\/product\/fkfx9800-0i_123460017\/","title":{"rendered":"FKFX9800.0i"},"content":{"rendered":"<ul>\n<li>\u00dcr\u00fcn\u00fcm\u00fcz XXL y\u00fckseklikli tasar\u0131m\u0131yla mekanda bir odak noktas\u0131 yarat\u0131r.<\/li>\n<li>\u0130\u00e7 b\u00f6lmelerin esnekli\u011fini sa\u011flayan VarioShelves ve VarioBoxes, kullan\u0131c\u0131ya ki\u015fiselle\u015ftirilmi\u015f saklama \u00e7\u00f6z\u00fcmleri sunar.<\/li>\n<li>Dokunmatik sens\u00f6rlerle ayarlanan kullan\u0131c\u0131 aray\u00fcz\u00fc ve dijital durum g\u00f6stergesi, sofistike bir kullan\u0131c\u0131 deneyimi vaat eder.<\/li>\n<\/ul>\n","protected":false},"featured_media":0,"parent":0,"template":"","product_cat":[9713],"product_edition":[],"product_energy_efficiency":[9377],"class_list":["post-79388","product","type-product","status-publish","hentry","product_ambient-kitchen-sc-03","product_cat-fridge-freezers","color-white","product_installation-yerlesik","product_lifestyle-k-series-8","product_energy_efficiency-e-ue-icon-new"],"acf":[],"yoast_head":"<!-- This site is optimized with the Yoast SEO plugin v27.5 - https:\/\/yoast.com\/product\/yoast-seo-wordpress\/ -->\n<title>FKFX9800.0i | K\u00fcppersbusch T\u00fcrkiye<\/title>\n<meta name=\"robots\" content=\"index, follow, max-snippet:-1, max-image-preview:large, max-video-preview:-1\" \/>\n<link rel=\"canonical\" href=\"https:\/\/www.home-kueppersbusch.com\/tr-tr\/product\/fkfx9800-0i_123460017\/\" \/>\n<meta property=\"og:locale\" content=\"tr_TR\" \/>\n<meta property=\"og:type\" content=\"article\" \/>\n<meta property=\"og:title\" content=\"FKFX9800.0i | K\u00fcppersbusch T\u00fcrkiye\" \/>\n<meta property=\"og:description\" content=\"\u00dcr\u00fcn\u00fcm\u00fcz XXL y\u00fckseklikli tasar\u0131m\u0131yla mekanda bir odak noktas\u0131 yarat\u0131r. \u0130\u00e7 b\u00f6lmelerin esnekli\u011fini sa\u011flayan VarioShelves ve VarioBoxes, kullan\u0131c\u0131ya ki\u015fiselle\u015ftirilmi\u015f saklama \u00e7\u00f6z\u00fcmleri sunar. Dokunmatik sens\u00f6rlerle ayarlanan kullan\u0131c\u0131 aray\u00fcz\u00fc ve dijital durum g\u00f6stergesi, sofistike bir kullan\u0131c\u0131 deneyimi vaat eder.\" \/>\n<meta property=\"og:url\" content=\"https:\/\/www.home-kueppersbusch.com\/tr-tr\/product\/fkfx9800-0i_123460017\/\" \/>\n<meta property=\"og:site_name\" content=\"K\u00fcppersbusch T\u00fcrkiye\" \/>\n<meta name=\"twitter:card\" content=\"summary_large_image\" \/>\n<script type=\"application\/ld+json\" class=\"yoast-schema-graph\">{\"@context\":\"https:\\\/\\\/schema.org\",\"@graph\":[{\"@type\":\"WebPage\",\"@id\":\"https:\\\/\\\/www.home-kueppersbusch.com\\\/tr-tr\\\/product\\\/fkfx9800-0i_123460017\\\/\",\"url\":\"https:\\\/\\\/www.home-kueppersbusch.com\\\/tr-tr\\\/product\\\/fkfx9800-0i_123460017\\\/\",\"name\":\"FKFX9800.0i | K\u00fcppersbusch T\u00fcrkiye\",\"isPartOf\":{\"@id\":\"https:\\\/\\\/www.home-kueppersbusch.com\\\/tr-tr\\\/#website\"},\"datePublished\":\"2026-04-25T09:26:28+00:00\",\"inLanguage\":\"tr\",\"potentialAction\":[{\"@type\":\"ReadAction\",\"target\":[\"https:\\\/\\\/www.home-kueppersbusch.com\\\/tr-tr\\\/product\\\/fkfx9800-0i_123460017\\\/\"]}]},{\"@type\":\"WebSite\",\"@id\":\"https:\\\/\\\/www.home-kueppersbusch.com\\\/tr-tr\\\/#website\",\"url\":\"https:\\\/\\\/www.home-kueppersbusch.com\\\/tr-tr\\\/\",\"name\":\"K\u00fcppersbusch T\u00fcrkiye\",\"description\":\"\",\"potentialAction\":[{\"@type\":\"SearchAction\",\"target\":{\"@type\":\"EntryPoint\",\"urlTemplate\":\"https:\\\/\\\/www.home-kueppersbusch.com\\\/tr-tr\\\/?s={search_term_string}\"},\"query-input\":{\"@type\":\"PropertyValueSpecification\",\"valueRequired\":true,\"valueName\":\"search_term_string\"}}],\"inLanguage\":\"tr\"}]}<\/script>\n<!-- \/ Yoast SEO plugin. -->","yoast_head_json":{"title":"FKFX9800.0i | K\u00fcppersbusch T\u00fcrkiye","robots":{"index":"index","follow":"follow","max-snippet":"max-snippet:-1","max-image-preview":"max-image-preview:large","max-video-preview":"max-video-preview:-1"},"canonical":"https:\/\/www.home-kueppersbusch.com\/tr-tr\/product\/fkfx9800-0i_123460017\/","og_locale":"tr_TR","og_type":"article","og_title":"FKFX9800.0i | K\u00fcppersbusch T\u00fcrkiye","og_description":"\u00dcr\u00fcn\u00fcm\u00fcz XXL y\u00fckseklikli tasar\u0131m\u0131yla mekanda bir odak noktas\u0131 yarat\u0131r. \u0130\u00e7 b\u00f6lmelerin esnekli\u011fini sa\u011flayan VarioShelves ve VarioBoxes, kullan\u0131c\u0131ya ki\u015fiselle\u015ftirilmi\u015f saklama \u00e7\u00f6z\u00fcmleri sunar. Dokunmatik sens\u00f6rlerle ayarlanan kullan\u0131c\u0131 aray\u00fcz\u00fc ve dijital durum g\u00f6stergesi, sofistike bir kullan\u0131c\u0131 deneyimi vaat eder.","og_url":"https:\/\/www.home-kueppersbusch.com\/tr-tr\/product\/fkfx9800-0i_123460017\/","og_site_name":"K\u00fcppersbusch T\u00fcrkiye","twitter_card":"summary_large_image","schema":{"@context":"https:\/\/schema.org","@graph":[{"@type":"WebPage","@id":"https:\/\/www.home-kueppersbusch.com\/tr-tr\/product\/fkfx9800-0i_123460017\/","url":"https:\/\/www.home-kueppersbusch.com\/tr-tr\/product\/fkfx9800-0i_123460017\/","name":"FKFX9800.0i | K\u00fcppersbusch T\u00fcrkiye","isPartOf":{"@id":"https:\/\/www.home-kueppersbusch.com\/tr-tr\/#website"},"datePublished":"2026-04-25T09:26:28+00:00","inLanguage":"tr","potentialAction":[{"@type":"ReadAction","target":["https:\/\/www.home-kueppersbusch.com\/tr-tr\/product\/fkfx9800-0i_123460017\/"]}]},{"@type":"WebSite","@id":"https:\/\/www.home-kueppersbusch.com\/tr-tr\/#website","url":"https:\/\/www.home-kueppersbusch.com\/tr-tr\/","name":"K\u00fcppersbusch T\u00fcrkiye","description":"","potentialAction":[{"@type":"SearchAction","target":{"@type":"EntryPoint","urlTemplate":"https:\/\/www.home-kueppersbusch.com\/tr-tr\/?s={search_term_string}"},"query-input":{"@type":"PropertyValueSpecification","valueRequired":true,"valueName":"search_term_string"}}],"inLanguage":"tr"}]}},"_links":{"self":[{"href":"https:\/\/www.home-kueppersbusch.com\/tr-tr\/wp-json\/wp\/v2\/product\/79388","targetHints":{"allow":["GET"]}}],"collection":[{"href":"https:\/\/www.home-kueppersbusch.com\/tr-tr\/wp-json\/wp\/v2\/product"}],"about":[{"href":"https:\/\/www.home-kueppersbusch.com\/tr-tr\/wp-json\/wp\/v2\/types\/product"}],"wp:attachment":[{"href":"https:\/\/www.home-kueppersbusch.com\/tr-tr\/wp-json\/wp\/v2\/media?parent=79388"}],"wp:term":[{"taxonomy":"product_cat","embeddable":true,"href":"https:\/\/www.home-kueppersbusch.com\/tr-tr\/wp-json\/wp\/v2\/product_cat?post=79388"},{"taxonomy":"product_edition","embeddable":true,"href":"https:\/\/www.home-kueppersbusch.com\/tr-tr\/wp-json\/wp\/v2\/product_edition?post=79388"},{"taxonomy":"product_energy_efficiency","embeddable":true,"href":"https:\/\/www.home-kueppersbusch.com\/tr-tr\/wp-json\/wp\/v2\/product_energy_efficiency?post=79388"}],"curies":[{"name":"wp","href":"https:\/\/api.w.org\/{rel}","templated":true}]}}