{"id":79384,"date":"2026-04-03T17:44:03","date_gmt":"2026-04-03T17:44:03","guid":{"rendered":"https:\/\/teka.com\/en-int\/cbm6350-0gph7-graphiteline_121170020"},"modified":"2026-03-28T08:08:49","modified_gmt":"2026-03-28T09:08:49","slug":"cbm6350-0gph7-graphiteline_121170020","status":"publish","type":"product","link":"https:\/\/www.home-kueppersbusch.com\/tr-tr\/product\/cbm6350-0gph7-graphiteline_121170020\/","title":{"rendered":"CBM6350.0GPH7 GraphiteLine"},"content":{"rendered":"<ul>\n<li>E\u015fsiz \u00f6kotherm\u00ae kataliz\u00f6r\u00fc sayesinde ho\u015f olmayan kokular yok<\/li>\n<li>K\u00fcppersbusch Graphite Line tasar\u0131m\u0131 ile benzersiz<\/li>\n<li>TFT renkli ekran sayesinde h\u0131zl\u0131 kontrol<\/li>\n<li>Paslanmaz \u00e7elik knobControl ile kolay kullan\u0131m<\/li>\n<li>Otomatik programlar ile do\u011fru ayar deste\u011fi<\/li>\n<\/ul>\n","protected":false},"featured_media":0,"parent":0,"template":"","product_cat":[7089,9499],"product_edition":[],"product_energy_efficiency":[],"class_list":["post-79384","product","type-product","status-publish","hentry","product_ambient-kitchen-graphite","product_cat-mikrodalga-firinlar","product_cat-kompakt","color-graphite","product_icons-softclose","product_installation-yerlesik","product_lifestyle-k-series-3","usp-kph-ovens-06","usp-kph-ovens-09","usp-kph-ovens-10","usp-kph-graphite-01","usp-kph-graphite-02","usp-kph-graphite-03"],"acf":[],"yoast_head":"<!-- This site is optimized with the Yoast SEO plugin v27.2 - https:\/\/yoast.com\/product\/yoast-seo-wordpress\/ -->\n<title>CBM6350.0GPH7 GraphiteLine | K\u00fcppersbusch T\u00fcrkiye<\/title>\n<meta name=\"robots\" content=\"index, follow, max-snippet:-1, max-image-preview:large, max-video-preview:-1\" \/>\n<link rel=\"canonical\" href=\"https:\/\/www.home-kueppersbusch.com\/tr-tr\/product\/cbm6350-0gph7-graphiteline_121170020\/\" \/>\n<meta property=\"og:locale\" content=\"tr_TR\" \/>\n<meta property=\"og:type\" content=\"article\" \/>\n<meta property=\"og:title\" content=\"CBM6350.0GPH7 GraphiteLine | K\u00fcppersbusch T\u00fcrkiye\" \/>\n<meta property=\"og:description\" content=\"E\u015fsiz \u00f6kotherm\u00ae kataliz\u00f6r\u00fc sayesinde ho\u015f olmayan kokular yok K\u00fcppersbusch Graphite Line tasar\u0131m\u0131 ile benzersiz TFT renkli ekran sayesinde h\u0131zl\u0131 kontrol Paslanmaz \u00e7elik knobControl ile kolay kullan\u0131m Otomatik programlar ile do\u011fru ayar deste\u011fi\" \/>\n<meta property=\"og:url\" content=\"https:\/\/www.home-kueppersbusch.com\/tr-tr\/product\/cbm6350-0gph7-graphiteline_121170020\/\" \/>\n<meta property=\"og:site_name\" content=\"K\u00fcppersbusch T\u00fcrkiye\" \/>\n<meta name=\"twitter:card\" content=\"summary_large_image\" \/>\n<script type=\"application\/ld+json\" class=\"yoast-schema-graph\">{\"@context\":\"https:\/\/schema.org\",\"@graph\":[{\"@type\":\"WebPage\",\"@id\":\"https:\/\/www.home-kueppersbusch.com\/tr-tr\/product\/cbm6350-0gph7-graphiteline_121170020\/\",\"url\":\"https:\/\/www.home-kueppersbusch.com\/tr-tr\/product\/cbm6350-0gph7-graphiteline_121170020\/\",\"name\":\"CBM6350.0GPH7 GraphiteLine | K\u00fcppersbusch T\u00fcrkiye\",\"isPartOf\":{\"@id\":\"https:\/\/www.home-kueppersbusch.com\/tr-tr\/#website\"},\"datePublished\":\"2026-04-03T17:44:03+00:00\",\"inLanguage\":\"tr\",\"potentialAction\":[{\"@type\":\"ReadAction\",\"target\":[\"https:\/\/www.home-kueppersbusch.com\/tr-tr\/product\/cbm6350-0gph7-graphiteline_121170020\/\"]}]},{\"@type\":\"WebSite\",\"@id\":\"https:\/\/www.home-kueppersbusch.com\/tr-tr\/#website\",\"url\":\"https:\/\/www.home-kueppersbusch.com\/tr-tr\/\",\"name\":\"K\u00fcppersbusch T\u00fcrkiye\",\"description\":\"\",\"potentialAction\":[{\"@type\":\"SearchAction\",\"target\":{\"@type\":\"EntryPoint\",\"urlTemplate\":\"https:\/\/www.home-kueppersbusch.com\/tr-tr\/?s={search_term_string}\"},\"query-input\":{\"@type\":\"PropertyValueSpecification\",\"valueRequired\":true,\"valueName\":\"search_term_string\"}}],\"inLanguage\":\"tr\"}]}<\/script>\n<!-- \/ Yoast SEO plugin. -->","yoast_head_json":{"title":"CBM6350.0GPH7 GraphiteLine | K\u00fcppersbusch T\u00fcrkiye","robots":{"index":"index","follow":"follow","max-snippet":"max-snippet:-1","max-image-preview":"max-image-preview:large","max-video-preview":"max-video-preview:-1"},"canonical":"https:\/\/www.home-kueppersbusch.com\/tr-tr\/product\/cbm6350-0gph7-graphiteline_121170020\/","og_locale":"tr_TR","og_type":"article","og_title":"CBM6350.0GPH7 GraphiteLine | K\u00fcppersbusch T\u00fcrkiye","og_description":"E\u015fsiz \u00f6kotherm\u00ae kataliz\u00f6r\u00fc sayesinde ho\u015f olmayan kokular yok K\u00fcppersbusch Graphite Line tasar\u0131m\u0131 ile benzersiz TFT renkli ekran sayesinde h\u0131zl\u0131 kontrol Paslanmaz \u00e7elik knobControl ile kolay kullan\u0131m Otomatik programlar ile do\u011fru ayar deste\u011fi","og_url":"https:\/\/www.home-kueppersbusch.com\/tr-tr\/product\/cbm6350-0gph7-graphiteline_121170020\/","og_site_name":"K\u00fcppersbusch T\u00fcrkiye","twitter_card":"summary_large_image","schema":{"@context":"https:\/\/schema.org","@graph":[{"@type":"WebPage","@id":"https:\/\/www.home-kueppersbusch.com\/tr-tr\/product\/cbm6350-0gph7-graphiteline_121170020\/","url":"https:\/\/www.home-kueppersbusch.com\/tr-tr\/product\/cbm6350-0gph7-graphiteline_121170020\/","name":"CBM6350.0GPH7 GraphiteLine | K\u00fcppersbusch T\u00fcrkiye","isPartOf":{"@id":"https:\/\/www.home-kueppersbusch.com\/tr-tr\/#website"},"datePublished":"2026-04-03T17:44:03+00:00","inLanguage":"tr","potentialAction":[{"@type":"ReadAction","target":["https:\/\/www.home-kueppersbusch.com\/tr-tr\/product\/cbm6350-0gph7-graphiteline_121170020\/"]}]},{"@type":"WebSite","@id":"https:\/\/www.home-kueppersbusch.com\/tr-tr\/#website","url":"https:\/\/www.home-kueppersbusch.com\/tr-tr\/","name":"K\u00fcppersbusch T\u00fcrkiye","description":"","potentialAction":[{"@type":"SearchAction","target":{"@type":"EntryPoint","urlTemplate":"https:\/\/www.home-kueppersbusch.com\/tr-tr\/?s={search_term_string}"},"query-input":{"@type":"PropertyValueSpecification","valueRequired":true,"valueName":"search_term_string"}}],"inLanguage":"tr"}]}},"_links":{"self":[{"href":"https:\/\/www.home-kueppersbusch.com\/tr-tr\/wp-json\/wp\/v2\/product\/79384","targetHints":{"allow":["GET"]}}],"collection":[{"href":"https:\/\/www.home-kueppersbusch.com\/tr-tr\/wp-json\/wp\/v2\/product"}],"about":[{"href":"https:\/\/www.home-kueppersbusch.com\/tr-tr\/wp-json\/wp\/v2\/types\/product"}],"wp:attachment":[{"href":"https:\/\/www.home-kueppersbusch.com\/tr-tr\/wp-json\/wp\/v2\/media?parent=79384"}],"wp:term":[{"taxonomy":"product_cat","embeddable":true,"href":"https:\/\/www.home-kueppersbusch.com\/tr-tr\/wp-json\/wp\/v2\/product_cat?post=79384"},{"taxonomy":"product_edition","embeddable":true,"href":"https:\/\/www.home-kueppersbusch.com\/tr-tr\/wp-json\/wp\/v2\/product_edition?post=79384"},{"taxonomy":"product_energy_efficiency","embeddable":true,"href":"https:\/\/www.home-kueppersbusch.com\/tr-tr\/wp-json\/wp\/v2\/product_energy_efficiency?post=79384"}],"curies":[{"name":"wp","href":"https:\/\/api.w.org\/{rel}","templated":true}]}}