{"id":75587,"date":"2026-04-25T09:25:59","date_gmt":"2026-04-25T09:25:59","guid":{"rendered":"https:\/\/teka.com\/en-int\/bp6332-0ksm6-mattblack_121010037"},"modified":"2026-03-28T08:07:20","modified_gmt":"2026-03-28T09:07:20","slug":"bp6332-0ksm6-mattblack_121010037","status":"publish","type":"product","link":"https:\/\/www.home-kueppersbusch.com\/tr-tr\/product\/bp6332-0ksm6-mattblack_121010037\/","title":{"rendered":"BP6332.0KSM6 MattBlack"},"content":{"rendered":"<ul>\n<li>MattBlack dizayn tasar\u0131m\u0131<\/li>\n<li>E\u015fsiz \u00f6kotherm\u00ae kataliz\u00f6r\u00fc sayesinde yemek kokular\u0131na son<\/li>\n<li>LED ekran<\/li>\n<li>Siyah al\u00fcminyum kontrol d\u00fc\u011fmeleri<\/li>\n<li>340\u00b0C pizza fonksiyonu sayesinde evde m\u00fckemmel Napoliten pizza pi\u015firin<\/li>\n<li>Pirolitik temizleme<\/li>\n<li>Tam cam i\u00e7 kap\u0131, 4 caml\u0131, kolay \u00e7\u0131kar\u0131labilir<\/li>\n<li>Soft open &amp; Close<\/li>\n<li>H\u0131zl\u0131 \u0131s\u0131tma<\/li>\n<li>70 litre f\u0131r\u0131n kapasitesi<\/li>\n<li>Pizza ta\u015f\u0131 ve pizza spatulas\u0131 dahildir.<\/li>\n<\/ul>\n","protected":false},"featured_media":0,"parent":0,"template":"","product_cat":[9500],"product_edition":[],"product_energy_efficiency":[9384],"class_list":["post-75587","product","type-product","status-publish","hentry","product_ambient-kitchen-mattblack-02","product_cat-cok-islevli","product_cleaning_system-pirolitik","color-black-matt","product_lifestyle-k-series-3","usp-kph-mattblack-01","usp-kph-mattblack-02","product_energy_efficiency-a-plus-icon"],"acf":[],"yoast_head":"<!-- This site is optimized with the Yoast SEO plugin v27.5 - https:\/\/yoast.com\/product\/yoast-seo-wordpress\/ -->\n<title>BP6332.0KSM6 MattBlack | K\u00fcppersbusch T\u00fcrkiye<\/title>\n<meta name=\"robots\" content=\"index, follow, max-snippet:-1, max-image-preview:large, max-video-preview:-1\" \/>\n<link rel=\"canonical\" href=\"https:\/\/www.home-kueppersbusch.com\/tr-tr\/product\/bp6332-0ksm6-mattblack_121010037\/\" \/>\n<meta property=\"og:locale\" content=\"tr_TR\" \/>\n<meta property=\"og:type\" content=\"article\" \/>\n<meta property=\"og:title\" content=\"BP6332.0KSM6 MattBlack | K\u00fcppersbusch T\u00fcrkiye\" \/>\n<meta property=\"og:description\" content=\"MattBlack dizayn tasar\u0131m\u0131 E\u015fsiz \u00f6kotherm\u00ae kataliz\u00f6r\u00fc sayesinde yemek kokular\u0131na son LED ekran Siyah al\u00fcminyum kontrol d\u00fc\u011fmeleri 340\u00b0C pizza fonksiyonu sayesinde evde m\u00fckemmel Napoliten pizza pi\u015firin Pirolitik temizleme Tam cam i\u00e7 kap\u0131, 4 caml\u0131, kolay \u00e7\u0131kar\u0131labilir Soft open &amp; Close H\u0131zl\u0131 \u0131s\u0131tma 70 litre f\u0131r\u0131n kapasitesi Pizza ta\u015f\u0131 ve pizza spatulas\u0131 dahildir.\" \/>\n<meta property=\"og:url\" content=\"https:\/\/www.home-kueppersbusch.com\/tr-tr\/product\/bp6332-0ksm6-mattblack_121010037\/\" \/>\n<meta property=\"og:site_name\" content=\"K\u00fcppersbusch T\u00fcrkiye\" \/>\n<meta name=\"twitter:card\" content=\"summary_large_image\" \/>\n<script type=\"application\/ld+json\" class=\"yoast-schema-graph\">{\"@context\":\"https:\\\/\\\/schema.org\",\"@graph\":[{\"@type\":\"WebPage\",\"@id\":\"https:\\\/\\\/www.home-kueppersbusch.com\\\/tr-tr\\\/product\\\/bp6332-0ksm6-mattblack_121010037\\\/\",\"url\":\"https:\\\/\\\/www.home-kueppersbusch.com\\\/tr-tr\\\/product\\\/bp6332-0ksm6-mattblack_121010037\\\/\",\"name\":\"BP6332.0KSM6 MattBlack | K\u00fcppersbusch T\u00fcrkiye\",\"isPartOf\":{\"@id\":\"https:\\\/\\\/www.home-kueppersbusch.com\\\/tr-tr\\\/#website\"},\"datePublished\":\"2026-04-25T09:25:59+00:00\",\"inLanguage\":\"tr\",\"potentialAction\":[{\"@type\":\"ReadAction\",\"target\":[\"https:\\\/\\\/www.home-kueppersbusch.com\\\/tr-tr\\\/product\\\/bp6332-0ksm6-mattblack_121010037\\\/\"]}]},{\"@type\":\"WebSite\",\"@id\":\"https:\\\/\\\/www.home-kueppersbusch.com\\\/tr-tr\\\/#website\",\"url\":\"https:\\\/\\\/www.home-kueppersbusch.com\\\/tr-tr\\\/\",\"name\":\"K\u00fcppersbusch T\u00fcrkiye\",\"description\":\"\",\"potentialAction\":[{\"@type\":\"SearchAction\",\"target\":{\"@type\":\"EntryPoint\",\"urlTemplate\":\"https:\\\/\\\/www.home-kueppersbusch.com\\\/tr-tr\\\/?s={search_term_string}\"},\"query-input\":{\"@type\":\"PropertyValueSpecification\",\"valueRequired\":true,\"valueName\":\"search_term_string\"}}],\"inLanguage\":\"tr\"}]}<\/script>\n<!-- \/ Yoast SEO plugin. -->","yoast_head_json":{"title":"BP6332.0KSM6 MattBlack | K\u00fcppersbusch T\u00fcrkiye","robots":{"index":"index","follow":"follow","max-snippet":"max-snippet:-1","max-image-preview":"max-image-preview:large","max-video-preview":"max-video-preview:-1"},"canonical":"https:\/\/www.home-kueppersbusch.com\/tr-tr\/product\/bp6332-0ksm6-mattblack_121010037\/","og_locale":"tr_TR","og_type":"article","og_title":"BP6332.0KSM6 MattBlack | K\u00fcppersbusch T\u00fcrkiye","og_description":"MattBlack dizayn tasar\u0131m\u0131 E\u015fsiz \u00f6kotherm\u00ae kataliz\u00f6r\u00fc sayesinde yemek kokular\u0131na son LED ekran Siyah al\u00fcminyum kontrol d\u00fc\u011fmeleri 340\u00b0C pizza fonksiyonu sayesinde evde m\u00fckemmel Napoliten pizza pi\u015firin Pirolitik temizleme Tam cam i\u00e7 kap\u0131, 4 caml\u0131, kolay \u00e7\u0131kar\u0131labilir Soft open &amp; Close H\u0131zl\u0131 \u0131s\u0131tma 70 litre f\u0131r\u0131n kapasitesi Pizza ta\u015f\u0131 ve pizza spatulas\u0131 dahildir.","og_url":"https:\/\/www.home-kueppersbusch.com\/tr-tr\/product\/bp6332-0ksm6-mattblack_121010037\/","og_site_name":"K\u00fcppersbusch T\u00fcrkiye","twitter_card":"summary_large_image","schema":{"@context":"https:\/\/schema.org","@graph":[{"@type":"WebPage","@id":"https:\/\/www.home-kueppersbusch.com\/tr-tr\/product\/bp6332-0ksm6-mattblack_121010037\/","url":"https:\/\/www.home-kueppersbusch.com\/tr-tr\/product\/bp6332-0ksm6-mattblack_121010037\/","name":"BP6332.0KSM6 MattBlack | K\u00fcppersbusch T\u00fcrkiye","isPartOf":{"@id":"https:\/\/www.home-kueppersbusch.com\/tr-tr\/#website"},"datePublished":"2026-04-25T09:25:59+00:00","inLanguage":"tr","potentialAction":[{"@type":"ReadAction","target":["https:\/\/www.home-kueppersbusch.com\/tr-tr\/product\/bp6332-0ksm6-mattblack_121010037\/"]}]},{"@type":"WebSite","@id":"https:\/\/www.home-kueppersbusch.com\/tr-tr\/#website","url":"https:\/\/www.home-kueppersbusch.com\/tr-tr\/","name":"K\u00fcppersbusch T\u00fcrkiye","description":"","potentialAction":[{"@type":"SearchAction","target":{"@type":"EntryPoint","urlTemplate":"https:\/\/www.home-kueppersbusch.com\/tr-tr\/?s={search_term_string}"},"query-input":{"@type":"PropertyValueSpecification","valueRequired":true,"valueName":"search_term_string"}}],"inLanguage":"tr"}]}},"_links":{"self":[{"href":"https:\/\/www.home-kueppersbusch.com\/tr-tr\/wp-json\/wp\/v2\/product\/75587","targetHints":{"allow":["GET"]}}],"collection":[{"href":"https:\/\/www.home-kueppersbusch.com\/tr-tr\/wp-json\/wp\/v2\/product"}],"about":[{"href":"https:\/\/www.home-kueppersbusch.com\/tr-tr\/wp-json\/wp\/v2\/types\/product"}],"wp:attachment":[{"href":"https:\/\/www.home-kueppersbusch.com\/tr-tr\/wp-json\/wp\/v2\/media?parent=75587"}],"wp:term":[{"taxonomy":"product_cat","embeddable":true,"href":"https:\/\/www.home-kueppersbusch.com\/tr-tr\/wp-json\/wp\/v2\/product_cat?post=75587"},{"taxonomy":"product_edition","embeddable":true,"href":"https:\/\/www.home-kueppersbusch.com\/tr-tr\/wp-json\/wp\/v2\/product_edition?post=75587"},{"taxonomy":"product_energy_efficiency","embeddable":true,"href":"https:\/\/www.home-kueppersbusch.com\/tr-tr\/wp-json\/wp\/v2\/product_energy_efficiency?post=75587"}],"curies":[{"name":"wp","href":"https:\/\/api.w.org\/{rel}","templated":true}]}}