{"id":75586,"date":"2026-04-25T09:25:52","date_gmt":"2026-04-25T09:25:52","guid":{"rendered":"https:\/\/teka.com\/en-int\/cbp6332-0s-pizzameister_121140017"},"modified":"2026-03-28T08:07:06","modified_gmt":"2026-03-28T09:07:06","slug":"cbp6332-0s-pizzameister_121140017","status":"publish","type":"product","link":"https:\/\/www.home-kueppersbusch.com\/tr-tr\/product\/cbp6332-0s-pizzameister_121140017\/","title":{"rendered":"CBP6332.0S"},"content":{"rendered":"<ul>\n<li>E\u015fsiz \u00f6kotherm\u00ae kataliz\u00f6r\u00fc sayesinde kokusuz pi\u015firme<\/li>\n<li>Bireysel Konsept tasar\u0131m\u0131 sayesinde ki\u015fiselle\u015ftirilmi\u015f design kit se\u00e7imi<\/li>\n<li>LED ekran<\/li>\n<li>Paslanmaz \u00e7elik d\u00fc\u011fme ile kullan\u0131m\u0131 kolay<\/li>\n<li>340\u00b0C pizza fonksiyonu sayesinde evde m\u00fckemmel Napoliten pizza pi\u015firin<\/li>\n<li>Pirolitik temizleme<\/li>\n<li>Pi\u015firme ta\u015f\u0131 ve pizza spatulas\u0131 dahildir<\/li>\n<\/ul>\n","protected":false},"featured_media":0,"parent":0,"template":"","product_cat":[9499],"product_edition":[],"product_energy_efficiency":[9384],"class_list":["post-75586","product","type-product","status-publish","hentry","finishes-9892","finishes-9893","finishes-9894","finishes-9895","finishes-9896","finishes-9897","product_ambient-kitchen-bv-02","product_ambient-kitchen-bv-03","product_ambient-kitchen-cop-02","product_cat-kompakt","product_cleaning_system-pirolitik","color-black","product_lifestyle-k-series-3","usp-kph-ovens-01","usp-kph-ovens-09","usp-ovens-pizza-01","usp-ovens-pizza-02","product_energy_efficiency-a-plus-icon"],"acf":[],"yoast_head":"<!-- This site is optimized with the Yoast SEO plugin v27.5 - https:\/\/yoast.com\/product\/yoast-seo-wordpress\/ -->\n<title>CBP6332.0S | K\u00fcppersbusch T\u00fcrkiye<\/title>\n<meta name=\"robots\" content=\"index, follow, max-snippet:-1, max-image-preview:large, max-video-preview:-1\" \/>\n<link rel=\"canonical\" href=\"https:\/\/www.home-kueppersbusch.com\/tr-tr\/product\/cbp6332-0s-pizzameister_121140017\/\" \/>\n<meta property=\"og:locale\" content=\"tr_TR\" \/>\n<meta property=\"og:type\" content=\"article\" \/>\n<meta property=\"og:title\" content=\"CBP6332.0S | K\u00fcppersbusch T\u00fcrkiye\" \/>\n<meta property=\"og:description\" content=\"E\u015fsiz \u00f6kotherm\u00ae kataliz\u00f6r\u00fc sayesinde kokusuz pi\u015firme Bireysel Konsept tasar\u0131m\u0131 sayesinde ki\u015fiselle\u015ftirilmi\u015f design kit se\u00e7imi LED ekran Paslanmaz \u00e7elik d\u00fc\u011fme ile kullan\u0131m\u0131 kolay 340\u00b0C pizza fonksiyonu sayesinde evde m\u00fckemmel Napoliten pizza pi\u015firin Pirolitik temizleme Pi\u015firme ta\u015f\u0131 ve pizza spatulas\u0131 dahildir\" \/>\n<meta property=\"og:url\" content=\"https:\/\/www.home-kueppersbusch.com\/tr-tr\/product\/cbp6332-0s-pizzameister_121140017\/\" \/>\n<meta property=\"og:site_name\" content=\"K\u00fcppersbusch T\u00fcrkiye\" \/>\n<meta name=\"twitter:card\" content=\"summary_large_image\" \/>\n<script type=\"application\/ld+json\" class=\"yoast-schema-graph\">{\"@context\":\"https:\\\/\\\/schema.org\",\"@graph\":[{\"@type\":\"WebPage\",\"@id\":\"https:\\\/\\\/www.home-kueppersbusch.com\\\/tr-tr\\\/product\\\/cbp6332-0s-pizzameister_121140017\\\/\",\"url\":\"https:\\\/\\\/www.home-kueppersbusch.com\\\/tr-tr\\\/product\\\/cbp6332-0s-pizzameister_121140017\\\/\",\"name\":\"CBP6332.0S | K\u00fcppersbusch T\u00fcrkiye\",\"isPartOf\":{\"@id\":\"https:\\\/\\\/www.home-kueppersbusch.com\\\/tr-tr\\\/#website\"},\"datePublished\":\"2026-04-25T09:25:52+00:00\",\"inLanguage\":\"tr\",\"potentialAction\":[{\"@type\":\"ReadAction\",\"target\":[\"https:\\\/\\\/www.home-kueppersbusch.com\\\/tr-tr\\\/product\\\/cbp6332-0s-pizzameister_121140017\\\/\"]}]},{\"@type\":\"WebSite\",\"@id\":\"https:\\\/\\\/www.home-kueppersbusch.com\\\/tr-tr\\\/#website\",\"url\":\"https:\\\/\\\/www.home-kueppersbusch.com\\\/tr-tr\\\/\",\"name\":\"K\u00fcppersbusch T\u00fcrkiye\",\"description\":\"\",\"potentialAction\":[{\"@type\":\"SearchAction\",\"target\":{\"@type\":\"EntryPoint\",\"urlTemplate\":\"https:\\\/\\\/www.home-kueppersbusch.com\\\/tr-tr\\\/?s={search_term_string}\"},\"query-input\":{\"@type\":\"PropertyValueSpecification\",\"valueRequired\":true,\"valueName\":\"search_term_string\"}}],\"inLanguage\":\"tr\"}]}<\/script>\n<!-- \/ Yoast SEO plugin. -->","yoast_head_json":{"title":"CBP6332.0S | K\u00fcppersbusch T\u00fcrkiye","robots":{"index":"index","follow":"follow","max-snippet":"max-snippet:-1","max-image-preview":"max-image-preview:large","max-video-preview":"max-video-preview:-1"},"canonical":"https:\/\/www.home-kueppersbusch.com\/tr-tr\/product\/cbp6332-0s-pizzameister_121140017\/","og_locale":"tr_TR","og_type":"article","og_title":"CBP6332.0S | K\u00fcppersbusch T\u00fcrkiye","og_description":"E\u015fsiz \u00f6kotherm\u00ae kataliz\u00f6r\u00fc sayesinde kokusuz pi\u015firme Bireysel Konsept tasar\u0131m\u0131 sayesinde ki\u015fiselle\u015ftirilmi\u015f design kit se\u00e7imi LED ekran Paslanmaz \u00e7elik d\u00fc\u011fme ile kullan\u0131m\u0131 kolay 340\u00b0C pizza fonksiyonu sayesinde evde m\u00fckemmel Napoliten pizza pi\u015firin Pirolitik temizleme Pi\u015firme ta\u015f\u0131 ve pizza spatulas\u0131 dahildir","og_url":"https:\/\/www.home-kueppersbusch.com\/tr-tr\/product\/cbp6332-0s-pizzameister_121140017\/","og_site_name":"K\u00fcppersbusch T\u00fcrkiye","twitter_card":"summary_large_image","schema":{"@context":"https:\/\/schema.org","@graph":[{"@type":"WebPage","@id":"https:\/\/www.home-kueppersbusch.com\/tr-tr\/product\/cbp6332-0s-pizzameister_121140017\/","url":"https:\/\/www.home-kueppersbusch.com\/tr-tr\/product\/cbp6332-0s-pizzameister_121140017\/","name":"CBP6332.0S | K\u00fcppersbusch T\u00fcrkiye","isPartOf":{"@id":"https:\/\/www.home-kueppersbusch.com\/tr-tr\/#website"},"datePublished":"2026-04-25T09:25:52+00:00","inLanguage":"tr","potentialAction":[{"@type":"ReadAction","target":["https:\/\/www.home-kueppersbusch.com\/tr-tr\/product\/cbp6332-0s-pizzameister_121140017\/"]}]},{"@type":"WebSite","@id":"https:\/\/www.home-kueppersbusch.com\/tr-tr\/#website","url":"https:\/\/www.home-kueppersbusch.com\/tr-tr\/","name":"K\u00fcppersbusch T\u00fcrkiye","description":"","potentialAction":[{"@type":"SearchAction","target":{"@type":"EntryPoint","urlTemplate":"https:\/\/www.home-kueppersbusch.com\/tr-tr\/?s={search_term_string}"},"query-input":{"@type":"PropertyValueSpecification","valueRequired":true,"valueName":"search_term_string"}}],"inLanguage":"tr"}]}},"_links":{"self":[{"href":"https:\/\/www.home-kueppersbusch.com\/tr-tr\/wp-json\/wp\/v2\/product\/75586","targetHints":{"allow":["GET"]}}],"collection":[{"href":"https:\/\/www.home-kueppersbusch.com\/tr-tr\/wp-json\/wp\/v2\/product"}],"about":[{"href":"https:\/\/www.home-kueppersbusch.com\/tr-tr\/wp-json\/wp\/v2\/types\/product"}],"wp:attachment":[{"href":"https:\/\/www.home-kueppersbusch.com\/tr-tr\/wp-json\/wp\/v2\/media?parent=75586"}],"wp:term":[{"taxonomy":"product_cat","embeddable":true,"href":"https:\/\/www.home-kueppersbusch.com\/tr-tr\/wp-json\/wp\/v2\/product_cat?post=75586"},{"taxonomy":"product_edition","embeddable":true,"href":"https:\/\/www.home-kueppersbusch.com\/tr-tr\/wp-json\/wp\/v2\/product_edition?post=75586"},{"taxonomy":"product_energy_efficiency","embeddable":true,"href":"https:\/\/www.home-kueppersbusch.com\/tr-tr\/wp-json\/wp\/v2\/product_energy_efficiency?post=75586"}],"curies":[{"name":"wp","href":"https:\/\/api.w.org\/{rel}","templated":true}]}}