{"id":75565,"date":"2026-04-25T09:25:33","date_gmt":"2026-04-25T09:25:33","guid":{"rendered":"https:\/\/teka.com\/en-int\/mr6330-0gph_122040000"},"modified":"2026-03-28T08:06:25","modified_gmt":"2026-03-28T09:06:25","slug":"mr6330-0gph_122040000","status":"publish","type":"product","link":"https:\/\/www.home-kueppersbusch.com\/tr-tr\/product\/mr6330-0gph_122040000\/","title":{"rendered":"MR6330.0GPH GraphiteLine"},"content":{"rendered":"<ul>\n<li>K\u00fcppersbusch Graphite Line tasar\u0131m\u0131 ile benzersiz<\/li>\n<li>LED ekran daha net g\u00f6r\u00fcn\u00fcm<\/li>\n<li>Paslanmaz \u00e7elik knobControl ile kolay kullan\u0131m<\/li>\n<li>Otomatik programlar ile do\u011fru ayar deste\u011fi<\/li>\n<\/ul>\n","protected":false},"featured_media":0,"parent":0,"template":"","product_cat":[7088],"product_edition":[],"product_energy_efficiency":[],"class_list":["post-75565","product","type-product","status-publish","hentry","product_ambient-kitchen-graphite","product_cat-mikrodalgalar","color-graphite","product_installation-yerlesik","product_lifestyle-k-series-3","usp-kph-graphite-01","usp-kph-graphite-02","usp-kph-graphite-03"],"acf":[],"yoast_head":"<!-- This site is optimized with the Yoast SEO plugin v27.5 - https:\/\/yoast.com\/product\/yoast-seo-wordpress\/ -->\n<title>MR6330.0GPH GraphiteLine | K\u00fcppersbusch T\u00fcrkiye<\/title>\n<meta name=\"robots\" content=\"index, follow, max-snippet:-1, max-image-preview:large, max-video-preview:-1\" \/>\n<link rel=\"canonical\" href=\"https:\/\/www.home-kueppersbusch.com\/tr-tr\/product\/mr6330-0gph_122040000\/\" \/>\n<meta property=\"og:locale\" content=\"tr_TR\" \/>\n<meta property=\"og:type\" content=\"article\" \/>\n<meta property=\"og:title\" content=\"MR6330.0GPH GraphiteLine | K\u00fcppersbusch T\u00fcrkiye\" \/>\n<meta property=\"og:description\" content=\"K\u00fcppersbusch Graphite Line tasar\u0131m\u0131 ile benzersiz LED ekran daha net g\u00f6r\u00fcn\u00fcm Paslanmaz \u00e7elik knobControl ile kolay kullan\u0131m Otomatik programlar ile do\u011fru ayar deste\u011fi\" \/>\n<meta property=\"og:url\" content=\"https:\/\/www.home-kueppersbusch.com\/tr-tr\/product\/mr6330-0gph_122040000\/\" \/>\n<meta property=\"og:site_name\" content=\"K\u00fcppersbusch T\u00fcrkiye\" \/>\n<meta name=\"twitter:card\" content=\"summary_large_image\" \/>\n<script type=\"application\/ld+json\" class=\"yoast-schema-graph\">{\"@context\":\"https:\\\/\\\/schema.org\",\"@graph\":[{\"@type\":\"WebPage\",\"@id\":\"https:\\\/\\\/www.home-kueppersbusch.com\\\/tr-tr\\\/product\\\/mr6330-0gph_122040000\\\/\",\"url\":\"https:\\\/\\\/www.home-kueppersbusch.com\\\/tr-tr\\\/product\\\/mr6330-0gph_122040000\\\/\",\"name\":\"MR6330.0GPH GraphiteLine | K\u00fcppersbusch T\u00fcrkiye\",\"isPartOf\":{\"@id\":\"https:\\\/\\\/www.home-kueppersbusch.com\\\/tr-tr\\\/#website\"},\"datePublished\":\"2026-04-25T09:25:33+00:00\",\"inLanguage\":\"tr\",\"potentialAction\":[{\"@type\":\"ReadAction\",\"target\":[\"https:\\\/\\\/www.home-kueppersbusch.com\\\/tr-tr\\\/product\\\/mr6330-0gph_122040000\\\/\"]}]},{\"@type\":\"WebSite\",\"@id\":\"https:\\\/\\\/www.home-kueppersbusch.com\\\/tr-tr\\\/#website\",\"url\":\"https:\\\/\\\/www.home-kueppersbusch.com\\\/tr-tr\\\/\",\"name\":\"K\u00fcppersbusch T\u00fcrkiye\",\"description\":\"\",\"potentialAction\":[{\"@type\":\"SearchAction\",\"target\":{\"@type\":\"EntryPoint\",\"urlTemplate\":\"https:\\\/\\\/www.home-kueppersbusch.com\\\/tr-tr\\\/?s={search_term_string}\"},\"query-input\":{\"@type\":\"PropertyValueSpecification\",\"valueRequired\":true,\"valueName\":\"search_term_string\"}}],\"inLanguage\":\"tr\"}]}<\/script>\n<!-- \/ Yoast SEO plugin. -->","yoast_head_json":{"title":"MR6330.0GPH GraphiteLine | K\u00fcppersbusch T\u00fcrkiye","robots":{"index":"index","follow":"follow","max-snippet":"max-snippet:-1","max-image-preview":"max-image-preview:large","max-video-preview":"max-video-preview:-1"},"canonical":"https:\/\/www.home-kueppersbusch.com\/tr-tr\/product\/mr6330-0gph_122040000\/","og_locale":"tr_TR","og_type":"article","og_title":"MR6330.0GPH GraphiteLine | K\u00fcppersbusch T\u00fcrkiye","og_description":"K\u00fcppersbusch Graphite Line tasar\u0131m\u0131 ile benzersiz LED ekran daha net g\u00f6r\u00fcn\u00fcm Paslanmaz \u00e7elik knobControl ile kolay kullan\u0131m Otomatik programlar ile do\u011fru ayar deste\u011fi","og_url":"https:\/\/www.home-kueppersbusch.com\/tr-tr\/product\/mr6330-0gph_122040000\/","og_site_name":"K\u00fcppersbusch T\u00fcrkiye","twitter_card":"summary_large_image","schema":{"@context":"https:\/\/schema.org","@graph":[{"@type":"WebPage","@id":"https:\/\/www.home-kueppersbusch.com\/tr-tr\/product\/mr6330-0gph_122040000\/","url":"https:\/\/www.home-kueppersbusch.com\/tr-tr\/product\/mr6330-0gph_122040000\/","name":"MR6330.0GPH GraphiteLine | K\u00fcppersbusch T\u00fcrkiye","isPartOf":{"@id":"https:\/\/www.home-kueppersbusch.com\/tr-tr\/#website"},"datePublished":"2026-04-25T09:25:33+00:00","inLanguage":"tr","potentialAction":[{"@type":"ReadAction","target":["https:\/\/www.home-kueppersbusch.com\/tr-tr\/product\/mr6330-0gph_122040000\/"]}]},{"@type":"WebSite","@id":"https:\/\/www.home-kueppersbusch.com\/tr-tr\/#website","url":"https:\/\/www.home-kueppersbusch.com\/tr-tr\/","name":"K\u00fcppersbusch T\u00fcrkiye","description":"","potentialAction":[{"@type":"SearchAction","target":{"@type":"EntryPoint","urlTemplate":"https:\/\/www.home-kueppersbusch.com\/tr-tr\/?s={search_term_string}"},"query-input":{"@type":"PropertyValueSpecification","valueRequired":true,"valueName":"search_term_string"}}],"inLanguage":"tr"}]}},"_links":{"self":[{"href":"https:\/\/www.home-kueppersbusch.com\/tr-tr\/wp-json\/wp\/v2\/product\/75565","targetHints":{"allow":["GET"]}}],"collection":[{"href":"https:\/\/www.home-kueppersbusch.com\/tr-tr\/wp-json\/wp\/v2\/product"}],"about":[{"href":"https:\/\/www.home-kueppersbusch.com\/tr-tr\/wp-json\/wp\/v2\/types\/product"}],"wp:attachment":[{"href":"https:\/\/www.home-kueppersbusch.com\/tr-tr\/wp-json\/wp\/v2\/media?parent=75565"}],"wp:term":[{"taxonomy":"product_cat","embeddable":true,"href":"https:\/\/www.home-kueppersbusch.com\/tr-tr\/wp-json\/wp\/v2\/product_cat?post=75565"},{"taxonomy":"product_edition","embeddable":true,"href":"https:\/\/www.home-kueppersbusch.com\/tr-tr\/wp-json\/wp\/v2\/product_edition?post=75565"},{"taxonomy":"product_energy_efficiency","embeddable":true,"href":"https:\/\/www.home-kueppersbusch.com\/tr-tr\/wp-json\/wp\/v2\/product_energy_efficiency?post=75565"}],"curies":[{"name":"wp","href":"https:\/\/api.w.org\/{rel}","templated":true}]}}