{"id":75535,"date":"2026-04-25T09:25:06","date_gmt":"2026-04-25T09:25:06","guid":{"rendered":"https:\/\/teka.com\/tr-tr\/fwku1870-0x_123610000"},"modified":"2026-03-28T08:05:27","modified_gmt":"2026-03-28T09:05:27","slug":"fwku1870-0x_123610000","status":"publish","type":"product","link":"https:\/\/www.home-kueppersbusch.com\/tr-tr\/product\/fwku1870-0x_123610000\/","title":{"rendered":"FWKU1870.0X"},"content":{"rendered":"<ul>\n<li>Exclusive+ seri<\/li>\n<li>44 \u015fi\u015fe kapasiteli (Bordo \u015fi\u015fe 0,75 l)<\/li>\n<li>Basmal\u0131 butonlarla elektronik s\u0131cakl\u0131k kontrol\u00fc<\/li>\n<li>Elektronik s\u0131cakl\u0131k g\u00f6stergesi<\/li>\n<li>5 ah\u015fap s\u00fcrg\u00fcl\u00fc raf, \u00e7\u0131kar\u0131labilir<\/li>\n<\/ul>\n","protected":false},"featured_media":0,"parent":0,"template":"","product_cat":[7104],"product_edition":[],"product_energy_efficiency":[9379],"class_list":["post-75535","product","type-product","status-publish","hentry","product_cat-sarap-sogutucu","color-black","product_installation-yerlesik","product_lifestyle-k-series-8","product_energy_efficiency-g-ue-icon-new"],"acf":[],"yoast_head":"<!-- This site is optimized with the Yoast SEO plugin v27.5 - https:\/\/yoast.com\/product\/yoast-seo-wordpress\/ -->\n<title>FWKU1870.0X | K\u00fcppersbusch T\u00fcrkiye<\/title>\n<meta name=\"robots\" content=\"index, follow, max-snippet:-1, max-image-preview:large, max-video-preview:-1\" \/>\n<link rel=\"canonical\" href=\"https:\/\/www.home-kueppersbusch.com\/tr-tr\/product\/fwku1870-0x_123610000\/\" \/>\n<meta property=\"og:locale\" content=\"tr_TR\" \/>\n<meta property=\"og:type\" content=\"article\" \/>\n<meta property=\"og:title\" content=\"FWKU1870.0X | K\u00fcppersbusch T\u00fcrkiye\" \/>\n<meta property=\"og:description\" content=\"Exclusive+ seri 44 \u015fi\u015fe kapasiteli (Bordo \u015fi\u015fe 0,75 l) Basmal\u0131 butonlarla elektronik s\u0131cakl\u0131k kontrol\u00fc Elektronik s\u0131cakl\u0131k g\u00f6stergesi 5 ah\u015fap s\u00fcrg\u00fcl\u00fc raf, \u00e7\u0131kar\u0131labilir\" \/>\n<meta property=\"og:url\" content=\"https:\/\/www.home-kueppersbusch.com\/tr-tr\/product\/fwku1870-0x_123610000\/\" \/>\n<meta property=\"og:site_name\" content=\"K\u00fcppersbusch T\u00fcrkiye\" \/>\n<meta name=\"twitter:card\" content=\"summary_large_image\" \/>\n<script type=\"application\/ld+json\" class=\"yoast-schema-graph\">{\"@context\":\"https:\\\/\\\/schema.org\",\"@graph\":[{\"@type\":\"WebPage\",\"@id\":\"https:\\\/\\\/www.home-kueppersbusch.com\\\/tr-tr\\\/product\\\/fwku1870-0x_123610000\\\/\",\"url\":\"https:\\\/\\\/www.home-kueppersbusch.com\\\/tr-tr\\\/product\\\/fwku1870-0x_123610000\\\/\",\"name\":\"FWKU1870.0X | K\u00fcppersbusch T\u00fcrkiye\",\"isPartOf\":{\"@id\":\"https:\\\/\\\/www.home-kueppersbusch.com\\\/tr-tr\\\/#website\"},\"datePublished\":\"2026-04-25T09:25:06+00:00\",\"inLanguage\":\"tr\",\"potentialAction\":[{\"@type\":\"ReadAction\",\"target\":[\"https:\\\/\\\/www.home-kueppersbusch.com\\\/tr-tr\\\/product\\\/fwku1870-0x_123610000\\\/\"]}]},{\"@type\":\"WebSite\",\"@id\":\"https:\\\/\\\/www.home-kueppersbusch.com\\\/tr-tr\\\/#website\",\"url\":\"https:\\\/\\\/www.home-kueppersbusch.com\\\/tr-tr\\\/\",\"name\":\"K\u00fcppersbusch T\u00fcrkiye\",\"description\":\"\",\"potentialAction\":[{\"@type\":\"SearchAction\",\"target\":{\"@type\":\"EntryPoint\",\"urlTemplate\":\"https:\\\/\\\/www.home-kueppersbusch.com\\\/tr-tr\\\/?s={search_term_string}\"},\"query-input\":{\"@type\":\"PropertyValueSpecification\",\"valueRequired\":true,\"valueName\":\"search_term_string\"}}],\"inLanguage\":\"tr\"}]}<\/script>\n<!-- \/ Yoast SEO plugin. -->","yoast_head_json":{"title":"FWKU1870.0X | K\u00fcppersbusch T\u00fcrkiye","robots":{"index":"index","follow":"follow","max-snippet":"max-snippet:-1","max-image-preview":"max-image-preview:large","max-video-preview":"max-video-preview:-1"},"canonical":"https:\/\/www.home-kueppersbusch.com\/tr-tr\/product\/fwku1870-0x_123610000\/","og_locale":"tr_TR","og_type":"article","og_title":"FWKU1870.0X | K\u00fcppersbusch T\u00fcrkiye","og_description":"Exclusive+ seri 44 \u015fi\u015fe kapasiteli (Bordo \u015fi\u015fe 0,75 l) Basmal\u0131 butonlarla elektronik s\u0131cakl\u0131k kontrol\u00fc Elektronik s\u0131cakl\u0131k g\u00f6stergesi 5 ah\u015fap s\u00fcrg\u00fcl\u00fc raf, \u00e7\u0131kar\u0131labilir","og_url":"https:\/\/www.home-kueppersbusch.com\/tr-tr\/product\/fwku1870-0x_123610000\/","og_site_name":"K\u00fcppersbusch T\u00fcrkiye","twitter_card":"summary_large_image","schema":{"@context":"https:\/\/schema.org","@graph":[{"@type":"WebPage","@id":"https:\/\/www.home-kueppersbusch.com\/tr-tr\/product\/fwku1870-0x_123610000\/","url":"https:\/\/www.home-kueppersbusch.com\/tr-tr\/product\/fwku1870-0x_123610000\/","name":"FWKU1870.0X | K\u00fcppersbusch T\u00fcrkiye","isPartOf":{"@id":"https:\/\/www.home-kueppersbusch.com\/tr-tr\/#website"},"datePublished":"2026-04-25T09:25:06+00:00","inLanguage":"tr","potentialAction":[{"@type":"ReadAction","target":["https:\/\/www.home-kueppersbusch.com\/tr-tr\/product\/fwku1870-0x_123610000\/"]}]},{"@type":"WebSite","@id":"https:\/\/www.home-kueppersbusch.com\/tr-tr\/#website","url":"https:\/\/www.home-kueppersbusch.com\/tr-tr\/","name":"K\u00fcppersbusch T\u00fcrkiye","description":"","potentialAction":[{"@type":"SearchAction","target":{"@type":"EntryPoint","urlTemplate":"https:\/\/www.home-kueppersbusch.com\/tr-tr\/?s={search_term_string}"},"query-input":{"@type":"PropertyValueSpecification","valueRequired":true,"valueName":"search_term_string"}}],"inLanguage":"tr"}]}},"_links":{"self":[{"href":"https:\/\/www.home-kueppersbusch.com\/tr-tr\/wp-json\/wp\/v2\/product\/75535","targetHints":{"allow":["GET"]}}],"collection":[{"href":"https:\/\/www.home-kueppersbusch.com\/tr-tr\/wp-json\/wp\/v2\/product"}],"about":[{"href":"https:\/\/www.home-kueppersbusch.com\/tr-tr\/wp-json\/wp\/v2\/types\/product"}],"wp:attachment":[{"href":"https:\/\/www.home-kueppersbusch.com\/tr-tr\/wp-json\/wp\/v2\/media?parent=75535"}],"wp:term":[{"taxonomy":"product_cat","embeddable":true,"href":"https:\/\/www.home-kueppersbusch.com\/tr-tr\/wp-json\/wp\/v2\/product_cat?post=75535"},{"taxonomy":"product_edition","embeddable":true,"href":"https:\/\/www.home-kueppersbusch.com\/tr-tr\/wp-json\/wp\/v2\/product_edition?post=75535"},{"taxonomy":"product_energy_efficiency","embeddable":true,"href":"https:\/\/www.home-kueppersbusch.com\/tr-tr\/wp-json\/wp\/v2\/product_energy_efficiency?post=75535"}],"curies":[{"name":"wp","href":"https:\/\/api.w.org\/{rel}","templated":true}]}}