{"id":75532,"date":"2026-04-25T09:25:05","date_gmt":"2026-04-25T09:25:05","guid":{"rendered":"https:\/\/teka.com\/en-int\/dd9840-0s_123160007"},"modified":"2026-03-28T08:05:24","modified_gmt":"2026-03-28T09:05:24","slug":"dd9840-0s_123160007","status":"publish","type":"product","link":"https:\/\/www.home-kueppersbusch.com\/tr-tr\/product\/dd9840-0s_123160007\/","title":{"rendered":"DD9840.0S"},"content":{"rendered":"<ul>\n<li>Y\u00fcksek g\u00fc\u00e7 ayar\u0131 dahil 5 g\u00fc\u00e7 seviyesi 2010\/30\/EU y\u00f6nergesine g\u00f6re \u00e7\u0131karma oran\u0131 (d\u0131\u015far\u0131ya): maks. normal g\u00fc\u00e7 ayar\u0131 430m\u00b3\/h,yo\u011fun g\u00fc\u00e7 ayar\u0131 700 m\u00b3\/h Dokunmatik kontrol sens\u00f6rleri ile elektronik kontrol G\u00fc\u00e7 seviyeleri i\u00e7in LED Ekran Uzaktan kumanda dahil Dijital g\u00f6sterge<\/li>\n<\/ul>\n","protected":false},"featured_media":0,"parent":0,"template":"","product_cat":[7101],"product_edition":[],"product_energy_efficiency":[9380],"class_list":["post-75532","product","type-product","status-publish","hentry","product_ambient-kitchen-sc-03","product_cat-downdraft-davlumbazlar","color-stainless-steel","product_lifestyle-k-series-8","usp-kph-hoods-03","usp-kph-hoods-04","product_energy_efficiency-a-icon"],"acf":[],"yoast_head":"<!-- This site is optimized with the Yoast SEO plugin v27.5 - https:\/\/yoast.com\/product\/yoast-seo-wordpress\/ -->\n<title>DD9840.0S | K\u00fcppersbusch T\u00fcrkiye<\/title>\n<meta name=\"robots\" content=\"index, follow, max-snippet:-1, max-image-preview:large, max-video-preview:-1\" \/>\n<link rel=\"canonical\" href=\"https:\/\/www.home-kueppersbusch.com\/tr-tr\/product\/dd9840-0s_123160007\/\" \/>\n<meta property=\"og:locale\" content=\"tr_TR\" \/>\n<meta property=\"og:type\" content=\"article\" \/>\n<meta property=\"og:title\" content=\"DD9840.0S | K\u00fcppersbusch T\u00fcrkiye\" \/>\n<meta property=\"og:description\" content=\"Y\u00fcksek g\u00fc\u00e7 ayar\u0131 dahil 5 g\u00fc\u00e7 seviyesi 2010\/30\/EU y\u00f6nergesine g\u00f6re \u00e7\u0131karma oran\u0131 (d\u0131\u015far\u0131ya): maks. normal g\u00fc\u00e7 ayar\u0131 430m\u00b3\/h,yo\u011fun g\u00fc\u00e7 ayar\u0131 700 m\u00b3\/h Dokunmatik kontrol sens\u00f6rleri ile elektronik kontrol G\u00fc\u00e7 seviyeleri i\u00e7in LED Ekran Uzaktan kumanda dahil Dijital g\u00f6sterge\" \/>\n<meta property=\"og:url\" content=\"https:\/\/www.home-kueppersbusch.com\/tr-tr\/product\/dd9840-0s_123160007\/\" \/>\n<meta property=\"og:site_name\" content=\"K\u00fcppersbusch T\u00fcrkiye\" \/>\n<meta name=\"twitter:card\" content=\"summary_large_image\" \/>\n<script type=\"application\/ld+json\" class=\"yoast-schema-graph\">{\"@context\":\"https:\\\/\\\/schema.org\",\"@graph\":[{\"@type\":\"WebPage\",\"@id\":\"https:\\\/\\\/www.home-kueppersbusch.com\\\/tr-tr\\\/product\\\/dd9840-0s_123160007\\\/\",\"url\":\"https:\\\/\\\/www.home-kueppersbusch.com\\\/tr-tr\\\/product\\\/dd9840-0s_123160007\\\/\",\"name\":\"DD9840.0S | K\u00fcppersbusch T\u00fcrkiye\",\"isPartOf\":{\"@id\":\"https:\\\/\\\/www.home-kueppersbusch.com\\\/tr-tr\\\/#website\"},\"datePublished\":\"2026-04-25T09:25:05+00:00\",\"inLanguage\":\"tr\",\"potentialAction\":[{\"@type\":\"ReadAction\",\"target\":[\"https:\\\/\\\/www.home-kueppersbusch.com\\\/tr-tr\\\/product\\\/dd9840-0s_123160007\\\/\"]}]},{\"@type\":\"WebSite\",\"@id\":\"https:\\\/\\\/www.home-kueppersbusch.com\\\/tr-tr\\\/#website\",\"url\":\"https:\\\/\\\/www.home-kueppersbusch.com\\\/tr-tr\\\/\",\"name\":\"K\u00fcppersbusch T\u00fcrkiye\",\"description\":\"\",\"potentialAction\":[{\"@type\":\"SearchAction\",\"target\":{\"@type\":\"EntryPoint\",\"urlTemplate\":\"https:\\\/\\\/www.home-kueppersbusch.com\\\/tr-tr\\\/?s={search_term_string}\"},\"query-input\":{\"@type\":\"PropertyValueSpecification\",\"valueRequired\":true,\"valueName\":\"search_term_string\"}}],\"inLanguage\":\"tr\"}]}<\/script>\n<!-- \/ Yoast SEO plugin. -->","yoast_head_json":{"title":"DD9840.0S | K\u00fcppersbusch T\u00fcrkiye","robots":{"index":"index","follow":"follow","max-snippet":"max-snippet:-1","max-image-preview":"max-image-preview:large","max-video-preview":"max-video-preview:-1"},"canonical":"https:\/\/www.home-kueppersbusch.com\/tr-tr\/product\/dd9840-0s_123160007\/","og_locale":"tr_TR","og_type":"article","og_title":"DD9840.0S | K\u00fcppersbusch T\u00fcrkiye","og_description":"Y\u00fcksek g\u00fc\u00e7 ayar\u0131 dahil 5 g\u00fc\u00e7 seviyesi 2010\/30\/EU y\u00f6nergesine g\u00f6re \u00e7\u0131karma oran\u0131 (d\u0131\u015far\u0131ya): maks. normal g\u00fc\u00e7 ayar\u0131 430m\u00b3\/h,yo\u011fun g\u00fc\u00e7 ayar\u0131 700 m\u00b3\/h Dokunmatik kontrol sens\u00f6rleri ile elektronik kontrol G\u00fc\u00e7 seviyeleri i\u00e7in LED Ekran Uzaktan kumanda dahil Dijital g\u00f6sterge","og_url":"https:\/\/www.home-kueppersbusch.com\/tr-tr\/product\/dd9840-0s_123160007\/","og_site_name":"K\u00fcppersbusch T\u00fcrkiye","twitter_card":"summary_large_image","schema":{"@context":"https:\/\/schema.org","@graph":[{"@type":"WebPage","@id":"https:\/\/www.home-kueppersbusch.com\/tr-tr\/product\/dd9840-0s_123160007\/","url":"https:\/\/www.home-kueppersbusch.com\/tr-tr\/product\/dd9840-0s_123160007\/","name":"DD9840.0S | K\u00fcppersbusch T\u00fcrkiye","isPartOf":{"@id":"https:\/\/www.home-kueppersbusch.com\/tr-tr\/#website"},"datePublished":"2026-04-25T09:25:05+00:00","inLanguage":"tr","potentialAction":[{"@type":"ReadAction","target":["https:\/\/www.home-kueppersbusch.com\/tr-tr\/product\/dd9840-0s_123160007\/"]}]},{"@type":"WebSite","@id":"https:\/\/www.home-kueppersbusch.com\/tr-tr\/#website","url":"https:\/\/www.home-kueppersbusch.com\/tr-tr\/","name":"K\u00fcppersbusch T\u00fcrkiye","description":"","potentialAction":[{"@type":"SearchAction","target":{"@type":"EntryPoint","urlTemplate":"https:\/\/www.home-kueppersbusch.com\/tr-tr\/?s={search_term_string}"},"query-input":{"@type":"PropertyValueSpecification","valueRequired":true,"valueName":"search_term_string"}}],"inLanguage":"tr"}]}},"_links":{"self":[{"href":"https:\/\/www.home-kueppersbusch.com\/tr-tr\/wp-json\/wp\/v2\/product\/75532","targetHints":{"allow":["GET"]}}],"collection":[{"href":"https:\/\/www.home-kueppersbusch.com\/tr-tr\/wp-json\/wp\/v2\/product"}],"about":[{"href":"https:\/\/www.home-kueppersbusch.com\/tr-tr\/wp-json\/wp\/v2\/types\/product"}],"wp:attachment":[{"href":"https:\/\/www.home-kueppersbusch.com\/tr-tr\/wp-json\/wp\/v2\/media?parent=75532"}],"wp:term":[{"taxonomy":"product_cat","embeddable":true,"href":"https:\/\/www.home-kueppersbusch.com\/tr-tr\/wp-json\/wp\/v2\/product_cat?post=75532"},{"taxonomy":"product_edition","embeddable":true,"href":"https:\/\/www.home-kueppersbusch.com\/tr-tr\/wp-json\/wp\/v2\/product_edition?post=75532"},{"taxonomy":"product_energy_efficiency","embeddable":true,"href":"https:\/\/www.home-kueppersbusch.com\/tr-tr\/wp-json\/wp\/v2\/product_energy_efficiency?post=75532"}],"curies":[{"name":"wp","href":"https:\/\/api.w.org\/{rel}","templated":true}]}}