{"id":75530,"date":"2026-04-25T09:25:04","date_gmt":"2026-04-25T09:25:04","guid":{"rendered":"https:\/\/teka.com\/en-int\/kmi8560-0sr_123160006"},"modified":"2026-04-13T02:30:37","modified_gmt":"2026-04-13T03:30:37","slug":"kmi8560-0sr_123160006","status":"publish","type":"product","link":"https:\/\/www.home-kueppersbusch.com\/tr-tr\/product\/kmi8560-0sr_123160006\/","title":{"rendered":"KMI8560.0SR"},"content":{"rendered":"<ul>\n<li>\u0130nd\u00fcksiyon oca\u011f\u0131n\u0131n \u00f6zellikleri: Beyaz ekranl\u0131 13 seviyeli g\u00fc\u00e7 kontrolleri &quot;glideControl&quot; 3 \u00f6nceden tan\u0131mlanm\u0131\u015f \u00f6zel seviye: erime seviyesi yakl. 42\u00b0C,s\u0131cak tutma seviyesi yakl. 70\u00b0C,makarna seviyesi yakl. 94\u00b0 Optimize edilmi\u015f \u0131zgara i\u015flevi K\u00f6pr\u00fc i\u015flevi,sa\u011f pi\u015firme b\u00f6lgeleri birlikte de\u011fi\u015ftirilebilir Otomatik kontrol g\u00f6stergeli pan ve pan boyutu alg\u0131lama \u00d6zellikler \u00e7\u0131kar\u0131c\u0131: EN 61591 y\u00f6nergesine g\u00f6re \u00e7\u0131karma oran\u0131 (d\u0131\u015far\u0131ya): maks. normal g\u00fc\u00e7 ayar\u0131 435 m\u00b3\/h,yo\u011fun g\u00fc\u00e7 ayar\u0131 570 m\u00b3\/h EN 60704-2-13 y\u00f6nergesine g\u00f6re g\u00fcr\u00fclt\u00fc seviyesi: min. 35 dB,maks. 70 dB,int. 74 dB 10 g\u00fc\u00e7 seviyesi dahil. y\u00fcksek g\u00fc\u00e7 ayar\u0131 Dijital g\u00f6sterge<\/li>\n<\/ul>\n","protected":false},"featured_media":0,"parent":0,"template":"","product_cat":[9496],"product_edition":[],"product_energy_efficiency":[9384],"class_list":["post-75530","product","type-product","status-publish","hentry","product_cat-entegre-aspiratoerlue-indueksiyon-ocaklar","color-black","product_lifestyle-k-series-5","usp-kph-hobs-04","usp-kph-hobs-03","product_energy_efficiency-a-plus-icon"],"acf":[],"yoast_head":"<!-- This site is optimized with the Yoast SEO plugin v27.5 - https:\/\/yoast.com\/product\/yoast-seo-wordpress\/ -->\n<title>KMI8560.0SR | K\u00fcppersbusch T\u00fcrkiye<\/title>\n<meta name=\"robots\" content=\"index, follow, max-snippet:-1, max-image-preview:large, max-video-preview:-1\" \/>\n<link rel=\"canonical\" href=\"https:\/\/www.home-kueppersbusch.com\/tr-tr\/product\/kmi8560-0sr_123160006\/\" \/>\n<meta property=\"og:locale\" content=\"tr_TR\" \/>\n<meta property=\"og:type\" content=\"article\" \/>\n<meta property=\"og:title\" content=\"KMI8560.0SR | K\u00fcppersbusch T\u00fcrkiye\" \/>\n<meta property=\"og:description\" content=\"\u0130nd\u00fcksiyon oca\u011f\u0131n\u0131n \u00f6zellikleri: Beyaz ekranl\u0131 13 seviyeli g\u00fc\u00e7 kontrolleri &quot;glideControl&quot; 3 \u00f6nceden tan\u0131mlanm\u0131\u015f \u00f6zel seviye: erime seviyesi yakl. 42\u00b0C,s\u0131cak tutma seviyesi yakl. 70\u00b0C,makarna seviyesi yakl. 94\u00b0 Optimize edilmi\u015f \u0131zgara i\u015flevi K\u00f6pr\u00fc i\u015flevi,sa\u011f pi\u015firme b\u00f6lgeleri birlikte de\u011fi\u015ftirilebilir Otomatik kontrol g\u00f6stergeli pan ve pan boyutu alg\u0131lama \u00d6zellikler \u00e7\u0131kar\u0131c\u0131: EN 61591 y\u00f6nergesine g\u00f6re \u00e7\u0131karma oran\u0131 (d\u0131\u015far\u0131ya): maks. normal [&hellip;]\" \/>\n<meta property=\"og:url\" content=\"https:\/\/www.home-kueppersbusch.com\/tr-tr\/product\/kmi8560-0sr_123160006\/\" \/>\n<meta property=\"og:site_name\" content=\"K\u00fcppersbusch T\u00fcrkiye\" \/>\n<meta name=\"twitter:card\" content=\"summary_large_image\" \/>\n<meta name=\"twitter:label1\" content=\"Tahmini okuma s\u00fcresi\" \/>\n\t<meta name=\"twitter:data1\" content=\"1 dakika\" \/>\n<script type=\"application\/ld+json\" class=\"yoast-schema-graph\">{\"@context\":\"https:\\\/\\\/schema.org\",\"@graph\":[{\"@type\":\"WebPage\",\"@id\":\"https:\\\/\\\/www.home-kueppersbusch.com\\\/tr-tr\\\/product\\\/kmi8560-0sr_123160006\\\/\",\"url\":\"https:\\\/\\\/www.home-kueppersbusch.com\\\/tr-tr\\\/product\\\/kmi8560-0sr_123160006\\\/\",\"name\":\"KMI8560.0SR | K\u00fcppersbusch T\u00fcrkiye\",\"isPartOf\":{\"@id\":\"https:\\\/\\\/www.home-kueppersbusch.com\\\/tr-tr\\\/#website\"},\"datePublished\":\"2026-04-25T09:25:04+00:00\",\"inLanguage\":\"tr\",\"potentialAction\":[{\"@type\":\"ReadAction\",\"target\":[\"https:\\\/\\\/www.home-kueppersbusch.com\\\/tr-tr\\\/product\\\/kmi8560-0sr_123160006\\\/\"]}]},{\"@type\":\"WebSite\",\"@id\":\"https:\\\/\\\/www.home-kueppersbusch.com\\\/tr-tr\\\/#website\",\"url\":\"https:\\\/\\\/www.home-kueppersbusch.com\\\/tr-tr\\\/\",\"name\":\"K\u00fcppersbusch T\u00fcrkiye\",\"description\":\"\",\"potentialAction\":[{\"@type\":\"SearchAction\",\"target\":{\"@type\":\"EntryPoint\",\"urlTemplate\":\"https:\\\/\\\/www.home-kueppersbusch.com\\\/tr-tr\\\/?s={search_term_string}\"},\"query-input\":{\"@type\":\"PropertyValueSpecification\",\"valueRequired\":true,\"valueName\":\"search_term_string\"}}],\"inLanguage\":\"tr\"}]}<\/script>\n<!-- \/ Yoast SEO plugin. -->","yoast_head_json":{"title":"KMI8560.0SR | K\u00fcppersbusch T\u00fcrkiye","robots":{"index":"index","follow":"follow","max-snippet":"max-snippet:-1","max-image-preview":"max-image-preview:large","max-video-preview":"max-video-preview:-1"},"canonical":"https:\/\/www.home-kueppersbusch.com\/tr-tr\/product\/kmi8560-0sr_123160006\/","og_locale":"tr_TR","og_type":"article","og_title":"KMI8560.0SR | K\u00fcppersbusch T\u00fcrkiye","og_description":"\u0130nd\u00fcksiyon oca\u011f\u0131n\u0131n \u00f6zellikleri: Beyaz ekranl\u0131 13 seviyeli g\u00fc\u00e7 kontrolleri &quot;glideControl&quot; 3 \u00f6nceden tan\u0131mlanm\u0131\u015f \u00f6zel seviye: erime seviyesi yakl. 42\u00b0C,s\u0131cak tutma seviyesi yakl. 70\u00b0C,makarna seviyesi yakl. 94\u00b0 Optimize edilmi\u015f \u0131zgara i\u015flevi K\u00f6pr\u00fc i\u015flevi,sa\u011f pi\u015firme b\u00f6lgeleri birlikte de\u011fi\u015ftirilebilir Otomatik kontrol g\u00f6stergeli pan ve pan boyutu alg\u0131lama \u00d6zellikler \u00e7\u0131kar\u0131c\u0131: EN 61591 y\u00f6nergesine g\u00f6re \u00e7\u0131karma oran\u0131 (d\u0131\u015far\u0131ya): maks. normal [&hellip;]","og_url":"https:\/\/www.home-kueppersbusch.com\/tr-tr\/product\/kmi8560-0sr_123160006\/","og_site_name":"K\u00fcppersbusch T\u00fcrkiye","twitter_card":"summary_large_image","twitter_misc":{"Tahmini okuma s\u00fcresi":"1 dakika"},"schema":{"@context":"https:\/\/schema.org","@graph":[{"@type":"WebPage","@id":"https:\/\/www.home-kueppersbusch.com\/tr-tr\/product\/kmi8560-0sr_123160006\/","url":"https:\/\/www.home-kueppersbusch.com\/tr-tr\/product\/kmi8560-0sr_123160006\/","name":"KMI8560.0SR | K\u00fcppersbusch T\u00fcrkiye","isPartOf":{"@id":"https:\/\/www.home-kueppersbusch.com\/tr-tr\/#website"},"datePublished":"2026-04-25T09:25:04+00:00","inLanguage":"tr","potentialAction":[{"@type":"ReadAction","target":["https:\/\/www.home-kueppersbusch.com\/tr-tr\/product\/kmi8560-0sr_123160006\/"]}]},{"@type":"WebSite","@id":"https:\/\/www.home-kueppersbusch.com\/tr-tr\/#website","url":"https:\/\/www.home-kueppersbusch.com\/tr-tr\/","name":"K\u00fcppersbusch T\u00fcrkiye","description":"","potentialAction":[{"@type":"SearchAction","target":{"@type":"EntryPoint","urlTemplate":"https:\/\/www.home-kueppersbusch.com\/tr-tr\/?s={search_term_string}"},"query-input":{"@type":"PropertyValueSpecification","valueRequired":true,"valueName":"search_term_string"}}],"inLanguage":"tr"}]}},"_links":{"self":[{"href":"https:\/\/www.home-kueppersbusch.com\/tr-tr\/wp-json\/wp\/v2\/product\/75530","targetHints":{"allow":["GET"]}}],"collection":[{"href":"https:\/\/www.home-kueppersbusch.com\/tr-tr\/wp-json\/wp\/v2\/product"}],"about":[{"href":"https:\/\/www.home-kueppersbusch.com\/tr-tr\/wp-json\/wp\/v2\/types\/product"}],"wp:attachment":[{"href":"https:\/\/www.home-kueppersbusch.com\/tr-tr\/wp-json\/wp\/v2\/media?parent=75530"}],"wp:term":[{"taxonomy":"product_cat","embeddable":true,"href":"https:\/\/www.home-kueppersbusch.com\/tr-tr\/wp-json\/wp\/v2\/product_cat?post=75530"},{"taxonomy":"product_edition","embeddable":true,"href":"https:\/\/www.home-kueppersbusch.com\/tr-tr\/wp-json\/wp\/v2\/product_edition?post=75530"},{"taxonomy":"product_energy_efficiency","embeddable":true,"href":"https:\/\/www.home-kueppersbusch.com\/tr-tr\/wp-json\/wp\/v2\/product_energy_efficiency?post=75530"}],"curies":[{"name":"wp","href":"https:\/\/api.w.org\/{rel}","templated":true}]}}