{"id":75526,"date":"2026-04-25T09:25:00","date_gmt":"2026-04-25T09:25:00","guid":{"rendered":"https:\/\/teka.com\/en-gb\/zv8020_121890019"},"modified":"2026-03-28T08:05:15","modified_gmt":"2026-03-28T09:05:15","slug":"zv8020_121890019","status":"publish","type":"product","link":"https:\/\/www.home-kueppersbusch.com\/tr-tr\/product\/zv8020_121890019\/","title":{"rendered":"ZV8020"},"content":{"rendered":"<ul>\n<li>Siyah \u00f6n cam<\/li>\n<\/ul>\n","protected":false},"featured_media":0,"parent":0,"template":"","product_cat":[7092],"product_edition":[],"product_energy_efficiency":[],"class_list":["post-75526","product","type-product","status-publish","hentry","finishes-9943","finishes-9944","finishes-9945","finishes-9946","finishes-9947","finishes-9948","finishes-9949","finishes-9950","product_cat-cekmeceler","color-black"],"acf":[],"yoast_head":"<!-- This site is optimized with the Yoast SEO plugin v27.5 - https:\/\/yoast.com\/product\/yoast-seo-wordpress\/ -->\n<title>ZV8020 | K\u00fcppersbusch T\u00fcrkiye<\/title>\n<meta name=\"robots\" content=\"index, follow, max-snippet:-1, max-image-preview:large, max-video-preview:-1\" \/>\n<link rel=\"canonical\" href=\"https:\/\/www.home-kueppersbusch.com\/tr-tr\/product\/zv8020_121890019\/\" \/>\n<meta property=\"og:locale\" content=\"tr_TR\" \/>\n<meta property=\"og:type\" content=\"article\" \/>\n<meta property=\"og:title\" content=\"ZV8020 | K\u00fcppersbusch T\u00fcrkiye\" \/>\n<meta property=\"og:description\" content=\"Siyah \u00f6n cam\" \/>\n<meta property=\"og:url\" content=\"https:\/\/www.home-kueppersbusch.com\/tr-tr\/product\/zv8020_121890019\/\" \/>\n<meta property=\"og:site_name\" content=\"K\u00fcppersbusch T\u00fcrkiye\" \/>\n<meta name=\"twitter:card\" content=\"summary_large_image\" \/>\n<script type=\"application\/ld+json\" class=\"yoast-schema-graph\">{\"@context\":\"https:\\\/\\\/schema.org\",\"@graph\":[{\"@type\":\"WebPage\",\"@id\":\"https:\\\/\\\/www.home-kueppersbusch.com\\\/tr-tr\\\/product\\\/zv8020_121890019\\\/\",\"url\":\"https:\\\/\\\/www.home-kueppersbusch.com\\\/tr-tr\\\/product\\\/zv8020_121890019\\\/\",\"name\":\"ZV8020 | K\u00fcppersbusch T\u00fcrkiye\",\"isPartOf\":{\"@id\":\"https:\\\/\\\/www.home-kueppersbusch.com\\\/tr-tr\\\/#website\"},\"datePublished\":\"2026-04-25T09:25:00+00:00\",\"inLanguage\":\"tr\",\"potentialAction\":[{\"@type\":\"ReadAction\",\"target\":[\"https:\\\/\\\/www.home-kueppersbusch.com\\\/tr-tr\\\/product\\\/zv8020_121890019\\\/\"]}]},{\"@type\":\"WebSite\",\"@id\":\"https:\\\/\\\/www.home-kueppersbusch.com\\\/tr-tr\\\/#website\",\"url\":\"https:\\\/\\\/www.home-kueppersbusch.com\\\/tr-tr\\\/\",\"name\":\"K\u00fcppersbusch T\u00fcrkiye\",\"description\":\"\",\"potentialAction\":[{\"@type\":\"SearchAction\",\"target\":{\"@type\":\"EntryPoint\",\"urlTemplate\":\"https:\\\/\\\/www.home-kueppersbusch.com\\\/tr-tr\\\/?s={search_term_string}\"},\"query-input\":{\"@type\":\"PropertyValueSpecification\",\"valueRequired\":true,\"valueName\":\"search_term_string\"}}],\"inLanguage\":\"tr\"}]}<\/script>\n<!-- \/ Yoast SEO plugin. -->","yoast_head_json":{"title":"ZV8020 | K\u00fcppersbusch T\u00fcrkiye","robots":{"index":"index","follow":"follow","max-snippet":"max-snippet:-1","max-image-preview":"max-image-preview:large","max-video-preview":"max-video-preview:-1"},"canonical":"https:\/\/www.home-kueppersbusch.com\/tr-tr\/product\/zv8020_121890019\/","og_locale":"tr_TR","og_type":"article","og_title":"ZV8020 | K\u00fcppersbusch T\u00fcrkiye","og_description":"Siyah \u00f6n cam","og_url":"https:\/\/www.home-kueppersbusch.com\/tr-tr\/product\/zv8020_121890019\/","og_site_name":"K\u00fcppersbusch T\u00fcrkiye","twitter_card":"summary_large_image","schema":{"@context":"https:\/\/schema.org","@graph":[{"@type":"WebPage","@id":"https:\/\/www.home-kueppersbusch.com\/tr-tr\/product\/zv8020_121890019\/","url":"https:\/\/www.home-kueppersbusch.com\/tr-tr\/product\/zv8020_121890019\/","name":"ZV8020 | K\u00fcppersbusch T\u00fcrkiye","isPartOf":{"@id":"https:\/\/www.home-kueppersbusch.com\/tr-tr\/#website"},"datePublished":"2026-04-25T09:25:00+00:00","inLanguage":"tr","potentialAction":[{"@type":"ReadAction","target":["https:\/\/www.home-kueppersbusch.com\/tr-tr\/product\/zv8020_121890019\/"]}]},{"@type":"WebSite","@id":"https:\/\/www.home-kueppersbusch.com\/tr-tr\/#website","url":"https:\/\/www.home-kueppersbusch.com\/tr-tr\/","name":"K\u00fcppersbusch T\u00fcrkiye","description":"","potentialAction":[{"@type":"SearchAction","target":{"@type":"EntryPoint","urlTemplate":"https:\/\/www.home-kueppersbusch.com\/tr-tr\/?s={search_term_string}"},"query-input":{"@type":"PropertyValueSpecification","valueRequired":true,"valueName":"search_term_string"}}],"inLanguage":"tr"}]}},"_links":{"self":[{"href":"https:\/\/www.home-kueppersbusch.com\/tr-tr\/wp-json\/wp\/v2\/product\/75526","targetHints":{"allow":["GET"]}}],"collection":[{"href":"https:\/\/www.home-kueppersbusch.com\/tr-tr\/wp-json\/wp\/v2\/product"}],"about":[{"href":"https:\/\/www.home-kueppersbusch.com\/tr-tr\/wp-json\/wp\/v2\/types\/product"}],"wp:attachment":[{"href":"https:\/\/www.home-kueppersbusch.com\/tr-tr\/wp-json\/wp\/v2\/media?parent=75526"}],"wp:term":[{"taxonomy":"product_cat","embeddable":true,"href":"https:\/\/www.home-kueppersbusch.com\/tr-tr\/wp-json\/wp\/v2\/product_cat?post=75526"},{"taxonomy":"product_edition","embeddable":true,"href":"https:\/\/www.home-kueppersbusch.com\/tr-tr\/wp-json\/wp\/v2\/product_edition?post=75526"},{"taxonomy":"product_energy_efficiency","embeddable":true,"href":"https:\/\/www.home-kueppersbusch.com\/tr-tr\/wp-json\/wp\/v2\/product_energy_efficiency?post=75526"}],"curies":[{"name":"wp","href":"https:\/\/api.w.org\/{rel}","templated":true}]}}