{"id":75465,"date":"2026-04-03T17:41:32","date_gmt":"2026-04-03T17:41:32","guid":{"rendered":"https:\/\/teka.com\/en-int\/gx6500-0v_124270006"},"modified":"2026-03-28T08:03:13","modified_gmt":"2026-03-28T09:03:13","slug":"gx6500-0v_124270006","status":"publish","type":"product","link":"https:\/\/www.home-kueppersbusch.com\/tr-tr\/product\/gx6500-0v_124270006\/","title":{"rendered":"GX6500.0v"},"content":{"rendered":"<ul>\n<li>E enerji s\u0131n\u0131f\u0131 sayesinde verimli t\u00fcketim<\/li>\n<li>Dokunmatik buton kontrol\u00fc ile kolay kullan\u0131m<\/li>\n<li>15 ki\u015filik yemek taba\u011f\u0131 alan\u0131 sayesinde maksimum rahatl\u0131k<\/li>\n<li>FlexHinge ile kolay kurulum, maksimum esneklik<\/li>\n<li>Cam bak\u0131m program\u0131 ile hassas cam temizli\u011fi<\/li>\n<\/ul>\n","protected":false},"featured_media":0,"parent":0,"template":"","product_cat":[7110],"product_edition":[],"product_energy_efficiency":[9377],"class_list":["post-75465","product","type-product","status-publish","hentry","product_ambient-kitchen-bv-03","product_cat-60-cm","product_icons-beam-on-floor","product_icons-eco-function","product_icons-third-cutlery-tray","product_icons-multi-cleaner","product_icons-premium-dry","product_icons-sliding-door","product_icons-smart-sensor","product_installation-yerlesik","product_lifestyle-k-series-5","usp-kph-dishwashers-02","product_energy_efficiency-e-ue-icon-new"],"acf":[],"yoast_head":"<!-- This site is optimized with the Yoast SEO plugin v27.2 - https:\/\/yoast.com\/product\/yoast-seo-wordpress\/ -->\n<title>GX6500.0v | K\u00fcppersbusch T\u00fcrkiye<\/title>\n<meta name=\"robots\" content=\"index, follow, max-snippet:-1, max-image-preview:large, max-video-preview:-1\" \/>\n<link rel=\"canonical\" href=\"https:\/\/www.home-kueppersbusch.com\/tr-tr\/product\/gx6500-0v_124270006\/\" \/>\n<meta property=\"og:locale\" content=\"tr_TR\" \/>\n<meta property=\"og:type\" content=\"article\" \/>\n<meta property=\"og:title\" content=\"GX6500.0v | K\u00fcppersbusch T\u00fcrkiye\" \/>\n<meta property=\"og:description\" content=\"E enerji s\u0131n\u0131f\u0131 sayesinde verimli t\u00fcketim Dokunmatik buton kontrol\u00fc ile kolay kullan\u0131m 15 ki\u015filik yemek taba\u011f\u0131 alan\u0131 sayesinde maksimum rahatl\u0131k FlexHinge ile kolay kurulum, maksimum esneklik Cam bak\u0131m program\u0131 ile hassas cam temizli\u011fi\" \/>\n<meta property=\"og:url\" content=\"https:\/\/www.home-kueppersbusch.com\/tr-tr\/product\/gx6500-0v_124270006\/\" \/>\n<meta property=\"og:site_name\" content=\"K\u00fcppersbusch T\u00fcrkiye\" \/>\n<meta name=\"twitter:card\" content=\"summary_large_image\" \/>\n<script type=\"application\/ld+json\" class=\"yoast-schema-graph\">{\"@context\":\"https:\/\/schema.org\",\"@graph\":[{\"@type\":\"WebPage\",\"@id\":\"https:\/\/www.home-kueppersbusch.com\/tr-tr\/product\/gx6500-0v_124270006\/\",\"url\":\"https:\/\/www.home-kueppersbusch.com\/tr-tr\/product\/gx6500-0v_124270006\/\",\"name\":\"GX6500.0v | K\u00fcppersbusch T\u00fcrkiye\",\"isPartOf\":{\"@id\":\"https:\/\/www.home-kueppersbusch.com\/tr-tr\/#website\"},\"datePublished\":\"2026-04-03T17:41:32+00:00\",\"inLanguage\":\"tr\",\"potentialAction\":[{\"@type\":\"ReadAction\",\"target\":[\"https:\/\/www.home-kueppersbusch.com\/tr-tr\/product\/gx6500-0v_124270006\/\"]}]},{\"@type\":\"WebSite\",\"@id\":\"https:\/\/www.home-kueppersbusch.com\/tr-tr\/#website\",\"url\":\"https:\/\/www.home-kueppersbusch.com\/tr-tr\/\",\"name\":\"K\u00fcppersbusch T\u00fcrkiye\",\"description\":\"\",\"potentialAction\":[{\"@type\":\"SearchAction\",\"target\":{\"@type\":\"EntryPoint\",\"urlTemplate\":\"https:\/\/www.home-kueppersbusch.com\/tr-tr\/?s={search_term_string}\"},\"query-input\":{\"@type\":\"PropertyValueSpecification\",\"valueRequired\":true,\"valueName\":\"search_term_string\"}}],\"inLanguage\":\"tr\"}]}<\/script>\n<!-- \/ Yoast SEO plugin. -->","yoast_head_json":{"title":"GX6500.0v | K\u00fcppersbusch T\u00fcrkiye","robots":{"index":"index","follow":"follow","max-snippet":"max-snippet:-1","max-image-preview":"max-image-preview:large","max-video-preview":"max-video-preview:-1"},"canonical":"https:\/\/www.home-kueppersbusch.com\/tr-tr\/product\/gx6500-0v_124270006\/","og_locale":"tr_TR","og_type":"article","og_title":"GX6500.0v | K\u00fcppersbusch T\u00fcrkiye","og_description":"E enerji s\u0131n\u0131f\u0131 sayesinde verimli t\u00fcketim Dokunmatik buton kontrol\u00fc ile kolay kullan\u0131m 15 ki\u015filik yemek taba\u011f\u0131 alan\u0131 sayesinde maksimum rahatl\u0131k FlexHinge ile kolay kurulum, maksimum esneklik Cam bak\u0131m program\u0131 ile hassas cam temizli\u011fi","og_url":"https:\/\/www.home-kueppersbusch.com\/tr-tr\/product\/gx6500-0v_124270006\/","og_site_name":"K\u00fcppersbusch T\u00fcrkiye","twitter_card":"summary_large_image","schema":{"@context":"https:\/\/schema.org","@graph":[{"@type":"WebPage","@id":"https:\/\/www.home-kueppersbusch.com\/tr-tr\/product\/gx6500-0v_124270006\/","url":"https:\/\/www.home-kueppersbusch.com\/tr-tr\/product\/gx6500-0v_124270006\/","name":"GX6500.0v | K\u00fcppersbusch T\u00fcrkiye","isPartOf":{"@id":"https:\/\/www.home-kueppersbusch.com\/tr-tr\/#website"},"datePublished":"2026-04-03T17:41:32+00:00","inLanguage":"tr","potentialAction":[{"@type":"ReadAction","target":["https:\/\/www.home-kueppersbusch.com\/tr-tr\/product\/gx6500-0v_124270006\/"]}]},{"@type":"WebSite","@id":"https:\/\/www.home-kueppersbusch.com\/tr-tr\/#website","url":"https:\/\/www.home-kueppersbusch.com\/tr-tr\/","name":"K\u00fcppersbusch T\u00fcrkiye","description":"","potentialAction":[{"@type":"SearchAction","target":{"@type":"EntryPoint","urlTemplate":"https:\/\/www.home-kueppersbusch.com\/tr-tr\/?s={search_term_string}"},"query-input":{"@type":"PropertyValueSpecification","valueRequired":true,"valueName":"search_term_string"}}],"inLanguage":"tr"}]}},"_links":{"self":[{"href":"https:\/\/www.home-kueppersbusch.com\/tr-tr\/wp-json\/wp\/v2\/product\/75465","targetHints":{"allow":["GET"]}}],"collection":[{"href":"https:\/\/www.home-kueppersbusch.com\/tr-tr\/wp-json\/wp\/v2\/product"}],"about":[{"href":"https:\/\/www.home-kueppersbusch.com\/tr-tr\/wp-json\/wp\/v2\/types\/product"}],"wp:attachment":[{"href":"https:\/\/www.home-kueppersbusch.com\/tr-tr\/wp-json\/wp\/v2\/media?parent=75465"}],"wp:term":[{"taxonomy":"product_cat","embeddable":true,"href":"https:\/\/www.home-kueppersbusch.com\/tr-tr\/wp-json\/wp\/v2\/product_cat?post=75465"},{"taxonomy":"product_edition","embeddable":true,"href":"https:\/\/www.home-kueppersbusch.com\/tr-tr\/wp-json\/wp\/v2\/product_edition?post=75465"},{"taxonomy":"product_energy_efficiency","embeddable":true,"href":"https:\/\/www.home-kueppersbusch.com\/tr-tr\/wp-json\/wp\/v2\/product_energy_efficiency?post=75465"}],"curies":[{"name":"wp","href":"https:\/\/api.w.org\/{rel}","templated":true}]}}