{"id":75458,"date":"2026-04-25T09:23:59","date_gmt":"2026-04-25T09:23:59","guid":{"rendered":"https:\/\/teka.com\/en-int\/def6300-0e_123080000"},"modified":"2026-03-28T08:03:05","modified_gmt":"2026-03-28T09:03:05","slug":"def6300-0e_123080000","status":"publish","type":"product","link":"https:\/\/www.home-kueppersbusch.com\/tr-tr\/product\/def6300-0e_123080000\/","title":{"rendered":"DEF6300.0E"},"content":{"rendered":"<ul>\n<li>Teleskopik g\u00f6lgelik 3 g\u00fc\u00e7 seviyesi 2010\/30\/EU y\u00f6nergesine g\u00f6re \u00e7\u0131karma oran\u0131 (d\u0131\u015far\u0131ya): maks. normal g\u00fc\u00e7 ayar\u0131 385 m\u00b3\/h Basmal\u0131 d\u00fc\u011fmelerle elektronik kontrol Yandan \u00e7al\u0131\u015ft\u0131r\u0131l\u0131r Toplama alan\u0131n\u0131 geni\u015fletmek i\u00e7in uzat\u0131labilir cam panel<\/li>\n<\/ul>\n","protected":false},"featured_media":0,"parent":0,"template":"","product_cat":[7094],"product_edition":[],"product_energy_efficiency":[9380],"class_list":["post-75458","product","type-product","status-publish","hentry","product_cat-tavan-aspiratoerleri","color-stainless-steel","product_lifestyle-k-series-3","product_energy_efficiency-a-icon"],"acf":[],"yoast_head":"<!-- This site is optimized with the Yoast SEO plugin v27.5 - https:\/\/yoast.com\/product\/yoast-seo-wordpress\/ -->\n<title>DEF6300.0E | K\u00fcppersbusch T\u00fcrkiye<\/title>\n<meta name=\"robots\" content=\"index, follow, max-snippet:-1, max-image-preview:large, max-video-preview:-1\" \/>\n<link rel=\"canonical\" href=\"https:\/\/www.home-kueppersbusch.com\/tr-tr\/product\/def6300-0e_123080000\/\" \/>\n<meta property=\"og:locale\" content=\"tr_TR\" \/>\n<meta property=\"og:type\" content=\"article\" \/>\n<meta property=\"og:title\" content=\"DEF6300.0E | K\u00fcppersbusch T\u00fcrkiye\" \/>\n<meta property=\"og:description\" content=\"Teleskopik g\u00f6lgelik 3 g\u00fc\u00e7 seviyesi 2010\/30\/EU y\u00f6nergesine g\u00f6re \u00e7\u0131karma oran\u0131 (d\u0131\u015far\u0131ya): maks. normal g\u00fc\u00e7 ayar\u0131 385 m\u00b3\/h Basmal\u0131 d\u00fc\u011fmelerle elektronik kontrol Yandan \u00e7al\u0131\u015ft\u0131r\u0131l\u0131r Toplama alan\u0131n\u0131 geni\u015fletmek i\u00e7in uzat\u0131labilir cam panel\" \/>\n<meta property=\"og:url\" content=\"https:\/\/www.home-kueppersbusch.com\/tr-tr\/product\/def6300-0e_123080000\/\" \/>\n<meta property=\"og:site_name\" content=\"K\u00fcppersbusch T\u00fcrkiye\" \/>\n<meta name=\"twitter:card\" content=\"summary_large_image\" \/>\n<script type=\"application\/ld+json\" class=\"yoast-schema-graph\">{\"@context\":\"https:\\\/\\\/schema.org\",\"@graph\":[{\"@type\":\"WebPage\",\"@id\":\"https:\\\/\\\/www.home-kueppersbusch.com\\\/tr-tr\\\/product\\\/def6300-0e_123080000\\\/\",\"url\":\"https:\\\/\\\/www.home-kueppersbusch.com\\\/tr-tr\\\/product\\\/def6300-0e_123080000\\\/\",\"name\":\"DEF6300.0E | K\u00fcppersbusch T\u00fcrkiye\",\"isPartOf\":{\"@id\":\"https:\\\/\\\/www.home-kueppersbusch.com\\\/tr-tr\\\/#website\"},\"datePublished\":\"2026-04-25T09:23:59+00:00\",\"inLanguage\":\"tr\",\"potentialAction\":[{\"@type\":\"ReadAction\",\"target\":[\"https:\\\/\\\/www.home-kueppersbusch.com\\\/tr-tr\\\/product\\\/def6300-0e_123080000\\\/\"]}]},{\"@type\":\"WebSite\",\"@id\":\"https:\\\/\\\/www.home-kueppersbusch.com\\\/tr-tr\\\/#website\",\"url\":\"https:\\\/\\\/www.home-kueppersbusch.com\\\/tr-tr\\\/\",\"name\":\"K\u00fcppersbusch T\u00fcrkiye\",\"description\":\"\",\"potentialAction\":[{\"@type\":\"SearchAction\",\"target\":{\"@type\":\"EntryPoint\",\"urlTemplate\":\"https:\\\/\\\/www.home-kueppersbusch.com\\\/tr-tr\\\/?s={search_term_string}\"},\"query-input\":{\"@type\":\"PropertyValueSpecification\",\"valueRequired\":true,\"valueName\":\"search_term_string\"}}],\"inLanguage\":\"tr\"}]}<\/script>\n<!-- \/ Yoast SEO plugin. -->","yoast_head_json":{"title":"DEF6300.0E | K\u00fcppersbusch T\u00fcrkiye","robots":{"index":"index","follow":"follow","max-snippet":"max-snippet:-1","max-image-preview":"max-image-preview:large","max-video-preview":"max-video-preview:-1"},"canonical":"https:\/\/www.home-kueppersbusch.com\/tr-tr\/product\/def6300-0e_123080000\/","og_locale":"tr_TR","og_type":"article","og_title":"DEF6300.0E | K\u00fcppersbusch T\u00fcrkiye","og_description":"Teleskopik g\u00f6lgelik 3 g\u00fc\u00e7 seviyesi 2010\/30\/EU y\u00f6nergesine g\u00f6re \u00e7\u0131karma oran\u0131 (d\u0131\u015far\u0131ya): maks. normal g\u00fc\u00e7 ayar\u0131 385 m\u00b3\/h Basmal\u0131 d\u00fc\u011fmelerle elektronik kontrol Yandan \u00e7al\u0131\u015ft\u0131r\u0131l\u0131r Toplama alan\u0131n\u0131 geni\u015fletmek i\u00e7in uzat\u0131labilir cam panel","og_url":"https:\/\/www.home-kueppersbusch.com\/tr-tr\/product\/def6300-0e_123080000\/","og_site_name":"K\u00fcppersbusch T\u00fcrkiye","twitter_card":"summary_large_image","schema":{"@context":"https:\/\/schema.org","@graph":[{"@type":"WebPage","@id":"https:\/\/www.home-kueppersbusch.com\/tr-tr\/product\/def6300-0e_123080000\/","url":"https:\/\/www.home-kueppersbusch.com\/tr-tr\/product\/def6300-0e_123080000\/","name":"DEF6300.0E | K\u00fcppersbusch T\u00fcrkiye","isPartOf":{"@id":"https:\/\/www.home-kueppersbusch.com\/tr-tr\/#website"},"datePublished":"2026-04-25T09:23:59+00:00","inLanguage":"tr","potentialAction":[{"@type":"ReadAction","target":["https:\/\/www.home-kueppersbusch.com\/tr-tr\/product\/def6300-0e_123080000\/"]}]},{"@type":"WebSite","@id":"https:\/\/www.home-kueppersbusch.com\/tr-tr\/#website","url":"https:\/\/www.home-kueppersbusch.com\/tr-tr\/","name":"K\u00fcppersbusch T\u00fcrkiye","description":"","potentialAction":[{"@type":"SearchAction","target":{"@type":"EntryPoint","urlTemplate":"https:\/\/www.home-kueppersbusch.com\/tr-tr\/?s={search_term_string}"},"query-input":{"@type":"PropertyValueSpecification","valueRequired":true,"valueName":"search_term_string"}}],"inLanguage":"tr"}]}},"_links":{"self":[{"href":"https:\/\/www.home-kueppersbusch.com\/tr-tr\/wp-json\/wp\/v2\/product\/75458","targetHints":{"allow":["GET"]}}],"collection":[{"href":"https:\/\/www.home-kueppersbusch.com\/tr-tr\/wp-json\/wp\/v2\/product"}],"about":[{"href":"https:\/\/www.home-kueppersbusch.com\/tr-tr\/wp-json\/wp\/v2\/types\/product"}],"wp:attachment":[{"href":"https:\/\/www.home-kueppersbusch.com\/tr-tr\/wp-json\/wp\/v2\/media?parent=75458"}],"wp:term":[{"taxonomy":"product_cat","embeddable":true,"href":"https:\/\/www.home-kueppersbusch.com\/tr-tr\/wp-json\/wp\/v2\/product_cat?post=75458"},{"taxonomy":"product_edition","embeddable":true,"href":"https:\/\/www.home-kueppersbusch.com\/tr-tr\/wp-json\/wp\/v2\/product_edition?post=75458"},{"taxonomy":"product_energy_efficiency","embeddable":true,"href":"https:\/\/www.home-kueppersbusch.com\/tr-tr\/wp-json\/wp\/v2\/product_energy_efficiency?post=75458"}],"curies":[{"name":"wp","href":"https:\/\/api.w.org\/{rel}","templated":true}]}}