{"id":75451,"date":"2026-04-25T09:23:55","date_gmt":"2026-04-25T09:23:55","guid":{"rendered":"https:\/\/teka.com\/en-int\/kmi9850-0sr_122500019"},"modified":"2026-04-13T02:30:35","modified_gmt":"2026-04-13T03:30:35","slug":"kmi9850-0sr_122500019","status":"publish","type":"product","link":"https:\/\/www.home-kueppersbusch.com\/tr-tr\/product\/kmi9850-0sr_122500019\/","title":{"rendered":"KMI9850.0SR"},"content":{"rendered":"<ul>\n<li>13 seviyeli g\u00fc\u00e7 kontrolleri &quot;knobControl&quot;<\/li>\n<li>3 \u00f6nceden tan\u0131mlanm\u0131\u015f \u00f6zel s\u0131cakl\u0131k seviyesi<\/li>\n<li>Kapatma belle\u011fi<\/li>\n<li>K\u00f6pr\u00fc i\u015flevi<\/li>\n<li>4 g\u00fc\u00e7 seviyesi dahil. y\u00fcksek g\u00fc\u00e7 ayarlar\u0131<\/li>\n<li>Dijital g\u00f6sterge<\/li>\n<\/ul>\n","protected":false},"featured_media":0,"parent":0,"template":"","product_cat":[9496],"product_edition":[],"product_energy_efficiency":[9380],"class_list":["post-75451","product","type-product","status-publish","hentry","finishes-9951","finishes-9952","finishes-9953","finishes-9954","finishes-9955","finishes-9956","product_ambient-kitchen-ss-02","product_cat-entegre-aspiratoerlue-indueksiyon-ocaklar","color-black","product_lifestyle-k-series-8","usp-kph-hobs-11","usp-kph-hih-01","usp-kph-hobs-03","product_energy_efficiency-a-icon"],"acf":[],"yoast_head":"<!-- This site is optimized with the Yoast SEO plugin v27.5 - https:\/\/yoast.com\/product\/yoast-seo-wordpress\/ -->\n<title>KMI9850.0SR | K\u00fcppersbusch T\u00fcrkiye<\/title>\n<meta name=\"robots\" content=\"index, follow, max-snippet:-1, max-image-preview:large, max-video-preview:-1\" \/>\n<link rel=\"canonical\" href=\"https:\/\/www.home-kueppersbusch.com\/tr-tr\/product\/kmi9850-0sr_122500019\/\" \/>\n<meta property=\"og:locale\" content=\"tr_TR\" \/>\n<meta property=\"og:type\" content=\"article\" \/>\n<meta property=\"og:title\" content=\"KMI9850.0SR | K\u00fcppersbusch T\u00fcrkiye\" \/>\n<meta property=\"og:description\" content=\"13 seviyeli g\u00fc\u00e7 kontrolleri &quot;knobControl&quot; 3 \u00f6nceden tan\u0131mlanm\u0131\u015f \u00f6zel s\u0131cakl\u0131k seviyesi Kapatma belle\u011fi K\u00f6pr\u00fc i\u015flevi 4 g\u00fc\u00e7 seviyesi dahil. y\u00fcksek g\u00fc\u00e7 ayarlar\u0131 Dijital g\u00f6sterge\" \/>\n<meta property=\"og:url\" content=\"https:\/\/www.home-kueppersbusch.com\/tr-tr\/product\/kmi9850-0sr_122500019\/\" \/>\n<meta property=\"og:site_name\" content=\"K\u00fcppersbusch T\u00fcrkiye\" \/>\n<meta name=\"twitter:card\" content=\"summary_large_image\" \/>\n<script type=\"application\/ld+json\" class=\"yoast-schema-graph\">{\"@context\":\"https:\\\/\\\/schema.org\",\"@graph\":[{\"@type\":\"WebPage\",\"@id\":\"https:\\\/\\\/www.home-kueppersbusch.com\\\/tr-tr\\\/product\\\/kmi9850-0sr_122500019\\\/\",\"url\":\"https:\\\/\\\/www.home-kueppersbusch.com\\\/tr-tr\\\/product\\\/kmi9850-0sr_122500019\\\/\",\"name\":\"KMI9850.0SR | K\u00fcppersbusch T\u00fcrkiye\",\"isPartOf\":{\"@id\":\"https:\\\/\\\/www.home-kueppersbusch.com\\\/tr-tr\\\/#website\"},\"datePublished\":\"2026-04-25T09:23:55+00:00\",\"inLanguage\":\"tr\",\"potentialAction\":[{\"@type\":\"ReadAction\",\"target\":[\"https:\\\/\\\/www.home-kueppersbusch.com\\\/tr-tr\\\/product\\\/kmi9850-0sr_122500019\\\/\"]}]},{\"@type\":\"WebSite\",\"@id\":\"https:\\\/\\\/www.home-kueppersbusch.com\\\/tr-tr\\\/#website\",\"url\":\"https:\\\/\\\/www.home-kueppersbusch.com\\\/tr-tr\\\/\",\"name\":\"K\u00fcppersbusch T\u00fcrkiye\",\"description\":\"\",\"potentialAction\":[{\"@type\":\"SearchAction\",\"target\":{\"@type\":\"EntryPoint\",\"urlTemplate\":\"https:\\\/\\\/www.home-kueppersbusch.com\\\/tr-tr\\\/?s={search_term_string}\"},\"query-input\":{\"@type\":\"PropertyValueSpecification\",\"valueRequired\":true,\"valueName\":\"search_term_string\"}}],\"inLanguage\":\"tr\"}]}<\/script>\n<!-- \/ Yoast SEO plugin. -->","yoast_head_json":{"title":"KMI9850.0SR | K\u00fcppersbusch T\u00fcrkiye","robots":{"index":"index","follow":"follow","max-snippet":"max-snippet:-1","max-image-preview":"max-image-preview:large","max-video-preview":"max-video-preview:-1"},"canonical":"https:\/\/www.home-kueppersbusch.com\/tr-tr\/product\/kmi9850-0sr_122500019\/","og_locale":"tr_TR","og_type":"article","og_title":"KMI9850.0SR | K\u00fcppersbusch T\u00fcrkiye","og_description":"13 seviyeli g\u00fc\u00e7 kontrolleri &quot;knobControl&quot; 3 \u00f6nceden tan\u0131mlanm\u0131\u015f \u00f6zel s\u0131cakl\u0131k seviyesi Kapatma belle\u011fi K\u00f6pr\u00fc i\u015flevi 4 g\u00fc\u00e7 seviyesi dahil. y\u00fcksek g\u00fc\u00e7 ayarlar\u0131 Dijital g\u00f6sterge","og_url":"https:\/\/www.home-kueppersbusch.com\/tr-tr\/product\/kmi9850-0sr_122500019\/","og_site_name":"K\u00fcppersbusch T\u00fcrkiye","twitter_card":"summary_large_image","schema":{"@context":"https:\/\/schema.org","@graph":[{"@type":"WebPage","@id":"https:\/\/www.home-kueppersbusch.com\/tr-tr\/product\/kmi9850-0sr_122500019\/","url":"https:\/\/www.home-kueppersbusch.com\/tr-tr\/product\/kmi9850-0sr_122500019\/","name":"KMI9850.0SR | K\u00fcppersbusch T\u00fcrkiye","isPartOf":{"@id":"https:\/\/www.home-kueppersbusch.com\/tr-tr\/#website"},"datePublished":"2026-04-25T09:23:55+00:00","inLanguage":"tr","potentialAction":[{"@type":"ReadAction","target":["https:\/\/www.home-kueppersbusch.com\/tr-tr\/product\/kmi9850-0sr_122500019\/"]}]},{"@type":"WebSite","@id":"https:\/\/www.home-kueppersbusch.com\/tr-tr\/#website","url":"https:\/\/www.home-kueppersbusch.com\/tr-tr\/","name":"K\u00fcppersbusch T\u00fcrkiye","description":"","potentialAction":[{"@type":"SearchAction","target":{"@type":"EntryPoint","urlTemplate":"https:\/\/www.home-kueppersbusch.com\/tr-tr\/?s={search_term_string}"},"query-input":{"@type":"PropertyValueSpecification","valueRequired":true,"valueName":"search_term_string"}}],"inLanguage":"tr"}]}},"_links":{"self":[{"href":"https:\/\/www.home-kueppersbusch.com\/tr-tr\/wp-json\/wp\/v2\/product\/75451","targetHints":{"allow":["GET"]}}],"collection":[{"href":"https:\/\/www.home-kueppersbusch.com\/tr-tr\/wp-json\/wp\/v2\/product"}],"about":[{"href":"https:\/\/www.home-kueppersbusch.com\/tr-tr\/wp-json\/wp\/v2\/types\/product"}],"wp:attachment":[{"href":"https:\/\/www.home-kueppersbusch.com\/tr-tr\/wp-json\/wp\/v2\/media?parent=75451"}],"wp:term":[{"taxonomy":"product_cat","embeddable":true,"href":"https:\/\/www.home-kueppersbusch.com\/tr-tr\/wp-json\/wp\/v2\/product_cat?post=75451"},{"taxonomy":"product_edition","embeddable":true,"href":"https:\/\/www.home-kueppersbusch.com\/tr-tr\/wp-json\/wp\/v2\/product_edition?post=75451"},{"taxonomy":"product_energy_efficiency","embeddable":true,"href":"https:\/\/www.home-kueppersbusch.com\/tr-tr\/wp-json\/wp\/v2\/product_energy_efficiency?post=75451"}],"curies":[{"name":"wp","href":"https:\/\/api.w.org\/{rel}","templated":true}]}}