{"id":75439,"date":"2026-04-25T09:23:49","date_gmt":"2026-04-25T09:23:49","guid":{"rendered":"https:\/\/teka.com\/en-int\/ki8520-0wr_122510007"},"modified":"2026-03-28T08:02:43","modified_gmt":"2026-03-28T09:02:43","slug":"ki8520-0wr_122510007","status":"publish","type":"product","link":"https:\/\/www.home-kueppersbusch.com\/tr-tr\/product\/ki8520-0wr_122510007\/","title":{"rendered":"KI8520.0WR"},"content":{"rendered":"<ul>\n<li>Beyaz cam K\u0131rm\u0131z\u0131 ekranl\u0131 11 seviyeli g\u00fc\u00e7 kontrolleri &quot;selectControl&quot; 1 \u00f6nceden tan\u0131mlanm\u0131\u015f \u00f6zel seviye: s\u0131cak tutma seviyesi yakl. 70\u00b0C Kapatma haf\u0131zas\u0131 K\u00f6pr\u00fc i\u015flevi,sol pi\u015firme b\u00f6lgeleri birlikte de\u011fi\u015ftirilebilir<\/li>\n<\/ul>\n","protected":false},"featured_media":0,"parent":0,"template":"","product_cat":[9497],"product_edition":[],"product_energy_efficiency":[],"class_list":["post-75439","product","type-product","status-publish","hentry","product_cat-indueksiyon-ocaklari","color-white","product_lifestyle-k-series-5","usp-kph-hobs-04","usp-kph-hobs-05","usp-kph-hobs-03"],"acf":[],"yoast_head":"<!-- This site is optimized with the Yoast SEO plugin v27.5 - https:\/\/yoast.com\/product\/yoast-seo-wordpress\/ -->\n<title>KI8520.0WR | K\u00fcppersbusch T\u00fcrkiye<\/title>\n<meta name=\"robots\" content=\"index, follow, max-snippet:-1, max-image-preview:large, max-video-preview:-1\" \/>\n<link rel=\"canonical\" href=\"https:\/\/www.home-kueppersbusch.com\/tr-tr\/product\/ki8520-0wr_122510007\/\" \/>\n<meta property=\"og:locale\" content=\"tr_TR\" \/>\n<meta property=\"og:type\" content=\"article\" \/>\n<meta property=\"og:title\" content=\"KI8520.0WR | K\u00fcppersbusch T\u00fcrkiye\" \/>\n<meta property=\"og:description\" content=\"Beyaz cam K\u0131rm\u0131z\u0131 ekranl\u0131 11 seviyeli g\u00fc\u00e7 kontrolleri &quot;selectControl&quot; 1 \u00f6nceden tan\u0131mlanm\u0131\u015f \u00f6zel seviye: s\u0131cak tutma seviyesi yakl. 70\u00b0C Kapatma haf\u0131zas\u0131 K\u00f6pr\u00fc i\u015flevi,sol pi\u015firme b\u00f6lgeleri birlikte de\u011fi\u015ftirilebilir\" \/>\n<meta property=\"og:url\" content=\"https:\/\/www.home-kueppersbusch.com\/tr-tr\/product\/ki8520-0wr_122510007\/\" \/>\n<meta property=\"og:site_name\" content=\"K\u00fcppersbusch T\u00fcrkiye\" \/>\n<meta name=\"twitter:card\" content=\"summary_large_image\" \/>\n<script type=\"application\/ld+json\" class=\"yoast-schema-graph\">{\"@context\":\"https:\\\/\\\/schema.org\",\"@graph\":[{\"@type\":\"WebPage\",\"@id\":\"https:\\\/\\\/www.home-kueppersbusch.com\\\/tr-tr\\\/product\\\/ki8520-0wr_122510007\\\/\",\"url\":\"https:\\\/\\\/www.home-kueppersbusch.com\\\/tr-tr\\\/product\\\/ki8520-0wr_122510007\\\/\",\"name\":\"KI8520.0WR | K\u00fcppersbusch T\u00fcrkiye\",\"isPartOf\":{\"@id\":\"https:\\\/\\\/www.home-kueppersbusch.com\\\/tr-tr\\\/#website\"},\"datePublished\":\"2026-04-25T09:23:49+00:00\",\"inLanguage\":\"tr\",\"potentialAction\":[{\"@type\":\"ReadAction\",\"target\":[\"https:\\\/\\\/www.home-kueppersbusch.com\\\/tr-tr\\\/product\\\/ki8520-0wr_122510007\\\/\"]}]},{\"@type\":\"WebSite\",\"@id\":\"https:\\\/\\\/www.home-kueppersbusch.com\\\/tr-tr\\\/#website\",\"url\":\"https:\\\/\\\/www.home-kueppersbusch.com\\\/tr-tr\\\/\",\"name\":\"K\u00fcppersbusch T\u00fcrkiye\",\"description\":\"\",\"potentialAction\":[{\"@type\":\"SearchAction\",\"target\":{\"@type\":\"EntryPoint\",\"urlTemplate\":\"https:\\\/\\\/www.home-kueppersbusch.com\\\/tr-tr\\\/?s={search_term_string}\"},\"query-input\":{\"@type\":\"PropertyValueSpecification\",\"valueRequired\":true,\"valueName\":\"search_term_string\"}}],\"inLanguage\":\"tr\"}]}<\/script>\n<!-- \/ Yoast SEO plugin. -->","yoast_head_json":{"title":"KI8520.0WR | K\u00fcppersbusch T\u00fcrkiye","robots":{"index":"index","follow":"follow","max-snippet":"max-snippet:-1","max-image-preview":"max-image-preview:large","max-video-preview":"max-video-preview:-1"},"canonical":"https:\/\/www.home-kueppersbusch.com\/tr-tr\/product\/ki8520-0wr_122510007\/","og_locale":"tr_TR","og_type":"article","og_title":"KI8520.0WR | K\u00fcppersbusch T\u00fcrkiye","og_description":"Beyaz cam K\u0131rm\u0131z\u0131 ekranl\u0131 11 seviyeli g\u00fc\u00e7 kontrolleri &quot;selectControl&quot; 1 \u00f6nceden tan\u0131mlanm\u0131\u015f \u00f6zel seviye: s\u0131cak tutma seviyesi yakl. 70\u00b0C Kapatma haf\u0131zas\u0131 K\u00f6pr\u00fc i\u015flevi,sol pi\u015firme b\u00f6lgeleri birlikte de\u011fi\u015ftirilebilir","og_url":"https:\/\/www.home-kueppersbusch.com\/tr-tr\/product\/ki8520-0wr_122510007\/","og_site_name":"K\u00fcppersbusch T\u00fcrkiye","twitter_card":"summary_large_image","schema":{"@context":"https:\/\/schema.org","@graph":[{"@type":"WebPage","@id":"https:\/\/www.home-kueppersbusch.com\/tr-tr\/product\/ki8520-0wr_122510007\/","url":"https:\/\/www.home-kueppersbusch.com\/tr-tr\/product\/ki8520-0wr_122510007\/","name":"KI8520.0WR | K\u00fcppersbusch T\u00fcrkiye","isPartOf":{"@id":"https:\/\/www.home-kueppersbusch.com\/tr-tr\/#website"},"datePublished":"2026-04-25T09:23:49+00:00","inLanguage":"tr","potentialAction":[{"@type":"ReadAction","target":["https:\/\/www.home-kueppersbusch.com\/tr-tr\/product\/ki8520-0wr_122510007\/"]}]},{"@type":"WebSite","@id":"https:\/\/www.home-kueppersbusch.com\/tr-tr\/#website","url":"https:\/\/www.home-kueppersbusch.com\/tr-tr\/","name":"K\u00fcppersbusch T\u00fcrkiye","description":"","potentialAction":[{"@type":"SearchAction","target":{"@type":"EntryPoint","urlTemplate":"https:\/\/www.home-kueppersbusch.com\/tr-tr\/?s={search_term_string}"},"query-input":{"@type":"PropertyValueSpecification","valueRequired":true,"valueName":"search_term_string"}}],"inLanguage":"tr"}]}},"_links":{"self":[{"href":"https:\/\/www.home-kueppersbusch.com\/tr-tr\/wp-json\/wp\/v2\/product\/75439","targetHints":{"allow":["GET"]}}],"collection":[{"href":"https:\/\/www.home-kueppersbusch.com\/tr-tr\/wp-json\/wp\/v2\/product"}],"about":[{"href":"https:\/\/www.home-kueppersbusch.com\/tr-tr\/wp-json\/wp\/v2\/types\/product"}],"wp:attachment":[{"href":"https:\/\/www.home-kueppersbusch.com\/tr-tr\/wp-json\/wp\/v2\/media?parent=75439"}],"wp:term":[{"taxonomy":"product_cat","embeddable":true,"href":"https:\/\/www.home-kueppersbusch.com\/tr-tr\/wp-json\/wp\/v2\/product_cat?post=75439"},{"taxonomy":"product_edition","embeddable":true,"href":"https:\/\/www.home-kueppersbusch.com\/tr-tr\/wp-json\/wp\/v2\/product_edition?post=75439"},{"taxonomy":"product_energy_efficiency","embeddable":true,"href":"https:\/\/www.home-kueppersbusch.com\/tr-tr\/wp-json\/wp\/v2\/product_energy_efficiency?post=75439"}],"curies":[{"name":"wp","href":"https:\/\/api.w.org\/{rel}","templated":true}]}}