{"id":75433,"date":"2026-04-25T09:23:47","date_gmt":"2026-04-25T09:23:47","guid":{"rendered":"https:\/\/teka.com\/en-gb\/ki8800-0gr_122500013"},"modified":"2026-03-28T08:02:38","modified_gmt":"2026-03-28T09:02:38","slug":"ki8800-0gr_122500013","status":"publish","type":"product","link":"https:\/\/www.home-kueppersbusch.com\/tr-tr\/product\/ki8800-0gr_122500013\/","title":{"rendered":"KI8800.0GR"},"content":{"rendered":"<ul>\n<li>Y\u00fcksek kaliteli krom grafikler Beyaz ekranl\u0131 15 seviyeli g\u00fc\u00e7 kontrolleri &quot;glideControl+&quot; 3 \u00f6nceden tan\u0131mlanm\u0131\u015f \u00f6zel seviye: erime seviyesi yakl. 42\u00b0C,s\u0131cak tutma seviyesi yakl. 70\u00b0C,makarna seviyesi yakl. 94\u00b0C FlexiGrill Acc i\u00e7in optimize edilmi\u015f \u0131zgara i\u015flevi. numara. 1303 Kapatma haf\u0131zas\u0131 K\u00f6pr\u00fc i\u015flevi,\u00f6n ve arka pi\u015firme b\u00f6lgesi birlikte tek bir pi\u015firme b\u00f6lgesine d\u00f6n\u00fc\u015ft\u00fcr\u00fclebilir<\/li>\n<\/ul>\n","protected":false},"featured_media":0,"parent":0,"template":"","product_cat":[9497],"product_edition":[],"product_energy_efficiency":[],"class_list":["post-75433","product","type-product","status-publish","hentry","product_cat-indueksiyon-ocaklari","color-grey","product_lifestyle-k-series-8","usp-kph-hobs-04","usp-kph-hobs-05","usp-kph-hobs-11","usp-kph-hobs-03"],"acf":[],"yoast_head":"<!-- This site is optimized with the Yoast SEO plugin v27.5 - https:\/\/yoast.com\/product\/yoast-seo-wordpress\/ -->\n<title>KI8800.0GR | K\u00fcppersbusch T\u00fcrkiye<\/title>\n<meta name=\"robots\" content=\"index, follow, max-snippet:-1, max-image-preview:large, max-video-preview:-1\" \/>\n<link rel=\"canonical\" href=\"https:\/\/www.home-kueppersbusch.com\/tr-tr\/product\/ki8800-0gr_122500013\/\" \/>\n<meta property=\"og:locale\" content=\"tr_TR\" \/>\n<meta property=\"og:type\" content=\"article\" \/>\n<meta property=\"og:title\" content=\"KI8800.0GR | K\u00fcppersbusch T\u00fcrkiye\" \/>\n<meta property=\"og:description\" content=\"Y\u00fcksek kaliteli krom grafikler Beyaz ekranl\u0131 15 seviyeli g\u00fc\u00e7 kontrolleri &quot;glideControl+&quot; 3 \u00f6nceden tan\u0131mlanm\u0131\u015f \u00f6zel seviye: erime seviyesi yakl. 42\u00b0C,s\u0131cak tutma seviyesi yakl. 70\u00b0C,makarna seviyesi yakl. 94\u00b0C FlexiGrill Acc i\u00e7in optimize edilmi\u015f \u0131zgara i\u015flevi. numara. 1303 Kapatma haf\u0131zas\u0131 K\u00f6pr\u00fc i\u015flevi,\u00f6n ve arka pi\u015firme b\u00f6lgesi birlikte tek bir pi\u015firme b\u00f6lgesine d\u00f6n\u00fc\u015ft\u00fcr\u00fclebilir\" \/>\n<meta property=\"og:url\" content=\"https:\/\/www.home-kueppersbusch.com\/tr-tr\/product\/ki8800-0gr_122500013\/\" \/>\n<meta property=\"og:site_name\" content=\"K\u00fcppersbusch T\u00fcrkiye\" \/>\n<meta name=\"twitter:card\" content=\"summary_large_image\" \/>\n<script type=\"application\/ld+json\" class=\"yoast-schema-graph\">{\"@context\":\"https:\\\/\\\/schema.org\",\"@graph\":[{\"@type\":\"WebPage\",\"@id\":\"https:\\\/\\\/www.home-kueppersbusch.com\\\/tr-tr\\\/product\\\/ki8800-0gr_122500013\\\/\",\"url\":\"https:\\\/\\\/www.home-kueppersbusch.com\\\/tr-tr\\\/product\\\/ki8800-0gr_122500013\\\/\",\"name\":\"KI8800.0GR | K\u00fcppersbusch T\u00fcrkiye\",\"isPartOf\":{\"@id\":\"https:\\\/\\\/www.home-kueppersbusch.com\\\/tr-tr\\\/#website\"},\"datePublished\":\"2026-04-25T09:23:47+00:00\",\"inLanguage\":\"tr\",\"potentialAction\":[{\"@type\":\"ReadAction\",\"target\":[\"https:\\\/\\\/www.home-kueppersbusch.com\\\/tr-tr\\\/product\\\/ki8800-0gr_122500013\\\/\"]}]},{\"@type\":\"WebSite\",\"@id\":\"https:\\\/\\\/www.home-kueppersbusch.com\\\/tr-tr\\\/#website\",\"url\":\"https:\\\/\\\/www.home-kueppersbusch.com\\\/tr-tr\\\/\",\"name\":\"K\u00fcppersbusch T\u00fcrkiye\",\"description\":\"\",\"potentialAction\":[{\"@type\":\"SearchAction\",\"target\":{\"@type\":\"EntryPoint\",\"urlTemplate\":\"https:\\\/\\\/www.home-kueppersbusch.com\\\/tr-tr\\\/?s={search_term_string}\"},\"query-input\":{\"@type\":\"PropertyValueSpecification\",\"valueRequired\":true,\"valueName\":\"search_term_string\"}}],\"inLanguage\":\"tr\"}]}<\/script>\n<!-- \/ Yoast SEO plugin. -->","yoast_head_json":{"title":"KI8800.0GR | K\u00fcppersbusch T\u00fcrkiye","robots":{"index":"index","follow":"follow","max-snippet":"max-snippet:-1","max-image-preview":"max-image-preview:large","max-video-preview":"max-video-preview:-1"},"canonical":"https:\/\/www.home-kueppersbusch.com\/tr-tr\/product\/ki8800-0gr_122500013\/","og_locale":"tr_TR","og_type":"article","og_title":"KI8800.0GR | K\u00fcppersbusch T\u00fcrkiye","og_description":"Y\u00fcksek kaliteli krom grafikler Beyaz ekranl\u0131 15 seviyeli g\u00fc\u00e7 kontrolleri &quot;glideControl+&quot; 3 \u00f6nceden tan\u0131mlanm\u0131\u015f \u00f6zel seviye: erime seviyesi yakl. 42\u00b0C,s\u0131cak tutma seviyesi yakl. 70\u00b0C,makarna seviyesi yakl. 94\u00b0C FlexiGrill Acc i\u00e7in optimize edilmi\u015f \u0131zgara i\u015flevi. numara. 1303 Kapatma haf\u0131zas\u0131 K\u00f6pr\u00fc i\u015flevi,\u00f6n ve arka pi\u015firme b\u00f6lgesi birlikte tek bir pi\u015firme b\u00f6lgesine d\u00f6n\u00fc\u015ft\u00fcr\u00fclebilir","og_url":"https:\/\/www.home-kueppersbusch.com\/tr-tr\/product\/ki8800-0gr_122500013\/","og_site_name":"K\u00fcppersbusch T\u00fcrkiye","twitter_card":"summary_large_image","schema":{"@context":"https:\/\/schema.org","@graph":[{"@type":"WebPage","@id":"https:\/\/www.home-kueppersbusch.com\/tr-tr\/product\/ki8800-0gr_122500013\/","url":"https:\/\/www.home-kueppersbusch.com\/tr-tr\/product\/ki8800-0gr_122500013\/","name":"KI8800.0GR | K\u00fcppersbusch T\u00fcrkiye","isPartOf":{"@id":"https:\/\/www.home-kueppersbusch.com\/tr-tr\/#website"},"datePublished":"2026-04-25T09:23:47+00:00","inLanguage":"tr","potentialAction":[{"@type":"ReadAction","target":["https:\/\/www.home-kueppersbusch.com\/tr-tr\/product\/ki8800-0gr_122500013\/"]}]},{"@type":"WebSite","@id":"https:\/\/www.home-kueppersbusch.com\/tr-tr\/#website","url":"https:\/\/www.home-kueppersbusch.com\/tr-tr\/","name":"K\u00fcppersbusch T\u00fcrkiye","description":"","potentialAction":[{"@type":"SearchAction","target":{"@type":"EntryPoint","urlTemplate":"https:\/\/www.home-kueppersbusch.com\/tr-tr\/?s={search_term_string}"},"query-input":{"@type":"PropertyValueSpecification","valueRequired":true,"valueName":"search_term_string"}}],"inLanguage":"tr"}]}},"_links":{"self":[{"href":"https:\/\/www.home-kueppersbusch.com\/tr-tr\/wp-json\/wp\/v2\/product\/75433","targetHints":{"allow":["GET"]}}],"collection":[{"href":"https:\/\/www.home-kueppersbusch.com\/tr-tr\/wp-json\/wp\/v2\/product"}],"about":[{"href":"https:\/\/www.home-kueppersbusch.com\/tr-tr\/wp-json\/wp\/v2\/types\/product"}],"wp:attachment":[{"href":"https:\/\/www.home-kueppersbusch.com\/tr-tr\/wp-json\/wp\/v2\/media?parent=75433"}],"wp:term":[{"taxonomy":"product_cat","embeddable":true,"href":"https:\/\/www.home-kueppersbusch.com\/tr-tr\/wp-json\/wp\/v2\/product_cat?post=75433"},{"taxonomy":"product_edition","embeddable":true,"href":"https:\/\/www.home-kueppersbusch.com\/tr-tr\/wp-json\/wp\/v2\/product_edition?post=75433"},{"taxonomy":"product_energy_efficiency","embeddable":true,"href":"https:\/\/www.home-kueppersbusch.com\/tr-tr\/wp-json\/wp\/v2\/product_energy_efficiency?post=75433"}],"curies":[{"name":"wp","href":"https:\/\/api.w.org\/{rel}","templated":true}]}}