{"id":75430,"date":"2026-04-25T09:23:47","date_gmt":"2026-04-25T09:23:47","guid":{"rendered":"https:\/\/teka.com\/en-int\/ki9800-0sr_122500009"},"modified":"2026-03-28T08:02:36","modified_gmt":"2026-03-28T09:02:36","slug":"ki9800-0sr_122500009","status":"publish","type":"product","link":"https:\/\/www.home-kueppersbusch.com\/tr-tr\/product\/ki9800-0sr_122500009\/","title":{"rendered":"KI9800.0SR"},"content":{"rendered":"<ul>\n<li>3 \u00f6nceden tan\u0131mlanm\u0131\u015f \u00f6zel seviye: erime seviyesi yakla\u015f\u0131k 42\u00b0C,s\u0131cak tutma seviyesi yakla\u015f\u0131k 70\u00b0C Warmhaltestufe,makarna seviyesi yakla\u015f\u0131k 94\u00b0C 4 pi\u015firme b\u00f6lgesi 210 x 190 mm \/ 2.100 W (3.700 W*) Kapatma haf\u0131zas\u0131 Otomatik booster pi\u015firme a\u015famas\u0131 K\u00f6pr\u00fc i\u015flevi,sa\u011f ve sol pi\u015firme b\u00f6lgeleri birlikte tek bir pi\u015firme b\u00f6lgesine d\u00f6n\u00fc\u015ft\u00fcr\u00fclebilir Otomatik kontrol g\u00f6stergeli pan ve pan boyutu alg\u0131lama Y\u00fcksek kaliteli krom grafik Art\u0131k \u0131s\u0131 g\u00f6stergesi<\/li>\n<\/ul>\n","protected":false},"featured_media":0,"parent":0,"template":"","product_cat":[9497],"product_edition":[],"product_energy_efficiency":[],"class_list":["post-75430","product","type-product","status-publish","hentry","product_cat-indueksiyon-ocaklari","color-black","product_lifestyle-k-series-8","usp-kph-hobs-04","usp-kph-hobs-05","usp-kph-hobs-11"],"acf":[],"yoast_head":"<!-- This site is optimized with the Yoast SEO plugin v27.5 - https:\/\/yoast.com\/product\/yoast-seo-wordpress\/ -->\n<title>KI9800.0SR | K\u00fcppersbusch T\u00fcrkiye<\/title>\n<meta name=\"robots\" content=\"index, follow, max-snippet:-1, max-image-preview:large, max-video-preview:-1\" \/>\n<link rel=\"canonical\" href=\"https:\/\/www.home-kueppersbusch.com\/tr-tr\/product\/ki9800-0sr_122500009\/\" \/>\n<meta property=\"og:locale\" content=\"tr_TR\" \/>\n<meta property=\"og:type\" content=\"article\" \/>\n<meta property=\"og:title\" content=\"KI9800.0SR | K\u00fcppersbusch T\u00fcrkiye\" \/>\n<meta property=\"og:description\" content=\"3 \u00f6nceden tan\u0131mlanm\u0131\u015f \u00f6zel seviye: erime seviyesi yakla\u015f\u0131k 42\u00b0C,s\u0131cak tutma seviyesi yakla\u015f\u0131k 70\u00b0C Warmhaltestufe,makarna seviyesi yakla\u015f\u0131k 94\u00b0C 4 pi\u015firme b\u00f6lgesi 210 x 190 mm \/ 2.100 W (3.700 W*) Kapatma haf\u0131zas\u0131 Otomatik booster pi\u015firme a\u015famas\u0131 K\u00f6pr\u00fc i\u015flevi,sa\u011f ve sol pi\u015firme b\u00f6lgeleri birlikte tek bir pi\u015firme b\u00f6lgesine d\u00f6n\u00fc\u015ft\u00fcr\u00fclebilir Otomatik kontrol g\u00f6stergeli pan ve pan boyutu alg\u0131lama [&hellip;]\" \/>\n<meta property=\"og:url\" content=\"https:\/\/www.home-kueppersbusch.com\/tr-tr\/product\/ki9800-0sr_122500009\/\" \/>\n<meta property=\"og:site_name\" content=\"K\u00fcppersbusch T\u00fcrkiye\" \/>\n<meta name=\"twitter:card\" content=\"summary_large_image\" \/>\n<script type=\"application\/ld+json\" class=\"yoast-schema-graph\">{\"@context\":\"https:\\\/\\\/schema.org\",\"@graph\":[{\"@type\":\"WebPage\",\"@id\":\"https:\\\/\\\/www.home-kueppersbusch.com\\\/tr-tr\\\/product\\\/ki9800-0sr_122500009\\\/\",\"url\":\"https:\\\/\\\/www.home-kueppersbusch.com\\\/tr-tr\\\/product\\\/ki9800-0sr_122500009\\\/\",\"name\":\"KI9800.0SR | K\u00fcppersbusch T\u00fcrkiye\",\"isPartOf\":{\"@id\":\"https:\\\/\\\/www.home-kueppersbusch.com\\\/tr-tr\\\/#website\"},\"datePublished\":\"2026-04-25T09:23:47+00:00\",\"inLanguage\":\"tr\",\"potentialAction\":[{\"@type\":\"ReadAction\",\"target\":[\"https:\\\/\\\/www.home-kueppersbusch.com\\\/tr-tr\\\/product\\\/ki9800-0sr_122500009\\\/\"]}]},{\"@type\":\"WebSite\",\"@id\":\"https:\\\/\\\/www.home-kueppersbusch.com\\\/tr-tr\\\/#website\",\"url\":\"https:\\\/\\\/www.home-kueppersbusch.com\\\/tr-tr\\\/\",\"name\":\"K\u00fcppersbusch T\u00fcrkiye\",\"description\":\"\",\"potentialAction\":[{\"@type\":\"SearchAction\",\"target\":{\"@type\":\"EntryPoint\",\"urlTemplate\":\"https:\\\/\\\/www.home-kueppersbusch.com\\\/tr-tr\\\/?s={search_term_string}\"},\"query-input\":{\"@type\":\"PropertyValueSpecification\",\"valueRequired\":true,\"valueName\":\"search_term_string\"}}],\"inLanguage\":\"tr\"}]}<\/script>\n<!-- \/ Yoast SEO plugin. -->","yoast_head_json":{"title":"KI9800.0SR | K\u00fcppersbusch T\u00fcrkiye","robots":{"index":"index","follow":"follow","max-snippet":"max-snippet:-1","max-image-preview":"max-image-preview:large","max-video-preview":"max-video-preview:-1"},"canonical":"https:\/\/www.home-kueppersbusch.com\/tr-tr\/product\/ki9800-0sr_122500009\/","og_locale":"tr_TR","og_type":"article","og_title":"KI9800.0SR | K\u00fcppersbusch T\u00fcrkiye","og_description":"3 \u00f6nceden tan\u0131mlanm\u0131\u015f \u00f6zel seviye: erime seviyesi yakla\u015f\u0131k 42\u00b0C,s\u0131cak tutma seviyesi yakla\u015f\u0131k 70\u00b0C Warmhaltestufe,makarna seviyesi yakla\u015f\u0131k 94\u00b0C 4 pi\u015firme b\u00f6lgesi 210 x 190 mm \/ 2.100 W (3.700 W*) Kapatma haf\u0131zas\u0131 Otomatik booster pi\u015firme a\u015famas\u0131 K\u00f6pr\u00fc i\u015flevi,sa\u011f ve sol pi\u015firme b\u00f6lgeleri birlikte tek bir pi\u015firme b\u00f6lgesine d\u00f6n\u00fc\u015ft\u00fcr\u00fclebilir Otomatik kontrol g\u00f6stergeli pan ve pan boyutu alg\u0131lama [&hellip;]","og_url":"https:\/\/www.home-kueppersbusch.com\/tr-tr\/product\/ki9800-0sr_122500009\/","og_site_name":"K\u00fcppersbusch T\u00fcrkiye","twitter_card":"summary_large_image","schema":{"@context":"https:\/\/schema.org","@graph":[{"@type":"WebPage","@id":"https:\/\/www.home-kueppersbusch.com\/tr-tr\/product\/ki9800-0sr_122500009\/","url":"https:\/\/www.home-kueppersbusch.com\/tr-tr\/product\/ki9800-0sr_122500009\/","name":"KI9800.0SR | K\u00fcppersbusch T\u00fcrkiye","isPartOf":{"@id":"https:\/\/www.home-kueppersbusch.com\/tr-tr\/#website"},"datePublished":"2026-04-25T09:23:47+00:00","inLanguage":"tr","potentialAction":[{"@type":"ReadAction","target":["https:\/\/www.home-kueppersbusch.com\/tr-tr\/product\/ki9800-0sr_122500009\/"]}]},{"@type":"WebSite","@id":"https:\/\/www.home-kueppersbusch.com\/tr-tr\/#website","url":"https:\/\/www.home-kueppersbusch.com\/tr-tr\/","name":"K\u00fcppersbusch T\u00fcrkiye","description":"","potentialAction":[{"@type":"SearchAction","target":{"@type":"EntryPoint","urlTemplate":"https:\/\/www.home-kueppersbusch.com\/tr-tr\/?s={search_term_string}"},"query-input":{"@type":"PropertyValueSpecification","valueRequired":true,"valueName":"search_term_string"}}],"inLanguage":"tr"}]}},"_links":{"self":[{"href":"https:\/\/www.home-kueppersbusch.com\/tr-tr\/wp-json\/wp\/v2\/product\/75430","targetHints":{"allow":["GET"]}}],"collection":[{"href":"https:\/\/www.home-kueppersbusch.com\/tr-tr\/wp-json\/wp\/v2\/product"}],"about":[{"href":"https:\/\/www.home-kueppersbusch.com\/tr-tr\/wp-json\/wp\/v2\/types\/product"}],"wp:attachment":[{"href":"https:\/\/www.home-kueppersbusch.com\/tr-tr\/wp-json\/wp\/v2\/media?parent=75430"}],"wp:term":[{"taxonomy":"product_cat","embeddable":true,"href":"https:\/\/www.home-kueppersbusch.com\/tr-tr\/wp-json\/wp\/v2\/product_cat?post=75430"},{"taxonomy":"product_edition","embeddable":true,"href":"https:\/\/www.home-kueppersbusch.com\/tr-tr\/wp-json\/wp\/v2\/product_edition?post=75430"},{"taxonomy":"product_energy_efficiency","embeddable":true,"href":"https:\/\/www.home-kueppersbusch.com\/tr-tr\/wp-json\/wp\/v2\/product_energy_efficiency?post=75430"}],"curies":[{"name":"wp","href":"https:\/\/api.w.org\/{rel}","templated":true}]}}