{"id":75427,"date":"2026-04-25T09:23:46","date_gmt":"2026-04-25T09:23:46","guid":{"rendered":"https:\/\/teka.com\/en-int\/kmi8500-0sr_122510012"},"modified":"2026-04-13T02:30:33","modified_gmt":"2026-04-13T03:30:33","slug":"kmi8500-0sr_122510012","status":"publish","type":"product","link":"https:\/\/www.home-kueppersbusch.com\/tr-tr\/product\/kmi8500-0sr_122510012\/","title":{"rendered":"KMI8500.0SR"},"content":{"rendered":"<ul>\n<li>K\u0131rm\u0131z\u0131 ekranl\u0131 &quot;10 seviyeli g\u00fc\u00e7 kontrol\u00fc \u201dselectControl\u201d K\u00f6pr\u00fc i\u015flevi,sa\u011f ve sol pi\u015firme b\u00f6lgeleri birlikte tek bir pi\u015firme b\u00f6lgesine d\u00f6n\u00fc\u015ft\u00fcr\u00fclebilir Otomatik booster pi\u015firme a\u015famas\u0131 Art\u0131k \u0131s\u0131 g\u00f6stergesi Kapatma \u00f6zelli\u011fi ile dakika hat\u0131rlat\u0131c\u0131 EN 61591 y\u00f6nergesine g\u00f6re \u00e7\u0131karma oran\u0131 (d\u0131\u015far\u0131ya): maks. normal g\u00fc\u00e7 ayar\u0131 530 m\u00b3\/h,yo\u011fun g\u00fc\u00e7 ayar\u0131 620 m\u00b3\/h EN 60704213 y\u00f6nergesine g\u00f6re g\u00fcr\u00fclt\u00fc seviyesi: min. 45 dB,maks. 63 dB,int. 68 dB 4 seviyeli g\u00fc\u00e7 kontrolleri dahil. y\u00fcksek g\u00fc\u00e7 ayar\u0131 Dijital g\u00f6sterge %96,5 ya\u011f tortulu paslanmaz \u00e7elik ya\u011f filtresi&quot;<\/li>\n<\/ul>\n","protected":false},"featured_media":0,"parent":0,"template":"","product_cat":[9496],"product_edition":[],"product_energy_efficiency":[9380],"class_list":["post-75427","product","type-product","status-publish","hentry","finishes-9951","finishes-9952","finishes-9953","finishes-9954","finishes-9955","finishes-9956","product_cat-entegre-aspiratoerlue-indueksiyon-ocaklar","color-black","product_lifestyle-k-series-5","usp-kph-hobs-11","usp-kph-hobs-03","product_energy_efficiency-a-icon"],"acf":[],"yoast_head":"<!-- This site is optimized with the Yoast SEO plugin v27.5 - https:\/\/yoast.com\/product\/yoast-seo-wordpress\/ -->\n<title>KMI8500.0SR | K\u00fcppersbusch T\u00fcrkiye<\/title>\n<meta name=\"robots\" content=\"index, follow, max-snippet:-1, max-image-preview:large, max-video-preview:-1\" \/>\n<link rel=\"canonical\" href=\"https:\/\/www.home-kueppersbusch.com\/tr-tr\/product\/kmi8500-0sr_122510012\/\" \/>\n<meta property=\"og:locale\" content=\"tr_TR\" \/>\n<meta property=\"og:type\" content=\"article\" \/>\n<meta property=\"og:title\" content=\"KMI8500.0SR | K\u00fcppersbusch T\u00fcrkiye\" \/>\n<meta property=\"og:description\" content=\"K\u0131rm\u0131z\u0131 ekranl\u0131 &quot;10 seviyeli g\u00fc\u00e7 kontrol\u00fc \u201dselectControl\u201d K\u00f6pr\u00fc i\u015flevi,sa\u011f ve sol pi\u015firme b\u00f6lgeleri birlikte tek bir pi\u015firme b\u00f6lgesine d\u00f6n\u00fc\u015ft\u00fcr\u00fclebilir Otomatik booster pi\u015firme a\u015famas\u0131 Art\u0131k \u0131s\u0131 g\u00f6stergesi Kapatma \u00f6zelli\u011fi ile dakika hat\u0131rlat\u0131c\u0131 EN 61591 y\u00f6nergesine g\u00f6re \u00e7\u0131karma oran\u0131 (d\u0131\u015far\u0131ya): maks. normal g\u00fc\u00e7 ayar\u0131 530 m\u00b3\/h,yo\u011fun g\u00fc\u00e7 ayar\u0131 620 m\u00b3\/h EN 60704213 y\u00f6nergesine g\u00f6re g\u00fcr\u00fclt\u00fc seviyesi: min. [&hellip;]\" \/>\n<meta property=\"og:url\" content=\"https:\/\/www.home-kueppersbusch.com\/tr-tr\/product\/kmi8500-0sr_122510012\/\" \/>\n<meta property=\"og:site_name\" content=\"K\u00fcppersbusch T\u00fcrkiye\" \/>\n<meta name=\"twitter:card\" content=\"summary_large_image\" \/>\n<meta name=\"twitter:label1\" content=\"Tahmini okuma s\u00fcresi\" \/>\n\t<meta name=\"twitter:data1\" content=\"1 dakika\" \/>\n<script type=\"application\/ld+json\" class=\"yoast-schema-graph\">{\"@context\":\"https:\\\/\\\/schema.org\",\"@graph\":[{\"@type\":\"WebPage\",\"@id\":\"https:\\\/\\\/www.home-kueppersbusch.com\\\/tr-tr\\\/product\\\/kmi8500-0sr_122510012\\\/\",\"url\":\"https:\\\/\\\/www.home-kueppersbusch.com\\\/tr-tr\\\/product\\\/kmi8500-0sr_122510012\\\/\",\"name\":\"KMI8500.0SR | K\u00fcppersbusch T\u00fcrkiye\",\"isPartOf\":{\"@id\":\"https:\\\/\\\/www.home-kueppersbusch.com\\\/tr-tr\\\/#website\"},\"datePublished\":\"2026-04-25T09:23:46+00:00\",\"inLanguage\":\"tr\",\"potentialAction\":[{\"@type\":\"ReadAction\",\"target\":[\"https:\\\/\\\/www.home-kueppersbusch.com\\\/tr-tr\\\/product\\\/kmi8500-0sr_122510012\\\/\"]}]},{\"@type\":\"WebSite\",\"@id\":\"https:\\\/\\\/www.home-kueppersbusch.com\\\/tr-tr\\\/#website\",\"url\":\"https:\\\/\\\/www.home-kueppersbusch.com\\\/tr-tr\\\/\",\"name\":\"K\u00fcppersbusch T\u00fcrkiye\",\"description\":\"\",\"potentialAction\":[{\"@type\":\"SearchAction\",\"target\":{\"@type\":\"EntryPoint\",\"urlTemplate\":\"https:\\\/\\\/www.home-kueppersbusch.com\\\/tr-tr\\\/?s={search_term_string}\"},\"query-input\":{\"@type\":\"PropertyValueSpecification\",\"valueRequired\":true,\"valueName\":\"search_term_string\"}}],\"inLanguage\":\"tr\"}]}<\/script>\n<!-- \/ Yoast SEO plugin. -->","yoast_head_json":{"title":"KMI8500.0SR | K\u00fcppersbusch T\u00fcrkiye","robots":{"index":"index","follow":"follow","max-snippet":"max-snippet:-1","max-image-preview":"max-image-preview:large","max-video-preview":"max-video-preview:-1"},"canonical":"https:\/\/www.home-kueppersbusch.com\/tr-tr\/product\/kmi8500-0sr_122510012\/","og_locale":"tr_TR","og_type":"article","og_title":"KMI8500.0SR | K\u00fcppersbusch T\u00fcrkiye","og_description":"K\u0131rm\u0131z\u0131 ekranl\u0131 &quot;10 seviyeli g\u00fc\u00e7 kontrol\u00fc \u201dselectControl\u201d K\u00f6pr\u00fc i\u015flevi,sa\u011f ve sol pi\u015firme b\u00f6lgeleri birlikte tek bir pi\u015firme b\u00f6lgesine d\u00f6n\u00fc\u015ft\u00fcr\u00fclebilir Otomatik booster pi\u015firme a\u015famas\u0131 Art\u0131k \u0131s\u0131 g\u00f6stergesi Kapatma \u00f6zelli\u011fi ile dakika hat\u0131rlat\u0131c\u0131 EN 61591 y\u00f6nergesine g\u00f6re \u00e7\u0131karma oran\u0131 (d\u0131\u015far\u0131ya): maks. normal g\u00fc\u00e7 ayar\u0131 530 m\u00b3\/h,yo\u011fun g\u00fc\u00e7 ayar\u0131 620 m\u00b3\/h EN 60704213 y\u00f6nergesine g\u00f6re g\u00fcr\u00fclt\u00fc seviyesi: min. [&hellip;]","og_url":"https:\/\/www.home-kueppersbusch.com\/tr-tr\/product\/kmi8500-0sr_122510012\/","og_site_name":"K\u00fcppersbusch T\u00fcrkiye","twitter_card":"summary_large_image","twitter_misc":{"Tahmini okuma s\u00fcresi":"1 dakika"},"schema":{"@context":"https:\/\/schema.org","@graph":[{"@type":"WebPage","@id":"https:\/\/www.home-kueppersbusch.com\/tr-tr\/product\/kmi8500-0sr_122510012\/","url":"https:\/\/www.home-kueppersbusch.com\/tr-tr\/product\/kmi8500-0sr_122510012\/","name":"KMI8500.0SR | K\u00fcppersbusch T\u00fcrkiye","isPartOf":{"@id":"https:\/\/www.home-kueppersbusch.com\/tr-tr\/#website"},"datePublished":"2026-04-25T09:23:46+00:00","inLanguage":"tr","potentialAction":[{"@type":"ReadAction","target":["https:\/\/www.home-kueppersbusch.com\/tr-tr\/product\/kmi8500-0sr_122510012\/"]}]},{"@type":"WebSite","@id":"https:\/\/www.home-kueppersbusch.com\/tr-tr\/#website","url":"https:\/\/www.home-kueppersbusch.com\/tr-tr\/","name":"K\u00fcppersbusch T\u00fcrkiye","description":"","potentialAction":[{"@type":"SearchAction","target":{"@type":"EntryPoint","urlTemplate":"https:\/\/www.home-kueppersbusch.com\/tr-tr\/?s={search_term_string}"},"query-input":{"@type":"PropertyValueSpecification","valueRequired":true,"valueName":"search_term_string"}}],"inLanguage":"tr"}]}},"_links":{"self":[{"href":"https:\/\/www.home-kueppersbusch.com\/tr-tr\/wp-json\/wp\/v2\/product\/75427","targetHints":{"allow":["GET"]}}],"collection":[{"href":"https:\/\/www.home-kueppersbusch.com\/tr-tr\/wp-json\/wp\/v2\/product"}],"about":[{"href":"https:\/\/www.home-kueppersbusch.com\/tr-tr\/wp-json\/wp\/v2\/types\/product"}],"wp:attachment":[{"href":"https:\/\/www.home-kueppersbusch.com\/tr-tr\/wp-json\/wp\/v2\/media?parent=75427"}],"wp:term":[{"taxonomy":"product_cat","embeddable":true,"href":"https:\/\/www.home-kueppersbusch.com\/tr-tr\/wp-json\/wp\/v2\/product_cat?post=75427"},{"taxonomy":"product_edition","embeddable":true,"href":"https:\/\/www.home-kueppersbusch.com\/tr-tr\/wp-json\/wp\/v2\/product_edition?post=75427"},{"taxonomy":"product_energy_efficiency","embeddable":true,"href":"https:\/\/www.home-kueppersbusch.com\/tr-tr\/wp-json\/wp\/v2\/product_energy_efficiency?post=75427"}],"curies":[{"name":"wp","href":"https:\/\/api.w.org\/{rel}","templated":true}]}}