{"id":75421,"date":"2026-04-25T09:23:41","date_gmt":"2026-04-25T09:23:41","guid":{"rendered":"https:\/\/teka.com\/en-int\/fes8500-400-0e_125000001"},"modified":"2026-03-28T08:02:23","modified_gmt":"2026-03-28T09:02:23","slug":"fes8500-400-0e_125000001","status":"publish","type":"product","link":"https:\/\/www.home-kueppersbusch.com\/tr-tr\/product\/fes8500-400-0e_125000001\/","title":{"rendered":"FES8500.400.0E"},"content":{"rendered":"<ul>\n<li>Paslanmaz \u00e7elik eviye, Parlak kaplama Bir kase 3&#8217;\u00fc 1 arada kurulum olanaklar\u0131: \u00fcstten, g\u00f6mme veya alttan montaj Kolay temizlenebilir yar\u0131\u00e7ap R15 k\u00f6\u015feleri Dekoratif kare kapak Sessiz Sistem, %50 daha az ses3\u00bd&quot; SQ otomatik \u00e7\u00f6p sepeti ve sifon 200 mm derinli\u011finde \u00e7anak 60 cm taban \u00fcnitesi<\/li>\n<\/ul>\n","protected":false},"featured_media":0,"parent":0,"template":"","product_cat":[9631],"product_edition":[],"product_energy_efficiency":[],"class_list":["post-75421","product","type-product","status-publish","hentry","product_cat-eviyeler","color-stainless-steel","product_installation-tezgahustu","product_installation-tezgahasifir","product_installation-tezgahalti","product_lifestyle-k-series-8"],"acf":[],"yoast_head":"<!-- This site is optimized with the Yoast SEO plugin v27.5 - https:\/\/yoast.com\/product\/yoast-seo-wordpress\/ -->\n<title>FES8500.400.0E | K\u00fcppersbusch T\u00fcrkiye<\/title>\n<meta name=\"robots\" content=\"index, follow, max-snippet:-1, max-image-preview:large, max-video-preview:-1\" \/>\n<link rel=\"canonical\" href=\"https:\/\/www.home-kueppersbusch.com\/tr-tr\/product\/fes8500-400-0e_125000001\/\" \/>\n<meta property=\"og:locale\" content=\"tr_TR\" \/>\n<meta property=\"og:type\" content=\"article\" \/>\n<meta property=\"og:title\" content=\"FES8500.400.0E | K\u00fcppersbusch T\u00fcrkiye\" \/>\n<meta property=\"og:description\" content=\"Paslanmaz \u00e7elik eviye, Parlak kaplama Bir kase 3&#8217;\u00fc 1 arada kurulum olanaklar\u0131: \u00fcstten, g\u00f6mme veya alttan montaj Kolay temizlenebilir yar\u0131\u00e7ap R15 k\u00f6\u015feleri Dekoratif kare kapak Sessiz Sistem, %50 daha az ses3\u00bd&quot; SQ otomatik \u00e7\u00f6p sepeti ve sifon 200 mm derinli\u011finde \u00e7anak 60 cm taban \u00fcnitesi\" \/>\n<meta property=\"og:url\" content=\"https:\/\/www.home-kueppersbusch.com\/tr-tr\/product\/fes8500-400-0e_125000001\/\" \/>\n<meta property=\"og:site_name\" content=\"K\u00fcppersbusch T\u00fcrkiye\" \/>\n<meta name=\"twitter:card\" content=\"summary_large_image\" \/>\n<script type=\"application\/ld+json\" class=\"yoast-schema-graph\">{\"@context\":\"https:\\\/\\\/schema.org\",\"@graph\":[{\"@type\":\"WebPage\",\"@id\":\"https:\\\/\\\/www.home-kueppersbusch.com\\\/tr-tr\\\/product\\\/fes8500-400-0e_125000001\\\/\",\"url\":\"https:\\\/\\\/www.home-kueppersbusch.com\\\/tr-tr\\\/product\\\/fes8500-400-0e_125000001\\\/\",\"name\":\"FES8500.400.0E | K\u00fcppersbusch T\u00fcrkiye\",\"isPartOf\":{\"@id\":\"https:\\\/\\\/www.home-kueppersbusch.com\\\/tr-tr\\\/#website\"},\"datePublished\":\"2026-04-25T09:23:41+00:00\",\"inLanguage\":\"tr\",\"potentialAction\":[{\"@type\":\"ReadAction\",\"target\":[\"https:\\\/\\\/www.home-kueppersbusch.com\\\/tr-tr\\\/product\\\/fes8500-400-0e_125000001\\\/\"]}]},{\"@type\":\"WebSite\",\"@id\":\"https:\\\/\\\/www.home-kueppersbusch.com\\\/tr-tr\\\/#website\",\"url\":\"https:\\\/\\\/www.home-kueppersbusch.com\\\/tr-tr\\\/\",\"name\":\"K\u00fcppersbusch T\u00fcrkiye\",\"description\":\"\",\"potentialAction\":[{\"@type\":\"SearchAction\",\"target\":{\"@type\":\"EntryPoint\",\"urlTemplate\":\"https:\\\/\\\/www.home-kueppersbusch.com\\\/tr-tr\\\/?s={search_term_string}\"},\"query-input\":{\"@type\":\"PropertyValueSpecification\",\"valueRequired\":true,\"valueName\":\"search_term_string\"}}],\"inLanguage\":\"tr\"}]}<\/script>\n<!-- \/ Yoast SEO plugin. -->","yoast_head_json":{"title":"FES8500.400.0E | K\u00fcppersbusch T\u00fcrkiye","robots":{"index":"index","follow":"follow","max-snippet":"max-snippet:-1","max-image-preview":"max-image-preview:large","max-video-preview":"max-video-preview:-1"},"canonical":"https:\/\/www.home-kueppersbusch.com\/tr-tr\/product\/fes8500-400-0e_125000001\/","og_locale":"tr_TR","og_type":"article","og_title":"FES8500.400.0E | K\u00fcppersbusch T\u00fcrkiye","og_description":"Paslanmaz \u00e7elik eviye, Parlak kaplama Bir kase 3&#8217;\u00fc 1 arada kurulum olanaklar\u0131: \u00fcstten, g\u00f6mme veya alttan montaj Kolay temizlenebilir yar\u0131\u00e7ap R15 k\u00f6\u015feleri Dekoratif kare kapak Sessiz Sistem, %50 daha az ses3\u00bd&quot; SQ otomatik \u00e7\u00f6p sepeti ve sifon 200 mm derinli\u011finde \u00e7anak 60 cm taban \u00fcnitesi","og_url":"https:\/\/www.home-kueppersbusch.com\/tr-tr\/product\/fes8500-400-0e_125000001\/","og_site_name":"K\u00fcppersbusch T\u00fcrkiye","twitter_card":"summary_large_image","schema":{"@context":"https:\/\/schema.org","@graph":[{"@type":"WebPage","@id":"https:\/\/www.home-kueppersbusch.com\/tr-tr\/product\/fes8500-400-0e_125000001\/","url":"https:\/\/www.home-kueppersbusch.com\/tr-tr\/product\/fes8500-400-0e_125000001\/","name":"FES8500.400.0E | K\u00fcppersbusch T\u00fcrkiye","isPartOf":{"@id":"https:\/\/www.home-kueppersbusch.com\/tr-tr\/#website"},"datePublished":"2026-04-25T09:23:41+00:00","inLanguage":"tr","potentialAction":[{"@type":"ReadAction","target":["https:\/\/www.home-kueppersbusch.com\/tr-tr\/product\/fes8500-400-0e_125000001\/"]}]},{"@type":"WebSite","@id":"https:\/\/www.home-kueppersbusch.com\/tr-tr\/#website","url":"https:\/\/www.home-kueppersbusch.com\/tr-tr\/","name":"K\u00fcppersbusch T\u00fcrkiye","description":"","potentialAction":[{"@type":"SearchAction","target":{"@type":"EntryPoint","urlTemplate":"https:\/\/www.home-kueppersbusch.com\/tr-tr\/?s={search_term_string}"},"query-input":{"@type":"PropertyValueSpecification","valueRequired":true,"valueName":"search_term_string"}}],"inLanguage":"tr"}]}},"_links":{"self":[{"href":"https:\/\/www.home-kueppersbusch.com\/tr-tr\/wp-json\/wp\/v2\/product\/75421","targetHints":{"allow":["GET"]}}],"collection":[{"href":"https:\/\/www.home-kueppersbusch.com\/tr-tr\/wp-json\/wp\/v2\/product"}],"about":[{"href":"https:\/\/www.home-kueppersbusch.com\/tr-tr\/wp-json\/wp\/v2\/types\/product"}],"wp:attachment":[{"href":"https:\/\/www.home-kueppersbusch.com\/tr-tr\/wp-json\/wp\/v2\/media?parent=75421"}],"wp:term":[{"taxonomy":"product_cat","embeddable":true,"href":"https:\/\/www.home-kueppersbusch.com\/tr-tr\/wp-json\/wp\/v2\/product_cat?post=75421"},{"taxonomy":"product_edition","embeddable":true,"href":"https:\/\/www.home-kueppersbusch.com\/tr-tr\/wp-json\/wp\/v2\/product_edition?post=75421"},{"taxonomy":"product_energy_efficiency","embeddable":true,"href":"https:\/\/www.home-kueppersbusch.com\/tr-tr\/wp-json\/wp\/v2\/product_energy_efficiency?post=75421"}],"curies":[{"name":"wp","href":"https:\/\/api.w.org\/{rel}","templated":true}]}}