{"id":75417,"date":"2026-04-25T09:23:38","date_gmt":"2026-04-25T09:23:38","guid":{"rendered":"https:\/\/teka.com\/en-int\/vket3800-0-sr_122630004"},"modified":"2026-03-28T08:02:17","modified_gmt":"2026-03-28T09:02:17","slug":"vket3800-0-sr_122630004","status":"publish","type":"product","link":"https:\/\/www.home-kueppersbusch.com\/tr-tr\/product\/vket3800-0-sr_122630004\/","title":{"rendered":"VKET3800.0 SR"},"content":{"rendered":"<ul>\n<li>\u0131rm\u0131z\u0131 ekranl\u0131 &quot;De\u011fi\u015fken g\u00fc\u00e7 kontrol\u00fc,knobControl&quot; 2 ayr\u0131,hassas \u015fekilde ayarlanabilen \u0131zgara b\u00f6lgesi Sert krom kaplama \u0131zgara yakl. 8 mm kal\u0131nl\u0131\u011f\u0131nda,seramik cam \u00e7er\u00e7eveli De\u011fi\u015fken g\u00fc\u00e7 kontrol\u00fc 70\u00b0 &#8211; C 250\u00b0C Art\u0131k \u0131s\u0131 g\u00f6stergesi<\/li>\n<\/ul>\n","protected":false},"featured_media":0,"parent":0,"template":"","product_cat":[7026],"product_edition":[],"product_energy_efficiency":[],"class_list":["post-75417","product","type-product","status-publish","hentry","product_ambient-kitchen-ss-04","product_cat-varioline","color-black","product_lifestyle-k-series-8","usp-kph-hobs-01","usp-kph-hobs-10"],"acf":[],"yoast_head":"<!-- This site is optimized with the Yoast SEO plugin v27.5 - https:\/\/yoast.com\/product\/yoast-seo-wordpress\/ -->\n<title>VKET3800.0 SR | K\u00fcppersbusch T\u00fcrkiye<\/title>\n<meta name=\"robots\" content=\"index, follow, max-snippet:-1, max-image-preview:large, max-video-preview:-1\" \/>\n<link rel=\"canonical\" href=\"https:\/\/www.home-kueppersbusch.com\/tr-tr\/product\/vket3800-0-sr_122630004\/\" \/>\n<meta property=\"og:locale\" content=\"tr_TR\" \/>\n<meta property=\"og:type\" content=\"article\" \/>\n<meta property=\"og:title\" content=\"VKET3800.0 SR | K\u00fcppersbusch T\u00fcrkiye\" \/>\n<meta property=\"og:description\" content=\"\u0131rm\u0131z\u0131 ekranl\u0131 &quot;De\u011fi\u015fken g\u00fc\u00e7 kontrol\u00fc,knobControl&quot; 2 ayr\u0131,hassas \u015fekilde ayarlanabilen \u0131zgara b\u00f6lgesi Sert krom kaplama \u0131zgara yakl. 8 mm kal\u0131nl\u0131\u011f\u0131nda,seramik cam \u00e7er\u00e7eveli De\u011fi\u015fken g\u00fc\u00e7 kontrol\u00fc 70\u00b0 &#8211; C 250\u00b0C Art\u0131k \u0131s\u0131 g\u00f6stergesi\" \/>\n<meta property=\"og:url\" content=\"https:\/\/www.home-kueppersbusch.com\/tr-tr\/product\/vket3800-0-sr_122630004\/\" \/>\n<meta property=\"og:site_name\" content=\"K\u00fcppersbusch T\u00fcrkiye\" \/>\n<meta name=\"twitter:card\" content=\"summary_large_image\" \/>\n<script type=\"application\/ld+json\" class=\"yoast-schema-graph\">{\"@context\":\"https:\\\/\\\/schema.org\",\"@graph\":[{\"@type\":\"WebPage\",\"@id\":\"https:\\\/\\\/www.home-kueppersbusch.com\\\/tr-tr\\\/product\\\/vket3800-0-sr_122630004\\\/\",\"url\":\"https:\\\/\\\/www.home-kueppersbusch.com\\\/tr-tr\\\/product\\\/vket3800-0-sr_122630004\\\/\",\"name\":\"VKET3800.0 SR | K\u00fcppersbusch T\u00fcrkiye\",\"isPartOf\":{\"@id\":\"https:\\\/\\\/www.home-kueppersbusch.com\\\/tr-tr\\\/#website\"},\"datePublished\":\"2026-04-25T09:23:38+00:00\",\"inLanguage\":\"tr\",\"potentialAction\":[{\"@type\":\"ReadAction\",\"target\":[\"https:\\\/\\\/www.home-kueppersbusch.com\\\/tr-tr\\\/product\\\/vket3800-0-sr_122630004\\\/\"]}]},{\"@type\":\"WebSite\",\"@id\":\"https:\\\/\\\/www.home-kueppersbusch.com\\\/tr-tr\\\/#website\",\"url\":\"https:\\\/\\\/www.home-kueppersbusch.com\\\/tr-tr\\\/\",\"name\":\"K\u00fcppersbusch T\u00fcrkiye\",\"description\":\"\",\"potentialAction\":[{\"@type\":\"SearchAction\",\"target\":{\"@type\":\"EntryPoint\",\"urlTemplate\":\"https:\\\/\\\/www.home-kueppersbusch.com\\\/tr-tr\\\/?s={search_term_string}\"},\"query-input\":{\"@type\":\"PropertyValueSpecification\",\"valueRequired\":true,\"valueName\":\"search_term_string\"}}],\"inLanguage\":\"tr\"}]}<\/script>\n<!-- \/ Yoast SEO plugin. -->","yoast_head_json":{"title":"VKET3800.0 SR | K\u00fcppersbusch T\u00fcrkiye","robots":{"index":"index","follow":"follow","max-snippet":"max-snippet:-1","max-image-preview":"max-image-preview:large","max-video-preview":"max-video-preview:-1"},"canonical":"https:\/\/www.home-kueppersbusch.com\/tr-tr\/product\/vket3800-0-sr_122630004\/","og_locale":"tr_TR","og_type":"article","og_title":"VKET3800.0 SR | K\u00fcppersbusch T\u00fcrkiye","og_description":"\u0131rm\u0131z\u0131 ekranl\u0131 &quot;De\u011fi\u015fken g\u00fc\u00e7 kontrol\u00fc,knobControl&quot; 2 ayr\u0131,hassas \u015fekilde ayarlanabilen \u0131zgara b\u00f6lgesi Sert krom kaplama \u0131zgara yakl. 8 mm kal\u0131nl\u0131\u011f\u0131nda,seramik cam \u00e7er\u00e7eveli De\u011fi\u015fken g\u00fc\u00e7 kontrol\u00fc 70\u00b0 &#8211; C 250\u00b0C Art\u0131k \u0131s\u0131 g\u00f6stergesi","og_url":"https:\/\/www.home-kueppersbusch.com\/tr-tr\/product\/vket3800-0-sr_122630004\/","og_site_name":"K\u00fcppersbusch T\u00fcrkiye","twitter_card":"summary_large_image","schema":{"@context":"https:\/\/schema.org","@graph":[{"@type":"WebPage","@id":"https:\/\/www.home-kueppersbusch.com\/tr-tr\/product\/vket3800-0-sr_122630004\/","url":"https:\/\/www.home-kueppersbusch.com\/tr-tr\/product\/vket3800-0-sr_122630004\/","name":"VKET3800.0 SR | K\u00fcppersbusch T\u00fcrkiye","isPartOf":{"@id":"https:\/\/www.home-kueppersbusch.com\/tr-tr\/#website"},"datePublished":"2026-04-25T09:23:38+00:00","inLanguage":"tr","potentialAction":[{"@type":"ReadAction","target":["https:\/\/www.home-kueppersbusch.com\/tr-tr\/product\/vket3800-0-sr_122630004\/"]}]},{"@type":"WebSite","@id":"https:\/\/www.home-kueppersbusch.com\/tr-tr\/#website","url":"https:\/\/www.home-kueppersbusch.com\/tr-tr\/","name":"K\u00fcppersbusch T\u00fcrkiye","description":"","potentialAction":[{"@type":"SearchAction","target":{"@type":"EntryPoint","urlTemplate":"https:\/\/www.home-kueppersbusch.com\/tr-tr\/?s={search_term_string}"},"query-input":{"@type":"PropertyValueSpecification","valueRequired":true,"valueName":"search_term_string"}}],"inLanguage":"tr"}]}},"_links":{"self":[{"href":"https:\/\/www.home-kueppersbusch.com\/tr-tr\/wp-json\/wp\/v2\/product\/75417","targetHints":{"allow":["GET"]}}],"collection":[{"href":"https:\/\/www.home-kueppersbusch.com\/tr-tr\/wp-json\/wp\/v2\/product"}],"about":[{"href":"https:\/\/www.home-kueppersbusch.com\/tr-tr\/wp-json\/wp\/v2\/types\/product"}],"wp:attachment":[{"href":"https:\/\/www.home-kueppersbusch.com\/tr-tr\/wp-json\/wp\/v2\/media?parent=75417"}],"wp:term":[{"taxonomy":"product_cat","embeddable":true,"href":"https:\/\/www.home-kueppersbusch.com\/tr-tr\/wp-json\/wp\/v2\/product_cat?post=75417"},{"taxonomy":"product_edition","embeddable":true,"href":"https:\/\/www.home-kueppersbusch.com\/tr-tr\/wp-json\/wp\/v2\/product_edition?post=75417"},{"taxonomy":"product_energy_efficiency","embeddable":true,"href":"https:\/\/www.home-kueppersbusch.com\/tr-tr\/wp-json\/wp\/v2\/product_energy_efficiency?post=75417"}],"curies":[{"name":"wp","href":"https:\/\/api.w.org\/{rel}","templated":true}]}}