{"id":75412,"date":"2026-04-25T09:23:36","date_gmt":"2026-04-25T09:23:36","guid":{"rendered":"https:\/\/teka.com\/en-gb\/ki8810-0sr_122500012"},"modified":"2026-03-28T08:02:12","modified_gmt":"2026-03-28T09:02:12","slug":"ki8810-0sr_122500012","status":"publish","type":"product","link":"https:\/\/www.home-kueppersbusch.com\/tr-tr\/product\/ki8810-0sr_122500012\/","title":{"rendered":"KI8810.0SR"},"content":{"rendered":"<ul>\n<li>Y\u00fcksek kaliteli \u00e7elik d\u00fc\u011fmelerle &quot;11 seviye&quot; &quot;Knob Control &quot; g\u00fc\u00e7 kontrol\u00fc 1 \u00f6zel \u00f6nceden tan\u0131mlanm\u0131\u015f seviye: erime seviyesi yakl. 70\u00baC K\u00f6pr\u00fc i\u015flevi,\u00f6n ve arka pi\u015firme b\u00f6lgesi birlikte tek bir pi\u015firme b\u00f6lgesine d\u00f6n\u00fc\u015ft\u00fcr\u00fclebilir Otomatik booster pi\u015firme a\u015famas\u0131 Art\u0131k \u0131s\u0131 g\u00f6stergesi&quot;<\/li>\n<\/ul>\n","protected":false},"featured_media":0,"parent":0,"template":"","product_cat":[9497],"product_edition":[],"product_energy_efficiency":[],"class_list":["post-75412","product","type-product","status-publish","hentry","product_cat-indueksiyon-ocaklari","color-black","product_lifestyle-k-series-8","usp-kph-hobs-05","usp-kph-hobs-10","usp-kph-hobs-03"],"acf":[],"yoast_head":"<!-- This site is optimized with the Yoast SEO plugin v27.5 - https:\/\/yoast.com\/product\/yoast-seo-wordpress\/ -->\n<title>KI8810.0SR | K\u00fcppersbusch T\u00fcrkiye<\/title>\n<meta name=\"robots\" content=\"index, follow, max-snippet:-1, max-image-preview:large, max-video-preview:-1\" \/>\n<link rel=\"canonical\" href=\"https:\/\/www.home-kueppersbusch.com\/tr-tr\/product\/ki8810-0sr_122500012\/\" \/>\n<meta property=\"og:locale\" content=\"tr_TR\" \/>\n<meta property=\"og:type\" content=\"article\" \/>\n<meta property=\"og:title\" content=\"KI8810.0SR | K\u00fcppersbusch T\u00fcrkiye\" \/>\n<meta property=\"og:description\" content=\"Y\u00fcksek kaliteli \u00e7elik d\u00fc\u011fmelerle &quot;11 seviye&quot; &quot;Knob Control &quot; g\u00fc\u00e7 kontrol\u00fc 1 \u00f6zel \u00f6nceden tan\u0131mlanm\u0131\u015f seviye: erime seviyesi yakl. 70\u00baC K\u00f6pr\u00fc i\u015flevi,\u00f6n ve arka pi\u015firme b\u00f6lgesi birlikte tek bir pi\u015firme b\u00f6lgesine d\u00f6n\u00fc\u015ft\u00fcr\u00fclebilir Otomatik booster pi\u015firme a\u015famas\u0131 Art\u0131k \u0131s\u0131 g\u00f6stergesi&quot;\" \/>\n<meta property=\"og:url\" content=\"https:\/\/www.home-kueppersbusch.com\/tr-tr\/product\/ki8810-0sr_122500012\/\" \/>\n<meta property=\"og:site_name\" content=\"K\u00fcppersbusch T\u00fcrkiye\" \/>\n<meta name=\"twitter:card\" content=\"summary_large_image\" \/>\n<script type=\"application\/ld+json\" class=\"yoast-schema-graph\">{\"@context\":\"https:\\\/\\\/schema.org\",\"@graph\":[{\"@type\":\"WebPage\",\"@id\":\"https:\\\/\\\/www.home-kueppersbusch.com\\\/tr-tr\\\/product\\\/ki8810-0sr_122500012\\\/\",\"url\":\"https:\\\/\\\/www.home-kueppersbusch.com\\\/tr-tr\\\/product\\\/ki8810-0sr_122500012\\\/\",\"name\":\"KI8810.0SR | K\u00fcppersbusch T\u00fcrkiye\",\"isPartOf\":{\"@id\":\"https:\\\/\\\/www.home-kueppersbusch.com\\\/tr-tr\\\/#website\"},\"datePublished\":\"2026-04-25T09:23:36+00:00\",\"inLanguage\":\"tr\",\"potentialAction\":[{\"@type\":\"ReadAction\",\"target\":[\"https:\\\/\\\/www.home-kueppersbusch.com\\\/tr-tr\\\/product\\\/ki8810-0sr_122500012\\\/\"]}]},{\"@type\":\"WebSite\",\"@id\":\"https:\\\/\\\/www.home-kueppersbusch.com\\\/tr-tr\\\/#website\",\"url\":\"https:\\\/\\\/www.home-kueppersbusch.com\\\/tr-tr\\\/\",\"name\":\"K\u00fcppersbusch T\u00fcrkiye\",\"description\":\"\",\"potentialAction\":[{\"@type\":\"SearchAction\",\"target\":{\"@type\":\"EntryPoint\",\"urlTemplate\":\"https:\\\/\\\/www.home-kueppersbusch.com\\\/tr-tr\\\/?s={search_term_string}\"},\"query-input\":{\"@type\":\"PropertyValueSpecification\",\"valueRequired\":true,\"valueName\":\"search_term_string\"}}],\"inLanguage\":\"tr\"}]}<\/script>\n<!-- \/ Yoast SEO plugin. -->","yoast_head_json":{"title":"KI8810.0SR | K\u00fcppersbusch T\u00fcrkiye","robots":{"index":"index","follow":"follow","max-snippet":"max-snippet:-1","max-image-preview":"max-image-preview:large","max-video-preview":"max-video-preview:-1"},"canonical":"https:\/\/www.home-kueppersbusch.com\/tr-tr\/product\/ki8810-0sr_122500012\/","og_locale":"tr_TR","og_type":"article","og_title":"KI8810.0SR | K\u00fcppersbusch T\u00fcrkiye","og_description":"Y\u00fcksek kaliteli \u00e7elik d\u00fc\u011fmelerle &quot;11 seviye&quot; &quot;Knob Control &quot; g\u00fc\u00e7 kontrol\u00fc 1 \u00f6zel \u00f6nceden tan\u0131mlanm\u0131\u015f seviye: erime seviyesi yakl. 70\u00baC K\u00f6pr\u00fc i\u015flevi,\u00f6n ve arka pi\u015firme b\u00f6lgesi birlikte tek bir pi\u015firme b\u00f6lgesine d\u00f6n\u00fc\u015ft\u00fcr\u00fclebilir Otomatik booster pi\u015firme a\u015famas\u0131 Art\u0131k \u0131s\u0131 g\u00f6stergesi&quot;","og_url":"https:\/\/www.home-kueppersbusch.com\/tr-tr\/product\/ki8810-0sr_122500012\/","og_site_name":"K\u00fcppersbusch T\u00fcrkiye","twitter_card":"summary_large_image","schema":{"@context":"https:\/\/schema.org","@graph":[{"@type":"WebPage","@id":"https:\/\/www.home-kueppersbusch.com\/tr-tr\/product\/ki8810-0sr_122500012\/","url":"https:\/\/www.home-kueppersbusch.com\/tr-tr\/product\/ki8810-0sr_122500012\/","name":"KI8810.0SR | K\u00fcppersbusch T\u00fcrkiye","isPartOf":{"@id":"https:\/\/www.home-kueppersbusch.com\/tr-tr\/#website"},"datePublished":"2026-04-25T09:23:36+00:00","inLanguage":"tr","potentialAction":[{"@type":"ReadAction","target":["https:\/\/www.home-kueppersbusch.com\/tr-tr\/product\/ki8810-0sr_122500012\/"]}]},{"@type":"WebSite","@id":"https:\/\/www.home-kueppersbusch.com\/tr-tr\/#website","url":"https:\/\/www.home-kueppersbusch.com\/tr-tr\/","name":"K\u00fcppersbusch T\u00fcrkiye","description":"","potentialAction":[{"@type":"SearchAction","target":{"@type":"EntryPoint","urlTemplate":"https:\/\/www.home-kueppersbusch.com\/tr-tr\/?s={search_term_string}"},"query-input":{"@type":"PropertyValueSpecification","valueRequired":true,"valueName":"search_term_string"}}],"inLanguage":"tr"}]}},"_links":{"self":[{"href":"https:\/\/www.home-kueppersbusch.com\/tr-tr\/wp-json\/wp\/v2\/product\/75412","targetHints":{"allow":["GET"]}}],"collection":[{"href":"https:\/\/www.home-kueppersbusch.com\/tr-tr\/wp-json\/wp\/v2\/product"}],"about":[{"href":"https:\/\/www.home-kueppersbusch.com\/tr-tr\/wp-json\/wp\/v2\/types\/product"}],"wp:attachment":[{"href":"https:\/\/www.home-kueppersbusch.com\/tr-tr\/wp-json\/wp\/v2\/media?parent=75412"}],"wp:term":[{"taxonomy":"product_cat","embeddable":true,"href":"https:\/\/www.home-kueppersbusch.com\/tr-tr\/wp-json\/wp\/v2\/product_cat?post=75412"},{"taxonomy":"product_edition","embeddable":true,"href":"https:\/\/www.home-kueppersbusch.com\/tr-tr\/wp-json\/wp\/v2\/product_edition?post=75412"},{"taxonomy":"product_energy_efficiency","embeddable":true,"href":"https:\/\/www.home-kueppersbusch.com\/tr-tr\/wp-json\/wp\/v2\/product_energy_efficiency?post=75412"}],"curies":[{"name":"wp","href":"https:\/\/api.w.org\/{rel}","templated":true}]}}