{"id":75411,"date":"2026-04-25T09:23:35","date_gmt":"2026-04-25T09:23:35","guid":{"rendered":"https:\/\/teka.com\/en-int\/csw6800-1_121600001"},"modified":"2026-03-28T08:02:10","modified_gmt":"2026-03-28T09:02:10","slug":"csw6800-1_121600001","status":"publish","type":"product","link":"https:\/\/www.home-kueppersbusch.com\/tr-tr\/product\/csw6800-1_121600001\/","title":{"rendered":"CSW6800.1"},"content":{"rendered":"<ul>\n<li>59 cm y\u00fcksekli\u011finde ankastre ni\u015f i\u00e7in 45 cm y\u00fcksekli\u011finde bir cihaz i\u00e7in ideal tamamlay\u0131c\u0131 \u00d6n cam dahil de\u011fildir (iste\u011fe ba\u011fl\u0131 aksesuarlara bak\u0131n) veya kabin \u00f6n\u00fc Ayarlanabilir g\u00fc\u00e7 yakl. 30-80\u00b0C 4 saate kadar uyku fonksiyonlu zamanlay\u0131c\u0131 S\u0131cak tutmak,buzunu \u00e7\u00f6zmek,d\u00fc\u015f\u00fck s\u0131cakl\u0131kta pi\u015firmek,yo\u011furmak ve tabaklar\u0131 \u0131s\u0131tmak i\u00e7in uygundur<\/li>\n<\/ul>\n","protected":false},"featured_media":0,"parent":0,"template":"","product_cat":[7092],"product_edition":[],"product_energy_efficiency":[],"class_list":["post-75411","product","type-product","status-publish","hentry","finishes-9943","finishes-9944","finishes-9945","finishes-9946","finishes-9947","finishes-9948","finishes-9949","finishes-9950","product_cat-cekmeceler","color-silver-chrome","product_lifestyle-k-series-8","usp-kph-graphite-01","usp-kph-graphite-02","usp-kph-graphite-03"],"acf":[],"yoast_head":"<!-- This site is optimized with the Yoast SEO plugin v27.5 - https:\/\/yoast.com\/product\/yoast-seo-wordpress\/ -->\n<title>CSW6800.1 | K\u00fcppersbusch T\u00fcrkiye<\/title>\n<meta name=\"robots\" content=\"index, follow, max-snippet:-1, max-image-preview:large, max-video-preview:-1\" \/>\n<link rel=\"canonical\" href=\"https:\/\/www.home-kueppersbusch.com\/tr-tr\/product\/csw6800-1_121600001\/\" \/>\n<meta property=\"og:locale\" content=\"tr_TR\" \/>\n<meta property=\"og:type\" content=\"article\" \/>\n<meta property=\"og:title\" content=\"CSW6800.1 | K\u00fcppersbusch T\u00fcrkiye\" \/>\n<meta property=\"og:description\" content=\"59 cm y\u00fcksekli\u011finde ankastre ni\u015f i\u00e7in 45 cm y\u00fcksekli\u011finde bir cihaz i\u00e7in ideal tamamlay\u0131c\u0131 \u00d6n cam dahil de\u011fildir (iste\u011fe ba\u011fl\u0131 aksesuarlara bak\u0131n) veya kabin \u00f6n\u00fc Ayarlanabilir g\u00fc\u00e7 yakl. 30-80\u00b0C 4 saate kadar uyku fonksiyonlu zamanlay\u0131c\u0131 S\u0131cak tutmak,buzunu \u00e7\u00f6zmek,d\u00fc\u015f\u00fck s\u0131cakl\u0131kta pi\u015firmek,yo\u011furmak ve tabaklar\u0131 \u0131s\u0131tmak i\u00e7in uygundur\" \/>\n<meta property=\"og:url\" content=\"https:\/\/www.home-kueppersbusch.com\/tr-tr\/product\/csw6800-1_121600001\/\" \/>\n<meta property=\"og:site_name\" content=\"K\u00fcppersbusch T\u00fcrkiye\" \/>\n<meta name=\"twitter:card\" content=\"summary_large_image\" \/>\n<script type=\"application\/ld+json\" class=\"yoast-schema-graph\">{\"@context\":\"https:\\\/\\\/schema.org\",\"@graph\":[{\"@type\":\"WebPage\",\"@id\":\"https:\\\/\\\/www.home-kueppersbusch.com\\\/tr-tr\\\/product\\\/csw6800-1_121600001\\\/\",\"url\":\"https:\\\/\\\/www.home-kueppersbusch.com\\\/tr-tr\\\/product\\\/csw6800-1_121600001\\\/\",\"name\":\"CSW6800.1 | K\u00fcppersbusch T\u00fcrkiye\",\"isPartOf\":{\"@id\":\"https:\\\/\\\/www.home-kueppersbusch.com\\\/tr-tr\\\/#website\"},\"datePublished\":\"2026-04-25T09:23:35+00:00\",\"inLanguage\":\"tr\",\"potentialAction\":[{\"@type\":\"ReadAction\",\"target\":[\"https:\\\/\\\/www.home-kueppersbusch.com\\\/tr-tr\\\/product\\\/csw6800-1_121600001\\\/\"]}]},{\"@type\":\"WebSite\",\"@id\":\"https:\\\/\\\/www.home-kueppersbusch.com\\\/tr-tr\\\/#website\",\"url\":\"https:\\\/\\\/www.home-kueppersbusch.com\\\/tr-tr\\\/\",\"name\":\"K\u00fcppersbusch T\u00fcrkiye\",\"description\":\"\",\"potentialAction\":[{\"@type\":\"SearchAction\",\"target\":{\"@type\":\"EntryPoint\",\"urlTemplate\":\"https:\\\/\\\/www.home-kueppersbusch.com\\\/tr-tr\\\/?s={search_term_string}\"},\"query-input\":{\"@type\":\"PropertyValueSpecification\",\"valueRequired\":true,\"valueName\":\"search_term_string\"}}],\"inLanguage\":\"tr\"}]}<\/script>\n<!-- \/ Yoast SEO plugin. -->","yoast_head_json":{"title":"CSW6800.1 | K\u00fcppersbusch T\u00fcrkiye","robots":{"index":"index","follow":"follow","max-snippet":"max-snippet:-1","max-image-preview":"max-image-preview:large","max-video-preview":"max-video-preview:-1"},"canonical":"https:\/\/www.home-kueppersbusch.com\/tr-tr\/product\/csw6800-1_121600001\/","og_locale":"tr_TR","og_type":"article","og_title":"CSW6800.1 | K\u00fcppersbusch T\u00fcrkiye","og_description":"59 cm y\u00fcksekli\u011finde ankastre ni\u015f i\u00e7in 45 cm y\u00fcksekli\u011finde bir cihaz i\u00e7in ideal tamamlay\u0131c\u0131 \u00d6n cam dahil de\u011fildir (iste\u011fe ba\u011fl\u0131 aksesuarlara bak\u0131n) veya kabin \u00f6n\u00fc Ayarlanabilir g\u00fc\u00e7 yakl. 30-80\u00b0C 4 saate kadar uyku fonksiyonlu zamanlay\u0131c\u0131 S\u0131cak tutmak,buzunu \u00e7\u00f6zmek,d\u00fc\u015f\u00fck s\u0131cakl\u0131kta pi\u015firmek,yo\u011furmak ve tabaklar\u0131 \u0131s\u0131tmak i\u00e7in uygundur","og_url":"https:\/\/www.home-kueppersbusch.com\/tr-tr\/product\/csw6800-1_121600001\/","og_site_name":"K\u00fcppersbusch T\u00fcrkiye","twitter_card":"summary_large_image","schema":{"@context":"https:\/\/schema.org","@graph":[{"@type":"WebPage","@id":"https:\/\/www.home-kueppersbusch.com\/tr-tr\/product\/csw6800-1_121600001\/","url":"https:\/\/www.home-kueppersbusch.com\/tr-tr\/product\/csw6800-1_121600001\/","name":"CSW6800.1 | K\u00fcppersbusch T\u00fcrkiye","isPartOf":{"@id":"https:\/\/www.home-kueppersbusch.com\/tr-tr\/#website"},"datePublished":"2026-04-25T09:23:35+00:00","inLanguage":"tr","potentialAction":[{"@type":"ReadAction","target":["https:\/\/www.home-kueppersbusch.com\/tr-tr\/product\/csw6800-1_121600001\/"]}]},{"@type":"WebSite","@id":"https:\/\/www.home-kueppersbusch.com\/tr-tr\/#website","url":"https:\/\/www.home-kueppersbusch.com\/tr-tr\/","name":"K\u00fcppersbusch T\u00fcrkiye","description":"","potentialAction":[{"@type":"SearchAction","target":{"@type":"EntryPoint","urlTemplate":"https:\/\/www.home-kueppersbusch.com\/tr-tr\/?s={search_term_string}"},"query-input":{"@type":"PropertyValueSpecification","valueRequired":true,"valueName":"search_term_string"}}],"inLanguage":"tr"}]}},"_links":{"self":[{"href":"https:\/\/www.home-kueppersbusch.com\/tr-tr\/wp-json\/wp\/v2\/product\/75411","targetHints":{"allow":["GET"]}}],"collection":[{"href":"https:\/\/www.home-kueppersbusch.com\/tr-tr\/wp-json\/wp\/v2\/product"}],"about":[{"href":"https:\/\/www.home-kueppersbusch.com\/tr-tr\/wp-json\/wp\/v2\/types\/product"}],"wp:attachment":[{"href":"https:\/\/www.home-kueppersbusch.com\/tr-tr\/wp-json\/wp\/v2\/media?parent=75411"}],"wp:term":[{"taxonomy":"product_cat","embeddable":true,"href":"https:\/\/www.home-kueppersbusch.com\/tr-tr\/wp-json\/wp\/v2\/product_cat?post=75411"},{"taxonomy":"product_edition","embeddable":true,"href":"https:\/\/www.home-kueppersbusch.com\/tr-tr\/wp-json\/wp\/v2\/product_edition?post=75411"},{"taxonomy":"product_energy_efficiency","embeddable":true,"href":"https:\/\/www.home-kueppersbusch.com\/tr-tr\/wp-json\/wp\/v2\/product_energy_efficiency?post=75411"}],"curies":[{"name":"wp","href":"https:\/\/api.w.org\/{rel}","templated":true}]}}