{"id":75409,"date":"2026-04-25T09:23:32","date_gmt":"2026-04-25T09:23:32","guid":{"rendered":"https:\/\/teka.com\/en-int\/fwk4800-0s_123600004"},"modified":"2026-03-28T08:02:04","modified_gmt":"2026-03-28T09:02:04","slug":"fwk4800-0s_123600004","status":"publish","type":"product","link":"https:\/\/www.home-kueppersbusch.com\/tr-tr\/product\/fwk4800-0s_123600004\/","title":{"rendered":"FWK4800.0S"},"content":{"rendered":"<ul>\n<li>Individual Concept tasar\u0131m\u0131 sayesinde ki\u015fiye \u00f6zel stil se\u00e7imi<\/li>\n<li>2 s\u0131cakl\u0131k b\u00f6lgesi sayesinde \u015faraplar\u0131n\u0131z\u0131 en iyi \u015fekilde muhafaza edin<\/li>\n<li>Dijital ekran ile daha iyi g\u00f6r\u00fcn\u00fcrl\u00fck<\/li>\n<li>LED i\u00e7 ayd\u0131nlatma sayesinde uzman \u015farap sunumu<\/li>\n<\/ul>\n","protected":false},"featured_media":0,"parent":0,"template":"","product_cat":[7104],"product_edition":[],"product_energy_efficiency":[9379],"class_list":["post-75409","product","type-product","status-publish","hentry","finishes-9936","finishes-9937","finishes-9938","finishes-9939","finishes-9940","finishes-9941","finishes-9942","product_cat-sarap-sogutucu","color-black","product_installation-yerlesik","product_lifestyle-k-series-8","usp-kph-coldline-02","usp-kph-individual-01","product_energy_efficiency-g-ue-icon-new"],"acf":[],"yoast_head":"<!-- This site is optimized with the Yoast SEO plugin v27.5 - https:\/\/yoast.com\/product\/yoast-seo-wordpress\/ -->\n<title>FWK4800.0S | K\u00fcppersbusch T\u00fcrkiye<\/title>\n<meta name=\"robots\" content=\"index, follow, max-snippet:-1, max-image-preview:large, max-video-preview:-1\" \/>\n<link rel=\"canonical\" href=\"https:\/\/www.home-kueppersbusch.com\/tr-tr\/product\/fwk4800-0s_123600004\/\" \/>\n<meta property=\"og:locale\" content=\"tr_TR\" \/>\n<meta property=\"og:type\" content=\"article\" \/>\n<meta property=\"og:title\" content=\"FWK4800.0S | K\u00fcppersbusch T\u00fcrkiye\" \/>\n<meta property=\"og:description\" content=\"Individual Concept tasar\u0131m\u0131 sayesinde ki\u015fiye \u00f6zel stil se\u00e7imi 2 s\u0131cakl\u0131k b\u00f6lgesi sayesinde \u015faraplar\u0131n\u0131z\u0131 en iyi \u015fekilde muhafaza edin Dijital ekran ile daha iyi g\u00f6r\u00fcn\u00fcrl\u00fck LED i\u00e7 ayd\u0131nlatma sayesinde uzman \u015farap sunumu\" \/>\n<meta property=\"og:url\" content=\"https:\/\/www.home-kueppersbusch.com\/tr-tr\/product\/fwk4800-0s_123600004\/\" \/>\n<meta property=\"og:site_name\" content=\"K\u00fcppersbusch T\u00fcrkiye\" \/>\n<meta name=\"twitter:card\" content=\"summary_large_image\" \/>\n<script type=\"application\/ld+json\" class=\"yoast-schema-graph\">{\"@context\":\"https:\\\/\\\/schema.org\",\"@graph\":[{\"@type\":\"WebPage\",\"@id\":\"https:\\\/\\\/www.home-kueppersbusch.com\\\/tr-tr\\\/product\\\/fwk4800-0s_123600004\\\/\",\"url\":\"https:\\\/\\\/www.home-kueppersbusch.com\\\/tr-tr\\\/product\\\/fwk4800-0s_123600004\\\/\",\"name\":\"FWK4800.0S | K\u00fcppersbusch T\u00fcrkiye\",\"isPartOf\":{\"@id\":\"https:\\\/\\\/www.home-kueppersbusch.com\\\/tr-tr\\\/#website\"},\"datePublished\":\"2026-04-25T09:23:32+00:00\",\"inLanguage\":\"tr\",\"potentialAction\":[{\"@type\":\"ReadAction\",\"target\":[\"https:\\\/\\\/www.home-kueppersbusch.com\\\/tr-tr\\\/product\\\/fwk4800-0s_123600004\\\/\"]}]},{\"@type\":\"WebSite\",\"@id\":\"https:\\\/\\\/www.home-kueppersbusch.com\\\/tr-tr\\\/#website\",\"url\":\"https:\\\/\\\/www.home-kueppersbusch.com\\\/tr-tr\\\/\",\"name\":\"K\u00fcppersbusch T\u00fcrkiye\",\"description\":\"\",\"potentialAction\":[{\"@type\":\"SearchAction\",\"target\":{\"@type\":\"EntryPoint\",\"urlTemplate\":\"https:\\\/\\\/www.home-kueppersbusch.com\\\/tr-tr\\\/?s={search_term_string}\"},\"query-input\":{\"@type\":\"PropertyValueSpecification\",\"valueRequired\":true,\"valueName\":\"search_term_string\"}}],\"inLanguage\":\"tr\"}]}<\/script>\n<!-- \/ Yoast SEO plugin. -->","yoast_head_json":{"title":"FWK4800.0S | K\u00fcppersbusch T\u00fcrkiye","robots":{"index":"index","follow":"follow","max-snippet":"max-snippet:-1","max-image-preview":"max-image-preview:large","max-video-preview":"max-video-preview:-1"},"canonical":"https:\/\/www.home-kueppersbusch.com\/tr-tr\/product\/fwk4800-0s_123600004\/","og_locale":"tr_TR","og_type":"article","og_title":"FWK4800.0S | K\u00fcppersbusch T\u00fcrkiye","og_description":"Individual Concept tasar\u0131m\u0131 sayesinde ki\u015fiye \u00f6zel stil se\u00e7imi 2 s\u0131cakl\u0131k b\u00f6lgesi sayesinde \u015faraplar\u0131n\u0131z\u0131 en iyi \u015fekilde muhafaza edin Dijital ekran ile daha iyi g\u00f6r\u00fcn\u00fcrl\u00fck LED i\u00e7 ayd\u0131nlatma sayesinde uzman \u015farap sunumu","og_url":"https:\/\/www.home-kueppersbusch.com\/tr-tr\/product\/fwk4800-0s_123600004\/","og_site_name":"K\u00fcppersbusch T\u00fcrkiye","twitter_card":"summary_large_image","schema":{"@context":"https:\/\/schema.org","@graph":[{"@type":"WebPage","@id":"https:\/\/www.home-kueppersbusch.com\/tr-tr\/product\/fwk4800-0s_123600004\/","url":"https:\/\/www.home-kueppersbusch.com\/tr-tr\/product\/fwk4800-0s_123600004\/","name":"FWK4800.0S | K\u00fcppersbusch T\u00fcrkiye","isPartOf":{"@id":"https:\/\/www.home-kueppersbusch.com\/tr-tr\/#website"},"datePublished":"2026-04-25T09:23:32+00:00","inLanguage":"tr","potentialAction":[{"@type":"ReadAction","target":["https:\/\/www.home-kueppersbusch.com\/tr-tr\/product\/fwk4800-0s_123600004\/"]}]},{"@type":"WebSite","@id":"https:\/\/www.home-kueppersbusch.com\/tr-tr\/#website","url":"https:\/\/www.home-kueppersbusch.com\/tr-tr\/","name":"K\u00fcppersbusch T\u00fcrkiye","description":"","potentialAction":[{"@type":"SearchAction","target":{"@type":"EntryPoint","urlTemplate":"https:\/\/www.home-kueppersbusch.com\/tr-tr\/?s={search_term_string}"},"query-input":{"@type":"PropertyValueSpecification","valueRequired":true,"valueName":"search_term_string"}}],"inLanguage":"tr"}]}},"_links":{"self":[{"href":"https:\/\/www.home-kueppersbusch.com\/tr-tr\/wp-json\/wp\/v2\/product\/75409","targetHints":{"allow":["GET"]}}],"collection":[{"href":"https:\/\/www.home-kueppersbusch.com\/tr-tr\/wp-json\/wp\/v2\/product"}],"about":[{"href":"https:\/\/www.home-kueppersbusch.com\/tr-tr\/wp-json\/wp\/v2\/types\/product"}],"wp:attachment":[{"href":"https:\/\/www.home-kueppersbusch.com\/tr-tr\/wp-json\/wp\/v2\/media?parent=75409"}],"wp:term":[{"taxonomy":"product_cat","embeddable":true,"href":"https:\/\/www.home-kueppersbusch.com\/tr-tr\/wp-json\/wp\/v2\/product_cat?post=75409"},{"taxonomy":"product_edition","embeddable":true,"href":"https:\/\/www.home-kueppersbusch.com\/tr-tr\/wp-json\/wp\/v2\/product_edition?post=75409"},{"taxonomy":"product_energy_efficiency","embeddable":true,"href":"https:\/\/www.home-kueppersbusch.com\/tr-tr\/wp-json\/wp\/v2\/product_energy_efficiency?post=75409"}],"curies":[{"name":"wp","href":"https:\/\/api.w.org\/{rel}","templated":true}]}}