{"id":69912,"date":"2020-09-30T14:14:18","date_gmt":"2020-09-30T14:14:18","guid":{"rendered":"https:\/\/www.home-kueppersbusch.com\/tr-tr\/?page_id=69912"},"modified":"2023-10-17T08:46:33","modified_gmt":"2023-10-17T08:46:33","slug":"tarihce","status":"publish","type":"page","link":"https:\/\/www.home-kueppersbusch.com\/tr-tr\/tarihce\/","title":{"rendered":"Tarih\u00e7e"},"content":{"rendered":"<p>[et_pb_section fb_built=&#8221;1&#8243; admin_label=&#8221;section&#8221; _builder_version=&#8221;4.16&#8243; hover_enabled=&#8221;0&#8243; global_colors_info=&#8221;{}&#8221; sticky_enabled=&#8221;0&#8243;][et_pb_row admin_label=&#8221;row&#8221; _builder_version=&#8221;4.16&#8243; background_size=&#8221;initial&#8221; background_position=&#8221;top_left&#8221; background_repeat=&#8221;repeat&#8221; hover_enabled=&#8221;0&#8243; global_colors_info=&#8221;{}&#8221; sticky_enabled=&#8221;0&#8243;][et_pb_column type=&#8221;4_4&#8243; _builder_version=&#8221;4.16&#8243; custom_padding=&#8221;|||&#8221; global_colors_info=&#8221;{}&#8221; custom_padding__hover=&#8221;|||&#8221;][\/et_pb_column][\/et_pb_row][\/et_pb_section]<\/p>\n","protected":false},"excerpt":{"rendered":"","protected":false},"author":68,"featured_media":0,"parent":0,"menu_order":0,"comment_status":"closed","ping_status":"closed","template":"tp-historia.php","meta":{"_acf_changed":false,"_et_pb_use_builder":"on","_et_pb_old_content":"","_et_gb_content_width":"","footnotes":""},"class_list":["post-69912","page","type-page","status-publish","hentry"],"acf":[],"yoast_head":"<!-- This site is optimized with the Yoast SEO plugin v27.5 - https:\/\/yoast.com\/product\/yoast-seo-wordpress\/ -->\n<title>1875&#039;den beri profesyonel mutfak \u00f6nc\u00fcleri | Site ba\u015fl\u0131\u011f\u0131 % Site ba\u015fl\u0131\u011f\u0131<\/title>\n<meta name=\"description\" content=\"Markam\u0131z 145 y\u0131l\u0131 a\u015fk\u0131n s\u00fcredir mutfakta yenilikler yap\u0131yor. En dikkatli ve zorlu \u00fcretim s\u00fcreciyle, her zaman e\u015fsiz kalite ve dayan\u0131kl\u0131l\u0131\u011f\u0131 garanti ediyor.\" \/>\n<meta name=\"robots\" content=\"index, follow, max-snippet:-1, max-image-preview:large, max-video-preview:-1\" \/>\n<link rel=\"canonical\" href=\"https:\/\/www.home-kueppersbusch.com\/tr-tr\/tarihce\/\" \/>\n<meta property=\"og:locale\" content=\"tr_TR\" \/>\n<meta property=\"og:type\" content=\"article\" \/>\n<meta property=\"og:title\" content=\"1875&#039;den beri profesyonel mutfak \u00f6nc\u00fcleri | Site ba\u015fl\u0131\u011f\u0131 % Site ba\u015fl\u0131\u011f\u0131\" \/>\n<meta property=\"og:description\" content=\"Markam\u0131z 145 y\u0131l\u0131 a\u015fk\u0131n s\u00fcredir mutfakta yenilikler yap\u0131yor. En dikkatli ve zorlu \u00fcretim s\u00fcreciyle, her zaman e\u015fsiz kalite ve dayan\u0131kl\u0131l\u0131\u011f\u0131 garanti ediyor.\" \/>\n<meta property=\"og:url\" content=\"https:\/\/www.home-kueppersbusch.com\/tr-tr\/tarihce\/\" \/>\n<meta property=\"og:site_name\" content=\"K\u00fcppersbusch T\u00fcrkiye\" \/>\n<meta property=\"article:modified_time\" content=\"2023-10-17T08:46:33+00:00\" \/>\n<meta name=\"twitter:card\" content=\"summary_large_image\" \/>\n<script type=\"application\/ld+json\" class=\"yoast-schema-graph\">{\"@context\":\"https:\\\/\\\/schema.org\",\"@graph\":[{\"@type\":\"WebPage\",\"@id\":\"https:\\\/\\\/www.home-kueppersbusch.com\\\/tr-tr\\\/tarihce\\\/\",\"url\":\"https:\\\/\\\/www.home-kueppersbusch.com\\\/tr-tr\\\/tarihce\\\/\",\"name\":\"1875'den beri profesyonel mutfak \u00f6nc\u00fcleri | Site ba\u015fl\u0131\u011f\u0131 % Site ba\u015fl\u0131\u011f\u0131\",\"isPartOf\":{\"@id\":\"https:\\\/\\\/www.home-kueppersbusch.com\\\/tr-tr\\\/#website\"},\"datePublished\":\"2020-09-30T14:14:18+00:00\",\"dateModified\":\"2023-10-17T08:46:33+00:00\",\"description\":\"Markam\u0131z 145 y\u0131l\u0131 a\u015fk\u0131n s\u00fcredir mutfakta yenilikler yap\u0131yor. En dikkatli ve zorlu \u00fcretim s\u00fcreciyle, her zaman e\u015fsiz kalite ve dayan\u0131kl\u0131l\u0131\u011f\u0131 garanti ediyor.\",\"inLanguage\":\"tr\",\"potentialAction\":[{\"@type\":\"ReadAction\",\"target\":[\"https:\\\/\\\/www.home-kueppersbusch.com\\\/tr-tr\\\/tarihce\\\/\"]}]},{\"@type\":\"WebSite\",\"@id\":\"https:\\\/\\\/www.home-kueppersbusch.com\\\/tr-tr\\\/#website\",\"url\":\"https:\\\/\\\/www.home-kueppersbusch.com\\\/tr-tr\\\/\",\"name\":\"K\u00fcppersbusch T\u00fcrkiye\",\"description\":\"\",\"potentialAction\":[{\"@type\":\"SearchAction\",\"target\":{\"@type\":\"EntryPoint\",\"urlTemplate\":\"https:\\\/\\\/www.home-kueppersbusch.com\\\/tr-tr\\\/?s={search_term_string}\"},\"query-input\":{\"@type\":\"PropertyValueSpecification\",\"valueRequired\":true,\"valueName\":\"search_term_string\"}}],\"inLanguage\":\"tr\"}]}<\/script>\n<!-- \/ Yoast SEO plugin. -->","yoast_head_json":{"title":"1875'den beri profesyonel mutfak \u00f6nc\u00fcleri | Site ba\u015fl\u0131\u011f\u0131 % Site ba\u015fl\u0131\u011f\u0131","description":"Markam\u0131z 145 y\u0131l\u0131 a\u015fk\u0131n s\u00fcredir mutfakta yenilikler yap\u0131yor. En dikkatli ve zorlu \u00fcretim s\u00fcreciyle, her zaman e\u015fsiz kalite ve dayan\u0131kl\u0131l\u0131\u011f\u0131 garanti ediyor.","robots":{"index":"index","follow":"follow","max-snippet":"max-snippet:-1","max-image-preview":"max-image-preview:large","max-video-preview":"max-video-preview:-1"},"canonical":"https:\/\/www.home-kueppersbusch.com\/tr-tr\/tarihce\/","og_locale":"tr_TR","og_type":"article","og_title":"1875'den beri profesyonel mutfak \u00f6nc\u00fcleri | Site ba\u015fl\u0131\u011f\u0131 % Site ba\u015fl\u0131\u011f\u0131","og_description":"Markam\u0131z 145 y\u0131l\u0131 a\u015fk\u0131n s\u00fcredir mutfakta yenilikler yap\u0131yor. En dikkatli ve zorlu \u00fcretim s\u00fcreciyle, her zaman e\u015fsiz kalite ve dayan\u0131kl\u0131l\u0131\u011f\u0131 garanti ediyor.","og_url":"https:\/\/www.home-kueppersbusch.com\/tr-tr\/tarihce\/","og_site_name":"K\u00fcppersbusch T\u00fcrkiye","article_modified_time":"2023-10-17T08:46:33+00:00","twitter_card":"summary_large_image","schema":{"@context":"https:\/\/schema.org","@graph":[{"@type":"WebPage","@id":"https:\/\/www.home-kueppersbusch.com\/tr-tr\/tarihce\/","url":"https:\/\/www.home-kueppersbusch.com\/tr-tr\/tarihce\/","name":"1875'den beri profesyonel mutfak \u00f6nc\u00fcleri | Site ba\u015fl\u0131\u011f\u0131 % Site ba\u015fl\u0131\u011f\u0131","isPartOf":{"@id":"https:\/\/www.home-kueppersbusch.com\/tr-tr\/#website"},"datePublished":"2020-09-30T14:14:18+00:00","dateModified":"2023-10-17T08:46:33+00:00","description":"Markam\u0131z 145 y\u0131l\u0131 a\u015fk\u0131n s\u00fcredir mutfakta yenilikler yap\u0131yor. En dikkatli ve zorlu \u00fcretim s\u00fcreciyle, her zaman e\u015fsiz kalite ve dayan\u0131kl\u0131l\u0131\u011f\u0131 garanti ediyor.","inLanguage":"tr","potentialAction":[{"@type":"ReadAction","target":["https:\/\/www.home-kueppersbusch.com\/tr-tr\/tarihce\/"]}]},{"@type":"WebSite","@id":"https:\/\/www.home-kueppersbusch.com\/tr-tr\/#website","url":"https:\/\/www.home-kueppersbusch.com\/tr-tr\/","name":"K\u00fcppersbusch T\u00fcrkiye","description":"","potentialAction":[{"@type":"SearchAction","target":{"@type":"EntryPoint","urlTemplate":"https:\/\/www.home-kueppersbusch.com\/tr-tr\/?s={search_term_string}"},"query-input":{"@type":"PropertyValueSpecification","valueRequired":true,"valueName":"search_term_string"}}],"inLanguage":"tr"}]}},"_links":{"self":[{"href":"https:\/\/www.home-kueppersbusch.com\/tr-tr\/wp-json\/wp\/v2\/pages\/69912","targetHints":{"allow":["GET"]}}],"collection":[{"href":"https:\/\/www.home-kueppersbusch.com\/tr-tr\/wp-json\/wp\/v2\/pages"}],"about":[{"href":"https:\/\/www.home-kueppersbusch.com\/tr-tr\/wp-json\/wp\/v2\/types\/page"}],"author":[{"embeddable":true,"href":"https:\/\/www.home-kueppersbusch.com\/tr-tr\/wp-json\/wp\/v2\/users\/68"}],"replies":[{"embeddable":true,"href":"https:\/\/www.home-kueppersbusch.com\/tr-tr\/wp-json\/wp\/v2\/comments?post=69912"}],"version-history":[{"count":36,"href":"https:\/\/www.home-kueppersbusch.com\/tr-tr\/wp-json\/wp\/v2\/pages\/69912\/revisions"}],"predecessor-version":[{"id":75267,"href":"https:\/\/www.home-kueppersbusch.com\/tr-tr\/wp-json\/wp\/v2\/pages\/69912\/revisions\/75267"}],"wp:attachment":[{"href":"https:\/\/www.home-kueppersbusch.com\/tr-tr\/wp-json\/wp\/v2\/media?parent=69912"}],"curies":[{"name":"wp","href":"https:\/\/api.w.org\/{rel}","templated":true}]}}