{"id":74079,"date":"2026-04-25T09:26:17","date_gmt":"2026-04-25T09:26:17","guid":{"rendered":"https:\/\/teka.com\/en-int\/combina-frigorifica-incorporabila-nofrost-cu-panou-cu-led-in-partea-din-spate_123560011"},"modified":"2026-03-28T08:07:56","modified_gmt":"2026-03-28T09:07:56","slug":"combina-frigorifica-incorporabila-nofrost-cu-panou-cu-led-in-partea-din-spate_123560011","status":"publish","type":"product","link":"https:\/\/www.home-kueppersbusch.com\/ro-ro\/product\/combina-frigorifica-incorporabila-nofrost-cu-panou-cu-led-in-partea-din-spate_123560011\/","title":{"rendered":"FKGF9850.0i"},"content":{"rendered":"<ul>\n<li>Depozitarea eficient\u0103 a alimentelor datorit\u0103 clasei energetice E<\/li>\n<li>Panou cu LED \u00een partea din spate pentru vizibilitate mai bun\u0103<\/li>\n<li>F\u0103r\u0103 ghea\u021b\u0103 \u00een interior datorit\u0103 sistemului NoFrost<\/li>\n<li>Ghid intuitiv de operare cu senzori Touch Control<\/li>\n<\/ul>\n","protected":false},"featured_media":0,"parent":0,"template":"","product_cat":[9619],"product_edition":[],"product_energy_efficiency":[9306],"class_list":["post-74079","product","type-product","status-publish","hentry","product_cat-fridge-freezers","color-white","product_installation-incorporabile","product_lifestyle-k-series-8","product_energy_efficiency-e-ue-icon-new"],"acf":[],"yoast_head":"<!-- This site is optimized with the Yoast SEO plugin v27.5 - https:\/\/yoast.com\/product\/yoast-seo-wordpress\/ -->\n<title>FKGF9850.0i | K\u00fcppersbusch Rom\u00e2nia<\/title>\n<meta name=\"robots\" content=\"index, follow, max-snippet:-1, max-image-preview:large, max-video-preview:-1\" \/>\n<link rel=\"canonical\" href=\"https:\/\/www.home-kueppersbusch.com\/ro-ro\/product\/combina-frigorifica-incorporabila-nofrost-cu-panou-cu-led-in-partea-din-spate_123560011\/\" \/>\n<meta property=\"og:locale\" content=\"ro_RO\" \/>\n<meta property=\"og:type\" content=\"article\" \/>\n<meta property=\"og:title\" content=\"FKGF9850.0i | K\u00fcppersbusch Rom\u00e2nia\" \/>\n<meta property=\"og:description\" content=\"Depozitarea eficient\u0103 a alimentelor datorit\u0103 clasei energetice E Panou cu LED \u00een partea din spate pentru vizibilitate mai bun\u0103 F\u0103r\u0103 ghea\u021b\u0103 \u00een interior datorit\u0103 sistemului NoFrost Ghid intuitiv de operare cu senzori Touch Control\" \/>\n<meta property=\"og:url\" content=\"https:\/\/www.home-kueppersbusch.com\/ro-ro\/product\/combina-frigorifica-incorporabila-nofrost-cu-panou-cu-led-in-partea-din-spate_123560011\/\" \/>\n<meta property=\"og:site_name\" content=\"K\u00fcppersbusch Rom\u00e2nia\" \/>\n<meta name=\"twitter:card\" content=\"summary_large_image\" \/>\n<script type=\"application\/ld+json\" class=\"yoast-schema-graph\">{\"@context\":\"https:\\\/\\\/schema.org\",\"@graph\":[{\"@type\":\"WebPage\",\"@id\":\"https:\\\/\\\/www.home-kueppersbusch.com\\\/ro-ro\\\/product\\\/combina-frigorifica-incorporabila-nofrost-cu-panou-cu-led-in-partea-din-spate_123560011\\\/\",\"url\":\"https:\\\/\\\/www.home-kueppersbusch.com\\\/ro-ro\\\/product\\\/combina-frigorifica-incorporabila-nofrost-cu-panou-cu-led-in-partea-din-spate_123560011\\\/\",\"name\":\"FKGF9850.0i | K\u00fcppersbusch Rom\u00e2nia\",\"isPartOf\":{\"@id\":\"https:\\\/\\\/www.home-kueppersbusch.com\\\/ro-ro\\\/#website\"},\"datePublished\":\"2026-04-25T09:26:17+00:00\",\"inLanguage\":\"ro-RO\",\"potentialAction\":[{\"@type\":\"ReadAction\",\"target\":[\"https:\\\/\\\/www.home-kueppersbusch.com\\\/ro-ro\\\/product\\\/combina-frigorifica-incorporabila-nofrost-cu-panou-cu-led-in-partea-din-spate_123560011\\\/\"]}]},{\"@type\":\"WebSite\",\"@id\":\"https:\\\/\\\/www.home-kueppersbusch.com\\\/ro-ro\\\/#website\",\"url\":\"https:\\\/\\\/www.home-kueppersbusch.com\\\/ro-ro\\\/\",\"name\":\"K\u00fcppersbusch Rom\u00e2nia\",\"description\":\"\",\"potentialAction\":[{\"@type\":\"SearchAction\",\"target\":{\"@type\":\"EntryPoint\",\"urlTemplate\":\"https:\\\/\\\/www.home-kueppersbusch.com\\\/ro-ro\\\/?s={search_term_string}\"},\"query-input\":{\"@type\":\"PropertyValueSpecification\",\"valueRequired\":true,\"valueName\":\"search_term_string\"}}],\"inLanguage\":\"ro-RO\"}]}<\/script>\n<!-- \/ Yoast SEO plugin. -->","yoast_head_json":{"title":"FKGF9850.0i | K\u00fcppersbusch Rom\u00e2nia","robots":{"index":"index","follow":"follow","max-snippet":"max-snippet:-1","max-image-preview":"max-image-preview:large","max-video-preview":"max-video-preview:-1"},"canonical":"https:\/\/www.home-kueppersbusch.com\/ro-ro\/product\/combina-frigorifica-incorporabila-nofrost-cu-panou-cu-led-in-partea-din-spate_123560011\/","og_locale":"ro_RO","og_type":"article","og_title":"FKGF9850.0i | K\u00fcppersbusch Rom\u00e2nia","og_description":"Depozitarea eficient\u0103 a alimentelor datorit\u0103 clasei energetice E Panou cu LED \u00een partea din spate pentru vizibilitate mai bun\u0103 F\u0103r\u0103 ghea\u021b\u0103 \u00een interior datorit\u0103 sistemului NoFrost Ghid intuitiv de operare cu senzori Touch Control","og_url":"https:\/\/www.home-kueppersbusch.com\/ro-ro\/product\/combina-frigorifica-incorporabila-nofrost-cu-panou-cu-led-in-partea-din-spate_123560011\/","og_site_name":"K\u00fcppersbusch Rom\u00e2nia","twitter_card":"summary_large_image","schema":{"@context":"https:\/\/schema.org","@graph":[{"@type":"WebPage","@id":"https:\/\/www.home-kueppersbusch.com\/ro-ro\/product\/combina-frigorifica-incorporabila-nofrost-cu-panou-cu-led-in-partea-din-spate_123560011\/","url":"https:\/\/www.home-kueppersbusch.com\/ro-ro\/product\/combina-frigorifica-incorporabila-nofrost-cu-panou-cu-led-in-partea-din-spate_123560011\/","name":"FKGF9850.0i | K\u00fcppersbusch Rom\u00e2nia","isPartOf":{"@id":"https:\/\/www.home-kueppersbusch.com\/ro-ro\/#website"},"datePublished":"2026-04-25T09:26:17+00:00","inLanguage":"ro-RO","potentialAction":[{"@type":"ReadAction","target":["https:\/\/www.home-kueppersbusch.com\/ro-ro\/product\/combina-frigorifica-incorporabila-nofrost-cu-panou-cu-led-in-partea-din-spate_123560011\/"]}]},{"@type":"WebSite","@id":"https:\/\/www.home-kueppersbusch.com\/ro-ro\/#website","url":"https:\/\/www.home-kueppersbusch.com\/ro-ro\/","name":"K\u00fcppersbusch Rom\u00e2nia","description":"","potentialAction":[{"@type":"SearchAction","target":{"@type":"EntryPoint","urlTemplate":"https:\/\/www.home-kueppersbusch.com\/ro-ro\/?s={search_term_string}"},"query-input":{"@type":"PropertyValueSpecification","valueRequired":true,"valueName":"search_term_string"}}],"inLanguage":"ro-RO"}]}},"_links":{"self":[{"href":"https:\/\/www.home-kueppersbusch.com\/ro-ro\/wp-json\/wp\/v2\/product\/74079","targetHints":{"allow":["GET"]}}],"collection":[{"href":"https:\/\/www.home-kueppersbusch.com\/ro-ro\/wp-json\/wp\/v2\/product"}],"about":[{"href":"https:\/\/www.home-kueppersbusch.com\/ro-ro\/wp-json\/wp\/v2\/types\/product"}],"wp:attachment":[{"href":"https:\/\/www.home-kueppersbusch.com\/ro-ro\/wp-json\/wp\/v2\/media?parent=74079"}],"wp:term":[{"taxonomy":"product_cat","embeddable":true,"href":"https:\/\/www.home-kueppersbusch.com\/ro-ro\/wp-json\/wp\/v2\/product_cat?post=74079"},{"taxonomy":"product_edition","embeddable":true,"href":"https:\/\/www.home-kueppersbusch.com\/ro-ro\/wp-json\/wp\/v2\/product_edition?post=74079"},{"taxonomy":"product_energy_efficiency","embeddable":true,"href":"https:\/\/www.home-kueppersbusch.com\/ro-ro\/wp-json\/wp\/v2\/product_energy_efficiency?post=74079"}],"curies":[{"name":"wp","href":"https:\/\/api.w.org\/{rel}","templated":true}]}}