{"id":74042,"date":"2026-04-25T09:25:59","date_gmt":"2026-04-25T09:25:59","guid":{"rendered":"https:\/\/teka.com\/en-int\/mattblack-design-line-cuptor-cu-abur-cu-sistem-oekotherm-panou-de-control-si-12-functii-de-preparare_121200002"},"modified":"2026-03-28T08:07:21","modified_gmt":"2026-03-28T09:07:21","slug":"mattblack-design-line-cuptor-cu-abur-cu-sistem-oekotherm-panou-de-control-si-12-functii-de-preparare_121200002","status":"publish","type":"product","link":"https:\/\/www.home-kueppersbusch.com\/ro-ro\/product\/mattblack-design-line-cuptor-cu-abur-cu-sistem-oekotherm-panou-de-control-si-12-functii-de-preparare_121200002\/","title":{"rendered":"BD6340.0KSM6 MattBlack"},"content":{"rendered":"<ul>\n<li>Design unic cu MattBlack Design Line<\/li>\n<li>F\u0103r\u0103 mirosuri nepl\u0103cute datorit\u0103 catalizatorului unic \u00f6kotherm\u00ae<\/li>\n<li>Selec\u021bie personalizat\u0103 a stilului datorit\u0103 designului Individual Concept<\/li>\n<li>Vizibilitate bun\u0103 cu afi\u0219aj LED<\/li>\n<li>Utilizare u\u0219oar\u0103 cu butonul de control din o\u021bel inoxidabil<\/li>\n<li>Cur\u0103\u021bare u\u0219oar\u0103 datorit\u0103 u\u0219ii interioare unice K\u00fcppersbusch, cu ram\u0103 din inox<\/li>\n<li>Preparare f\u0103r\u0103 limite cu func\u021bie complet\u0103 de abur<\/li>\n<\/ul>\n","protected":false},"featured_media":0,"parent":0,"template":"","product_cat":[8350],"product_edition":[],"product_energy_efficiency":[9313],"class_list":["post-74042","product","type-product","status-publish","hentry","product_ambient-kitchen-mattblack-02","product_cat-cuptoare-cu-aburi","color-black-matt","product_lifestyle-k-series-3","product_energy_efficiency-a-plus-icon"],"acf":[],"yoast_head":"<!-- This site is optimized with the Yoast SEO plugin v27.5 - https:\/\/yoast.com\/product\/yoast-seo-wordpress\/ -->\n<title>BD6340.0KSM6 MattBlack | K\u00fcppersbusch Rom\u00e2nia<\/title>\n<meta name=\"robots\" content=\"index, follow, max-snippet:-1, max-image-preview:large, max-video-preview:-1\" \/>\n<link rel=\"canonical\" href=\"https:\/\/www.home-kueppersbusch.com\/ro-ro\/product\/mattblack-design-line-cuptor-cu-abur-cu-sistem-oekotherm-panou-de-control-si-12-functii-de-preparare_121200002\/\" \/>\n<meta property=\"og:locale\" content=\"ro_RO\" \/>\n<meta property=\"og:type\" content=\"article\" \/>\n<meta property=\"og:title\" content=\"BD6340.0KSM6 MattBlack | K\u00fcppersbusch Rom\u00e2nia\" \/>\n<meta property=\"og:description\" content=\"Design unic cu MattBlack Design Line F\u0103r\u0103 mirosuri nepl\u0103cute datorit\u0103 catalizatorului unic \u00f6kotherm\u00ae Selec\u021bie personalizat\u0103 a stilului datorit\u0103 designului Individual Concept Vizibilitate bun\u0103 cu afi\u0219aj LED Utilizare u\u0219oar\u0103 cu butonul de control din o\u021bel inoxidabil Cur\u0103\u021bare u\u0219oar\u0103 datorit\u0103 u\u0219ii interioare unice K\u00fcppersbusch, cu ram\u0103 din inox Preparare f\u0103r\u0103 limite cu func\u021bie complet\u0103 de abur\" \/>\n<meta property=\"og:url\" content=\"https:\/\/www.home-kueppersbusch.com\/ro-ro\/product\/mattblack-design-line-cuptor-cu-abur-cu-sistem-oekotherm-panou-de-control-si-12-functii-de-preparare_121200002\/\" \/>\n<meta property=\"og:site_name\" content=\"K\u00fcppersbusch Rom\u00e2nia\" \/>\n<meta name=\"twitter:card\" content=\"summary_large_image\" \/>\n<script type=\"application\/ld+json\" class=\"yoast-schema-graph\">{\"@context\":\"https:\\\/\\\/schema.org\",\"@graph\":[{\"@type\":\"WebPage\",\"@id\":\"https:\\\/\\\/www.home-kueppersbusch.com\\\/ro-ro\\\/product\\\/mattblack-design-line-cuptor-cu-abur-cu-sistem-oekotherm-panou-de-control-si-12-functii-de-preparare_121200002\\\/\",\"url\":\"https:\\\/\\\/www.home-kueppersbusch.com\\\/ro-ro\\\/product\\\/mattblack-design-line-cuptor-cu-abur-cu-sistem-oekotherm-panou-de-control-si-12-functii-de-preparare_121200002\\\/\",\"name\":\"BD6340.0KSM6 MattBlack | K\u00fcppersbusch Rom\u00e2nia\",\"isPartOf\":{\"@id\":\"https:\\\/\\\/www.home-kueppersbusch.com\\\/ro-ro\\\/#website\"},\"datePublished\":\"2026-04-25T09:25:59+00:00\",\"inLanguage\":\"ro-RO\",\"potentialAction\":[{\"@type\":\"ReadAction\",\"target\":[\"https:\\\/\\\/www.home-kueppersbusch.com\\\/ro-ro\\\/product\\\/mattblack-design-line-cuptor-cu-abur-cu-sistem-oekotherm-panou-de-control-si-12-functii-de-preparare_121200002\\\/\"]}]},{\"@type\":\"WebSite\",\"@id\":\"https:\\\/\\\/www.home-kueppersbusch.com\\\/ro-ro\\\/#website\",\"url\":\"https:\\\/\\\/www.home-kueppersbusch.com\\\/ro-ro\\\/\",\"name\":\"K\u00fcppersbusch Rom\u00e2nia\",\"description\":\"\",\"potentialAction\":[{\"@type\":\"SearchAction\",\"target\":{\"@type\":\"EntryPoint\",\"urlTemplate\":\"https:\\\/\\\/www.home-kueppersbusch.com\\\/ro-ro\\\/?s={search_term_string}\"},\"query-input\":{\"@type\":\"PropertyValueSpecification\",\"valueRequired\":true,\"valueName\":\"search_term_string\"}}],\"inLanguage\":\"ro-RO\"}]}<\/script>\n<!-- \/ Yoast SEO plugin. -->","yoast_head_json":{"title":"BD6340.0KSM6 MattBlack | K\u00fcppersbusch Rom\u00e2nia","robots":{"index":"index","follow":"follow","max-snippet":"max-snippet:-1","max-image-preview":"max-image-preview:large","max-video-preview":"max-video-preview:-1"},"canonical":"https:\/\/www.home-kueppersbusch.com\/ro-ro\/product\/mattblack-design-line-cuptor-cu-abur-cu-sistem-oekotherm-panou-de-control-si-12-functii-de-preparare_121200002\/","og_locale":"ro_RO","og_type":"article","og_title":"BD6340.0KSM6 MattBlack | K\u00fcppersbusch Rom\u00e2nia","og_description":"Design unic cu MattBlack Design Line F\u0103r\u0103 mirosuri nepl\u0103cute datorit\u0103 catalizatorului unic \u00f6kotherm\u00ae Selec\u021bie personalizat\u0103 a stilului datorit\u0103 designului Individual Concept Vizibilitate bun\u0103 cu afi\u0219aj LED Utilizare u\u0219oar\u0103 cu butonul de control din o\u021bel inoxidabil Cur\u0103\u021bare u\u0219oar\u0103 datorit\u0103 u\u0219ii interioare unice K\u00fcppersbusch, cu ram\u0103 din inox Preparare f\u0103r\u0103 limite cu func\u021bie complet\u0103 de abur","og_url":"https:\/\/www.home-kueppersbusch.com\/ro-ro\/product\/mattblack-design-line-cuptor-cu-abur-cu-sistem-oekotherm-panou-de-control-si-12-functii-de-preparare_121200002\/","og_site_name":"K\u00fcppersbusch Rom\u00e2nia","twitter_card":"summary_large_image","schema":{"@context":"https:\/\/schema.org","@graph":[{"@type":"WebPage","@id":"https:\/\/www.home-kueppersbusch.com\/ro-ro\/product\/mattblack-design-line-cuptor-cu-abur-cu-sistem-oekotherm-panou-de-control-si-12-functii-de-preparare_121200002\/","url":"https:\/\/www.home-kueppersbusch.com\/ro-ro\/product\/mattblack-design-line-cuptor-cu-abur-cu-sistem-oekotherm-panou-de-control-si-12-functii-de-preparare_121200002\/","name":"BD6340.0KSM6 MattBlack | K\u00fcppersbusch Rom\u00e2nia","isPartOf":{"@id":"https:\/\/www.home-kueppersbusch.com\/ro-ro\/#website"},"datePublished":"2026-04-25T09:25:59+00:00","inLanguage":"ro-RO","potentialAction":[{"@type":"ReadAction","target":["https:\/\/www.home-kueppersbusch.com\/ro-ro\/product\/mattblack-design-line-cuptor-cu-abur-cu-sistem-oekotherm-panou-de-control-si-12-functii-de-preparare_121200002\/"]}]},{"@type":"WebSite","@id":"https:\/\/www.home-kueppersbusch.com\/ro-ro\/#website","url":"https:\/\/www.home-kueppersbusch.com\/ro-ro\/","name":"K\u00fcppersbusch Rom\u00e2nia","description":"","potentialAction":[{"@type":"SearchAction","target":{"@type":"EntryPoint","urlTemplate":"https:\/\/www.home-kueppersbusch.com\/ro-ro\/?s={search_term_string}"},"query-input":{"@type":"PropertyValueSpecification","valueRequired":true,"valueName":"search_term_string"}}],"inLanguage":"ro-RO"}]}},"_links":{"self":[{"href":"https:\/\/www.home-kueppersbusch.com\/ro-ro\/wp-json\/wp\/v2\/product\/74042","targetHints":{"allow":["GET"]}}],"collection":[{"href":"https:\/\/www.home-kueppersbusch.com\/ro-ro\/wp-json\/wp\/v2\/product"}],"about":[{"href":"https:\/\/www.home-kueppersbusch.com\/ro-ro\/wp-json\/wp\/v2\/types\/product"}],"wp:attachment":[{"href":"https:\/\/www.home-kueppersbusch.com\/ro-ro\/wp-json\/wp\/v2\/media?parent=74042"}],"wp:term":[{"taxonomy":"product_cat","embeddable":true,"href":"https:\/\/www.home-kueppersbusch.com\/ro-ro\/wp-json\/wp\/v2\/product_cat?post=74042"},{"taxonomy":"product_edition","embeddable":true,"href":"https:\/\/www.home-kueppersbusch.com\/ro-ro\/wp-json\/wp\/v2\/product_edition?post=74042"},{"taxonomy":"product_energy_efficiency","embeddable":true,"href":"https:\/\/www.home-kueppersbusch.com\/ro-ro\/wp-json\/wp\/v2\/product_energy_efficiency?post=74042"}],"curies":[{"name":"wp","href":"https:\/\/api.w.org\/{rel}","templated":true}]}}