{"id":74021,"date":"2026-04-25T09:25:51","date_gmt":"2026-04-25T09:25:51","guid":{"rendered":"https:\/\/teka.com\/en-int\/hota-semineu-cu-sistem-de-extractie-perimetral-si-wifi_122930004"},"modified":"2026-03-28T08:07:03","modified_gmt":"2026-03-28T09:07:03","slug":"hota-semineu-cu-sistem-de-extractie-perimetral-si-wifi_122930004","status":"publish","type":"product","link":"https:\/\/www.home-kueppersbusch.com\/ro-ro\/product\/hota-semineu-cu-sistem-de-extractie-perimetral-si-wifi_122930004\/","title":{"rendered":"DW9880.0S"},"content":{"rendered":"<ul>\n<li>Utilizarea eficient\u0103 a hotei datorit\u0103 clasei energetice A+++<\/li>\n<li>Setare eficient\u0103 cu 4 niveluri de putere<\/li>\n<li>Ghid intuitiv de operare cu senzori Touch Control<\/li>\n<li>Actualizare inteligent\u0103 a statusului cu conexiune wifi<\/li>\n<li>P\u0103streaz\u0103 aerul din buc\u0103t\u0103rie curat dup\u0103 preparare cu func\u021bia FreshAir<\/li>\n<li>Controlul st\u0103rii filtrului cu afi\u0219area satura\u021biei filtrului<\/li>\n<\/ul>\n","protected":false},"featured_media":0,"parent":0,"template":"","product_cat":[8362],"product_edition":[],"product_energy_efficiency":[9312],"class_list":["post-74021","product","type-product","status-publish","hentry","finishes-9852","finishes-9853","finishes-9854","finishes-9855","finishes-9856","finishes-9857","product_cat-hote-verticale-decorative","color-black","product_lifestyle-k-series-8","product_energy_efficiency-a-3plus-icon"],"acf":[],"yoast_head":"<!-- This site is optimized with the Yoast SEO plugin v27.5 - https:\/\/yoast.com\/product\/yoast-seo-wordpress\/ -->\n<title>DW9880.0S | K\u00fcppersbusch Rom\u00e2nia<\/title>\n<meta name=\"robots\" content=\"index, follow, max-snippet:-1, max-image-preview:large, max-video-preview:-1\" \/>\n<link rel=\"canonical\" href=\"https:\/\/www.home-kueppersbusch.com\/ro-ro\/product\/hota-semineu-cu-sistem-de-extractie-perimetral-si-wifi_122930004\/\" \/>\n<meta property=\"og:locale\" content=\"ro_RO\" \/>\n<meta property=\"og:type\" content=\"article\" \/>\n<meta property=\"og:title\" content=\"DW9880.0S | K\u00fcppersbusch Rom\u00e2nia\" \/>\n<meta property=\"og:description\" content=\"Utilizarea eficient\u0103 a hotei datorit\u0103 clasei energetice A+++ Setare eficient\u0103 cu 4 niveluri de putere Ghid intuitiv de operare cu senzori Touch Control Actualizare inteligent\u0103 a statusului cu conexiune wifi P\u0103streaz\u0103 aerul din buc\u0103t\u0103rie curat dup\u0103 preparare cu func\u021bia FreshAir Controlul st\u0103rii filtrului cu afi\u0219area satura\u021biei filtrului\" \/>\n<meta property=\"og:url\" content=\"https:\/\/www.home-kueppersbusch.com\/ro-ro\/product\/hota-semineu-cu-sistem-de-extractie-perimetral-si-wifi_122930004\/\" \/>\n<meta property=\"og:site_name\" content=\"K\u00fcppersbusch Rom\u00e2nia\" \/>\n<meta name=\"twitter:card\" content=\"summary_large_image\" \/>\n<script type=\"application\/ld+json\" class=\"yoast-schema-graph\">{\"@context\":\"https:\\\/\\\/schema.org\",\"@graph\":[{\"@type\":\"WebPage\",\"@id\":\"https:\\\/\\\/www.home-kueppersbusch.com\\\/ro-ro\\\/product\\\/hota-semineu-cu-sistem-de-extractie-perimetral-si-wifi_122930004\\\/\",\"url\":\"https:\\\/\\\/www.home-kueppersbusch.com\\\/ro-ro\\\/product\\\/hota-semineu-cu-sistem-de-extractie-perimetral-si-wifi_122930004\\\/\",\"name\":\"DW9880.0S | K\u00fcppersbusch Rom\u00e2nia\",\"isPartOf\":{\"@id\":\"https:\\\/\\\/www.home-kueppersbusch.com\\\/ro-ro\\\/#website\"},\"datePublished\":\"2026-04-25T09:25:51+00:00\",\"inLanguage\":\"ro-RO\",\"potentialAction\":[{\"@type\":\"ReadAction\",\"target\":[\"https:\\\/\\\/www.home-kueppersbusch.com\\\/ro-ro\\\/product\\\/hota-semineu-cu-sistem-de-extractie-perimetral-si-wifi_122930004\\\/\"]}]},{\"@type\":\"WebSite\",\"@id\":\"https:\\\/\\\/www.home-kueppersbusch.com\\\/ro-ro\\\/#website\",\"url\":\"https:\\\/\\\/www.home-kueppersbusch.com\\\/ro-ro\\\/\",\"name\":\"K\u00fcppersbusch Rom\u00e2nia\",\"description\":\"\",\"potentialAction\":[{\"@type\":\"SearchAction\",\"target\":{\"@type\":\"EntryPoint\",\"urlTemplate\":\"https:\\\/\\\/www.home-kueppersbusch.com\\\/ro-ro\\\/?s={search_term_string}\"},\"query-input\":{\"@type\":\"PropertyValueSpecification\",\"valueRequired\":true,\"valueName\":\"search_term_string\"}}],\"inLanguage\":\"ro-RO\"}]}<\/script>\n<!-- \/ Yoast SEO plugin. -->","yoast_head_json":{"title":"DW9880.0S | K\u00fcppersbusch Rom\u00e2nia","robots":{"index":"index","follow":"follow","max-snippet":"max-snippet:-1","max-image-preview":"max-image-preview:large","max-video-preview":"max-video-preview:-1"},"canonical":"https:\/\/www.home-kueppersbusch.com\/ro-ro\/product\/hota-semineu-cu-sistem-de-extractie-perimetral-si-wifi_122930004\/","og_locale":"ro_RO","og_type":"article","og_title":"DW9880.0S | K\u00fcppersbusch Rom\u00e2nia","og_description":"Utilizarea eficient\u0103 a hotei datorit\u0103 clasei energetice A+++ Setare eficient\u0103 cu 4 niveluri de putere Ghid intuitiv de operare cu senzori Touch Control Actualizare inteligent\u0103 a statusului cu conexiune wifi P\u0103streaz\u0103 aerul din buc\u0103t\u0103rie curat dup\u0103 preparare cu func\u021bia FreshAir Controlul st\u0103rii filtrului cu afi\u0219area satura\u021biei filtrului","og_url":"https:\/\/www.home-kueppersbusch.com\/ro-ro\/product\/hota-semineu-cu-sistem-de-extractie-perimetral-si-wifi_122930004\/","og_site_name":"K\u00fcppersbusch Rom\u00e2nia","twitter_card":"summary_large_image","schema":{"@context":"https:\/\/schema.org","@graph":[{"@type":"WebPage","@id":"https:\/\/www.home-kueppersbusch.com\/ro-ro\/product\/hota-semineu-cu-sistem-de-extractie-perimetral-si-wifi_122930004\/","url":"https:\/\/www.home-kueppersbusch.com\/ro-ro\/product\/hota-semineu-cu-sistem-de-extractie-perimetral-si-wifi_122930004\/","name":"DW9880.0S | K\u00fcppersbusch Rom\u00e2nia","isPartOf":{"@id":"https:\/\/www.home-kueppersbusch.com\/ro-ro\/#website"},"datePublished":"2026-04-25T09:25:51+00:00","inLanguage":"ro-RO","potentialAction":[{"@type":"ReadAction","target":["https:\/\/www.home-kueppersbusch.com\/ro-ro\/product\/hota-semineu-cu-sistem-de-extractie-perimetral-si-wifi_122930004\/"]}]},{"@type":"WebSite","@id":"https:\/\/www.home-kueppersbusch.com\/ro-ro\/#website","url":"https:\/\/www.home-kueppersbusch.com\/ro-ro\/","name":"K\u00fcppersbusch Rom\u00e2nia","description":"","potentialAction":[{"@type":"SearchAction","target":{"@type":"EntryPoint","urlTemplate":"https:\/\/www.home-kueppersbusch.com\/ro-ro\/?s={search_term_string}"},"query-input":{"@type":"PropertyValueSpecification","valueRequired":true,"valueName":"search_term_string"}}],"inLanguage":"ro-RO"}]}},"_links":{"self":[{"href":"https:\/\/www.home-kueppersbusch.com\/ro-ro\/wp-json\/wp\/v2\/product\/74021","targetHints":{"allow":["GET"]}}],"collection":[{"href":"https:\/\/www.home-kueppersbusch.com\/ro-ro\/wp-json\/wp\/v2\/product"}],"about":[{"href":"https:\/\/www.home-kueppersbusch.com\/ro-ro\/wp-json\/wp\/v2\/types\/product"}],"wp:attachment":[{"href":"https:\/\/www.home-kueppersbusch.com\/ro-ro\/wp-json\/wp\/v2\/media?parent=74021"}],"wp:term":[{"taxonomy":"product_cat","embeddable":true,"href":"https:\/\/www.home-kueppersbusch.com\/ro-ro\/wp-json\/wp\/v2\/product_cat?post=74021"},{"taxonomy":"product_edition","embeddable":true,"href":"https:\/\/www.home-kueppersbusch.com\/ro-ro\/wp-json\/wp\/v2\/product_edition?post=74021"},{"taxonomy":"product_energy_efficiency","embeddable":true,"href":"https:\/\/www.home-kueppersbusch.com\/ro-ro\/wp-json\/wp\/v2\/product_energy_efficiency?post=74021"}],"curies":[{"name":"wp","href":"https:\/\/api.w.org\/{rel}","templated":true}]}}