{"id":74011,"date":"2026-04-25T09:25:46","date_gmt":"2026-04-25T09:25:46","guid":{"rendered":"https:\/\/teka.com\/en-int\/masina-de-spalat-vase-complet-incorporabila-45-cm-capacitate-10-seturi-conform-reglementarilor-internationale-si-9-programe_124300000"},"modified":"2026-03-28T08:06:51","modified_gmt":"2026-03-28T09:06:51","slug":"masina-de-spalat-vase-complet-incorporabila-45-cm-capacitate-10-seturi-conform-reglementarilor-internationale-si-9-programe_124300000","status":"publish","type":"product","link":"https:\/\/www.home-kueppersbusch.com\/ro-ro\/product\/masina-de-spalat-vase-complet-incorporabila-45-cm-capacitate-10-seturi-conform-reglementarilor-internationale-si-9-programe_124300000\/","title":{"rendered":"G4800.1v"},"content":{"rendered":"<ul>\n<li>Capacitate 10 seturi conform reglement\u0103rilor interna\u0163ionale<\/li>\n<li>9 programe<\/li>\n<li>Func\u021bii speciale: Sistem expres, op\u021biune de \u00eenc\u0103rcare la jum\u0103tate, cur\u0103\u021bare intensiv\u0103, cl\u0103tire intensiv\u0103<\/li>\n<li>Display LED<\/li>\n<li>Iluminare interioara cu LED<\/li>\n<\/ul>\n","protected":false},"featured_media":0,"parent":0,"template":"","product_cat":[8376],"product_edition":[],"product_energy_efficiency":[9304],"class_list":["post-74011","product","type-product","status-publish","hentry","product_cat-45-cm","color-black","product_installation-incorporabile","product_lifestyle-k-series-8","product_energy_efficiency-c-ue-icon-new"],"acf":[],"yoast_head":"<!-- This site is optimized with the Yoast SEO plugin v27.5 - https:\/\/yoast.com\/product\/yoast-seo-wordpress\/ -->\n<title>G4800.1v | K\u00fcppersbusch Rom\u00e2nia<\/title>\n<meta name=\"robots\" content=\"index, follow, max-snippet:-1, max-image-preview:large, max-video-preview:-1\" \/>\n<link rel=\"canonical\" href=\"https:\/\/www.home-kueppersbusch.com\/ro-ro\/product\/masina-de-spalat-vase-complet-incorporabila-45-cm-capacitate-10-seturi-conform-reglementarilor-internationale-si-9-programe_124300000\/\" \/>\n<meta property=\"og:locale\" content=\"ro_RO\" \/>\n<meta property=\"og:type\" content=\"article\" \/>\n<meta property=\"og:title\" content=\"G4800.1v | K\u00fcppersbusch Rom\u00e2nia\" \/>\n<meta property=\"og:description\" content=\"Capacitate 10 seturi conform reglement\u0103rilor interna\u0163ionale 9 programe Func\u021bii speciale: Sistem expres, op\u021biune de \u00eenc\u0103rcare la jum\u0103tate, cur\u0103\u021bare intensiv\u0103, cl\u0103tire intensiv\u0103 Display LED Iluminare interioara cu LED\" \/>\n<meta property=\"og:url\" content=\"https:\/\/www.home-kueppersbusch.com\/ro-ro\/product\/masina-de-spalat-vase-complet-incorporabila-45-cm-capacitate-10-seturi-conform-reglementarilor-internationale-si-9-programe_124300000\/\" \/>\n<meta property=\"og:site_name\" content=\"K\u00fcppersbusch Rom\u00e2nia\" \/>\n<meta name=\"twitter:card\" content=\"summary_large_image\" \/>\n<script type=\"application\/ld+json\" class=\"yoast-schema-graph\">{\"@context\":\"https:\\\/\\\/schema.org\",\"@graph\":[{\"@type\":\"WebPage\",\"@id\":\"https:\\\/\\\/www.home-kueppersbusch.com\\\/ro-ro\\\/product\\\/masina-de-spalat-vase-complet-incorporabila-45-cm-capacitate-10-seturi-conform-reglementarilor-internationale-si-9-programe_124300000\\\/\",\"url\":\"https:\\\/\\\/www.home-kueppersbusch.com\\\/ro-ro\\\/product\\\/masina-de-spalat-vase-complet-incorporabila-45-cm-capacitate-10-seturi-conform-reglementarilor-internationale-si-9-programe_124300000\\\/\",\"name\":\"G4800.1v | K\u00fcppersbusch Rom\u00e2nia\",\"isPartOf\":{\"@id\":\"https:\\\/\\\/www.home-kueppersbusch.com\\\/ro-ro\\\/#website\"},\"datePublished\":\"2026-04-25T09:25:46+00:00\",\"inLanguage\":\"ro-RO\",\"potentialAction\":[{\"@type\":\"ReadAction\",\"target\":[\"https:\\\/\\\/www.home-kueppersbusch.com\\\/ro-ro\\\/product\\\/masina-de-spalat-vase-complet-incorporabila-45-cm-capacitate-10-seturi-conform-reglementarilor-internationale-si-9-programe_124300000\\\/\"]}]},{\"@type\":\"WebSite\",\"@id\":\"https:\\\/\\\/www.home-kueppersbusch.com\\\/ro-ro\\\/#website\",\"url\":\"https:\\\/\\\/www.home-kueppersbusch.com\\\/ro-ro\\\/\",\"name\":\"K\u00fcppersbusch Rom\u00e2nia\",\"description\":\"\",\"potentialAction\":[{\"@type\":\"SearchAction\",\"target\":{\"@type\":\"EntryPoint\",\"urlTemplate\":\"https:\\\/\\\/www.home-kueppersbusch.com\\\/ro-ro\\\/?s={search_term_string}\"},\"query-input\":{\"@type\":\"PropertyValueSpecification\",\"valueRequired\":true,\"valueName\":\"search_term_string\"}}],\"inLanguage\":\"ro-RO\"}]}<\/script>\n<!-- \/ Yoast SEO plugin. -->","yoast_head_json":{"title":"G4800.1v | K\u00fcppersbusch Rom\u00e2nia","robots":{"index":"index","follow":"follow","max-snippet":"max-snippet:-1","max-image-preview":"max-image-preview:large","max-video-preview":"max-video-preview:-1"},"canonical":"https:\/\/www.home-kueppersbusch.com\/ro-ro\/product\/masina-de-spalat-vase-complet-incorporabila-45-cm-capacitate-10-seturi-conform-reglementarilor-internationale-si-9-programe_124300000\/","og_locale":"ro_RO","og_type":"article","og_title":"G4800.1v | K\u00fcppersbusch Rom\u00e2nia","og_description":"Capacitate 10 seturi conform reglement\u0103rilor interna\u0163ionale 9 programe Func\u021bii speciale: Sistem expres, op\u021biune de \u00eenc\u0103rcare la jum\u0103tate, cur\u0103\u021bare intensiv\u0103, cl\u0103tire intensiv\u0103 Display LED Iluminare interioara cu LED","og_url":"https:\/\/www.home-kueppersbusch.com\/ro-ro\/product\/masina-de-spalat-vase-complet-incorporabila-45-cm-capacitate-10-seturi-conform-reglementarilor-internationale-si-9-programe_124300000\/","og_site_name":"K\u00fcppersbusch Rom\u00e2nia","twitter_card":"summary_large_image","schema":{"@context":"https:\/\/schema.org","@graph":[{"@type":"WebPage","@id":"https:\/\/www.home-kueppersbusch.com\/ro-ro\/product\/masina-de-spalat-vase-complet-incorporabila-45-cm-capacitate-10-seturi-conform-reglementarilor-internationale-si-9-programe_124300000\/","url":"https:\/\/www.home-kueppersbusch.com\/ro-ro\/product\/masina-de-spalat-vase-complet-incorporabila-45-cm-capacitate-10-seturi-conform-reglementarilor-internationale-si-9-programe_124300000\/","name":"G4800.1v | K\u00fcppersbusch Rom\u00e2nia","isPartOf":{"@id":"https:\/\/www.home-kueppersbusch.com\/ro-ro\/#website"},"datePublished":"2026-04-25T09:25:46+00:00","inLanguage":"ro-RO","potentialAction":[{"@type":"ReadAction","target":["https:\/\/www.home-kueppersbusch.com\/ro-ro\/product\/masina-de-spalat-vase-complet-incorporabila-45-cm-capacitate-10-seturi-conform-reglementarilor-internationale-si-9-programe_124300000\/"]}]},{"@type":"WebSite","@id":"https:\/\/www.home-kueppersbusch.com\/ro-ro\/#website","url":"https:\/\/www.home-kueppersbusch.com\/ro-ro\/","name":"K\u00fcppersbusch Rom\u00e2nia","description":"","potentialAction":[{"@type":"SearchAction","target":{"@type":"EntryPoint","urlTemplate":"https:\/\/www.home-kueppersbusch.com\/ro-ro\/?s={search_term_string}"},"query-input":{"@type":"PropertyValueSpecification","valueRequired":true,"valueName":"search_term_string"}}],"inLanguage":"ro-RO"}]}},"_links":{"self":[{"href":"https:\/\/www.home-kueppersbusch.com\/ro-ro\/wp-json\/wp\/v2\/product\/74011","targetHints":{"allow":["GET"]}}],"collection":[{"href":"https:\/\/www.home-kueppersbusch.com\/ro-ro\/wp-json\/wp\/v2\/product"}],"about":[{"href":"https:\/\/www.home-kueppersbusch.com\/ro-ro\/wp-json\/wp\/v2\/types\/product"}],"wp:attachment":[{"href":"https:\/\/www.home-kueppersbusch.com\/ro-ro\/wp-json\/wp\/v2\/media?parent=74011"}],"wp:term":[{"taxonomy":"product_cat","embeddable":true,"href":"https:\/\/www.home-kueppersbusch.com\/ro-ro\/wp-json\/wp\/v2\/product_cat?post=74011"},{"taxonomy":"product_edition","embeddable":true,"href":"https:\/\/www.home-kueppersbusch.com\/ro-ro\/wp-json\/wp\/v2\/product_edition?post=74011"},{"taxonomy":"product_energy_efficiency","embeddable":true,"href":"https:\/\/www.home-kueppersbusch.com\/ro-ro\/wp-json\/wp\/v2\/product_energy_efficiency?post=74011"}],"curies":[{"name":"wp","href":"https:\/\/api.w.org\/{rel}","templated":true}]}}