{"id":74010,"date":"2026-04-25T09:25:45","date_gmt":"2026-04-25T09:25:45","guid":{"rendered":"https:\/\/teka.com\/en-int\/masina-de-spalat-vase-complet-incorporabila-60-cm-cu-motor-inverter-8-programe-si-sistem-ionclean_124260002"},"modified":"2026-03-28T08:06:50","modified_gmt":"2026-03-28T09:06:50","slug":"masina-de-spalat-vase-complet-incorporabila-60-cm-cu-motor-inverter-8-programe-si-sistem-ionclean_124260002","status":"publish","type":"product","link":"https:\/\/www.home-kueppersbusch.com\/ro-ro\/product\/masina-de-spalat-vase-complet-incorporabila-60-cm-cu-motor-inverter-8-programe-si-sistem-ionclean_124260002\/","title":{"rendered":"G6805.1v"},"content":{"rendered":"<ul>\n<li>Capacitate 15 seturi conform reglement\u0103rilor interna\u0163ionale<\/li>\n<li>9 programe<\/li>\n<li>Func\u021bii speciale: IonClean, sistem expres, op\u021biune de \u00eenc\u0103rcare la jum\u0103tate<\/li>\n<li>Display LED<\/li>\n<\/ul>\n","protected":false},"featured_media":0,"parent":0,"template":"","product_cat":[8375],"product_edition":[],"product_energy_efficiency":[9305],"class_list":["post-74010","product","type-product","status-publish","hentry","product_cat-60-cm","color-black","product_installation-incorporabile","product_lifestyle-k-series-8","usp-kph-dishwashers-02","product_energy_efficiency-d-ue-icon-new"],"acf":[],"yoast_head":"<!-- This site is optimized with the Yoast SEO plugin v27.5 - https:\/\/yoast.com\/product\/yoast-seo-wordpress\/ -->\n<title>G6805.1v | K\u00fcppersbusch Rom\u00e2nia<\/title>\n<meta name=\"robots\" content=\"index, follow, max-snippet:-1, max-image-preview:large, max-video-preview:-1\" \/>\n<link rel=\"canonical\" href=\"https:\/\/www.home-kueppersbusch.com\/ro-ro\/product\/masina-de-spalat-vase-complet-incorporabila-60-cm-cu-motor-inverter-8-programe-si-sistem-ionclean_124260002\/\" \/>\n<meta property=\"og:locale\" content=\"ro_RO\" \/>\n<meta property=\"og:type\" content=\"article\" \/>\n<meta property=\"og:title\" content=\"G6805.1v | K\u00fcppersbusch Rom\u00e2nia\" \/>\n<meta property=\"og:description\" content=\"Capacitate 15 seturi conform reglement\u0103rilor interna\u0163ionale 9 programe Func\u021bii speciale: IonClean, sistem expres, op\u021biune de \u00eenc\u0103rcare la jum\u0103tate Display LED\" \/>\n<meta property=\"og:url\" content=\"https:\/\/www.home-kueppersbusch.com\/ro-ro\/product\/masina-de-spalat-vase-complet-incorporabila-60-cm-cu-motor-inverter-8-programe-si-sistem-ionclean_124260002\/\" \/>\n<meta property=\"og:site_name\" content=\"K\u00fcppersbusch Rom\u00e2nia\" \/>\n<meta name=\"twitter:card\" content=\"summary_large_image\" \/>\n<script type=\"application\/ld+json\" class=\"yoast-schema-graph\">{\"@context\":\"https:\\\/\\\/schema.org\",\"@graph\":[{\"@type\":\"WebPage\",\"@id\":\"https:\\\/\\\/www.home-kueppersbusch.com\\\/ro-ro\\\/product\\\/masina-de-spalat-vase-complet-incorporabila-60-cm-cu-motor-inverter-8-programe-si-sistem-ionclean_124260002\\\/\",\"url\":\"https:\\\/\\\/www.home-kueppersbusch.com\\\/ro-ro\\\/product\\\/masina-de-spalat-vase-complet-incorporabila-60-cm-cu-motor-inverter-8-programe-si-sistem-ionclean_124260002\\\/\",\"name\":\"G6805.1v | K\u00fcppersbusch Rom\u00e2nia\",\"isPartOf\":{\"@id\":\"https:\\\/\\\/www.home-kueppersbusch.com\\\/ro-ro\\\/#website\"},\"datePublished\":\"2026-04-25T09:25:45+00:00\",\"inLanguage\":\"ro-RO\",\"potentialAction\":[{\"@type\":\"ReadAction\",\"target\":[\"https:\\\/\\\/www.home-kueppersbusch.com\\\/ro-ro\\\/product\\\/masina-de-spalat-vase-complet-incorporabila-60-cm-cu-motor-inverter-8-programe-si-sistem-ionclean_124260002\\\/\"]}]},{\"@type\":\"WebSite\",\"@id\":\"https:\\\/\\\/www.home-kueppersbusch.com\\\/ro-ro\\\/#website\",\"url\":\"https:\\\/\\\/www.home-kueppersbusch.com\\\/ro-ro\\\/\",\"name\":\"K\u00fcppersbusch Rom\u00e2nia\",\"description\":\"\",\"potentialAction\":[{\"@type\":\"SearchAction\",\"target\":{\"@type\":\"EntryPoint\",\"urlTemplate\":\"https:\\\/\\\/www.home-kueppersbusch.com\\\/ro-ro\\\/?s={search_term_string}\"},\"query-input\":{\"@type\":\"PropertyValueSpecification\",\"valueRequired\":true,\"valueName\":\"search_term_string\"}}],\"inLanguage\":\"ro-RO\"}]}<\/script>\n<!-- \/ Yoast SEO plugin. -->","yoast_head_json":{"title":"G6805.1v | K\u00fcppersbusch Rom\u00e2nia","robots":{"index":"index","follow":"follow","max-snippet":"max-snippet:-1","max-image-preview":"max-image-preview:large","max-video-preview":"max-video-preview:-1"},"canonical":"https:\/\/www.home-kueppersbusch.com\/ro-ro\/product\/masina-de-spalat-vase-complet-incorporabila-60-cm-cu-motor-inverter-8-programe-si-sistem-ionclean_124260002\/","og_locale":"ro_RO","og_type":"article","og_title":"G6805.1v | K\u00fcppersbusch Rom\u00e2nia","og_description":"Capacitate 15 seturi conform reglement\u0103rilor interna\u0163ionale 9 programe Func\u021bii speciale: IonClean, sistem expres, op\u021biune de \u00eenc\u0103rcare la jum\u0103tate Display LED","og_url":"https:\/\/www.home-kueppersbusch.com\/ro-ro\/product\/masina-de-spalat-vase-complet-incorporabila-60-cm-cu-motor-inverter-8-programe-si-sistem-ionclean_124260002\/","og_site_name":"K\u00fcppersbusch Rom\u00e2nia","twitter_card":"summary_large_image","schema":{"@context":"https:\/\/schema.org","@graph":[{"@type":"WebPage","@id":"https:\/\/www.home-kueppersbusch.com\/ro-ro\/product\/masina-de-spalat-vase-complet-incorporabila-60-cm-cu-motor-inverter-8-programe-si-sistem-ionclean_124260002\/","url":"https:\/\/www.home-kueppersbusch.com\/ro-ro\/product\/masina-de-spalat-vase-complet-incorporabila-60-cm-cu-motor-inverter-8-programe-si-sistem-ionclean_124260002\/","name":"G6805.1v | K\u00fcppersbusch Rom\u00e2nia","isPartOf":{"@id":"https:\/\/www.home-kueppersbusch.com\/ro-ro\/#website"},"datePublished":"2026-04-25T09:25:45+00:00","inLanguage":"ro-RO","potentialAction":[{"@type":"ReadAction","target":["https:\/\/www.home-kueppersbusch.com\/ro-ro\/product\/masina-de-spalat-vase-complet-incorporabila-60-cm-cu-motor-inverter-8-programe-si-sistem-ionclean_124260002\/"]}]},{"@type":"WebSite","@id":"https:\/\/www.home-kueppersbusch.com\/ro-ro\/#website","url":"https:\/\/www.home-kueppersbusch.com\/ro-ro\/","name":"K\u00fcppersbusch Rom\u00e2nia","description":"","potentialAction":[{"@type":"SearchAction","target":{"@type":"EntryPoint","urlTemplate":"https:\/\/www.home-kueppersbusch.com\/ro-ro\/?s={search_term_string}"},"query-input":{"@type":"PropertyValueSpecification","valueRequired":true,"valueName":"search_term_string"}}],"inLanguage":"ro-RO"}]}},"_links":{"self":[{"href":"https:\/\/www.home-kueppersbusch.com\/ro-ro\/wp-json\/wp\/v2\/product\/74010","targetHints":{"allow":["GET"]}}],"collection":[{"href":"https:\/\/www.home-kueppersbusch.com\/ro-ro\/wp-json\/wp\/v2\/product"}],"about":[{"href":"https:\/\/www.home-kueppersbusch.com\/ro-ro\/wp-json\/wp\/v2\/types\/product"}],"wp:attachment":[{"href":"https:\/\/www.home-kueppersbusch.com\/ro-ro\/wp-json\/wp\/v2\/media?parent=74010"}],"wp:term":[{"taxonomy":"product_cat","embeddable":true,"href":"https:\/\/www.home-kueppersbusch.com\/ro-ro\/wp-json\/wp\/v2\/product_cat?post=74010"},{"taxonomy":"product_edition","embeddable":true,"href":"https:\/\/www.home-kueppersbusch.com\/ro-ro\/wp-json\/wp\/v2\/product_edition?post=74010"},{"taxonomy":"product_energy_efficiency","embeddable":true,"href":"https:\/\/www.home-kueppersbusch.com\/ro-ro\/wp-json\/wp\/v2\/product_energy_efficiency?post=74010"}],"curies":[{"name":"wp","href":"https:\/\/api.w.org\/{rel}","templated":true}]}}