{"id":73875,"date":"2026-04-25T09:24:16","date_gmt":"2026-04-25T09:24:16","guid":{"rendered":"https:\/\/teka.com\/en-int\/dk2000_121490012"},"modified":"2026-03-28T08:03:43","modified_gmt":"2026-03-28T09:03:43","slug":"dk2000_121490012","status":"publish","type":"product","link":"https:\/\/www.home-kueppersbusch.com\/ro-ro\/product\/dk2000_121490012\/","title":{"rendered":"DK2000"},"content":{"rendered":"<ul>\n<li>Accesoriu individual pentru personalizarea cuptoarelor K\u00fcppersbusch.<\/li>\n<li>Kit format din m\u00e2nerul u\u0219ii \u0219i rame decorative \u00een partea superioar\u0103 \u0219i inferioar\u0103<\/li>\n<li>Compatibil cu cuptoare standard de 60 cm \u0219i compacte de 45 cm..<\/li>\n<li>Culoare cu finisaj Black Chrome<\/li>\n<\/ul>\n","protected":false},"featured_media":0,"parent":0,"template":"","product_cat":[8356],"product_edition":[],"product_energy_efficiency":[],"class_list":["post-73875","product","type-product","status-publish","hentry","product_ambient-kitchen-bc-01","product_cat-accesorii-cuptoare","color-black-chrome"],"acf":[],"yoast_head":"<!-- This site is optimized with the Yoast SEO plugin v27.5 - https:\/\/yoast.com\/product\/yoast-seo-wordpress\/ -->\n<title>DK2000 | K\u00fcppersbusch Rom\u00e2nia<\/title>\n<meta name=\"robots\" content=\"index, follow, max-snippet:-1, max-image-preview:large, max-video-preview:-1\" \/>\n<link rel=\"canonical\" href=\"https:\/\/www.home-kueppersbusch.com\/ro-ro\/product\/dk2000_121490012\/\" \/>\n<meta property=\"og:locale\" content=\"ro_RO\" \/>\n<meta property=\"og:type\" content=\"article\" \/>\n<meta property=\"og:title\" content=\"DK2000 | K\u00fcppersbusch Rom\u00e2nia\" \/>\n<meta property=\"og:description\" content=\"Accesoriu individual pentru personalizarea cuptoarelor K\u00fcppersbusch. Kit format din m\u00e2nerul u\u0219ii \u0219i rame decorative \u00een partea superioar\u0103 \u0219i inferioar\u0103 Compatibil cu cuptoare standard de 60 cm \u0219i compacte de 45 cm.. Culoare cu finisaj Black Chrome\" \/>\n<meta property=\"og:url\" content=\"https:\/\/www.home-kueppersbusch.com\/ro-ro\/product\/dk2000_121490012\/\" \/>\n<meta property=\"og:site_name\" content=\"K\u00fcppersbusch Rom\u00e2nia\" \/>\n<meta name=\"twitter:card\" content=\"summary_large_image\" \/>\n<script type=\"application\/ld+json\" class=\"yoast-schema-graph\">{\"@context\":\"https:\\\/\\\/schema.org\",\"@graph\":[{\"@type\":\"WebPage\",\"@id\":\"https:\\\/\\\/www.home-kueppersbusch.com\\\/ro-ro\\\/product\\\/dk2000_121490012\\\/\",\"url\":\"https:\\\/\\\/www.home-kueppersbusch.com\\\/ro-ro\\\/product\\\/dk2000_121490012\\\/\",\"name\":\"DK2000 | K\u00fcppersbusch Rom\u00e2nia\",\"isPartOf\":{\"@id\":\"https:\\\/\\\/www.home-kueppersbusch.com\\\/ro-ro\\\/#website\"},\"datePublished\":\"2026-04-25T09:24:16+00:00\",\"inLanguage\":\"ro-RO\",\"potentialAction\":[{\"@type\":\"ReadAction\",\"target\":[\"https:\\\/\\\/www.home-kueppersbusch.com\\\/ro-ro\\\/product\\\/dk2000_121490012\\\/\"]}]},{\"@type\":\"WebSite\",\"@id\":\"https:\\\/\\\/www.home-kueppersbusch.com\\\/ro-ro\\\/#website\",\"url\":\"https:\\\/\\\/www.home-kueppersbusch.com\\\/ro-ro\\\/\",\"name\":\"K\u00fcppersbusch Rom\u00e2nia\",\"description\":\"\",\"potentialAction\":[{\"@type\":\"SearchAction\",\"target\":{\"@type\":\"EntryPoint\",\"urlTemplate\":\"https:\\\/\\\/www.home-kueppersbusch.com\\\/ro-ro\\\/?s={search_term_string}\"},\"query-input\":{\"@type\":\"PropertyValueSpecification\",\"valueRequired\":true,\"valueName\":\"search_term_string\"}}],\"inLanguage\":\"ro-RO\"}]}<\/script>\n<!-- \/ Yoast SEO plugin. -->","yoast_head_json":{"title":"DK2000 | K\u00fcppersbusch Rom\u00e2nia","robots":{"index":"index","follow":"follow","max-snippet":"max-snippet:-1","max-image-preview":"max-image-preview:large","max-video-preview":"max-video-preview:-1"},"canonical":"https:\/\/www.home-kueppersbusch.com\/ro-ro\/product\/dk2000_121490012\/","og_locale":"ro_RO","og_type":"article","og_title":"DK2000 | K\u00fcppersbusch Rom\u00e2nia","og_description":"Accesoriu individual pentru personalizarea cuptoarelor K\u00fcppersbusch. Kit format din m\u00e2nerul u\u0219ii \u0219i rame decorative \u00een partea superioar\u0103 \u0219i inferioar\u0103 Compatibil cu cuptoare standard de 60 cm \u0219i compacte de 45 cm.. Culoare cu finisaj Black Chrome","og_url":"https:\/\/www.home-kueppersbusch.com\/ro-ro\/product\/dk2000_121490012\/","og_site_name":"K\u00fcppersbusch Rom\u00e2nia","twitter_card":"summary_large_image","schema":{"@context":"https:\/\/schema.org","@graph":[{"@type":"WebPage","@id":"https:\/\/www.home-kueppersbusch.com\/ro-ro\/product\/dk2000_121490012\/","url":"https:\/\/www.home-kueppersbusch.com\/ro-ro\/product\/dk2000_121490012\/","name":"DK2000 | K\u00fcppersbusch Rom\u00e2nia","isPartOf":{"@id":"https:\/\/www.home-kueppersbusch.com\/ro-ro\/#website"},"datePublished":"2026-04-25T09:24:16+00:00","inLanguage":"ro-RO","potentialAction":[{"@type":"ReadAction","target":["https:\/\/www.home-kueppersbusch.com\/ro-ro\/product\/dk2000_121490012\/"]}]},{"@type":"WebSite","@id":"https:\/\/www.home-kueppersbusch.com\/ro-ro\/#website","url":"https:\/\/www.home-kueppersbusch.com\/ro-ro\/","name":"K\u00fcppersbusch Rom\u00e2nia","description":"","potentialAction":[{"@type":"SearchAction","target":{"@type":"EntryPoint","urlTemplate":"https:\/\/www.home-kueppersbusch.com\/ro-ro\/?s={search_term_string}"},"query-input":{"@type":"PropertyValueSpecification","valueRequired":true,"valueName":"search_term_string"}}],"inLanguage":"ro-RO"}]}},"_links":{"self":[{"href":"https:\/\/www.home-kueppersbusch.com\/ro-ro\/wp-json\/wp\/v2\/product\/73875","targetHints":{"allow":["GET"]}}],"collection":[{"href":"https:\/\/www.home-kueppersbusch.com\/ro-ro\/wp-json\/wp\/v2\/product"}],"about":[{"href":"https:\/\/www.home-kueppersbusch.com\/ro-ro\/wp-json\/wp\/v2\/types\/product"}],"wp:attachment":[{"href":"https:\/\/www.home-kueppersbusch.com\/ro-ro\/wp-json\/wp\/v2\/media?parent=73875"}],"wp:term":[{"taxonomy":"product_cat","embeddable":true,"href":"https:\/\/www.home-kueppersbusch.com\/ro-ro\/wp-json\/wp\/v2\/product_cat?post=73875"},{"taxonomy":"product_edition","embeddable":true,"href":"https:\/\/www.home-kueppersbusch.com\/ro-ro\/wp-json\/wp\/v2\/product_edition?post=73875"},{"taxonomy":"product_energy_efficiency","embeddable":true,"href":"https:\/\/www.home-kueppersbusch.com\/ro-ro\/wp-json\/wp\/v2\/product_energy_efficiency?post=73875"}],"curies":[{"name":"wp","href":"https:\/\/api.w.org\/{rel}","templated":true}]}}