{"id":73829,"date":"2026-04-25T09:23:46","date_gmt":"2026-04-25T09:23:46","guid":{"rendered":"https:\/\/teka.com\/en-int\/kmi8500-0sr_122510012"},"modified":"2026-04-13T02:30:33","modified_gmt":"2026-04-13T03:30:33","slug":"kmi8500-0sr_122510012","status":"publish","type":"product","link":"https:\/\/www.home-kueppersbusch.com\/ro-ro\/product\/kmi8500-0sr_122510012\/","title":{"rendered":"KMI8500.0SR"},"content":{"rendered":"<ul>\n<li>10 nivele de putere \u201dselectControl\u201c, cu display ro\u015fu pe fond negru<\/li>\n<li>Func\u0163ie &quot;Bridge&quot; &#8211; zonele de preparare din partea dreapt\u0103 \u015fi st\u00e2ng\u0103 pot fi activate simultan, rezult\u00e2nd astfel o zon\u0103 de preparare cu suprafa\u0163\u0103 mai mare<\/li>\n<li>Func\u0163ie Intensiv (Power) automat\u0103<\/li>\n<li>Indicatori c\u0103ldur\u0103 rezidual\u0103<\/li>\n<li>Timer cu posibilitatea de \u00eentrerupere a func\u0163ion\u0103rii<\/li>\n<li>Caracteristici hot\u0103:<\/li>\n<li>Putere absorb\u0163ie (evacuare) conform EN 61591: 530 m\u00b3\/h (Normal power), 620 m\u00b3\/h (Intensive power)<\/li>\n<li>Nivel de zgomot conform EN 60704213:<\/li>\n<li>min. 45 dB, max. 55 dB, int. 68 dB&quot;<\/li>\n<li>4 trepte putere, inclusiv High Power<\/li>\n<li>Display digital<\/li>\n<li>Filtru metalic cu 96,5% depozit de gr\u0103sime<\/li>\n<\/ul>\n","protected":false},"featured_media":0,"parent":0,"template":"","product_cat":[8342],"product_edition":[],"product_energy_efficiency":[9309],"class_list":["post-73829","product","type-product","status-publish","hentry","finishes-9839","finishes-9840","finishes-9841","finishes-9842","finishes-9843","finishes-9844","product_cat-plite-cu-inductie-unitati-de-absorbtie-la-acelasi-nivel","color-black","product_lifestyle-k-series-5","usp-kph-hobs-03","usp-kph-hobs-11","product_energy_efficiency-a-icon"],"acf":[],"yoast_head":"<!-- This site is optimized with the Yoast SEO plugin v27.5 - https:\/\/yoast.com\/product\/yoast-seo-wordpress\/ -->\n<title>KMI8500.0SR | K\u00fcppersbusch Rom\u00e2nia<\/title>\n<meta name=\"robots\" content=\"index, follow, max-snippet:-1, max-image-preview:large, max-video-preview:-1\" \/>\n<link rel=\"canonical\" href=\"https:\/\/www.home-kueppersbusch.com\/ro-ro\/product\/kmi8500-0sr_122510012\/\" \/>\n<meta property=\"og:locale\" content=\"ro_RO\" \/>\n<meta property=\"og:type\" content=\"article\" \/>\n<meta property=\"og:title\" content=\"KMI8500.0SR | K\u00fcppersbusch Rom\u00e2nia\" \/>\n<meta property=\"og:description\" content=\"10 nivele de putere \u201dselectControl\u201c, cu display ro\u015fu pe fond negru Func\u0163ie &quot;Bridge&quot; &#8211; zonele de preparare din partea dreapt\u0103 \u015fi st\u00e2ng\u0103 pot fi activate simultan, rezult\u00e2nd astfel o zon\u0103 de preparare cu suprafa\u0163\u0103 mai mare Func\u0163ie Intensiv (Power) automat\u0103 Indicatori c\u0103ldur\u0103 rezidual\u0103 Timer cu posibilitatea de \u00eentrerupere a func\u0163ion\u0103rii Caracteristici hot\u0103: Putere absorb\u0163ie (evacuare) [&hellip;]\" \/>\n<meta property=\"og:url\" content=\"https:\/\/www.home-kueppersbusch.com\/ro-ro\/product\/kmi8500-0sr_122510012\/\" \/>\n<meta property=\"og:site_name\" content=\"K\u00fcppersbusch Rom\u00e2nia\" \/>\n<meta name=\"twitter:card\" content=\"summary_large_image\" \/>\n<script type=\"application\/ld+json\" class=\"yoast-schema-graph\">{\"@context\":\"https:\\\/\\\/schema.org\",\"@graph\":[{\"@type\":\"WebPage\",\"@id\":\"https:\\\/\\\/www.home-kueppersbusch.com\\\/ro-ro\\\/product\\\/kmi8500-0sr_122510012\\\/\",\"url\":\"https:\\\/\\\/www.home-kueppersbusch.com\\\/ro-ro\\\/product\\\/kmi8500-0sr_122510012\\\/\",\"name\":\"KMI8500.0SR | K\u00fcppersbusch Rom\u00e2nia\",\"isPartOf\":{\"@id\":\"https:\\\/\\\/www.home-kueppersbusch.com\\\/ro-ro\\\/#website\"},\"datePublished\":\"2026-04-25T09:23:46+00:00\",\"inLanguage\":\"ro-RO\",\"potentialAction\":[{\"@type\":\"ReadAction\",\"target\":[\"https:\\\/\\\/www.home-kueppersbusch.com\\\/ro-ro\\\/product\\\/kmi8500-0sr_122510012\\\/\"]}]},{\"@type\":\"WebSite\",\"@id\":\"https:\\\/\\\/www.home-kueppersbusch.com\\\/ro-ro\\\/#website\",\"url\":\"https:\\\/\\\/www.home-kueppersbusch.com\\\/ro-ro\\\/\",\"name\":\"K\u00fcppersbusch Rom\u00e2nia\",\"description\":\"\",\"potentialAction\":[{\"@type\":\"SearchAction\",\"target\":{\"@type\":\"EntryPoint\",\"urlTemplate\":\"https:\\\/\\\/www.home-kueppersbusch.com\\\/ro-ro\\\/?s={search_term_string}\"},\"query-input\":{\"@type\":\"PropertyValueSpecification\",\"valueRequired\":true,\"valueName\":\"search_term_string\"}}],\"inLanguage\":\"ro-RO\"}]}<\/script>\n<!-- \/ Yoast SEO plugin. -->","yoast_head_json":{"title":"KMI8500.0SR | K\u00fcppersbusch Rom\u00e2nia","robots":{"index":"index","follow":"follow","max-snippet":"max-snippet:-1","max-image-preview":"max-image-preview:large","max-video-preview":"max-video-preview:-1"},"canonical":"https:\/\/www.home-kueppersbusch.com\/ro-ro\/product\/kmi8500-0sr_122510012\/","og_locale":"ro_RO","og_type":"article","og_title":"KMI8500.0SR | K\u00fcppersbusch Rom\u00e2nia","og_description":"10 nivele de putere \u201dselectControl\u201c, cu display ro\u015fu pe fond negru Func\u0163ie &quot;Bridge&quot; &#8211; zonele de preparare din partea dreapt\u0103 \u015fi st\u00e2ng\u0103 pot fi activate simultan, rezult\u00e2nd astfel o zon\u0103 de preparare cu suprafa\u0163\u0103 mai mare Func\u0163ie Intensiv (Power) automat\u0103 Indicatori c\u0103ldur\u0103 rezidual\u0103 Timer cu posibilitatea de \u00eentrerupere a func\u0163ion\u0103rii Caracteristici hot\u0103: Putere absorb\u0163ie (evacuare) [&hellip;]","og_url":"https:\/\/www.home-kueppersbusch.com\/ro-ro\/product\/kmi8500-0sr_122510012\/","og_site_name":"K\u00fcppersbusch Rom\u00e2nia","twitter_card":"summary_large_image","schema":{"@context":"https:\/\/schema.org","@graph":[{"@type":"WebPage","@id":"https:\/\/www.home-kueppersbusch.com\/ro-ro\/product\/kmi8500-0sr_122510012\/","url":"https:\/\/www.home-kueppersbusch.com\/ro-ro\/product\/kmi8500-0sr_122510012\/","name":"KMI8500.0SR | K\u00fcppersbusch Rom\u00e2nia","isPartOf":{"@id":"https:\/\/www.home-kueppersbusch.com\/ro-ro\/#website"},"datePublished":"2026-04-25T09:23:46+00:00","inLanguage":"ro-RO","potentialAction":[{"@type":"ReadAction","target":["https:\/\/www.home-kueppersbusch.com\/ro-ro\/product\/kmi8500-0sr_122510012\/"]}]},{"@type":"WebSite","@id":"https:\/\/www.home-kueppersbusch.com\/ro-ro\/#website","url":"https:\/\/www.home-kueppersbusch.com\/ro-ro\/","name":"K\u00fcppersbusch Rom\u00e2nia","description":"","potentialAction":[{"@type":"SearchAction","target":{"@type":"EntryPoint","urlTemplate":"https:\/\/www.home-kueppersbusch.com\/ro-ro\/?s={search_term_string}"},"query-input":{"@type":"PropertyValueSpecification","valueRequired":true,"valueName":"search_term_string"}}],"inLanguage":"ro-RO"}]}},"_links":{"self":[{"href":"https:\/\/www.home-kueppersbusch.com\/ro-ro\/wp-json\/wp\/v2\/product\/73829","targetHints":{"allow":["GET"]}}],"collection":[{"href":"https:\/\/www.home-kueppersbusch.com\/ro-ro\/wp-json\/wp\/v2\/product"}],"about":[{"href":"https:\/\/www.home-kueppersbusch.com\/ro-ro\/wp-json\/wp\/v2\/types\/product"}],"wp:attachment":[{"href":"https:\/\/www.home-kueppersbusch.com\/ro-ro\/wp-json\/wp\/v2\/media?parent=73829"}],"wp:term":[{"taxonomy":"product_cat","embeddable":true,"href":"https:\/\/www.home-kueppersbusch.com\/ro-ro\/wp-json\/wp\/v2\/product_cat?post=73829"},{"taxonomy":"product_edition","embeddable":true,"href":"https:\/\/www.home-kueppersbusch.com\/ro-ro\/wp-json\/wp\/v2\/product_edition?post=73829"},{"taxonomy":"product_energy_efficiency","embeddable":true,"href":"https:\/\/www.home-kueppersbusch.com\/ro-ro\/wp-json\/wp\/v2\/product_energy_efficiency?post=73829"}],"curies":[{"name":"wp","href":"https:\/\/api.w.org\/{rel}","templated":true}]}}