{"id":73814,"date":"2026-04-25T09:23:35","date_gmt":"2026-04-25T09:23:35","guid":{"rendered":"https:\/\/teka.com\/en-int\/csw6800-0_121600001"},"modified":"2026-03-28T08:02:10","modified_gmt":"2026-03-28T09:02:10","slug":"csw6800-0_121600001","status":"publish","type":"product","link":"https:\/\/www.home-kueppersbusch.com\/ro-ro\/product\/csw6800-0_121600001\/","title":{"rendered":"CSW6800.0"},"content":{"rendered":"<ul>\n<li>Ideal pentru a fi combinat cu un aparat de 45 cm \u00een\u0103l\u021bime, pentru o \u00een\u0103l\u021bime total\u0103 de 59 cm (ram\u0103 inclus\u0103)<\/li>\n<li>Front din sticl\u0103 (vezi accesorii op\u0163ionale) sau cel aferent mobilierului<\/li>\n<li>Interval temperatura: 30-80 \u00b0 C<\/li>\n<li>Timer cu func\u021bie de switch-off de p\u00e2n\u0103 la 4 ore<\/li>\n<li>Potrivit pentru men\u021binerea cald\u0103 a m\u00e2nc\u0103rii, dezghe\u021bare, prepararea la temperatur\u0103 sc\u0103zut\u0103 \u0219i \u00eenc\u0103lzirea vaselor<\/li>\n<\/ul>\n","protected":false},"featured_media":0,"parent":0,"template":"","product_cat":[8358],"product_edition":[],"product_energy_efficiency":[],"class_list":["post-73814","product","type-product","status-publish","hentry","finishes-9831","finishes-9832","finishes-9833","finishes-9834","finishes-9835","finishes-9836","finishes-9837","finishes-9838","product_cat-sertare","color-silver-chrome","product_lifestyle-k-series-8"],"acf":[],"yoast_head":"<!-- This site is optimized with the Yoast SEO plugin v27.5 - https:\/\/yoast.com\/product\/yoast-seo-wordpress\/ -->\n<title>CSW6800.0 | K\u00fcppersbusch Rom\u00e2nia<\/title>\n<meta name=\"robots\" content=\"index, follow, max-snippet:-1, max-image-preview:large, max-video-preview:-1\" \/>\n<link rel=\"canonical\" href=\"https:\/\/www.home-kueppersbusch.com\/ro-ro\/product\/csw6800-0_121600001\/\" \/>\n<meta property=\"og:locale\" content=\"ro_RO\" \/>\n<meta property=\"og:type\" content=\"article\" \/>\n<meta property=\"og:title\" content=\"CSW6800.0 | K\u00fcppersbusch Rom\u00e2nia\" \/>\n<meta property=\"og:description\" content=\"Ideal pentru a fi combinat cu un aparat de 45 cm \u00een\u0103l\u021bime, pentru o \u00een\u0103l\u021bime total\u0103 de 59 cm (ram\u0103 inclus\u0103) Front din sticl\u0103 (vezi accesorii op\u0163ionale) sau cel aferent mobilierului Interval temperatura: 30-80 \u00b0 C Timer cu func\u021bie de switch-off de p\u00e2n\u0103 la 4 ore Potrivit pentru men\u021binerea cald\u0103 a m\u00e2nc\u0103rii, dezghe\u021bare, prepararea la [&hellip;]\" \/>\n<meta property=\"og:url\" content=\"https:\/\/www.home-kueppersbusch.com\/ro-ro\/product\/csw6800-0_121600001\/\" \/>\n<meta property=\"og:site_name\" content=\"K\u00fcppersbusch Rom\u00e2nia\" \/>\n<meta name=\"twitter:card\" content=\"summary_large_image\" \/>\n<script type=\"application\/ld+json\" class=\"yoast-schema-graph\">{\"@context\":\"https:\\\/\\\/schema.org\",\"@graph\":[{\"@type\":\"WebPage\",\"@id\":\"https:\\\/\\\/www.home-kueppersbusch.com\\\/ro-ro\\\/product\\\/csw6800-0_121600001\\\/\",\"url\":\"https:\\\/\\\/www.home-kueppersbusch.com\\\/ro-ro\\\/product\\\/csw6800-0_121600001\\\/\",\"name\":\"CSW6800.0 | K\u00fcppersbusch Rom\u00e2nia\",\"isPartOf\":{\"@id\":\"https:\\\/\\\/www.home-kueppersbusch.com\\\/ro-ro\\\/#website\"},\"datePublished\":\"2026-04-25T09:23:35+00:00\",\"inLanguage\":\"ro-RO\",\"potentialAction\":[{\"@type\":\"ReadAction\",\"target\":[\"https:\\\/\\\/www.home-kueppersbusch.com\\\/ro-ro\\\/product\\\/csw6800-0_121600001\\\/\"]}]},{\"@type\":\"WebSite\",\"@id\":\"https:\\\/\\\/www.home-kueppersbusch.com\\\/ro-ro\\\/#website\",\"url\":\"https:\\\/\\\/www.home-kueppersbusch.com\\\/ro-ro\\\/\",\"name\":\"K\u00fcppersbusch Rom\u00e2nia\",\"description\":\"\",\"potentialAction\":[{\"@type\":\"SearchAction\",\"target\":{\"@type\":\"EntryPoint\",\"urlTemplate\":\"https:\\\/\\\/www.home-kueppersbusch.com\\\/ro-ro\\\/?s={search_term_string}\"},\"query-input\":{\"@type\":\"PropertyValueSpecification\",\"valueRequired\":true,\"valueName\":\"search_term_string\"}}],\"inLanguage\":\"ro-RO\"}]}<\/script>\n<!-- \/ Yoast SEO plugin. -->","yoast_head_json":{"title":"CSW6800.0 | K\u00fcppersbusch Rom\u00e2nia","robots":{"index":"index","follow":"follow","max-snippet":"max-snippet:-1","max-image-preview":"max-image-preview:large","max-video-preview":"max-video-preview:-1"},"canonical":"https:\/\/www.home-kueppersbusch.com\/ro-ro\/product\/csw6800-0_121600001\/","og_locale":"ro_RO","og_type":"article","og_title":"CSW6800.0 | K\u00fcppersbusch Rom\u00e2nia","og_description":"Ideal pentru a fi combinat cu un aparat de 45 cm \u00een\u0103l\u021bime, pentru o \u00een\u0103l\u021bime total\u0103 de 59 cm (ram\u0103 inclus\u0103) Front din sticl\u0103 (vezi accesorii op\u0163ionale) sau cel aferent mobilierului Interval temperatura: 30-80 \u00b0 C Timer cu func\u021bie de switch-off de p\u00e2n\u0103 la 4 ore Potrivit pentru men\u021binerea cald\u0103 a m\u00e2nc\u0103rii, dezghe\u021bare, prepararea la [&hellip;]","og_url":"https:\/\/www.home-kueppersbusch.com\/ro-ro\/product\/csw6800-0_121600001\/","og_site_name":"K\u00fcppersbusch Rom\u00e2nia","twitter_card":"summary_large_image","schema":{"@context":"https:\/\/schema.org","@graph":[{"@type":"WebPage","@id":"https:\/\/www.home-kueppersbusch.com\/ro-ro\/product\/csw6800-0_121600001\/","url":"https:\/\/www.home-kueppersbusch.com\/ro-ro\/product\/csw6800-0_121600001\/","name":"CSW6800.0 | K\u00fcppersbusch Rom\u00e2nia","isPartOf":{"@id":"https:\/\/www.home-kueppersbusch.com\/ro-ro\/#website"},"datePublished":"2026-04-25T09:23:35+00:00","inLanguage":"ro-RO","potentialAction":[{"@type":"ReadAction","target":["https:\/\/www.home-kueppersbusch.com\/ro-ro\/product\/csw6800-0_121600001\/"]}]},{"@type":"WebSite","@id":"https:\/\/www.home-kueppersbusch.com\/ro-ro\/#website","url":"https:\/\/www.home-kueppersbusch.com\/ro-ro\/","name":"K\u00fcppersbusch Rom\u00e2nia","description":"","potentialAction":[{"@type":"SearchAction","target":{"@type":"EntryPoint","urlTemplate":"https:\/\/www.home-kueppersbusch.com\/ro-ro\/?s={search_term_string}"},"query-input":{"@type":"PropertyValueSpecification","valueRequired":true,"valueName":"search_term_string"}}],"inLanguage":"ro-RO"}]}},"_links":{"self":[{"href":"https:\/\/www.home-kueppersbusch.com\/ro-ro\/wp-json\/wp\/v2\/product\/73814","targetHints":{"allow":["GET"]}}],"collection":[{"href":"https:\/\/www.home-kueppersbusch.com\/ro-ro\/wp-json\/wp\/v2\/product"}],"about":[{"href":"https:\/\/www.home-kueppersbusch.com\/ro-ro\/wp-json\/wp\/v2\/types\/product"}],"wp:attachment":[{"href":"https:\/\/www.home-kueppersbusch.com\/ro-ro\/wp-json\/wp\/v2\/media?parent=73814"}],"wp:term":[{"taxonomy":"product_cat","embeddable":true,"href":"https:\/\/www.home-kueppersbusch.com\/ro-ro\/wp-json\/wp\/v2\/product_cat?post=73814"},{"taxonomy":"product_edition","embeddable":true,"href":"https:\/\/www.home-kueppersbusch.com\/ro-ro\/wp-json\/wp\/v2\/product_edition?post=73814"},{"taxonomy":"product_energy_efficiency","embeddable":true,"href":"https:\/\/www.home-kueppersbusch.com\/ro-ro\/wp-json\/wp\/v2\/product_energy_efficiency?post=73814"}],"curies":[{"name":"wp","href":"https:\/\/api.w.org\/{rel}","templated":true}]}}