{"id":73797,"date":"2026-04-25T09:23:20","date_gmt":"2026-04-25T09:23:20","guid":{"rendered":"https:\/\/teka.com\/en-int\/cbd6550-0s_121240001"},"modified":"2026-03-28T08:01:35","modified_gmt":"2026-03-28T09:01:35","slug":"cbd6550-0s_121240001","status":"publish","type":"product","link":"https:\/\/www.home-kueppersbusch.com\/ro-ro\/product\/cbd6550-0s_121240001\/","title":{"rendered":"CBD 6550.0S"},"content":{"rendered":"<ul>\n<li>Sistem \u00f6kotherm\u00ae<\/li>\n<li>14 programe<\/li>\n<li>8 func\u0163ii speciale<\/li>\n<li>6 programe pentru aburi<\/li>\n<li>9 func\u0163ii speciale pentru aburi<\/li>\n<\/ul>\n","protected":false},"featured_media":0,"parent":0,"template":"","product_cat":[8350,9425],"product_edition":[],"product_energy_efficiency":[9313],"class_list":["post-73797","product","type-product","status-publish","hentry","finishes-9817","finishes-9825","finishes-9824","finishes-9823","finishes-9822","finishes-9821","finishes-9820","finishes-9819","finishes-9818","finishes-9808","finishes-9816","finishes-9815","finishes-9814","finishes-9813","finishes-9812","finishes-9811","finishes-9810","finishes-9809","product_cat-cuptoare-cu-aburi","product_cat-compacte","color-black","product_lifestyle-k-series-5","usp-kph-individual-01","usp-kph-ovens-03","usp-kph-ovens-04","usp-kph-ovens-05","usp-kph-ovens-06","usp-kph-ovens-08","usp-kph-ovens-09","usp-kph-ovens-11","product_energy_efficiency-a-plus-icon"],"acf":[],"yoast_head":"<!-- This site is optimized with the Yoast SEO plugin v27.5 - https:\/\/yoast.com\/product\/yoast-seo-wordpress\/ -->\n<title>CBD 6550.0S | K\u00fcppersbusch Rom\u00e2nia<\/title>\n<meta name=\"robots\" content=\"index, follow, max-snippet:-1, max-image-preview:large, max-video-preview:-1\" \/>\n<link rel=\"canonical\" href=\"https:\/\/www.home-kueppersbusch.com\/ro-ro\/product\/cbd6550-0s_121240001\/\" \/>\n<meta property=\"og:locale\" content=\"ro_RO\" \/>\n<meta property=\"og:type\" content=\"article\" \/>\n<meta property=\"og:title\" content=\"CBD 6550.0S | K\u00fcppersbusch Rom\u00e2nia\" \/>\n<meta property=\"og:description\" content=\"Sistem \u00f6kotherm\u00ae 14 programe 8 func\u0163ii speciale 6 programe pentru aburi 9 func\u0163ii speciale pentru aburi\" \/>\n<meta property=\"og:url\" content=\"https:\/\/www.home-kueppersbusch.com\/ro-ro\/product\/cbd6550-0s_121240001\/\" \/>\n<meta property=\"og:site_name\" content=\"K\u00fcppersbusch Rom\u00e2nia\" \/>\n<meta name=\"twitter:card\" content=\"summary_large_image\" \/>\n<script type=\"application\/ld+json\" class=\"yoast-schema-graph\">{\"@context\":\"https:\\\/\\\/schema.org\",\"@graph\":[{\"@type\":\"WebPage\",\"@id\":\"https:\\\/\\\/www.home-kueppersbusch.com\\\/ro-ro\\\/product\\\/cbd6550-0s_121240001\\\/\",\"url\":\"https:\\\/\\\/www.home-kueppersbusch.com\\\/ro-ro\\\/product\\\/cbd6550-0s_121240001\\\/\",\"name\":\"CBD 6550.0S | K\u00fcppersbusch Rom\u00e2nia\",\"isPartOf\":{\"@id\":\"https:\\\/\\\/www.home-kueppersbusch.com\\\/ro-ro\\\/#website\"},\"datePublished\":\"2026-04-25T09:23:20+00:00\",\"inLanguage\":\"ro-RO\",\"potentialAction\":[{\"@type\":\"ReadAction\",\"target\":[\"https:\\\/\\\/www.home-kueppersbusch.com\\\/ro-ro\\\/product\\\/cbd6550-0s_121240001\\\/\"]}]},{\"@type\":\"WebSite\",\"@id\":\"https:\\\/\\\/www.home-kueppersbusch.com\\\/ro-ro\\\/#website\",\"url\":\"https:\\\/\\\/www.home-kueppersbusch.com\\\/ro-ro\\\/\",\"name\":\"K\u00fcppersbusch Rom\u00e2nia\",\"description\":\"\",\"potentialAction\":[{\"@type\":\"SearchAction\",\"target\":{\"@type\":\"EntryPoint\",\"urlTemplate\":\"https:\\\/\\\/www.home-kueppersbusch.com\\\/ro-ro\\\/?s={search_term_string}\"},\"query-input\":{\"@type\":\"PropertyValueSpecification\",\"valueRequired\":true,\"valueName\":\"search_term_string\"}}],\"inLanguage\":\"ro-RO\"}]}<\/script>\n<!-- \/ Yoast SEO plugin. -->","yoast_head_json":{"title":"CBD 6550.0S | K\u00fcppersbusch Rom\u00e2nia","robots":{"index":"index","follow":"follow","max-snippet":"max-snippet:-1","max-image-preview":"max-image-preview:large","max-video-preview":"max-video-preview:-1"},"canonical":"https:\/\/www.home-kueppersbusch.com\/ro-ro\/product\/cbd6550-0s_121240001\/","og_locale":"ro_RO","og_type":"article","og_title":"CBD 6550.0S | K\u00fcppersbusch Rom\u00e2nia","og_description":"Sistem \u00f6kotherm\u00ae 14 programe 8 func\u0163ii speciale 6 programe pentru aburi 9 func\u0163ii speciale pentru aburi","og_url":"https:\/\/www.home-kueppersbusch.com\/ro-ro\/product\/cbd6550-0s_121240001\/","og_site_name":"K\u00fcppersbusch Rom\u00e2nia","twitter_card":"summary_large_image","schema":{"@context":"https:\/\/schema.org","@graph":[{"@type":"WebPage","@id":"https:\/\/www.home-kueppersbusch.com\/ro-ro\/product\/cbd6550-0s_121240001\/","url":"https:\/\/www.home-kueppersbusch.com\/ro-ro\/product\/cbd6550-0s_121240001\/","name":"CBD 6550.0S | K\u00fcppersbusch Rom\u00e2nia","isPartOf":{"@id":"https:\/\/www.home-kueppersbusch.com\/ro-ro\/#website"},"datePublished":"2026-04-25T09:23:20+00:00","inLanguage":"ro-RO","potentialAction":[{"@type":"ReadAction","target":["https:\/\/www.home-kueppersbusch.com\/ro-ro\/product\/cbd6550-0s_121240001\/"]}]},{"@type":"WebSite","@id":"https:\/\/www.home-kueppersbusch.com\/ro-ro\/#website","url":"https:\/\/www.home-kueppersbusch.com\/ro-ro\/","name":"K\u00fcppersbusch Rom\u00e2nia","description":"","potentialAction":[{"@type":"SearchAction","target":{"@type":"EntryPoint","urlTemplate":"https:\/\/www.home-kueppersbusch.com\/ro-ro\/?s={search_term_string}"},"query-input":{"@type":"PropertyValueSpecification","valueRequired":true,"valueName":"search_term_string"}}],"inLanguage":"ro-RO"}]}},"_links":{"self":[{"href":"https:\/\/www.home-kueppersbusch.com\/ro-ro\/wp-json\/wp\/v2\/product\/73797","targetHints":{"allow":["GET"]}}],"collection":[{"href":"https:\/\/www.home-kueppersbusch.com\/ro-ro\/wp-json\/wp\/v2\/product"}],"about":[{"href":"https:\/\/www.home-kueppersbusch.com\/ro-ro\/wp-json\/wp\/v2\/types\/product"}],"wp:attachment":[{"href":"https:\/\/www.home-kueppersbusch.com\/ro-ro\/wp-json\/wp\/v2\/media?parent=73797"}],"wp:term":[{"taxonomy":"product_cat","embeddable":true,"href":"https:\/\/www.home-kueppersbusch.com\/ro-ro\/wp-json\/wp\/v2\/product_cat?post=73797"},{"taxonomy":"product_edition","embeddable":true,"href":"https:\/\/www.home-kueppersbusch.com\/ro-ro\/wp-json\/wp\/v2\/product_edition?post=73797"},{"taxonomy":"product_energy_efficiency","embeddable":true,"href":"https:\/\/www.home-kueppersbusch.com\/ro-ro\/wp-json\/wp\/v2\/product_energy_efficiency?post=73797"}],"curies":[{"name":"wp","href":"https:\/\/api.w.org\/{rel}","templated":true}]}}