{"id":73510,"date":"2026-04-03T17:41:31","date_gmt":"2026-04-03T17:41:31","guid":{"rendered":"https:\/\/www.home-kueppersbusch.com\/pt-pt\/product\/g-6500-0v_124270005\/"},"modified":"2026-03-28T08:03:12","modified_gmt":"2026-03-28T09:03:12","slug":"g-6500-0v_124270005","status":"publish","type":"product","link":"https:\/\/www.home-kueppersbusch.com\/pt-pt\/product\/g-6500-0v_124270005\/","title":{"rendered":"G 6500.0v"},"content":{"rendered":"<ul>\n<li><\/li>\n<\/ul>\n","protected":false},"featured_media":0,"parent":0,"template":"","product_cat":[8059],"product_edition":[],"product_energy_efficiency":[8985],"class_list":["post-73510","product","type-product","status-publish","hentry","product_ambient-kitchen-sc-03","product_cat-60-cm","product_icons-beam-on-floor","product_icons-eco-function","product_icons-third-cutlery-tray","product_icons-multi-cleaner","product_icons-premium-dry","product_icons-sliding-door","product_icons-smart-sensor","product_installation-integracao","product_lifestyle-k-series-5","usp-kph-dishwashers-02","product_energy_efficiency-e-ue-icon-new"],"acf":[],"yoast_head":"<!-- This site is optimized with the Yoast SEO plugin v27.2 - https:\/\/yoast.com\/product\/yoast-seo-wordpress\/ -->\n<title>Cozinha M\u00e1quinas de lavar lou\u00e7a, G6500.0 v | TekaM\u00e1quina de lavar roupa G6500.0 v | Teka<\/title>\n<meta name=\"robots\" content=\"index, follow, max-snippet:-1, max-image-preview:large, max-video-preview:-1\" \/>\n<link rel=\"canonical\" href=\"https:\/\/www.home-kueppersbusch.com\/pt-pt\/product\/g-6500-0v_124270005\/\" \/>\n<meta property=\"og:locale\" content=\"pt_PT\" \/>\n<meta property=\"og:type\" content=\"article\" \/>\n<meta property=\"og:title\" content=\"Cozinha M\u00e1quinas de lavar lou\u00e7a, G6500.0 v | TekaM\u00e1quina de lavar roupa G6500.0 v | Teka\" \/>\n<meta property=\"og:url\" content=\"https:\/\/www.home-kueppersbusch.com\/pt-pt\/product\/g-6500-0v_124270005\/\" \/>\n<meta property=\"og:site_name\" content=\"K\u00fcppersbusch Portugal\" \/>\n<meta name=\"twitter:card\" content=\"summary_large_image\" \/>\n<script type=\"application\/ld+json\" class=\"yoast-schema-graph\">{\"@context\":\"https:\/\/schema.org\",\"@graph\":[{\"@type\":\"WebPage\",\"@id\":\"https:\/\/www.home-kueppersbusch.com\/pt-pt\/product\/g-6500-0v_124270005\/\",\"url\":\"https:\/\/www.home-kueppersbusch.com\/pt-pt\/product\/g-6500-0v_124270005\/\",\"name\":\"Cozinha M\u00e1quinas de lavar lou\u00e7a, G6500.0 v | TekaM\u00e1quina de lavar roupa G6500.0 v | Teka\",\"isPartOf\":{\"@id\":\"https:\/\/www.home-kueppersbusch.com\/pt-pt\/#website\"},\"datePublished\":\"2026-04-03T17:41:31+00:00\",\"inLanguage\":\"pt-PT\",\"potentialAction\":[{\"@type\":\"ReadAction\",\"target\":[\"https:\/\/www.home-kueppersbusch.com\/pt-pt\/product\/g-6500-0v_124270005\/\"]}]},{\"@type\":\"WebSite\",\"@id\":\"https:\/\/www.home-kueppersbusch.com\/pt-pt\/#website\",\"url\":\"https:\/\/www.home-kueppersbusch.com\/pt-pt\/\",\"name\":\"K\u00fcppersbusch Portugal\",\"description\":\"\",\"potentialAction\":[{\"@type\":\"SearchAction\",\"target\":{\"@type\":\"EntryPoint\",\"urlTemplate\":\"https:\/\/www.home-kueppersbusch.com\/pt-pt\/?s={search_term_string}\"},\"query-input\":{\"@type\":\"PropertyValueSpecification\",\"valueRequired\":true,\"valueName\":\"search_term_string\"}}],\"inLanguage\":\"pt-PT\"}]}<\/script>\n<!-- \/ Yoast SEO plugin. -->","yoast_head_json":{"title":"Cozinha M\u00e1quinas de lavar lou\u00e7a, G6500.0 v | TekaM\u00e1quina de lavar roupa G6500.0 v | Teka","robots":{"index":"index","follow":"follow","max-snippet":"max-snippet:-1","max-image-preview":"max-image-preview:large","max-video-preview":"max-video-preview:-1"},"canonical":"https:\/\/www.home-kueppersbusch.com\/pt-pt\/product\/g-6500-0v_124270005\/","og_locale":"pt_PT","og_type":"article","og_title":"Cozinha M\u00e1quinas de lavar lou\u00e7a, G6500.0 v | TekaM\u00e1quina de lavar roupa G6500.0 v | Teka","og_url":"https:\/\/www.home-kueppersbusch.com\/pt-pt\/product\/g-6500-0v_124270005\/","og_site_name":"K\u00fcppersbusch Portugal","twitter_card":"summary_large_image","schema":{"@context":"https:\/\/schema.org","@graph":[{"@type":"WebPage","@id":"https:\/\/www.home-kueppersbusch.com\/pt-pt\/product\/g-6500-0v_124270005\/","url":"https:\/\/www.home-kueppersbusch.com\/pt-pt\/product\/g-6500-0v_124270005\/","name":"Cozinha M\u00e1quinas de lavar lou\u00e7a, G6500.0 v | TekaM\u00e1quina de lavar roupa G6500.0 v | Teka","isPartOf":{"@id":"https:\/\/www.home-kueppersbusch.com\/pt-pt\/#website"},"datePublished":"2026-04-03T17:41:31+00:00","inLanguage":"pt-PT","potentialAction":[{"@type":"ReadAction","target":["https:\/\/www.home-kueppersbusch.com\/pt-pt\/product\/g-6500-0v_124270005\/"]}]},{"@type":"WebSite","@id":"https:\/\/www.home-kueppersbusch.com\/pt-pt\/#website","url":"https:\/\/www.home-kueppersbusch.com\/pt-pt\/","name":"K\u00fcppersbusch Portugal","description":"","potentialAction":[{"@type":"SearchAction","target":{"@type":"EntryPoint","urlTemplate":"https:\/\/www.home-kueppersbusch.com\/pt-pt\/?s={search_term_string}"},"query-input":{"@type":"PropertyValueSpecification","valueRequired":true,"valueName":"search_term_string"}}],"inLanguage":"pt-PT"}]}},"_links":{"self":[{"href":"https:\/\/www.home-kueppersbusch.com\/pt-pt\/wp-json\/wp\/v2\/product\/73510","targetHints":{"allow":["GET"]}}],"collection":[{"href":"https:\/\/www.home-kueppersbusch.com\/pt-pt\/wp-json\/wp\/v2\/product"}],"about":[{"href":"https:\/\/www.home-kueppersbusch.com\/pt-pt\/wp-json\/wp\/v2\/types\/product"}],"wp:attachment":[{"href":"https:\/\/www.home-kueppersbusch.com\/pt-pt\/wp-json\/wp\/v2\/media?parent=73510"}],"wp:term":[{"taxonomy":"product_cat","embeddable":true,"href":"https:\/\/www.home-kueppersbusch.com\/pt-pt\/wp-json\/wp\/v2\/product_cat?post=73510"},{"taxonomy":"product_edition","embeddable":true,"href":"https:\/\/www.home-kueppersbusch.com\/pt-pt\/wp-json\/wp\/v2\/product_edition?post=73510"},{"taxonomy":"product_energy_efficiency","embeddable":true,"href":"https:\/\/www.home-kueppersbusch.com\/pt-pt\/wp-json\/wp\/v2\/product_energy_efficiency?post=73510"}],"curies":[{"name":"wp","href":"https:\/\/api.w.org\/{rel}","templated":true}]}}