{"id":72464,"date":"2026-04-03T17:42:16","date_gmt":"2026-04-03T17:42:16","guid":{"rendered":"https:\/\/www.home-kueppersbusch.com\/pt-pt\/product\/b6350-0s_121020018\/"},"modified":"2026-03-28T08:05:05","modified_gmt":"2026-03-28T09:05:05","slug":"b6350-0s_121020018","status":"publish","type":"product","link":"https:\/\/www.home-kueppersbusch.com\/pt-pt\/product\/b6350-0s_121020018\/","title":{"rendered":"B6350.0S"},"content":{"rendered":"<ul>\n<li>10 fun\u00e7\u00f5es de cozinhado (ver tabela de fun\u00e7\u00f5es)<\/li>\n<li>10 programas autom\u00e1ticos<\/li>\n<li>1 programa favorito para memoriza\u00e7\u00e3o de receitas pr\u00f3prias<\/li>\n<li>Display gr\u00e1fico TFT 3,9\u00b4<\/li>\n<li>Painel de comandos Touch Control com bot\u00f5es em alum\u00ednio de alta qualidade<\/li>\n<\/ul>\n","protected":false},"featured_media":0,"parent":0,"template":"","product_cat":[9106],"product_edition":[],"product_energy_efficiency":[8992],"class_list":["post-72464","product","type-product","status-publish","hentry","finishes-9490","finishes-9498","finishes-9497","finishes-9496","finishes-9495","finishes-9494","finishes-9493","finishes-9492","finishes-9491","finishes-9481","finishes-9489","finishes-9488","finishes-9487","finishes-9486","finishes-9485","finishes-9484","finishes-9483","finishes-9482","product_ambient-kitchen-ss-02","product_cat-multifuncoes","color-black","product_lifestyle-k-series-3","usp-kph-individual-01","usp-kph-ovens-03","usp-kph-ovens-04","usp-kph-ovens-05","usp-kph-ovens-06","usp-kph-ovens-07","usp-kph-ovens-09","usp-kph-ovens-10","product_energy_efficiency-a-plus-icon"],"acf":[],"yoast_head":"<!-- This site is optimized with the Yoast SEO plugin v27.2 - https:\/\/yoast.com\/product\/yoast-seo-wordpress\/ -->\n<title>Cozinha Fornos, B6350.0S | Teka<\/title>\n<meta name=\"robots\" content=\"index, follow, max-snippet:-1, max-image-preview:large, max-video-preview:-1\" \/>\n<link rel=\"canonical\" href=\"https:\/\/www.home-kueppersbusch.com\/pt-pt\/product\/b6350-0s_121020018\/\" \/>\n<meta property=\"og:locale\" content=\"pt_PT\" \/>\n<meta property=\"og:type\" content=\"article\" \/>\n<meta property=\"og:title\" content=\"Cozinha Fornos, B6350.0S | Teka\" \/>\n<meta property=\"og:description\" content=\"10 fun\u00e7\u00f5es de cozinhado (ver tabela de fun\u00e7\u00f5es) 10 programas autom\u00e1ticos 1 programa favorito para memoriza\u00e7\u00e3o de receitas pr\u00f3prias Display gr\u00e1fico TFT 3,9\u00b4 Painel de comandos Touch Control com bot\u00f5es em alum\u00ednio de alta qualidade\" \/>\n<meta property=\"og:url\" content=\"https:\/\/www.home-kueppersbusch.com\/pt-pt\/product\/b6350-0s_121020018\/\" \/>\n<meta property=\"og:site_name\" content=\"K\u00fcppersbusch Portugal\" \/>\n<meta name=\"twitter:card\" content=\"summary_large_image\" \/>\n<script type=\"application\/ld+json\" class=\"yoast-schema-graph\">{\"@context\":\"https:\/\/schema.org\",\"@graph\":[{\"@type\":\"WebPage\",\"@id\":\"https:\/\/www.home-kueppersbusch.com\/pt-pt\/product\/b6350-0s_121020018\/\",\"url\":\"https:\/\/www.home-kueppersbusch.com\/pt-pt\/product\/b6350-0s_121020018\/\",\"name\":\"Cozinha Fornos, B6350.0S | Teka\",\"isPartOf\":{\"@id\":\"https:\/\/www.home-kueppersbusch.com\/pt-pt\/#website\"},\"datePublished\":\"2026-04-03T17:42:16+00:00\",\"inLanguage\":\"pt-PT\",\"potentialAction\":[{\"@type\":\"ReadAction\",\"target\":[\"https:\/\/www.home-kueppersbusch.com\/pt-pt\/product\/b6350-0s_121020018\/\"]}]},{\"@type\":\"WebSite\",\"@id\":\"https:\/\/www.home-kueppersbusch.com\/pt-pt\/#website\",\"url\":\"https:\/\/www.home-kueppersbusch.com\/pt-pt\/\",\"name\":\"K\u00fcppersbusch Portugal\",\"description\":\"\",\"potentialAction\":[{\"@type\":\"SearchAction\",\"target\":{\"@type\":\"EntryPoint\",\"urlTemplate\":\"https:\/\/www.home-kueppersbusch.com\/pt-pt\/?s={search_term_string}\"},\"query-input\":{\"@type\":\"PropertyValueSpecification\",\"valueRequired\":true,\"valueName\":\"search_term_string\"}}],\"inLanguage\":\"pt-PT\"}]}<\/script>\n<!-- \/ Yoast SEO plugin. -->","yoast_head_json":{"title":"Cozinha Fornos, B6350.0S | Teka","robots":{"index":"index","follow":"follow","max-snippet":"max-snippet:-1","max-image-preview":"max-image-preview:large","max-video-preview":"max-video-preview:-1"},"canonical":"https:\/\/www.home-kueppersbusch.com\/pt-pt\/product\/b6350-0s_121020018\/","og_locale":"pt_PT","og_type":"article","og_title":"Cozinha Fornos, B6350.0S | Teka","og_description":"10 fun\u00e7\u00f5es de cozinhado (ver tabela de fun\u00e7\u00f5es) 10 programas autom\u00e1ticos 1 programa favorito para memoriza\u00e7\u00e3o de receitas pr\u00f3prias Display gr\u00e1fico TFT 3,9\u00b4 Painel de comandos Touch Control com bot\u00f5es em alum\u00ednio de alta qualidade","og_url":"https:\/\/www.home-kueppersbusch.com\/pt-pt\/product\/b6350-0s_121020018\/","og_site_name":"K\u00fcppersbusch Portugal","twitter_card":"summary_large_image","schema":{"@context":"https:\/\/schema.org","@graph":[{"@type":"WebPage","@id":"https:\/\/www.home-kueppersbusch.com\/pt-pt\/product\/b6350-0s_121020018\/","url":"https:\/\/www.home-kueppersbusch.com\/pt-pt\/product\/b6350-0s_121020018\/","name":"Cozinha Fornos, B6350.0S | Teka","isPartOf":{"@id":"https:\/\/www.home-kueppersbusch.com\/pt-pt\/#website"},"datePublished":"2026-04-03T17:42:16+00:00","inLanguage":"pt-PT","potentialAction":[{"@type":"ReadAction","target":["https:\/\/www.home-kueppersbusch.com\/pt-pt\/product\/b6350-0s_121020018\/"]}]},{"@type":"WebSite","@id":"https:\/\/www.home-kueppersbusch.com\/pt-pt\/#website","url":"https:\/\/www.home-kueppersbusch.com\/pt-pt\/","name":"K\u00fcppersbusch Portugal","description":"","potentialAction":[{"@type":"SearchAction","target":{"@type":"EntryPoint","urlTemplate":"https:\/\/www.home-kueppersbusch.com\/pt-pt\/?s={search_term_string}"},"query-input":{"@type":"PropertyValueSpecification","valueRequired":true,"valueName":"search_term_string"}}],"inLanguage":"pt-PT"}]}},"_links":{"self":[{"href":"https:\/\/www.home-kueppersbusch.com\/pt-pt\/wp-json\/wp\/v2\/product\/72464","targetHints":{"allow":["GET"]}}],"collection":[{"href":"https:\/\/www.home-kueppersbusch.com\/pt-pt\/wp-json\/wp\/v2\/product"}],"about":[{"href":"https:\/\/www.home-kueppersbusch.com\/pt-pt\/wp-json\/wp\/v2\/types\/product"}],"wp:attachment":[{"href":"https:\/\/www.home-kueppersbusch.com\/pt-pt\/wp-json\/wp\/v2\/media?parent=72464"}],"wp:term":[{"taxonomy":"product_cat","embeddable":true,"href":"https:\/\/www.home-kueppersbusch.com\/pt-pt\/wp-json\/wp\/v2\/product_cat?post=72464"},{"taxonomy":"product_edition","embeddable":true,"href":"https:\/\/www.home-kueppersbusch.com\/pt-pt\/wp-json\/wp\/v2\/product_edition?post=72464"},{"taxonomy":"product_energy_efficiency","embeddable":true,"href":"https:\/\/www.home-kueppersbusch.com\/pt-pt\/wp-json\/wp\/v2\/product_energy_efficiency?post=72464"}],"curies":[{"name":"wp","href":"https:\/\/api.w.org\/{rel}","templated":true}]}}