{"id":72360,"date":"2026-04-25T09:23:49","date_gmt":"2026-04-25T09:23:49","guid":{"rendered":"https:\/\/www.home-kueppersbusch.com\/pt-pt\/product\/ki8520-0wr_122510007\/"},"modified":"2026-03-28T08:02:43","modified_gmt":"2026-03-28T09:02:43","slug":"ki8520-0wr_122510007","status":"publish","type":"product","link":"https:\/\/www.home-kueppersbusch.com\/pt-pt\/product\/ki8520-0wr_122510007\/","title":{"rendered":"KI8520.0WR"},"content":{"rendered":"<ul>\n<li>Vidro branco<\/li>\n<li>11 n\u00edveis de pot\u00eancia \u201dselectControl\u201c com display vermelho<\/li>\n<li>1 n\u00edvel pr\u00e9-definido: manter quente aprox. 70\u00baC<\/li>\n<li>Desligar mem\u00f3ria<\/li>\n<li>Fun\u00e7\u00e3o ponte (as zonas de cozinhado esquerdas podem ser ligadas em simult\u00e2neo)<\/li>\n<\/ul>\n","protected":false},"featured_media":0,"parent":0,"template":"","product_cat":[8026],"product_edition":[],"product_energy_efficiency":[],"class_list":["post-72360","product","type-product","status-publish","hentry","product_cat-placas-de-inducao","color-white","product_lifestyle-k-series-5","usp-kph-hobs-03","usp-kph-hobs-04","usp-kph-hobs-05"],"acf":[],"yoast_head":"<!-- This site is optimized with the Yoast SEO plugin v27.5 - https:\/\/yoast.com\/product\/yoast-seo-wordpress\/ -->\n<title>Cozinha placas KI8520.0WR | Teka<\/title>\n<meta name=\"robots\" content=\"index, follow, max-snippet:-1, max-image-preview:large, max-video-preview:-1\" \/>\n<link rel=\"canonical\" href=\"https:\/\/www.home-kueppersbusch.com\/pt-pt\/product\/ki8520-0wr_122510007\/\" \/>\n<meta property=\"og:locale\" content=\"pt_PT\" \/>\n<meta property=\"og:type\" content=\"article\" \/>\n<meta property=\"og:title\" content=\"Cozinha placas KI8520.0WR | Teka\" \/>\n<meta property=\"og:description\" content=\"Vidro branco 11 n\u00edveis de pot\u00eancia \u201dselectControl\u201c com display vermelho 1 n\u00edvel pr\u00e9-definido: manter quente aprox. 70\u00baC Desligar mem\u00f3ria Fun\u00e7\u00e3o ponte (as zonas de cozinhado esquerdas podem ser ligadas em simult\u00e2neo)\" \/>\n<meta property=\"og:url\" content=\"https:\/\/www.home-kueppersbusch.com\/pt-pt\/product\/ki8520-0wr_122510007\/\" \/>\n<meta property=\"og:site_name\" content=\"K\u00fcppersbusch Portugal\" \/>\n<meta name=\"twitter:card\" content=\"summary_large_image\" \/>\n<script type=\"application\/ld+json\" class=\"yoast-schema-graph\">{\"@context\":\"https:\\\/\\\/schema.org\",\"@graph\":[{\"@type\":\"WebPage\",\"@id\":\"https:\\\/\\\/www.home-kueppersbusch.com\\\/pt-pt\\\/product\\\/ki8520-0wr_122510007\\\/\",\"url\":\"https:\\\/\\\/www.home-kueppersbusch.com\\\/pt-pt\\\/product\\\/ki8520-0wr_122510007\\\/\",\"name\":\"Cozinha placas KI8520.0WR | Teka\",\"isPartOf\":{\"@id\":\"https:\\\/\\\/www.home-kueppersbusch.com\\\/pt-pt\\\/#website\"},\"datePublished\":\"2026-04-25T09:23:49+00:00\",\"inLanguage\":\"pt-PT\",\"potentialAction\":[{\"@type\":\"ReadAction\",\"target\":[\"https:\\\/\\\/www.home-kueppersbusch.com\\\/pt-pt\\\/product\\\/ki8520-0wr_122510007\\\/\"]}]},{\"@type\":\"WebSite\",\"@id\":\"https:\\\/\\\/www.home-kueppersbusch.com\\\/pt-pt\\\/#website\",\"url\":\"https:\\\/\\\/www.home-kueppersbusch.com\\\/pt-pt\\\/\",\"name\":\"K\u00fcppersbusch Portugal\",\"description\":\"\",\"potentialAction\":[{\"@type\":\"SearchAction\",\"target\":{\"@type\":\"EntryPoint\",\"urlTemplate\":\"https:\\\/\\\/www.home-kueppersbusch.com\\\/pt-pt\\\/?s={search_term_string}\"},\"query-input\":{\"@type\":\"PropertyValueSpecification\",\"valueRequired\":true,\"valueName\":\"search_term_string\"}}],\"inLanguage\":\"pt-PT\"}]}<\/script>\n<!-- \/ Yoast SEO plugin. -->","yoast_head_json":{"title":"Cozinha placas KI8520.0WR | Teka","robots":{"index":"index","follow":"follow","max-snippet":"max-snippet:-1","max-image-preview":"max-image-preview:large","max-video-preview":"max-video-preview:-1"},"canonical":"https:\/\/www.home-kueppersbusch.com\/pt-pt\/product\/ki8520-0wr_122510007\/","og_locale":"pt_PT","og_type":"article","og_title":"Cozinha placas KI8520.0WR | Teka","og_description":"Vidro branco 11 n\u00edveis de pot\u00eancia \u201dselectControl\u201c com display vermelho 1 n\u00edvel pr\u00e9-definido: manter quente aprox. 70\u00baC Desligar mem\u00f3ria Fun\u00e7\u00e3o ponte (as zonas de cozinhado esquerdas podem ser ligadas em simult\u00e2neo)","og_url":"https:\/\/www.home-kueppersbusch.com\/pt-pt\/product\/ki8520-0wr_122510007\/","og_site_name":"K\u00fcppersbusch Portugal","twitter_card":"summary_large_image","schema":{"@context":"https:\/\/schema.org","@graph":[{"@type":"WebPage","@id":"https:\/\/www.home-kueppersbusch.com\/pt-pt\/product\/ki8520-0wr_122510007\/","url":"https:\/\/www.home-kueppersbusch.com\/pt-pt\/product\/ki8520-0wr_122510007\/","name":"Cozinha placas KI8520.0WR | Teka","isPartOf":{"@id":"https:\/\/www.home-kueppersbusch.com\/pt-pt\/#website"},"datePublished":"2026-04-25T09:23:49+00:00","inLanguage":"pt-PT","potentialAction":[{"@type":"ReadAction","target":["https:\/\/www.home-kueppersbusch.com\/pt-pt\/product\/ki8520-0wr_122510007\/"]}]},{"@type":"WebSite","@id":"https:\/\/www.home-kueppersbusch.com\/pt-pt\/#website","url":"https:\/\/www.home-kueppersbusch.com\/pt-pt\/","name":"K\u00fcppersbusch Portugal","description":"","potentialAction":[{"@type":"SearchAction","target":{"@type":"EntryPoint","urlTemplate":"https:\/\/www.home-kueppersbusch.com\/pt-pt\/?s={search_term_string}"},"query-input":{"@type":"PropertyValueSpecification","valueRequired":true,"valueName":"search_term_string"}}],"inLanguage":"pt-PT"}]}},"_links":{"self":[{"href":"https:\/\/www.home-kueppersbusch.com\/pt-pt\/wp-json\/wp\/v2\/product\/72360","targetHints":{"allow":["GET"]}}],"collection":[{"href":"https:\/\/www.home-kueppersbusch.com\/pt-pt\/wp-json\/wp\/v2\/product"}],"about":[{"href":"https:\/\/www.home-kueppersbusch.com\/pt-pt\/wp-json\/wp\/v2\/types\/product"}],"wp:attachment":[{"href":"https:\/\/www.home-kueppersbusch.com\/pt-pt\/wp-json\/wp\/v2\/media?parent=72360"}],"wp:term":[{"taxonomy":"product_cat","embeddable":true,"href":"https:\/\/www.home-kueppersbusch.com\/pt-pt\/wp-json\/wp\/v2\/product_cat?post=72360"},{"taxonomy":"product_edition","embeddable":true,"href":"https:\/\/www.home-kueppersbusch.com\/pt-pt\/wp-json\/wp\/v2\/product_edition?post=72360"},{"taxonomy":"product_energy_efficiency","embeddable":true,"href":"https:\/\/www.home-kueppersbusch.com\/pt-pt\/wp-json\/wp\/v2\/product_energy_efficiency?post=72360"}],"curies":[{"name":"wp","href":"https:\/\/api.w.org\/{rel}","templated":true}]}}