{"id":72323,"date":"2026-04-25T09:23:35","date_gmt":"2026-04-25T09:23:35","guid":{"rendered":"https:\/\/www.home-kueppersbusch.com\/pt-pt\/product\/csw-6800-0_121600001\/"},"modified":"2026-03-28T08:02:10","modified_gmt":"2026-03-28T09:02:10","slug":"csw-6800-0_121600001","status":"publish","type":"product","link":"https:\/\/www.home-kueppersbusch.com\/pt-pt\/product\/csw-6800-0_121600001\/","title":{"rendered":"CSW6800.0"},"content":{"rendered":"<ul>\n<li>Ideal para combina\u00e7\u00e3o com eletrodom\u00e9sticos compactos (45 cm de altura e nicho de 59 cm de altura)<\/li>\n<li>Frente em vidro (ver acess\u00f3rios opcionais) ou montagem com painel de m\u00f3vel existente<\/li>\n<li>Controlo de temperatura vari\u00e1vel entre os 30\u00baC e os 80\u00baC<\/li>\n<li>Funcionamento temporizado com desligar autom\u00e1tico at\u00e9 4 horas<\/li>\n<li>Guias telesc\u00f3picas<\/li>\n<\/ul>\n","protected":false},"featured_media":0,"parent":0,"template":"","product_cat":[8041],"product_edition":[],"product_energy_efficiency":[],"class_list":["post-72323","product","type-product","status-publish","hentry","finishes-9532","finishes-9533","finishes-9534","finishes-9535","finishes-9536","finishes-9537","finishes-9538","finishes-9539","product_cat-gavetas-multiusos","color-prata","product_lifestyle-k-series-8"],"acf":[],"yoast_head":"<!-- This site is optimized with the Yoast SEO plugin v27.5 - https:\/\/yoast.com\/product\/yoast-seo-wordpress\/ -->\n<title>Cozinha Fornos, CSW6800.0 | Teka<\/title>\n<meta name=\"robots\" content=\"index, follow, max-snippet:-1, max-image-preview:large, max-video-preview:-1\" \/>\n<link rel=\"canonical\" href=\"https:\/\/www.home-kueppersbusch.com\/pt-pt\/product\/csw-6800-0_121600001\/\" \/>\n<meta property=\"og:locale\" content=\"pt_PT\" \/>\n<meta property=\"og:type\" content=\"article\" \/>\n<meta property=\"og:title\" content=\"Cozinha Fornos, CSW6800.0 | Teka\" \/>\n<meta property=\"og:description\" content=\"Ideal para combina\u00e7\u00e3o com eletrodom\u00e9sticos compactos (45 cm de altura e nicho de 59 cm de altura) Frente em vidro (ver acess\u00f3rios opcionais) ou montagem com painel de m\u00f3vel existente Controlo de temperatura vari\u00e1vel entre os 30\u00baC e os 80\u00baC Funcionamento temporizado com desligar autom\u00e1tico at\u00e9 4 horas Guias telesc\u00f3picas\" \/>\n<meta property=\"og:url\" content=\"https:\/\/www.home-kueppersbusch.com\/pt-pt\/product\/csw-6800-0_121600001\/\" \/>\n<meta property=\"og:site_name\" content=\"K\u00fcppersbusch Portugal\" \/>\n<meta name=\"twitter:card\" content=\"summary_large_image\" \/>\n<script type=\"application\/ld+json\" class=\"yoast-schema-graph\">{\"@context\":\"https:\\\/\\\/schema.org\",\"@graph\":[{\"@type\":\"WebPage\",\"@id\":\"https:\\\/\\\/www.home-kueppersbusch.com\\\/pt-pt\\\/product\\\/csw-6800-0_121600001\\\/\",\"url\":\"https:\\\/\\\/www.home-kueppersbusch.com\\\/pt-pt\\\/product\\\/csw-6800-0_121600001\\\/\",\"name\":\"Cozinha Fornos, CSW6800.0 | Teka\",\"isPartOf\":{\"@id\":\"https:\\\/\\\/www.home-kueppersbusch.com\\\/pt-pt\\\/#website\"},\"datePublished\":\"2026-04-25T09:23:35+00:00\",\"inLanguage\":\"pt-PT\",\"potentialAction\":[{\"@type\":\"ReadAction\",\"target\":[\"https:\\\/\\\/www.home-kueppersbusch.com\\\/pt-pt\\\/product\\\/csw-6800-0_121600001\\\/\"]}]},{\"@type\":\"WebSite\",\"@id\":\"https:\\\/\\\/www.home-kueppersbusch.com\\\/pt-pt\\\/#website\",\"url\":\"https:\\\/\\\/www.home-kueppersbusch.com\\\/pt-pt\\\/\",\"name\":\"K\u00fcppersbusch Portugal\",\"description\":\"\",\"potentialAction\":[{\"@type\":\"SearchAction\",\"target\":{\"@type\":\"EntryPoint\",\"urlTemplate\":\"https:\\\/\\\/www.home-kueppersbusch.com\\\/pt-pt\\\/?s={search_term_string}\"},\"query-input\":{\"@type\":\"PropertyValueSpecification\",\"valueRequired\":true,\"valueName\":\"search_term_string\"}}],\"inLanguage\":\"pt-PT\"}]}<\/script>\n<!-- \/ Yoast SEO plugin. -->","yoast_head_json":{"title":"Cozinha Fornos, CSW6800.0 | Teka","robots":{"index":"index","follow":"follow","max-snippet":"max-snippet:-1","max-image-preview":"max-image-preview:large","max-video-preview":"max-video-preview:-1"},"canonical":"https:\/\/www.home-kueppersbusch.com\/pt-pt\/product\/csw-6800-0_121600001\/","og_locale":"pt_PT","og_type":"article","og_title":"Cozinha Fornos, CSW6800.0 | Teka","og_description":"Ideal para combina\u00e7\u00e3o com eletrodom\u00e9sticos compactos (45 cm de altura e nicho de 59 cm de altura) Frente em vidro (ver acess\u00f3rios opcionais) ou montagem com painel de m\u00f3vel existente Controlo de temperatura vari\u00e1vel entre os 30\u00baC e os 80\u00baC Funcionamento temporizado com desligar autom\u00e1tico at\u00e9 4 horas Guias telesc\u00f3picas","og_url":"https:\/\/www.home-kueppersbusch.com\/pt-pt\/product\/csw-6800-0_121600001\/","og_site_name":"K\u00fcppersbusch Portugal","twitter_card":"summary_large_image","schema":{"@context":"https:\/\/schema.org","@graph":[{"@type":"WebPage","@id":"https:\/\/www.home-kueppersbusch.com\/pt-pt\/product\/csw-6800-0_121600001\/","url":"https:\/\/www.home-kueppersbusch.com\/pt-pt\/product\/csw-6800-0_121600001\/","name":"Cozinha Fornos, CSW6800.0 | Teka","isPartOf":{"@id":"https:\/\/www.home-kueppersbusch.com\/pt-pt\/#website"},"datePublished":"2026-04-25T09:23:35+00:00","inLanguage":"pt-PT","potentialAction":[{"@type":"ReadAction","target":["https:\/\/www.home-kueppersbusch.com\/pt-pt\/product\/csw-6800-0_121600001\/"]}]},{"@type":"WebSite","@id":"https:\/\/www.home-kueppersbusch.com\/pt-pt\/#website","url":"https:\/\/www.home-kueppersbusch.com\/pt-pt\/","name":"K\u00fcppersbusch Portugal","description":"","potentialAction":[{"@type":"SearchAction","target":{"@type":"EntryPoint","urlTemplate":"https:\/\/www.home-kueppersbusch.com\/pt-pt\/?s={search_term_string}"},"query-input":{"@type":"PropertyValueSpecification","valueRequired":true,"valueName":"search_term_string"}}],"inLanguage":"pt-PT"}]}},"_links":{"self":[{"href":"https:\/\/www.home-kueppersbusch.com\/pt-pt\/wp-json\/wp\/v2\/product\/72323","targetHints":{"allow":["GET"]}}],"collection":[{"href":"https:\/\/www.home-kueppersbusch.com\/pt-pt\/wp-json\/wp\/v2\/product"}],"about":[{"href":"https:\/\/www.home-kueppersbusch.com\/pt-pt\/wp-json\/wp\/v2\/types\/product"}],"wp:attachment":[{"href":"https:\/\/www.home-kueppersbusch.com\/pt-pt\/wp-json\/wp\/v2\/media?parent=72323"}],"wp:term":[{"taxonomy":"product_cat","embeddable":true,"href":"https:\/\/www.home-kueppersbusch.com\/pt-pt\/wp-json\/wp\/v2\/product_cat?post=72323"},{"taxonomy":"product_edition","embeddable":true,"href":"https:\/\/www.home-kueppersbusch.com\/pt-pt\/wp-json\/wp\/v2\/product_edition?post=72323"},{"taxonomy":"product_energy_efficiency","embeddable":true,"href":"https:\/\/www.home-kueppersbusch.com\/pt-pt\/wp-json\/wp\/v2\/product_energy_efficiency?post=72323"}],"curies":[{"name":"wp","href":"https:\/\/api.w.org\/{rel}","templated":true}]}}